{"id":11758,"date":"2022-12-01T07:02:11","date_gmt":"2022-12-01T07:02:11","guid":{"rendered":"https:\/\/bleegame.com\/product\/maquina-inteligente-de-cambio-de-monedas\/"},"modified":"2022-12-01T07:02:11","modified_gmt":"2022-12-01T07:02:11","slug":"smart-coin-changer-machine-2","status":"publish","type":"product","link":"https:\/\/bleegame.com\/es\/producto\/smart-coin-changer-machine-2\/","title":{"rendered":"M\u00e1quina inteligente de cambio de monedas"},"content":{"rendered":"<p><img fetchpriority=\"high\" decoding=\"async\" class=\"alignnone size-full wp-image-11008\" src=\"https:\/\/bleegame.com\/wp-content\/uploads\/2022\/12\/7.jpg\" alt=\"\" width=\"800\" height=\"800\" srcset=\"https:\/\/bleegame.com\/wp-content\/uploads\/2022\/12\/7.jpg 800w, https:\/\/bleegame.com\/wp-content\/uploads\/2022\/12\/7-300x300.jpg 300w, https:\/\/bleegame.com\/wp-content\/uploads\/2022\/12\/7-150x150.jpg 150w, https:\/\/bleegame.com\/wp-content\/uploads\/2022\/12\/7-768x768.jpg 768w, https:\/\/bleegame.com\/wp-content\/uploads\/2022\/12\/7-600x600.jpg 600w, https:\/\/bleegame.com\/wp-content\/uploads\/2022\/12\/7-100x100.jpg 100w\" sizes=\"(max-width: 800px) 100vw, 800px\" \/> <img decoding=\"async\" class=\"alignnone size-full wp-image-11010\" src=\"https:\/\/bleegame.com\/wp-content\/uploads\/2022\/12\/8-1.jpg\" alt=\"\" width=\"800\" height=\"800\" srcset=\"https:\/\/bleegame.com\/wp-content\/uploads\/2022\/12\/8-1.jpg 800w, https:\/\/bleegame.com\/wp-content\/uploads\/2022\/12\/8-1-300x300.jpg 300w, https:\/\/bleegame.com\/wp-content\/uploads\/2022\/12\/8-1-150x150.jpg 150w, https:\/\/bleegame.com\/wp-content\/uploads\/2022\/12\/8-1-768x768.jpg 768w, https:\/\/bleegame.com\/wp-content\/uploads\/2022\/12\/8-1-600x600.jpg 600w, https:\/\/bleegame.com\/wp-content\/uploads\/2022\/12\/8-1-100x100.jpg 100w\" sizes=\"(max-width: 800px) 100vw, 800px\" \/> <img decoding=\"async\" class=\"alignnone size-full wp-image-11012\" src=\"https:\/\/bleegame.com\/wp-content\/uploads\/2022\/12\/9-1.jpg\" alt=\"\" width=\"800\" height=\"800\" srcset=\"https:\/\/bleegame.com\/wp-content\/uploads\/2022\/12\/9-1.jpg 800w, https:\/\/bleegame.com\/wp-content\/uploads\/2022\/12\/9-1-300x300.jpg 300w, https:\/\/bleegame.com\/wp-content\/uploads\/2022\/12\/9-1-150x150.jpg 150w, https:\/\/bleegame.com\/wp-content\/uploads\/2022\/12\/9-1-768x768.jpg 768w, https:\/\/bleegame.com\/wp-content\/uploads\/2022\/12\/9-1-600x600.jpg 600w, https:\/\/bleegame.com\/wp-content\/uploads\/2022\/12\/9-1-100x100.jpg 100w\" sizes=\"(max-width: 800px) 100vw, 800px\" \/> <img loading=\"lazy\" decoding=\"async\" class=\"alignnone size-full wp-image-11014\" src=\"https:\/\/bleegame.com\/wp-content\/uploads\/2022\/12\/10-1.jpg\" alt=\"\" width=\"800\" height=\"800\" srcset=\"https:\/\/bleegame.com\/wp-content\/uploads\/2022\/12\/10-1.jpg 800w, https:\/\/bleegame.com\/wp-content\/uploads\/2022\/12\/10-1-300x300.jpg 300w, https:\/\/bleegame.com\/wp-content\/uploads\/2022\/12\/10-1-150x150.jpg 150w, https:\/\/bleegame.com\/wp-content\/uploads\/2022\/12\/10-1-768x768.jpg 768w, https:\/\/bleegame.com\/wp-content\/uploads\/2022\/12\/10-1-600x600.jpg 600w, https:\/\/bleegame.com\/wp-content\/uploads\/2022\/12\/10-1-100x100.jpg 100w\" sizes=\"(max-width: 800px) 100vw, 800px\" \/><\/p>\n","protected":false},"excerpt":{"rendered":"<p>Marca:BLEE<br \/>\nMOQ:1<br \/>\nMaterial\uff1aMetales<br \/>\nTama\u00f1o del producto\uff1a55cm*45cm*156cm<br \/>\nPotencia de funcionamiento\uff1a100W<br \/>\nEmbalaje:Cajas de cart\u00f3n est\u00e1ndar de exportaci\u00f3n<br \/>\nEnv\u00edo:Por mar<\/p>\n","protected":false},"featured_media":10998,"template":"","meta":{"om_disable_all_campaigns":false,"_monsterinsights_skip_tracking":false,"_monsterinsights_sitenote_active":false,"_monsterinsights_sitenote_note":"","_monsterinsights_sitenote_category":0,"_uf_show_specific_survey":0,"_uf_disable_surveys":false},"product_cat":[480],"product_tag":[],"class_list":["post-11758","product","type-product","status-publish","has-post-thumbnail","hentry","product_cat-maquina-de-cambio-de-monedas"],"yoast_head":"<!-- This site is optimized with the Yoast SEO Premium plugin v15.5 - https:\/\/yoast.com\/wordpress\/plugins\/seo\/ -->\n<title>M\u00e1quina inteligente de cambio de monedas - Bleegame<\/title>\n<meta name=\"robots\" content=\"index, follow, max-snippet:-1, max-image-preview:large, max-video-preview:-1\" \/>\n<link rel=\"canonical\" href=\"https:\/\/bleegame.com\/es\/producto\/smart-coin-changer-machine-2\/\" \/>\n<meta property=\"og:locale\" content=\"es_ES\" \/>\n<meta property=\"og:type\" content=\"article\" \/>\n<meta property=\"og:title\" content=\"M\u00e1quina inteligente de cambio de monedas - Bleegame\" \/>\n<meta property=\"og:description\" content=\"Marca:BLEE MOQ:1 Material\uff1aMetales Tama\u00f1o del producto\uff1a55cm*45cm*156cm Potencia de funcionamiento\uff1a100W Embalaje:Cajas de cart\u00f3n est\u00e1ndar de exportaci\u00f3n Env\u00edo:Por mar\" \/>\n<meta property=\"og:url\" content=\"https:\/\/bleegame.com\/es\/producto\/smart-coin-changer-machine-2\/\" \/>\n<meta property=\"og:site_name\" content=\"Bleegame\" \/>\n<meta property=\"og:image\" content=\"https:\/\/bleegame.com\/wp-content\/uploads\/2022\/12\/1-1.jpg\" \/>\n\t<meta property=\"og:image:width\" content=\"800\" \/>\n\t<meta property=\"og:image:height\" content=\"800\" \/>\n<meta name=\"twitter:card\" content=\"summary_large_image\" \/>\n<meta name=\"twitter:label1\" content=\"Tiempo de lectura\">\n\t<meta name=\"twitter:data1\" content=\"0 minutos\">\n<script type=\"application\/ld+json\" class=\"yoast-schema-graph\">{\"@context\":\"https:\/\/schema.org\",\"@graph\":[{\"@type\":\"WebSite\",\"@id\":\"https:\/\/bleegame.com\/es\/#website\",\"url\":\"https:\/\/bleegame.com\/es\/\",\"name\":\"Bleegame\",\"description\":\"One-stop Amusement Coin Operated Games  Machine procurement center\",\"potentialAction\":[{\"@type\":\"SearchAction\",\"target\":\"https:\/\/bleegame.com\/es\/?s={search_term_string}\",\"query-input\":\"required name=search_term_string\"}],\"inLanguage\":\"es\"},{\"@type\":\"ImageObject\",\"@id\":\"https:\/\/bleegame.com\/es\/producto\/smart-coin-changer-machine-2\/#primaryimage\",\"inLanguage\":\"es\",\"url\":\"https:\/\/bleegame.com\/wp-content\/uploads\/2022\/12\/1-1.jpg\",\"width\":800,\"height\":800},{\"@type\":\"WebPage\",\"@id\":\"https:\/\/bleegame.com\/es\/producto\/smart-coin-changer-machine-2\/#webpage\",\"url\":\"https:\/\/bleegame.com\/es\/producto\/smart-coin-changer-machine-2\/\",\"name\":\"M\\u00e1quina inteligente de cambio de monedas - Bleegame\",\"isPartOf\":{\"@id\":\"https:\/\/bleegame.com\/es\/#website\"},\"primaryImageOfPage\":{\"@id\":\"https:\/\/bleegame.com\/es\/producto\/smart-coin-changer-machine-2\/#primaryimage\"},\"datePublished\":\"2022-12-01T07:02:11+00:00\",\"dateModified\":\"2022-12-01T07:02:11+00:00\",\"breadcrumb\":{\"@id\":\"https:\/\/bleegame.com\/es\/producto\/smart-coin-changer-machine-2\/#breadcrumb\"},\"inLanguage\":\"es\",\"potentialAction\":[{\"@type\":\"ReadAction\",\"target\":[\"https:\/\/bleegame.com\/es\/producto\/smart-coin-changer-machine-2\/\"]}]},{\"@type\":\"BreadcrumbList\",\"@id\":\"https:\/\/bleegame.com\/es\/producto\/smart-coin-changer-machine-2\/#breadcrumb\",\"itemListElement\":[{\"@type\":\"ListItem\",\"position\":1,\"item\":{\"@type\":\"WebPage\",\"@id\":\"https:\/\/bleegame.com\/es\/producto\/\",\"url\":\"https:\/\/bleegame.com\/es\/producto\/\",\"name\":\"Producto\"}},{\"@type\":\"ListItem\",\"position\":2,\"item\":{\"@type\":\"WebPage\",\"@id\":\"https:\/\/bleegame.com\/es\/producto\/smart-coin-changer-machine-2\/\",\"url\":\"https:\/\/bleegame.com\/es\/producto\/smart-coin-changer-machine-2\/\",\"name\":\"M\\u00e1quina inteligente de cambio de monedas\"}}]}]}<\/script>\n<!-- \/ Yoast SEO Premium plugin. -->","_links":{"self":[{"href":"https:\/\/bleegame.com\/es\/wp-json\/wp\/v2\/product\/11758","targetHints":{"allow":["GET"]}}],"collection":[{"href":"https:\/\/bleegame.com\/es\/wp-json\/wp\/v2\/product"}],"about":[{"href":"https:\/\/bleegame.com\/es\/wp-json\/wp\/v2\/types\/product"}],"version-history":[{"count":0,"href":"https:\/\/bleegame.com\/es\/wp-json\/wp\/v2\/product\/11758\/revisions"}],"wp:featuredmedia":[{"embeddable":true,"href":"https:\/\/bleegame.com\/es\/wp-json\/wp\/v2\/media\/10998"}],"wp:attachment":[{"href":"https:\/\/bleegame.com\/es\/wp-json\/wp\/v2\/media?parent=11758"}],"wp:term":[{"taxonomy":"product_cat","embeddable":true,"href":"https:\/\/bleegame.com\/es\/wp-json\/wp\/v2\/product_cat?post=11758"},{"taxonomy":"product_tag","embeddable":true,"href":"https:\/\/bleegame.com\/es\/wp-json\/wp\/v2\/product_tag?post=11758"}],"curies":[{"name":"wp","href":"https:\/\/api.w.org\/{rel}","templated":true}]}}