{"id":11760,"date":"2022-12-01T06:53:52","date_gmt":"2022-12-01T06:53:52","guid":{"rendered":"https:\/\/bleegame.com\/product\/maquina-expendedora-key-master-de-15-agujeros\/"},"modified":"2022-12-01T06:53:52","modified_gmt":"2022-12-01T06:53:52","slug":"maquina-expendedora-de-llaves-maestra-de-15-agujeros","status":"publish","type":"product","link":"https:\/\/bleegame.com\/es\/producto\/maquina-expendedora-de-llaves-maestra-de-15-agujeros\/","title":{"rendered":"M\u00e1quina expendedora Key Master de 15 agujeros"},"content":{"rendered":"<div class=\"special-heading-border\">\n<div class=\"special-heading-inner-border\"><\/div>\n<\/div>\n<div class=\"hr hr-custom hr-center hr-icon-no avia-builder-el-12 el_after_av_heading el_before_av_textblock \"><\/div>\n<section class=\"av_textblock_section \">\n<div class=\"avia_textblock \">\n<p>Esperamos que todos los jugadores puedan disfrutar en cada juego despu\u00e9s de usar nuestros productos de hardware, y tambi\u00e9n estamos deseando trabajar con jugadores entusiastas para crear nuevos equipos en el futuro. En bleegame, hay muchos tipos de productos. Si est\u00e1 interesado en nuestros productos, p\u00f3ngase en contacto con nosotros, estaremos encantados de contar con su atenci\u00f3n.<\/p>\n<p><strong>Caracter\u00edsticas del producto:<\/strong><\/p>\n<ul>\n<li>Dimensiones del juego: A90*P100*Al185cm<\/li>\n<li>Material: Mueble met\u00e1lico y cristal templado<\/li>\n<li>Peso neto: 200KG<\/li>\n<li>Tensi\u00f3n: 110V\/220V<\/li>\n<li>Potencia: 250W<\/li>\n<li>Opci\u00f3n de color: 1 juego<\/li>\n<li>Jugadores: 1 jugador<\/li>\n<li>Garant\u00eda: 12 meses<\/li>\n<li>Paquete (contenedor): caja de cart\u00f3n + marco de madera<\/li>\n<li>Paquete (LCL): caja de cart\u00f3n+ marco de madera<\/li>\n<\/ul>\n<p><strong>\u00bfC\u00f3mo se juega?<\/strong><\/p>\n<p>1. Inserte la moneda y comience el juego.<br \/>\n2.Mueva el joystick para desplazar el sistema de gr\u00faa a la posici\u00f3n alineada verticalmente al regalo que desee.<br \/>\n3.Mantenga pulsado el bot\u00f3n \u00abarriba\u00bb para elevar el sistema de gr\u00faa,<br \/>\n4.Suelte el bot\u00f3n para detener el sistema de gr\u00faa una vez que llegue al punto correcto,<br \/>\n5.La varilla de empuje con la llave empujar\u00e1 hacia delante para intentar desbloquear el regalo.<br \/>\n6.Coge el regalo de la puerta de premios.<\/p>\n<p><img fetchpriority=\"high\" decoding=\"async\" class=\"alignnone size-full wp-image-10987\" src=\"https:\/\/bleegame.com\/wp-content\/uploads\/2022\/12\/8.jpg\" alt=\"\" width=\"800\" height=\"800\" srcset=\"https:\/\/bleegame.com\/wp-content\/uploads\/2022\/12\/8.jpg 800w, https:\/\/bleegame.com\/wp-content\/uploads\/2022\/12\/8-300x300.jpg 300w, https:\/\/bleegame.com\/wp-content\/uploads\/2022\/12\/8-150x150.jpg 150w, https:\/\/bleegame.com\/wp-content\/uploads\/2022\/12\/8-768x768.jpg 768w, https:\/\/bleegame.com\/wp-content\/uploads\/2022\/12\/8-600x600.jpg 600w, https:\/\/bleegame.com\/wp-content\/uploads\/2022\/12\/8-100x100.jpg 100w\" sizes=\"(max-width: 800px) 100vw, 800px\" \/> <img decoding=\"async\" class=\"alignnone size-full wp-image-10989\" src=\"https:\/\/bleegame.com\/wp-content\/uploads\/2022\/12\/9.jpg\" alt=\"\" width=\"800\" height=\"800\" srcset=\"https:\/\/bleegame.com\/wp-content\/uploads\/2022\/12\/9.jpg 800w, https:\/\/bleegame.com\/wp-content\/uploads\/2022\/12\/9-300x300.jpg 300w, https:\/\/bleegame.com\/wp-content\/uploads\/2022\/12\/9-150x150.jpg 150w, https:\/\/bleegame.com\/wp-content\/uploads\/2022\/12\/9-768x768.jpg 768w, https:\/\/bleegame.com\/wp-content\/uploads\/2022\/12\/9-600x600.jpg 600w, https:\/\/bleegame.com\/wp-content\/uploads\/2022\/12\/9-100x100.jpg 100w\" sizes=\"(max-width: 800px) 100vw, 800px\" \/> <img decoding=\"async\" class=\"alignnone size-full wp-image-10991\" src=\"https:\/\/bleegame.com\/wp-content\/uploads\/2022\/12\/10.jpg\" alt=\"\" width=\"800\" height=\"800\" srcset=\"https:\/\/bleegame.com\/wp-content\/uploads\/2022\/12\/10.jpg 800w, https:\/\/bleegame.com\/wp-content\/uploads\/2022\/12\/10-300x300.jpg 300w, https:\/\/bleegame.com\/wp-content\/uploads\/2022\/12\/10-150x150.jpg 150w, https:\/\/bleegame.com\/wp-content\/uploads\/2022\/12\/10-768x768.jpg 768w, https:\/\/bleegame.com\/wp-content\/uploads\/2022\/12\/10-600x600.jpg 600w, https:\/\/bleegame.com\/wp-content\/uploads\/2022\/12\/10-100x100.jpg 100w\" sizes=\"(max-width: 800px) 100vw, 800px\" \/><\/p>\n<\/div>\n<\/section>\n<div class=\"av-special-heading av-special-heading-h3 blockquote modern-quote avia-builder-el-14 el_after_av_textblock el_before_av_hr \" style=\"padding-bottom: 10px;\">\n<h3 class=\"av-special-heading-tag \">V\u00eddeo<\/h3>\n<div class=\"special-heading-border\">\n<div class=\"special-heading-inner-border\"><\/div>\n<\/div>\n<\/div>\n<div class=\"hr hr-custom hr-center hr-icon-no avia-builder-el-15 el_after_av_heading el_before_av_video \"><\/div>\n<div class=\"avia-video avia-video-16-9 av-lazyload-immediate av-lazyload-video-embed \" data-original_url=\"https:\/\/www.youtube.com\/watch?v=k_qqrtCoGMo\">\n<div class=\"avia-iframe-wrap\"><iframe title=\"Baoli Animation Technology Premio de la Suerte Gr\u00faa Llave Maestra M\u00e1quina de Juegos\" src=\"https:\/\/www.youtube.com\/embed\/k_qqrtCoGMo?feature=oembed&amp;autoplay=0&amp;loop=0&amp;controls=1&amp;mute=0\" width=\"1333\" height=\"1000\" frameborder=\"0\" allowfullscreen=\"allowfullscreen\"><\/iframe><\/div>\n<p>&nbsp;<\/p>\n<div class=\"av-click-to-play-overlay\">\n<div class=\"avia_playpause_icon\"><\/div>\n<\/div>\n<\/div>\n<div class=\"av-special-heading av-special-heading-h3 blockquote modern-quote avia-builder-el-17 el_after_av_video el_before_av_hr \" style=\"padding-bottom: 10px;\">\n<h3 class=\"av-special-heading-tag \"><\/h3>\n<\/div>\n","protected":false},"excerpt":{"rendered":"<p>somos un fabricante profesional para el desarrollo y la producci\u00f3n de m\u00e1quinas de juego. Nos encanta la m\u00e1quina de juegos de azar, tambi\u00e9n prestamos mucha atenci\u00f3n a la m\u00e1quina de juegos de azar.<\/p>\n","protected":false},"featured_media":10979,"template":"","meta":{"om_disable_all_campaigns":false,"_monsterinsights_skip_tracking":false,"_monsterinsights_sitenote_active":false,"_monsterinsights_sitenote_note":"","_monsterinsights_sitenote_category":0,"_uf_show_specific_survey":0,"_uf_disable_surveys":false},"product_cat":[231],"product_tag":[],"class_list":["post-11760","product","type-product","status-publish","has-post-thumbnail","hentry","product_cat-maquina-de-juegos-de-regalo"],"yoast_head":"<!-- This site is optimized with the Yoast SEO Premium plugin v15.5 - https:\/\/yoast.com\/wordpress\/plugins\/seo\/ -->\n<title>M\u00e1quina expendedora Key Master de 15 agujeros - Bleegame<\/title>\n<meta name=\"robots\" content=\"index, follow, max-snippet:-1, max-image-preview:large, max-video-preview:-1\" \/>\n<link rel=\"canonical\" href=\"https:\/\/bleegame.com\/es\/producto\/maquina-expendedora-de-llaves-maestra-de-15-agujeros\/\" \/>\n<meta property=\"og:locale\" content=\"es_ES\" \/>\n<meta property=\"og:type\" content=\"article\" \/>\n<meta property=\"og:title\" content=\"M\u00e1quina expendedora Key Master de 15 agujeros - Bleegame\" \/>\n<meta property=\"og:description\" content=\"somos un fabricante profesional para el desarrollo y la producci\u00f3n de m\u00e1quinas de juego. Nos encanta la m\u00e1quina de juegos de azar, tambi\u00e9n prestamos mucha atenci\u00f3n a la m\u00e1quina de juegos de azar.\" \/>\n<meta property=\"og:url\" content=\"https:\/\/bleegame.com\/es\/producto\/maquina-expendedora-de-llaves-maestra-de-15-agujeros\/\" \/>\n<meta property=\"og:site_name\" content=\"Bleegame\" \/>\n<meta property=\"og:image\" content=\"https:\/\/bleegame.com\/wp-content\/uploads\/2022\/12\/1.jpg\" \/>\n\t<meta property=\"og:image:width\" content=\"800\" \/>\n\t<meta property=\"og:image:height\" content=\"800\" \/>\n<meta name=\"twitter:card\" content=\"summary_large_image\" \/>\n<meta name=\"twitter:label1\" content=\"Tiempo de lectura\">\n\t<meta name=\"twitter:data1\" content=\"1 minuto\">\n<script type=\"application\/ld+json\" class=\"yoast-schema-graph\">{\"@context\":\"https:\/\/schema.org\",\"@graph\":[{\"@type\":\"WebSite\",\"@id\":\"https:\/\/bleegame.com\/es\/#website\",\"url\":\"https:\/\/bleegame.com\/es\/\",\"name\":\"Bleegame\",\"description\":\"One-stop Amusement Coin Operated Games  Machine procurement center\",\"potentialAction\":[{\"@type\":\"SearchAction\",\"target\":\"https:\/\/bleegame.com\/es\/?s={search_term_string}\",\"query-input\":\"required name=search_term_string\"}],\"inLanguage\":\"es\"},{\"@type\":\"ImageObject\",\"@id\":\"https:\/\/bleegame.com\/es\/producto\/maquina-expendedora-de-llaves-maestra-de-15-agujeros\/#primaryimage\",\"inLanguage\":\"es\",\"url\":\"https:\/\/bleegame.com\/wp-content\/uploads\/2022\/12\/1.jpg\",\"width\":800,\"height\":800},{\"@type\":\"WebPage\",\"@id\":\"https:\/\/bleegame.com\/es\/producto\/maquina-expendedora-de-llaves-maestra-de-15-agujeros\/#webpage\",\"url\":\"https:\/\/bleegame.com\/es\/producto\/maquina-expendedora-de-llaves-maestra-de-15-agujeros\/\",\"name\":\"M\\u00e1quina expendedora Key Master de 15 agujeros - Bleegame\",\"isPartOf\":{\"@id\":\"https:\/\/bleegame.com\/es\/#website\"},\"primaryImageOfPage\":{\"@id\":\"https:\/\/bleegame.com\/es\/producto\/maquina-expendedora-de-llaves-maestra-de-15-agujeros\/#primaryimage\"},\"datePublished\":\"2022-12-01T06:53:52+00:00\",\"dateModified\":\"2022-12-01T06:53:52+00:00\",\"breadcrumb\":{\"@id\":\"https:\/\/bleegame.com\/es\/producto\/maquina-expendedora-de-llaves-maestra-de-15-agujeros\/#breadcrumb\"},\"inLanguage\":\"es\",\"potentialAction\":[{\"@type\":\"ReadAction\",\"target\":[\"https:\/\/bleegame.com\/es\/producto\/maquina-expendedora-de-llaves-maestra-de-15-agujeros\/\"]}]},{\"@type\":\"BreadcrumbList\",\"@id\":\"https:\/\/bleegame.com\/es\/producto\/maquina-expendedora-de-llaves-maestra-de-15-agujeros\/#breadcrumb\",\"itemListElement\":[{\"@type\":\"ListItem\",\"position\":1,\"item\":{\"@type\":\"WebPage\",\"@id\":\"https:\/\/bleegame.com\/es\/producto\/\",\"url\":\"https:\/\/bleegame.com\/es\/producto\/\",\"name\":\"Producto\"}},{\"@type\":\"ListItem\",\"position\":2,\"item\":{\"@type\":\"WebPage\",\"@id\":\"https:\/\/bleegame.com\/es\/producto\/maquina-expendedora-de-llaves-maestra-de-15-agujeros\/\",\"url\":\"https:\/\/bleegame.com\/es\/producto\/maquina-expendedora-de-llaves-maestra-de-15-agujeros\/\",\"name\":\"M\\u00e1quina expendedora Key Master de 15 agujeros\"}}]}]}<\/script>\n<!-- \/ Yoast SEO Premium plugin. -->","_links":{"self":[{"href":"https:\/\/bleegame.com\/es\/wp-json\/wp\/v2\/product\/11760","targetHints":{"allow":["GET"]}}],"collection":[{"href":"https:\/\/bleegame.com\/es\/wp-json\/wp\/v2\/product"}],"about":[{"href":"https:\/\/bleegame.com\/es\/wp-json\/wp\/v2\/types\/product"}],"version-history":[{"count":0,"href":"https:\/\/bleegame.com\/es\/wp-json\/wp\/v2\/product\/11760\/revisions"}],"wp:featuredmedia":[{"embeddable":true,"href":"https:\/\/bleegame.com\/es\/wp-json\/wp\/v2\/media\/10979"}],"wp:attachment":[{"href":"https:\/\/bleegame.com\/es\/wp-json\/wp\/v2\/media?parent=11760"}],"wp:term":[{"taxonomy":"product_cat","embeddable":true,"href":"https:\/\/bleegame.com\/es\/wp-json\/wp\/v2\/product_cat?post=11760"},{"taxonomy":"product_tag","embeddable":true,"href":"https:\/\/bleegame.com\/es\/wp-json\/wp\/v2\/product_tag?post=11760"}],"curies":[{"name":"wp","href":"https:\/\/api.w.org\/{rel}","templated":true}]}}