{"id":11765,"date":"2022-10-14T03:59:08","date_gmt":"2022-10-14T03:59:08","guid":{"rendered":"https:\/\/bleegame.com\/product\/planeta-percusion\/"},"modified":"2022-10-14T03:59:08","modified_gmt":"2022-10-14T03:59:08","slug":"planeta-percusion","status":"publish","type":"product","link":"https:\/\/bleegame.com\/es\/producto\/planeta-percusion\/","title":{"rendered":"Planeta Percusi\u00f3n"},"content":{"rendered":"<p>C\u00f3mo se juega:<\/p>\n<p>1. La moneda presiona el bot\u00f3n de inicio para comenzar el juego.<\/p>\n<p>2. Selecciona un juego tocando la pantalla con un martillo de juego.Entra en el juego y toca la pantalla para completar el juego.<\/p>\n<p>3. Cuando la puntuaci\u00f3n alcanza la puntuaci\u00f3n de recompensa, la m\u00e1quina entrega autom\u00e1ticamente el regalo de recompensa.<\/p>\n","protected":false},"excerpt":{"rendered":"<p>Marca: BLEE<br \/>\nMOQ:1<br \/>\nMaterial\uff1a Metales+Acr\u00edlico<br \/>\nTama\u00f1o del producto\uff1a790*840*1810mm<br \/>\nPotencia de funcionamiento\uff1a110W<br \/>\nEmbalaje: Cart\u00f3n est\u00e1ndar de exportaci\u00f3n<br \/>\nTransporte mar\u00edtimo: Por mar<\/p>\n","protected":false},"featured_media":10004,"template":"","meta":{"om_disable_all_campaigns":false,"_monsterinsights_skip_tracking":false,"_monsterinsights_sitenote_active":false,"_monsterinsights_sitenote_note":"","_monsterinsights_sitenote_category":0,"_uf_show_specific_survey":0,"_uf_disable_surveys":false},"product_cat":[265],"product_tag":[],"class_list":["post-11765","product","type-product","status-publish","has-post-thumbnail","hentry","product_cat-maquina-de-juegos-de-disparos"],"yoast_head":"<!-- This site is optimized with the Yoast SEO Premium plugin v15.5 - https:\/\/yoast.com\/wordpress\/plugins\/seo\/ -->\n<title>Planeta Percusi\u00f3n - Bleegame<\/title>\n<meta name=\"robots\" content=\"index, follow, max-snippet:-1, max-image-preview:large, max-video-preview:-1\" \/>\n<link rel=\"canonical\" href=\"https:\/\/bleegame.com\/es\/producto\/planeta-percusion\/\" \/>\n<meta property=\"og:locale\" content=\"es_ES\" \/>\n<meta property=\"og:type\" content=\"article\" \/>\n<meta property=\"og:title\" content=\"Planeta Percusi\u00f3n - Bleegame\" \/>\n<meta property=\"og:description\" content=\"Marca: BLEE MOQ:1 Material\uff1a Metales+Acr\u00edlico Tama\u00f1o del producto\uff1a790*840*1810mm Potencia de funcionamiento\uff1a110W Embalaje: Cart\u00f3n est\u00e1ndar de exportaci\u00f3n Transporte mar\u00edtimo: Por mar\" \/>\n<meta property=\"og:url\" content=\"https:\/\/bleegame.com\/es\/producto\/planeta-percusion\/\" \/>\n<meta property=\"og:site_name\" content=\"Bleegame\" \/>\n<meta property=\"og:image\" content=\"https:\/\/bleegame.com\/wp-content\/uploads\/2022\/10\/1-4.jpg\" \/>\n\t<meta property=\"og:image:width\" content=\"800\" \/>\n\t<meta property=\"og:image:height\" content=\"800\" \/>\n<meta name=\"twitter:card\" content=\"summary_large_image\" \/>\n<meta name=\"twitter:label1\" content=\"Tiempo de lectura\">\n\t<meta name=\"twitter:data1\" content=\"0 minutos\">\n<script type=\"application\/ld+json\" class=\"yoast-schema-graph\">{\"@context\":\"https:\/\/schema.org\",\"@graph\":[{\"@type\":\"WebSite\",\"@id\":\"https:\/\/bleegame.com\/es\/#website\",\"url\":\"https:\/\/bleegame.com\/es\/\",\"name\":\"Bleegame\",\"description\":\"One-stop Amusement Coin Operated Games  Machine procurement center\",\"potentialAction\":[{\"@type\":\"SearchAction\",\"target\":\"https:\/\/bleegame.com\/es\/?s={search_term_string}\",\"query-input\":\"required name=search_term_string\"}],\"inLanguage\":\"es\"},{\"@type\":\"ImageObject\",\"@id\":\"https:\/\/bleegame.com\/es\/producto\/planeta-percusion\/#primaryimage\",\"inLanguage\":\"es\",\"url\":\"https:\/\/bleegame.com\/wp-content\/uploads\/2022\/10\/1-4.jpg\",\"width\":800,\"height\":800},{\"@type\":\"WebPage\",\"@id\":\"https:\/\/bleegame.com\/es\/producto\/planeta-percusion\/#webpage\",\"url\":\"https:\/\/bleegame.com\/es\/producto\/planeta-percusion\/\",\"name\":\"Planeta Percusi\\u00f3n - Bleegame\",\"isPartOf\":{\"@id\":\"https:\/\/bleegame.com\/es\/#website\"},\"primaryImageOfPage\":{\"@id\":\"https:\/\/bleegame.com\/es\/producto\/planeta-percusion\/#primaryimage\"},\"datePublished\":\"2022-10-14T03:59:08+00:00\",\"dateModified\":\"2022-10-14T03:59:08+00:00\",\"breadcrumb\":{\"@id\":\"https:\/\/bleegame.com\/es\/producto\/planeta-percusion\/#breadcrumb\"},\"inLanguage\":\"es\",\"potentialAction\":[{\"@type\":\"ReadAction\",\"target\":[\"https:\/\/bleegame.com\/es\/producto\/planeta-percusion\/\"]}]},{\"@type\":\"BreadcrumbList\",\"@id\":\"https:\/\/bleegame.com\/es\/producto\/planeta-percusion\/#breadcrumb\",\"itemListElement\":[{\"@type\":\"ListItem\",\"position\":1,\"item\":{\"@type\":\"WebPage\",\"@id\":\"https:\/\/bleegame.com\/es\/producto\/\",\"url\":\"https:\/\/bleegame.com\/es\/producto\/\",\"name\":\"Producto\"}},{\"@type\":\"ListItem\",\"position\":2,\"item\":{\"@type\":\"WebPage\",\"@id\":\"https:\/\/bleegame.com\/es\/producto\/planeta-percusion\/\",\"url\":\"https:\/\/bleegame.com\/es\/producto\/planeta-percusion\/\",\"name\":\"Planeta Percusi\\u00f3n\"}}]}]}<\/script>\n<!-- \/ Yoast SEO Premium plugin. -->","_links":{"self":[{"href":"https:\/\/bleegame.com\/es\/wp-json\/wp\/v2\/product\/11765","targetHints":{"allow":["GET"]}}],"collection":[{"href":"https:\/\/bleegame.com\/es\/wp-json\/wp\/v2\/product"}],"about":[{"href":"https:\/\/bleegame.com\/es\/wp-json\/wp\/v2\/types\/product"}],"version-history":[{"count":0,"href":"https:\/\/bleegame.com\/es\/wp-json\/wp\/v2\/product\/11765\/revisions"}],"wp:featuredmedia":[{"embeddable":true,"href":"https:\/\/bleegame.com\/es\/wp-json\/wp\/v2\/media\/10004"}],"wp:attachment":[{"href":"https:\/\/bleegame.com\/es\/wp-json\/wp\/v2\/media?parent=11765"}],"wp:term":[{"taxonomy":"product_cat","embeddable":true,"href":"https:\/\/bleegame.com\/es\/wp-json\/wp\/v2\/product_cat?post=11765"},{"taxonomy":"product_tag","embeddable":true,"href":"https:\/\/bleegame.com\/es\/wp-json\/wp\/v2\/product_tag?post=11765"}],"curies":[{"name":"wp","href":"https:\/\/api.w.org\/{rel}","templated":true}]}}