{"id":11769,"date":"2022-11-11T02:10:35","date_gmt":"2022-11-11T02:10:35","guid":{"rendered":"https:\/\/bleegame.com\/product\/parque-de-atracciones-swing-car\/"},"modified":"2022-11-11T02:10:35","modified_gmt":"2022-11-11T02:10:35","slug":"parque-de-atracciones-swing-car","status":"publish","type":"product","link":"https:\/\/bleegame.com\/es\/producto\/parque-de-atracciones-swing-car\/","title":{"rendered":"Parque de atracciones Swing Car"},"content":{"rendered":"<p>C\u00f3mo se juega:<\/p>\n<p>1. Los ni\u00f1os se sientan en el asiento.<\/p>\n<p>2. Inserte monedas para iniciar el juego.<\/p>\n<p>3. La m\u00e1quina empieza a balancearse, mientras suena la m\u00fasica.<\/p>\n<p><img fetchpriority=\"high\" decoding=\"async\" class=\"alignnone size-full wp-image-10533\" src=\"https:\/\/bleegame.com\/wp-content\/uploads\/2022\/11\/%E6%91%87%E6%91%87%E6%9C%BA%E6%B1%87%E6%80%BB1-6.jpg\" alt=\"Paseo en columpio\" width=\"800\" height=\"2119\"><\/p>\n","protected":false},"excerpt":{"rendered":"<p>Marca: BLEE<br \/>\nMOQ:1<br \/>\nMaterial\uff1a Metales+pl\u00e1stico reforzado con fibra de vidrio<br \/>\nTama\u00f1o del producto\uff1a1000*1400*1250mm<br \/>\nPotencia de funcionamiento\uff1a150W<br \/>\nEmbalaje: Cart\u00f3n est\u00e1ndar de exportaci\u00f3n<br \/>\nTransporte mar\u00edtimo: Por mar<\/p>\n","protected":false},"featured_media":10723,"template":"","meta":{"om_disable_all_campaigns":false,"_monsterinsights_skip_tracking":false,"_monsterinsights_sitenote_active":false,"_monsterinsights_sitenote_note":"","_monsterinsights_sitenote_category":0,"_uf_show_specific_survey":0,"_uf_disable_surveys":false},"product_cat":[482],"product_tag":[],"class_list":["post-11769","product","type-product","status-publish","has-post-thumbnail","hentry","product_cat-paseo-de-los-ninos"],"yoast_head":"<!-- This site is optimized with the Yoast SEO Premium plugin v15.5 - https:\/\/yoast.com\/wordpress\/plugins\/seo\/ -->\n<title>Parque de atracciones Swing Car - Bleegame<\/title>\n<meta name=\"robots\" content=\"index, follow, max-snippet:-1, max-image-preview:large, max-video-preview:-1\" \/>\n<link rel=\"canonical\" href=\"https:\/\/bleegame.com\/es\/producto\/parque-de-atracciones-swing-car\/\" \/>\n<meta property=\"og:locale\" content=\"es_ES\" \/>\n<meta property=\"og:type\" content=\"article\" \/>\n<meta property=\"og:title\" content=\"Parque de atracciones Swing Car - Bleegame\" \/>\n<meta property=\"og:description\" content=\"Marca: BLEE MOQ:1 Material\uff1a Metales+pl\u00e1stico reforzado con fibra de vidrio Tama\u00f1o del producto\uff1a1000*1400*1250mm Potencia de funcionamiento\uff1a150W Embalaje: Cart\u00f3n est\u00e1ndar de exportaci\u00f3n Transporte mar\u00edtimo: Por mar\" \/>\n<meta property=\"og:url\" content=\"https:\/\/bleegame.com\/es\/producto\/parque-de-atracciones-swing-car\/\" \/>\n<meta property=\"og:site_name\" content=\"Bleegame\" \/>\n<meta property=\"og:image\" content=\"https:\/\/bleegame.com\/wp-content\/uploads\/2022\/11\/11-1.jpg\" \/>\n\t<meta property=\"og:image:width\" content=\"800\" \/>\n\t<meta property=\"og:image:height\" content=\"800\" \/>\n<meta name=\"twitter:card\" content=\"summary_large_image\" \/>\n<meta name=\"twitter:label1\" content=\"Tiempo de lectura\">\n\t<meta name=\"twitter:data1\" content=\"0 minutos\">\n<script type=\"application\/ld+json\" class=\"yoast-schema-graph\">{\"@context\":\"https:\/\/schema.org\",\"@graph\":[{\"@type\":\"WebSite\",\"@id\":\"https:\/\/bleegame.com\/es\/#website\",\"url\":\"https:\/\/bleegame.com\/es\/\",\"name\":\"Bleegame\",\"description\":\"One-stop Amusement Coin Operated Games  Machine procurement center\",\"potentialAction\":[{\"@type\":\"SearchAction\",\"target\":\"https:\/\/bleegame.com\/es\/?s={search_term_string}\",\"query-input\":\"required name=search_term_string\"}],\"inLanguage\":\"es\"},{\"@type\":\"ImageObject\",\"@id\":\"https:\/\/bleegame.com\/es\/producto\/parque-de-atracciones-swing-car\/#primaryimage\",\"inLanguage\":\"es\",\"url\":\"https:\/\/bleegame.com\/wp-content\/uploads\/2022\/11\/11-1.jpg\",\"width\":800,\"height\":800,\"caption\":\"m\\u00e1quina de juegos infantiles\"},{\"@type\":\"WebPage\",\"@id\":\"https:\/\/bleegame.com\/es\/producto\/parque-de-atracciones-swing-car\/#webpage\",\"url\":\"https:\/\/bleegame.com\/es\/producto\/parque-de-atracciones-swing-car\/\",\"name\":\"Parque de atracciones Swing Car - Bleegame\",\"isPartOf\":{\"@id\":\"https:\/\/bleegame.com\/es\/#website\"},\"primaryImageOfPage\":{\"@id\":\"https:\/\/bleegame.com\/es\/producto\/parque-de-atracciones-swing-car\/#primaryimage\"},\"datePublished\":\"2022-11-11T02:10:35+00:00\",\"dateModified\":\"2022-11-11T02:10:35+00:00\",\"breadcrumb\":{\"@id\":\"https:\/\/bleegame.com\/es\/producto\/parque-de-atracciones-swing-car\/#breadcrumb\"},\"inLanguage\":\"es\",\"potentialAction\":[{\"@type\":\"ReadAction\",\"target\":[\"https:\/\/bleegame.com\/es\/producto\/parque-de-atracciones-swing-car\/\"]}]},{\"@type\":\"BreadcrumbList\",\"@id\":\"https:\/\/bleegame.com\/es\/producto\/parque-de-atracciones-swing-car\/#breadcrumb\",\"itemListElement\":[{\"@type\":\"ListItem\",\"position\":1,\"item\":{\"@type\":\"WebPage\",\"@id\":\"https:\/\/bleegame.com\/es\/producto\/\",\"url\":\"https:\/\/bleegame.com\/es\/producto\/\",\"name\":\"Producto\"}},{\"@type\":\"ListItem\",\"position\":2,\"item\":{\"@type\":\"WebPage\",\"@id\":\"https:\/\/bleegame.com\/es\/producto\/parque-de-atracciones-swing-car\/\",\"url\":\"https:\/\/bleegame.com\/es\/producto\/parque-de-atracciones-swing-car\/\",\"name\":\"Parque de atracciones Swing Car\"}}]}]}<\/script>\n<!-- \/ Yoast SEO Premium plugin. -->","_links":{"self":[{"href":"https:\/\/bleegame.com\/es\/wp-json\/wp\/v2\/product\/11769","targetHints":{"allow":["GET"]}}],"collection":[{"href":"https:\/\/bleegame.com\/es\/wp-json\/wp\/v2\/product"}],"about":[{"href":"https:\/\/bleegame.com\/es\/wp-json\/wp\/v2\/types\/product"}],"version-history":[{"count":0,"href":"https:\/\/bleegame.com\/es\/wp-json\/wp\/v2\/product\/11769\/revisions"}],"wp:featuredmedia":[{"embeddable":true,"href":"https:\/\/bleegame.com\/es\/wp-json\/wp\/v2\/media\/10723"}],"wp:attachment":[{"href":"https:\/\/bleegame.com\/es\/wp-json\/wp\/v2\/media?parent=11769"}],"wp:term":[{"taxonomy":"product_cat","embeddable":true,"href":"https:\/\/bleegame.com\/es\/wp-json\/wp\/v2\/product_cat?post=11769"},{"taxonomy":"product_tag","embeddable":true,"href":"https:\/\/bleegame.com\/es\/wp-json\/wp\/v2\/product_tag?post=11769"}],"curies":[{"name":"wp","href":"https:\/\/api.w.org\/{rel}","templated":true}]}}