{"id":11776,"date":"2022-10-14T02:27:28","date_gmt":"2022-10-14T02:27:28","guid":{"rendered":"https:\/\/bleegame.com\/product\/maquina-de-juegos-de-combate-con-animales\/"},"modified":"2022-10-14T02:27:28","modified_gmt":"2022-10-14T02:27:28","slug":"animal-combat-games-machine-2","status":"publish","type":"product","link":"https:\/\/bleegame.com\/es\/producto\/animal-combat-games-machine-2\/","title":{"rendered":"M\u00e1quina de juegos de combate con animales"},"content":{"rendered":"<table>\n<tbody>\n<tr>\n<td height=\"21\" data-spm-anchor-id=\"a2700.details.0.i1.55bd43baK4Q8D6\">N\u00famero de art\u00edculo.<\/td>\n<td colspan=\"3\" height=\"21\">BL-RG526<\/td>\n<\/tr>\n<tr>\n<td height=\"28\" data-spm-anchor-id=\"a2700.details.0.i9.55bd43baK4Q8D6\">Marca<\/td>\n<td height=\"28\">BLEE<\/td>\n<td height=\"28\">Nombre<\/td>\n<td height=\"28\">Combate de animales<\/td>\n<\/tr>\n<tr>\n<td height=\"21\" data-spm-anchor-id=\"a2700.details.0.i10.55bd43baK4Q8D6\">Color<\/td>\n<td height=\"21\">Fotograf\u00eda<\/td>\n<td height=\"21\">Materia<\/td>\n<td height=\"21\">Acr\u00edlico, material, absorci\u00f3n pl\u00e1stica<\/td>\n<\/tr>\n<tr>\n<td height=\"30\">Tama\u00f1o<\/td>\n<td height=\"30\">1500*1310*2350 MM<\/td>\n<td height=\"30\">Potencia<\/td>\n<td height=\"30\">450 W<\/td>\n<\/tr>\n<tr>\n<td height=\"21\">Conducir<\/td>\n<td height=\"21\">3<\/td>\n<td height=\"21\">Peso<\/td>\n<td height=\"21\">200 KG<\/td>\n<\/tr>\n<tr>\n<td height=\"21\">Tensi\u00f3n:<\/td>\n<td height=\"21\">110 V\/220 V<\/td>\n<td height=\"21\">Punto<\/td>\n<td height=\"21\">M\u00e1quina recreativa<\/td>\n<\/tr>\n<tr>\n<td height=\"21\">Ocasi\u00f3n aplicable<\/td>\n<td colspan=\"3\" height=\"21\">Supermercado, juegos infantiles, ciudad<\/td>\n<\/tr>\n<tr>\n<td height=\"21\">Garant\u00eda<\/td>\n<td colspan=\"3\" height=\"21\">1 a\u00f1o y asistencia t\u00e9cnica de por vida<\/td>\n<\/tr>\n<tr>\n<td height=\"21\">Condici\u00f3n de pago<\/td>\n<td colspan=\"3\" height=\"21\">30% de dep\u00f3sito por adelantado, 70% de saldo antes de la entrega<\/td>\n<\/tr>\n<\/tbody>\n<\/table>\n<p>\u00bfC\u00f3mo se juega?<\/p>\n<p>1. Poner en monedas de juego para conchas<\/p>\n<p>2. Tres botones de lanzamiento correspondientes a tres ca\u00f1ones, apuntando a la cadena para disparar, para obtener el billete de loter\u00eda.<\/p>\n<p>3. Rompe la cadena y tendr\u00e1s la oportunidad de ganar el JUEGO DE BONOS.<img fetchpriority=\"high\" decoding=\"async\" class=\"alignnone wp-image-9939 size-full\" src=\"https:\/\/bleegame.com\/wp-content\/uploads\/2022\/10\/Main-04.jpg\" alt=\"\" width=\"750\" height=\"750\" srcset=\"https:\/\/bleegame.com\/wp-content\/uploads\/2022\/10\/Main-04.jpg 750w, https:\/\/bleegame.com\/wp-content\/uploads\/2022\/10\/Main-04-300x300.jpg 300w, https:\/\/bleegame.com\/wp-content\/uploads\/2022\/10\/Main-04-150x150.jpg 150w, https:\/\/bleegame.com\/wp-content\/uploads\/2022\/10\/Main-04-600x600.jpg 600w, https:\/\/bleegame.com\/wp-content\/uploads\/2022\/10\/Main-04-100x100.jpg 100w\" sizes=\"(max-width: 750px) 100vw, 750px\" \/> <img decoding=\"async\" class=\"alignnone wp-image-9941 size-full\" src=\"https:\/\/bleegame.com\/wp-content\/uploads\/2022\/10\/Main-05.jpg\" alt=\"\" width=\"750\" height=\"750\" srcset=\"https:\/\/bleegame.com\/wp-content\/uploads\/2022\/10\/Main-05.jpg 750w, https:\/\/bleegame.com\/wp-content\/uploads\/2022\/10\/Main-05-300x300.jpg 300w, https:\/\/bleegame.com\/wp-content\/uploads\/2022\/10\/Main-05-150x150.jpg 150w, https:\/\/bleegame.com\/wp-content\/uploads\/2022\/10\/Main-05-600x600.jpg 600w, https:\/\/bleegame.com\/wp-content\/uploads\/2022\/10\/Main-05-100x100.jpg 100w\" sizes=\"(max-width: 750px) 100vw, 750px\" \/> <img decoding=\"async\" class=\"alignnone wp-image-9943 size-full\" src=\"https:\/\/bleegame.com\/wp-content\/uploads\/2022\/10\/Main-06.jpg\" alt=\"\" width=\"750\" height=\"750\" srcset=\"https:\/\/bleegame.com\/wp-content\/uploads\/2022\/10\/Main-06.jpg 750w, https:\/\/bleegame.com\/wp-content\/uploads\/2022\/10\/Main-06-300x300.jpg 300w, https:\/\/bleegame.com\/wp-content\/uploads\/2022\/10\/Main-06-150x150.jpg 150w, https:\/\/bleegame.com\/wp-content\/uploads\/2022\/10\/Main-06-600x600.jpg 600w, https:\/\/bleegame.com\/wp-content\/uploads\/2022\/10\/Main-06-100x100.jpg 100w\" sizes=\"(max-width: 750px) 100vw, 750px\" \/><\/p>\n","protected":false},"excerpt":{"rendered":"<p>Marca: BLEE<br \/>\nMOQ: 1<br \/>\nMaterial\uff1a Madera+Acr\u00edlico<br \/>\nTama\u00f1o del producto\uff1a1040*1580*2300mm<br \/>\nPotencia de funcionamiento\uff1a220W<br \/>\nEmbalaje: Cart\u00f3n est\u00e1ndar de exportaci\u00f3n<br \/>\nTransporte mar\u00edtimo: Por mar<\/p>\n","protected":false},"featured_media":9937,"template":"","meta":{"om_disable_all_campaigns":false,"_monsterinsights_skip_tracking":false,"_monsterinsights_sitenote_active":false,"_monsterinsights_sitenote_note":"","_monsterinsights_sitenote_category":0,"_uf_show_specific_survey":0,"_uf_disable_surveys":false},"product_cat":[254],"product_tag":[],"class_list":["post-11776","product","type-product","status-publish","has-post-thumbnail","hentry","product_cat-maquina-de-juego-de-redencion"],"yoast_head":"<!-- This site is optimized with the Yoast SEO Premium plugin v15.5 - https:\/\/yoast.com\/wordpress\/plugins\/seo\/ -->\n<title>M\u00e1quina de juegos de combate con animales - Bleegame<\/title>\n<meta name=\"robots\" content=\"index, follow, max-snippet:-1, max-image-preview:large, max-video-preview:-1\" \/>\n<link rel=\"canonical\" href=\"https:\/\/bleegame.com\/es\/producto\/animal-combat-games-machine-2\/\" \/>\n<meta property=\"og:locale\" content=\"es_ES\" \/>\n<meta property=\"og:type\" content=\"article\" \/>\n<meta property=\"og:title\" content=\"M\u00e1quina de juegos de combate con animales - Bleegame\" \/>\n<meta property=\"og:description\" content=\"Marca: BLEE MOQ: 1 Material\uff1a Madera+Acr\u00edlico Tama\u00f1o del producto\uff1a1040*1580*2300mm Potencia de funcionamiento\uff1a220W Embalaje: Cart\u00f3n est\u00e1ndar de exportaci\u00f3n Transporte mar\u00edtimo: Por mar\" \/>\n<meta property=\"og:url\" content=\"https:\/\/bleegame.com\/es\/producto\/animal-combat-games-machine-2\/\" \/>\n<meta property=\"og:site_name\" content=\"Bleegame\" \/>\n<meta property=\"og:image\" content=\"https:\/\/bleegame.com\/wp-content\/uploads\/2022\/10\/4.jpg\" \/>\n\t<meta property=\"og:image:width\" content=\"800\" \/>\n\t<meta property=\"og:image:height\" content=\"800\" \/>\n<meta name=\"twitter:card\" content=\"summary_large_image\" \/>\n<meta name=\"twitter:label1\" content=\"Tiempo de lectura\">\n\t<meta name=\"twitter:data1\" content=\"0 minutos\">\n<script type=\"application\/ld+json\" class=\"yoast-schema-graph\">{\"@context\":\"https:\/\/schema.org\",\"@graph\":[{\"@type\":\"WebSite\",\"@id\":\"https:\/\/bleegame.com\/es\/#website\",\"url\":\"https:\/\/bleegame.com\/es\/\",\"name\":\"Bleegame\",\"description\":\"One-stop Amusement Coin Operated Games  Machine procurement center\",\"potentialAction\":[{\"@type\":\"SearchAction\",\"target\":\"https:\/\/bleegame.com\/es\/?s={search_term_string}\",\"query-input\":\"required name=search_term_string\"}],\"inLanguage\":\"es\"},{\"@type\":\"ImageObject\",\"@id\":\"https:\/\/bleegame.com\/es\/producto\/animal-combat-games-machine-2\/#primaryimage\",\"inLanguage\":\"es\",\"url\":\"https:\/\/bleegame.com\/wp-content\/uploads\/2022\/10\/4.jpg\",\"width\":800,\"height\":800},{\"@type\":\"WebPage\",\"@id\":\"https:\/\/bleegame.com\/es\/producto\/animal-combat-games-machine-2\/#webpage\",\"url\":\"https:\/\/bleegame.com\/es\/producto\/animal-combat-games-machine-2\/\",\"name\":\"M\\u00e1quina de juegos de combate con animales - Bleegame\",\"isPartOf\":{\"@id\":\"https:\/\/bleegame.com\/es\/#website\"},\"primaryImageOfPage\":{\"@id\":\"https:\/\/bleegame.com\/es\/producto\/animal-combat-games-machine-2\/#primaryimage\"},\"datePublished\":\"2022-10-14T02:27:28+00:00\",\"dateModified\":\"2022-10-14T02:27:28+00:00\",\"breadcrumb\":{\"@id\":\"https:\/\/bleegame.com\/es\/producto\/animal-combat-games-machine-2\/#breadcrumb\"},\"inLanguage\":\"es\",\"potentialAction\":[{\"@type\":\"ReadAction\",\"target\":[\"https:\/\/bleegame.com\/es\/producto\/animal-combat-games-machine-2\/\"]}]},{\"@type\":\"BreadcrumbList\",\"@id\":\"https:\/\/bleegame.com\/es\/producto\/animal-combat-games-machine-2\/#breadcrumb\",\"itemListElement\":[{\"@type\":\"ListItem\",\"position\":1,\"item\":{\"@type\":\"WebPage\",\"@id\":\"https:\/\/bleegame.com\/es\/producto\/\",\"url\":\"https:\/\/bleegame.com\/es\/producto\/\",\"name\":\"Producto\"}},{\"@type\":\"ListItem\",\"position\":2,\"item\":{\"@type\":\"WebPage\",\"@id\":\"https:\/\/bleegame.com\/es\/producto\/animal-combat-games-machine-2\/\",\"url\":\"https:\/\/bleegame.com\/es\/producto\/animal-combat-games-machine-2\/\",\"name\":\"M\\u00e1quina de juegos de combate con animales\"}}]}]}<\/script>\n<!-- \/ Yoast SEO Premium plugin. -->","_links":{"self":[{"href":"https:\/\/bleegame.com\/es\/wp-json\/wp\/v2\/product\/11776","targetHints":{"allow":["GET"]}}],"collection":[{"href":"https:\/\/bleegame.com\/es\/wp-json\/wp\/v2\/product"}],"about":[{"href":"https:\/\/bleegame.com\/es\/wp-json\/wp\/v2\/types\/product"}],"version-history":[{"count":0,"href":"https:\/\/bleegame.com\/es\/wp-json\/wp\/v2\/product\/11776\/revisions"}],"wp:featuredmedia":[{"embeddable":true,"href":"https:\/\/bleegame.com\/es\/wp-json\/wp\/v2\/media\/9937"}],"wp:attachment":[{"href":"https:\/\/bleegame.com\/es\/wp-json\/wp\/v2\/media?parent=11776"}],"wp:term":[{"taxonomy":"product_cat","embeddable":true,"href":"https:\/\/bleegame.com\/es\/wp-json\/wp\/v2\/product_cat?post=11776"},{"taxonomy":"product_tag","embeddable":true,"href":"https:\/\/bleegame.com\/es\/wp-json\/wp\/v2\/product_tag?post=11776"}],"curies":[{"name":"wp","href":"https:\/\/api.w.org\/{rel}","templated":true}]}}