{"id":11788,"date":"2022-10-17T03:51:02","date_gmt":"2022-10-17T03:51:02","guid":{"rendered":"https:\/\/bleegame.com\/product\/carzy-toy-town\/"},"modified":"2022-10-17T03:51:02","modified_gmt":"2022-10-17T03:51:02","slug":"carzy-toy-town-2","status":"publish","type":"product","link":"https:\/\/bleegame.com\/es\/producto\/carzy-toy-town-2\/","title":{"rendered":"Carzy Toy town"},"content":{"rendered":"<p>C\u00f3mo se juega:<\/p>\n<p>1. Insertar monedas<br \/>\n2.3 botones de lanzamiento correspondientes a 3 ca\u00f1ones apuntando a la cadena para disparar<br \/>\n3. Seg\u00fan la puntuaci\u00f3n obt\u00e9n las recompensas correspondientes<\/p>\n","protected":false},"excerpt":{"rendered":"<p>Marca: BLEE<br \/>\nMOQ:1<br \/>\nMaterial\uff1a Metales+Acr\u00edlico<br \/>\nTama\u00f1o del producto\uff1a2300*900*1530mm<br \/>\nPotencia de funcionamiento\uff1a500W<br \/>\nEmbalaje: Cart\u00f3n est\u00e1ndar de exportaci\u00f3n<br \/>\nTransporte mar\u00edtimo: Por mar<\/p>\n","protected":false},"featured_media":10060,"template":"","meta":{"om_disable_all_campaigns":false,"_monsterinsights_skip_tracking":false,"_monsterinsights_sitenote_active":false,"_monsterinsights_sitenote_note":"","_monsterinsights_sitenote_category":0,"_uf_show_specific_survey":0,"_uf_disable_surveys":false},"product_cat":[254],"product_tag":[],"class_list":["post-11788","product","type-product","status-publish","has-post-thumbnail","hentry","product_cat-maquina-de-juego-de-redencion"],"yoast_head":"<!-- This site is optimized with the Yoast SEO Premium plugin v15.5 - https:\/\/yoast.com\/wordpress\/plugins\/seo\/ -->\n<title>Carzy Toy town - Bleegame<\/title>\n<meta name=\"robots\" content=\"index, follow, max-snippet:-1, max-image-preview:large, max-video-preview:-1\" \/>\n<link rel=\"canonical\" href=\"https:\/\/bleegame.com\/es\/producto\/carzy-toy-town-2\/\" \/>\n<meta property=\"og:locale\" content=\"es_ES\" \/>\n<meta property=\"og:type\" content=\"article\" \/>\n<meta property=\"og:title\" content=\"Carzy Toy town - Bleegame\" \/>\n<meta property=\"og:description\" content=\"Marca: BLEE MOQ:1 Material\uff1a Metales+Acr\u00edlico Tama\u00f1o del producto\uff1a2300*900*1530mm Potencia de funcionamiento\uff1a500W Embalaje: Cart\u00f3n est\u00e1ndar de exportaci\u00f3n Transporte mar\u00edtimo: Por mar\" \/>\n<meta property=\"og:url\" content=\"https:\/\/bleegame.com\/es\/producto\/carzy-toy-town-2\/\" \/>\n<meta property=\"og:site_name\" content=\"Bleegame\" \/>\n<meta property=\"og:image\" content=\"https:\/\/bleegame.com\/wp-content\/uploads\/2022\/10\/1-6.jpg\" \/>\n\t<meta property=\"og:image:width\" content=\"800\" \/>\n\t<meta property=\"og:image:height\" content=\"800\" \/>\n<meta name=\"twitter:card\" content=\"summary_large_image\" \/>\n<meta name=\"twitter:label1\" content=\"Tiempo de lectura\">\n\t<meta name=\"twitter:data1\" content=\"0 minutos\">\n<script type=\"application\/ld+json\" class=\"yoast-schema-graph\">{\"@context\":\"https:\/\/schema.org\",\"@graph\":[{\"@type\":\"WebSite\",\"@id\":\"https:\/\/bleegame.com\/es\/#website\",\"url\":\"https:\/\/bleegame.com\/es\/\",\"name\":\"Bleegame\",\"description\":\"One-stop Amusement Coin Operated Games  Machine procurement center\",\"potentialAction\":[{\"@type\":\"SearchAction\",\"target\":\"https:\/\/bleegame.com\/es\/?s={search_term_string}\",\"query-input\":\"required name=search_term_string\"}],\"inLanguage\":\"es\"},{\"@type\":\"ImageObject\",\"@id\":\"https:\/\/bleegame.com\/es\/producto\/carzy-toy-town-2\/#primaryimage\",\"inLanguage\":\"es\",\"url\":\"https:\/\/bleegame.com\/wp-content\/uploads\/2022\/10\/1-6.jpg\",\"width\":800,\"height\":800},{\"@type\":\"WebPage\",\"@id\":\"https:\/\/bleegame.com\/es\/producto\/carzy-toy-town-2\/#webpage\",\"url\":\"https:\/\/bleegame.com\/es\/producto\/carzy-toy-town-2\/\",\"name\":\"Carzy Toy town - Bleegame\",\"isPartOf\":{\"@id\":\"https:\/\/bleegame.com\/es\/#website\"},\"primaryImageOfPage\":{\"@id\":\"https:\/\/bleegame.com\/es\/producto\/carzy-toy-town-2\/#primaryimage\"},\"datePublished\":\"2022-10-17T03:51:02+00:00\",\"dateModified\":\"2022-10-17T03:51:02+00:00\",\"breadcrumb\":{\"@id\":\"https:\/\/bleegame.com\/es\/producto\/carzy-toy-town-2\/#breadcrumb\"},\"inLanguage\":\"es\",\"potentialAction\":[{\"@type\":\"ReadAction\",\"target\":[\"https:\/\/bleegame.com\/es\/producto\/carzy-toy-town-2\/\"]}]},{\"@type\":\"BreadcrumbList\",\"@id\":\"https:\/\/bleegame.com\/es\/producto\/carzy-toy-town-2\/#breadcrumb\",\"itemListElement\":[{\"@type\":\"ListItem\",\"position\":1,\"item\":{\"@type\":\"WebPage\",\"@id\":\"https:\/\/bleegame.com\/es\/producto\/\",\"url\":\"https:\/\/bleegame.com\/es\/producto\/\",\"name\":\"Producto\"}},{\"@type\":\"ListItem\",\"position\":2,\"item\":{\"@type\":\"WebPage\",\"@id\":\"https:\/\/bleegame.com\/es\/producto\/carzy-toy-town-2\/\",\"url\":\"https:\/\/bleegame.com\/es\/producto\/carzy-toy-town-2\/\",\"name\":\"Carzy Toy town\"}}]}]}<\/script>\n<!-- \/ Yoast SEO Premium plugin. -->","_links":{"self":[{"href":"https:\/\/bleegame.com\/es\/wp-json\/wp\/v2\/product\/11788","targetHints":{"allow":["GET"]}}],"collection":[{"href":"https:\/\/bleegame.com\/es\/wp-json\/wp\/v2\/product"}],"about":[{"href":"https:\/\/bleegame.com\/es\/wp-json\/wp\/v2\/types\/product"}],"version-history":[{"count":0,"href":"https:\/\/bleegame.com\/es\/wp-json\/wp\/v2\/product\/11788\/revisions"}],"wp:featuredmedia":[{"embeddable":true,"href":"https:\/\/bleegame.com\/es\/wp-json\/wp\/v2\/media\/10060"}],"wp:attachment":[{"href":"https:\/\/bleegame.com\/es\/wp-json\/wp\/v2\/media?parent=11788"}],"wp:term":[{"taxonomy":"product_cat","embeddable":true,"href":"https:\/\/bleegame.com\/es\/wp-json\/wp\/v2\/product_cat?post=11788"},{"taxonomy":"product_tag","embeddable":true,"href":"https:\/\/bleegame.com\/es\/wp-json\/wp\/v2\/product_tag?post=11788"}],"curies":[{"name":"wp","href":"https:\/\/api.w.org\/{rel}","templated":true}]}}