{"id":11802,"date":"2022-11-09T02:25:23","date_gmt":"2022-11-09T02:25:23","guid":{"rendered":"https:\/\/bleegame.com\/product\/carrusel-de-interior-que-funciona-con-monedas\/"},"modified":"2022-11-09T02:25:23","modified_gmt":"2022-11-09T02:25:23","slug":"carrusel-de-monedas-de-interior","status":"publish","type":"product","link":"https:\/\/bleegame.com\/es\/producto\/carrusel-de-monedas-de-interior\/","title":{"rendered":"Carrusel de interior que funciona con monedas"},"content":{"rendered":"<p><iframe title=\"Amusement Park Mini Ride Carousels\" width=\"800\" height=\"450\" src=\"https:\/\/www.youtube.com\/embed\/Q0__j41Jq2A?feature=oembed\" frameborder=\"0\" allow=\"accelerometer; autoplay; clipboard-write; encrypted-media; gyroscope; picture-in-picture; web-share\" allowfullscreen><\/iframe><\/p>\n<p>Features<br \/>\n1. Glass fiber reinforced plastic body, strong and durable.<br \/>\n2. Easy to operate and handle, coin operated, low managing cost!<br \/>\n3. Wide scope of application and high profit<\/p>\n<p>How to play:<br \/>\n1. Kids sit on the horse.<br \/>\n2. Insert coins to start the game.<br \/>\n3. Go around, while the music coming.<br \/>\n4. Cute design, play with friends, more fun!<\/p>\n<p><img fetchpriority=\"high\" decoding=\"async\" class=\"alignnone size-full wp-image-10534\" src=\"https:\/\/bleegame.com\/wp-content\/uploads\/2022\/11\/\u6447\u6447\u673a\u6c47\u603b1-6.jpg\" alt=\"Swing Ride \" width=\"800\" height=\"2119\" srcset=\"https:\/\/bleegame.com\/wp-content\/uploads\/2022\/11\/\u6447\u6447\u673a\u6c47\u603b1-6.jpg 800w, https:\/\/bleegame.com\/wp-content\/uploads\/2022\/11\/\u6447\u6447\u673a\u6c47\u603b1-6-113x300.jpg 113w, https:\/\/bleegame.com\/wp-content\/uploads\/2022\/11\/\u6447\u6447\u673a\u6c47\u603b1-6-387x1024.jpg 387w, https:\/\/bleegame.com\/wp-content\/uploads\/2022\/11\/\u6447\u6447\u673a\u6c47\u603b1-6-768x2034.jpg 768w, https:\/\/bleegame.com\/wp-content\/uploads\/2022\/11\/\u6447\u6447\u673a\u6c47\u603b1-6-580x1536.jpg 580w, https:\/\/bleegame.com\/wp-content\/uploads\/2022\/11\/\u6447\u6447\u673a\u6c47\u603b1-6-773x2048.jpg 773w, https:\/\/bleegame.com\/wp-content\/uploads\/2022\/11\/\u6447\u6447\u673a\u6c47\u603b1-6-600x1589.jpg 600w\" sizes=\"(max-width: 800px) 100vw, 800px\" \/><\/p>\n","protected":false},"excerpt":{"rendered":"<p>Marca: BLEE<br \/>\nMOQ:1<br \/>\nMaterial\uff1a Metales+Acr\u00edlico<br \/>\nTama\u00f1o del producto\uff1a1300*1300*2400mm<br \/>\nPotencia de funcionamiento\uff1a300W<br \/>\nEmbalaje: Cart\u00f3n est\u00e1ndar de exportaci\u00f3n<br \/>\nTransporte mar\u00edtimo: Por mar<\/p>\n","protected":false},"featured_media":10521,"template":"","meta":{"om_disable_all_campaigns":false,"_monsterinsights_skip_tracking":false,"_monsterinsights_sitenote_active":false,"_monsterinsights_sitenote_note":"","_monsterinsights_sitenote_category":0,"_uf_show_specific_survey":0,"_uf_disable_surveys":false},"product_cat":[482],"product_tag":[],"class_list":["post-11802","product","type-product","status-publish","has-post-thumbnail","hentry","product_cat-paseo-de-los-ninos"],"yoast_head":"<!-- This site is optimized with the Yoast SEO Premium plugin v15.5 - https:\/\/yoast.com\/wordpress\/plugins\/seo\/ -->\n<title>Carrusel de interior que funciona con monedas - Bleegame<\/title>\n<meta name=\"robots\" content=\"index, follow, max-snippet:-1, max-image-preview:large, max-video-preview:-1\" \/>\n<link rel=\"canonical\" href=\"https:\/\/bleegame.com\/es\/producto\/carrusel-de-monedas-de-interior\/\" \/>\n<meta property=\"og:locale\" content=\"es_ES\" \/>\n<meta property=\"og:type\" content=\"article\" \/>\n<meta property=\"og:title\" content=\"Carrusel de interior que funciona con monedas - Bleegame\" \/>\n<meta property=\"og:description\" content=\"Marca: BLEE MOQ:1 Material\uff1a Metales+Acr\u00edlico Tama\u00f1o del producto\uff1a1300*1300*2400mm Potencia de funcionamiento\uff1a300W Embalaje: Cart\u00f3n est\u00e1ndar de exportaci\u00f3n Transporte mar\u00edtimo: Por mar\" \/>\n<meta property=\"og:url\" content=\"https:\/\/bleegame.com\/es\/producto\/carrusel-de-monedas-de-interior\/\" \/>\n<meta property=\"og:site_name\" content=\"Bleegame\" \/>\n<meta property=\"og:image\" content=\"https:\/\/bleegame.com\/wp-content\/uploads\/2022\/11\/1-5.jpg\" \/>\n\t<meta property=\"og:image:width\" content=\"800\" \/>\n\t<meta property=\"og:image:height\" content=\"800\" \/>\n<meta name=\"twitter:card\" content=\"summary_large_image\" \/>\n<meta name=\"twitter:label1\" content=\"Tiempo de lectura\">\n\t<meta name=\"twitter:data1\" content=\"0 minutos\">\n<script type=\"application\/ld+json\" class=\"yoast-schema-graph\">{\"@context\":\"https:\/\/schema.org\",\"@graph\":[{\"@type\":\"WebSite\",\"@id\":\"https:\/\/bleegame.com\/es\/#website\",\"url\":\"https:\/\/bleegame.com\/es\/\",\"name\":\"Bleegame\",\"description\":\"One-stop Amusement Coin Operated Games  Machine procurement center\",\"potentialAction\":[{\"@type\":\"SearchAction\",\"target\":\"https:\/\/bleegame.com\/es\/?s={search_term_string}\",\"query-input\":\"required name=search_term_string\"}],\"inLanguage\":\"es\"},{\"@type\":\"ImageObject\",\"@id\":\"https:\/\/bleegame.com\/es\/producto\/carrusel-de-monedas-de-interior\/#primaryimage\",\"inLanguage\":\"es\",\"url\":\"https:\/\/bleegame.com\/wp-content\/uploads\/2022\/11\/1-5.jpg\",\"width\":800,\"height\":800,\"caption\":\"kiddie paseos a caballo\"},{\"@type\":\"WebPage\",\"@id\":\"https:\/\/bleegame.com\/es\/producto\/carrusel-de-monedas-de-interior\/#webpage\",\"url\":\"https:\/\/bleegame.com\/es\/producto\/carrusel-de-monedas-de-interior\/\",\"name\":\"Carrusel de interior que funciona con monedas - Bleegame\",\"isPartOf\":{\"@id\":\"https:\/\/bleegame.com\/es\/#website\"},\"primaryImageOfPage\":{\"@id\":\"https:\/\/bleegame.com\/es\/producto\/carrusel-de-monedas-de-interior\/#primaryimage\"},\"datePublished\":\"2022-11-09T02:25:23+00:00\",\"dateModified\":\"2022-11-09T02:25:23+00:00\",\"breadcrumb\":{\"@id\":\"https:\/\/bleegame.com\/es\/producto\/carrusel-de-monedas-de-interior\/#breadcrumb\"},\"inLanguage\":\"es\",\"potentialAction\":[{\"@type\":\"ReadAction\",\"target\":[\"https:\/\/bleegame.com\/es\/producto\/carrusel-de-monedas-de-interior\/\"]}]},{\"@type\":\"BreadcrumbList\",\"@id\":\"https:\/\/bleegame.com\/es\/producto\/carrusel-de-monedas-de-interior\/#breadcrumb\",\"itemListElement\":[{\"@type\":\"ListItem\",\"position\":1,\"item\":{\"@type\":\"WebPage\",\"@id\":\"https:\/\/bleegame.com\/es\/producto\/\",\"url\":\"https:\/\/bleegame.com\/es\/producto\/\",\"name\":\"Producto\"}},{\"@type\":\"ListItem\",\"position\":2,\"item\":{\"@type\":\"WebPage\",\"@id\":\"https:\/\/bleegame.com\/es\/producto\/carrusel-de-monedas-de-interior\/\",\"url\":\"https:\/\/bleegame.com\/es\/producto\/carrusel-de-monedas-de-interior\/\",\"name\":\"Carrusel de interior que funciona con monedas\"}}]}]}<\/script>\n<!-- \/ Yoast SEO Premium plugin. -->","_links":{"self":[{"href":"https:\/\/bleegame.com\/es\/wp-json\/wp\/v2\/product\/11802","targetHints":{"allow":["GET"]}}],"collection":[{"href":"https:\/\/bleegame.com\/es\/wp-json\/wp\/v2\/product"}],"about":[{"href":"https:\/\/bleegame.com\/es\/wp-json\/wp\/v2\/types\/product"}],"version-history":[{"count":0,"href":"https:\/\/bleegame.com\/es\/wp-json\/wp\/v2\/product\/11802\/revisions"}],"wp:featuredmedia":[{"embeddable":true,"href":"https:\/\/bleegame.com\/es\/wp-json\/wp\/v2\/media\/10521"}],"wp:attachment":[{"href":"https:\/\/bleegame.com\/es\/wp-json\/wp\/v2\/media?parent=11802"}],"wp:term":[{"taxonomy":"product_cat","embeddable":true,"href":"https:\/\/bleegame.com\/es\/wp-json\/wp\/v2\/product_cat?post=11802"},{"taxonomy":"product_tag","embeddable":true,"href":"https:\/\/bleegame.com\/es\/wp-json\/wp\/v2\/product_tag?post=11802"}],"curies":[{"name":"wp","href":"https:\/\/api.w.org\/{rel}","templated":true}]}}