{"id":11813,"date":"2022-10-14T02:44:44","date_gmt":"2022-10-14T02:44:44","guid":{"rendered":"https:\/\/bleegame.com\/product\/dino-lano3\/"},"modified":"2022-10-14T02:44:44","modified_gmt":"2022-10-14T02:44:44","slug":"dino-lano3-2","status":"publish","type":"product","link":"https:\/\/bleegame.com\/es\/producto\/dino-lano3-2\/","title":{"rendered":"Dino lano3"},"content":{"rendered":"<table class=\"has-title is-zebra hight-light-first-column all magic-8\">\n<tbody>\n<tr>\n<td colspan=\"1\" rowspan=\"1\">\n<div class=\"magic-9\" data-spm-anchor-id=\"a2700.details.0.i9.3a444a42HnEugh\">Nombre del producto<\/div>\n<\/td>\n<td colspan=\"1\" rowspan=\"1\">\n<div class=\"magic-10\">Dino land peque\u00f1o juego espacial<\/div>\n<\/td>\n<td colspan=\"1\" rowspan=\"1\">\n<div class=\"magic-11\">N\u00ba de art\u00edculo<\/div>\n<\/td>\n<td colspan=\"1\" rowspan=\"1\">\n<div class=\"magic-12\">BL-SG592<\/div>\n<\/td>\n<\/tr>\n<tr>\n<td colspan=\"1\" rowspan=\"1\">\n<div class=\"magic-9\">Tama\u00f1o<\/div>\n<\/td>\n<td colspan=\"1\" rowspan=\"1\">\n<div class=\"magic-13\">W540*D900*H1592<\/div>\n<\/td>\n<td colspan=\"1\" rowspan=\"1\">\n<div class=\"magic-11\">Utilizado para<\/div>\n<\/td>\n<td colspan=\"1\" rowspan=\"1\">\n<div class=\"magic-12\">FEC, bolera, sala de juegos<\/div>\n<\/td>\n<\/tr>\n<tr>\n<td colspan=\"1\" rowspan=\"1\">\n<div class=\"magic-9\">Potencia<\/div>\n<\/td>\n<td colspan=\"1\" rowspan=\"1\">\n<div class=\"magic-13\">110w<\/div>\n<\/td>\n<td colspan=\"1\" rowspan=\"1\">\n<div class=\"magic-11\">Color<\/div>\n<\/td>\n<td colspan=\"1\" rowspan=\"1\">blanco y verde<\/td>\n<\/tr>\n<tr>\n<td colspan=\"1\" rowspan=\"1\">\n<div class=\"magic-9\">Peso<\/div>\n<\/td>\n<td colspan=\"1\" rowspan=\"1\">\n<div class=\"magic-13\">60 kg<\/div>\n<\/td>\n<td colspan=\"1\" rowspan=\"1\">\n<div class=\"magic-11\">Servicio posventa<\/div>\n<\/td>\n<td colspan=\"1\" rowspan=\"1\">\n<div class=\"magic-12\">servicio de por vida<\/div>\n<\/td>\n<\/tr>\n<tr>\n<td colspan=\"1\" rowspan=\"1\">\n<div class=\"magic-9\">Tama\u00f1o del embalaje<\/div>\n<\/td>\n<td colspan=\"1\" rowspan=\"1\">\n<div class=\"magic-13\">640*1000*1700<\/div>\n<\/td>\n<td colspan=\"1\" rowspan=\"1\">\n<div class=\"magic-11\">Modos de embalaje<\/div>\n<\/td>\n<td colspan=\"1\" rowspan=\"1\">\n<div class=\"magic-12\">Madera<\/div>\n<\/td>\n<\/tr>\n<\/tbody>\n<\/table>\n<p>C\u00f3mo se juega:<\/p>\n<p>1. La moneda presiona el bot\u00f3n de inicio para comenzar el juego.<\/p>\n<p>2. Pulsa el bot\u00f3n de lanzamiento, la bola saldr\u00e1 disparada, derriba el mu\u00f1eco de enfrente, cada mu\u00f1eco baja 1 punto, derriba m\u00e1s, mayor puntuaci\u00f3n.<\/p>\n<p>3. Al final del juego, si consigues una puntuaci\u00f3n superior a la deseada, recibir\u00e1s un premio.<\/p>\n<p><img fetchpriority=\"high\" decoding=\"async\" class=\"alignnone wp-image-9956 size-full\" src=\"https:\/\/bleegame.com\/wp-content\/uploads\/2022\/10\/4-1.jpg\" alt=\"\" width=\"800\" height=\"800\" srcset=\"https:\/\/bleegame.com\/wp-content\/uploads\/2022\/10\/4-1.jpg 800w, https:\/\/bleegame.com\/wp-content\/uploads\/2022\/10\/4-1-300x300.jpg 300w, https:\/\/bleegame.com\/wp-content\/uploads\/2022\/10\/4-1-150x150.jpg 150w, https:\/\/bleegame.com\/wp-content\/uploads\/2022\/10\/4-1-768x768.jpg 768w, https:\/\/bleegame.com\/wp-content\/uploads\/2022\/10\/4-1-600x600.jpg 600w, https:\/\/bleegame.com\/wp-content\/uploads\/2022\/10\/4-1-100x100.jpg 100w\" sizes=\"(max-width: 800px) 100vw, 800px\" \/> <img decoding=\"async\" class=\"alignnone wp-image-9958 size-full\" src=\"https:\/\/bleegame.com\/wp-content\/uploads\/2022\/10\/5.jpg\" alt=\"\" width=\"800\" height=\"800\" srcset=\"https:\/\/bleegame.com\/wp-content\/uploads\/2022\/10\/5.jpg 800w, https:\/\/bleegame.com\/wp-content\/uploads\/2022\/10\/5-300x300.jpg 300w, https:\/\/bleegame.com\/wp-content\/uploads\/2022\/10\/5-150x150.jpg 150w, https:\/\/bleegame.com\/wp-content\/uploads\/2022\/10\/5-768x768.jpg 768w, https:\/\/bleegame.com\/wp-content\/uploads\/2022\/10\/5-600x600.jpg 600w, https:\/\/bleegame.com\/wp-content\/uploads\/2022\/10\/5-100x100.jpg 100w\" sizes=\"(max-width: 800px) 100vw, 800px\" \/> <img decoding=\"async\" class=\"alignnone wp-image-9960 size-full\" src=\"https:\/\/bleegame.com\/wp-content\/uploads\/2022\/10\/6.jpg\" alt=\"\" width=\"800\" height=\"800\" srcset=\"https:\/\/bleegame.com\/wp-content\/uploads\/2022\/10\/6.jpg 800w, https:\/\/bleegame.com\/wp-content\/uploads\/2022\/10\/6-300x300.jpg 300w, https:\/\/bleegame.com\/wp-content\/uploads\/2022\/10\/6-150x150.jpg 150w, https:\/\/bleegame.com\/wp-content\/uploads\/2022\/10\/6-768x768.jpg 768w, https:\/\/bleegame.com\/wp-content\/uploads\/2022\/10\/6-600x600.jpg 600w, https:\/\/bleegame.com\/wp-content\/uploads\/2022\/10\/6-100x100.jpg 100w\" sizes=\"(max-width: 800px) 100vw, 800px\" \/> <img loading=\"lazy\" decoding=\"async\" class=\"alignnone wp-image-9962 size-full\" src=\"https:\/\/bleegame.com\/wp-content\/uploads\/2022\/10\/7.jpg\" alt=\"\" width=\"800\" height=\"800\" srcset=\"https:\/\/bleegame.com\/wp-content\/uploads\/2022\/10\/7.jpg 800w, https:\/\/bleegame.com\/wp-content\/uploads\/2022\/10\/7-300x300.jpg 300w, https:\/\/bleegame.com\/wp-content\/uploads\/2022\/10\/7-150x150.jpg 150w, https:\/\/bleegame.com\/wp-content\/uploads\/2022\/10\/7-768x768.jpg 768w, https:\/\/bleegame.com\/wp-content\/uploads\/2022\/10\/7-600x600.jpg 600w, https:\/\/bleegame.com\/wp-content\/uploads\/2022\/10\/7-100x100.jpg 100w\" sizes=\"(max-width: 800px) 100vw, 800px\" \/><\/p>\n","protected":false},"excerpt":{"rendered":"<p>Marca: BLEE<br \/>\nMOQ:1<br \/>\nMaterial\uff1a Metales+Acr\u00edlico<br \/>\nTama\u00f1o del producto\uff1a540*900*1592mm<br \/>\nPotencia de funcionamiento\uff1a110W<br \/>\nEmbalaje: Cart\u00f3n est\u00e1ndar de exportaci\u00f3n<br \/>\nTransporte mar\u00edtimo: Por mar<\/p>\n","protected":false},"featured_media":9954,"template":"","meta":{"om_disable_all_campaigns":false,"_monsterinsights_skip_tracking":false,"_monsterinsights_sitenote_active":false,"_monsterinsights_sitenote_note":"","_monsterinsights_sitenote_category":0,"_uf_show_specific_survey":0,"_uf_disable_surveys":false},"product_cat":[265],"product_tag":[],"class_list":["post-11813","product","type-product","status-publish","has-post-thumbnail","hentry","product_cat-maquina-de-juegos-de-disparos"],"yoast_head":"<!-- This site is optimized with the Yoast SEO Premium plugin v15.5 - https:\/\/yoast.com\/wordpress\/plugins\/seo\/ -->\n<title>Dino lano3 - Bleegame<\/title>\n<meta name=\"robots\" content=\"index, follow, max-snippet:-1, max-image-preview:large, max-video-preview:-1\" \/>\n<link rel=\"canonical\" href=\"https:\/\/bleegame.com\/es\/producto\/dino-lano3-2\/\" \/>\n<meta property=\"og:locale\" content=\"es_ES\" \/>\n<meta property=\"og:type\" content=\"article\" \/>\n<meta property=\"og:title\" content=\"Dino lano3 - Bleegame\" \/>\n<meta property=\"og:description\" content=\"Marca: BLEE MOQ:1 Material\uff1a Metales+Acr\u00edlico Tama\u00f1o del producto\uff1a540*900*1592mm Potencia de funcionamiento\uff1a110W Embalaje: Cart\u00f3n est\u00e1ndar de exportaci\u00f3n Transporte mar\u00edtimo: Por mar\" \/>\n<meta property=\"og:url\" content=\"https:\/\/bleegame.com\/es\/producto\/dino-lano3-2\/\" \/>\n<meta property=\"og:site_name\" content=\"Bleegame\" \/>\n<meta property=\"og:image\" content=\"https:\/\/bleegame.com\/wp-content\/uploads\/2022\/10\/10.jpg\" \/>\n\t<meta property=\"og:image:width\" content=\"800\" \/>\n\t<meta property=\"og:image:height\" content=\"800\" \/>\n<meta name=\"twitter:card\" content=\"summary_large_image\" \/>\n<meta name=\"twitter:label1\" content=\"Tiempo de lectura\">\n\t<meta name=\"twitter:data1\" content=\"0 minutos\">\n<script type=\"application\/ld+json\" class=\"yoast-schema-graph\">{\"@context\":\"https:\/\/schema.org\",\"@graph\":[{\"@type\":\"WebSite\",\"@id\":\"https:\/\/bleegame.com\/es\/#website\",\"url\":\"https:\/\/bleegame.com\/es\/\",\"name\":\"Bleegame\",\"description\":\"One-stop Amusement Coin Operated Games  Machine procurement center\",\"potentialAction\":[{\"@type\":\"SearchAction\",\"target\":\"https:\/\/bleegame.com\/es\/?s={search_term_string}\",\"query-input\":\"required name=search_term_string\"}],\"inLanguage\":\"es\"},{\"@type\":\"ImageObject\",\"@id\":\"https:\/\/bleegame.com\/es\/producto\/dino-lano3-2\/#primaryimage\",\"inLanguage\":\"es\",\"url\":\"https:\/\/bleegame.com\/wp-content\/uploads\/2022\/10\/10.jpg\",\"width\":800,\"height\":800},{\"@type\":\"WebPage\",\"@id\":\"https:\/\/bleegame.com\/es\/producto\/dino-lano3-2\/#webpage\",\"url\":\"https:\/\/bleegame.com\/es\/producto\/dino-lano3-2\/\",\"name\":\"Dino lano3 - Bleegame\",\"isPartOf\":{\"@id\":\"https:\/\/bleegame.com\/es\/#website\"},\"primaryImageOfPage\":{\"@id\":\"https:\/\/bleegame.com\/es\/producto\/dino-lano3-2\/#primaryimage\"},\"datePublished\":\"2022-10-14T02:44:44+00:00\",\"dateModified\":\"2022-10-14T02:44:44+00:00\",\"breadcrumb\":{\"@id\":\"https:\/\/bleegame.com\/es\/producto\/dino-lano3-2\/#breadcrumb\"},\"inLanguage\":\"es\",\"potentialAction\":[{\"@type\":\"ReadAction\",\"target\":[\"https:\/\/bleegame.com\/es\/producto\/dino-lano3-2\/\"]}]},{\"@type\":\"BreadcrumbList\",\"@id\":\"https:\/\/bleegame.com\/es\/producto\/dino-lano3-2\/#breadcrumb\",\"itemListElement\":[{\"@type\":\"ListItem\",\"position\":1,\"item\":{\"@type\":\"WebPage\",\"@id\":\"https:\/\/bleegame.com\/es\/producto\/\",\"url\":\"https:\/\/bleegame.com\/es\/producto\/\",\"name\":\"Producto\"}},{\"@type\":\"ListItem\",\"position\":2,\"item\":{\"@type\":\"WebPage\",\"@id\":\"https:\/\/bleegame.com\/es\/producto\/dino-lano3-2\/\",\"url\":\"https:\/\/bleegame.com\/es\/producto\/dino-lano3-2\/\",\"name\":\"Dino lano3\"}}]}]}<\/script>\n<!-- \/ Yoast SEO Premium plugin. -->","_links":{"self":[{"href":"https:\/\/bleegame.com\/es\/wp-json\/wp\/v2\/product\/11813","targetHints":{"allow":["GET"]}}],"collection":[{"href":"https:\/\/bleegame.com\/es\/wp-json\/wp\/v2\/product"}],"about":[{"href":"https:\/\/bleegame.com\/es\/wp-json\/wp\/v2\/types\/product"}],"version-history":[{"count":0,"href":"https:\/\/bleegame.com\/es\/wp-json\/wp\/v2\/product\/11813\/revisions"}],"wp:featuredmedia":[{"embeddable":true,"href":"https:\/\/bleegame.com\/es\/wp-json\/wp\/v2\/media\/9954"}],"wp:attachment":[{"href":"https:\/\/bleegame.com\/es\/wp-json\/wp\/v2\/media?parent=11813"}],"wp:term":[{"taxonomy":"product_cat","embeddable":true,"href":"https:\/\/bleegame.com\/es\/wp-json\/wp\/v2\/product_cat?post=11813"},{"taxonomy":"product_tag","embeddable":true,"href":"https:\/\/bleegame.com\/es\/wp-json\/wp\/v2\/product_tag?post=11813"}],"curies":[{"name":"wp","href":"https:\/\/api.w.org\/{rel}","templated":true}]}}