{"id":11814,"date":"2022-11-07T04:10:14","date_gmt":"2022-11-07T04:10:14","guid":{"rendered":"https:\/\/bleegame.com\/product\/mesa-de-air-hockey-curva-maquina\/"},"modified":"2022-11-07T04:10:14","modified_gmt":"2022-11-07T04:10:14","slug":"maquina-de-mesa-de-hockey-de-aire-curvado","status":"publish","type":"product","link":"https:\/\/bleegame.com\/es\/producto\/maquina-de-mesa-de-hockey-de-aire-curvado\/","title":{"rendered":"Mesa de Air Hockey curva M\u00e1quina"},"content":{"rendered":"<p><iframe title=\"FAST Curved Air Hockey Table Machine\" width=\"800\" height=\"450\" src=\"https:\/\/www.youtube.com\/embed\/YIoc_J4tq6Y?feature=oembed\" frameborder=\"0\" allow=\"accelerometer; autoplay; clipboard-write; encrypted-media; gyroscope; picture-in-picture; web-share\" allowfullscreen><\/iframe><\/p>\n<table border=\"1\">\n<tbody>\n<tr>\n<td data-spm-anchor-id=\"a2700.details.0.i9.39f5e365IfWxxY\"><span data-spm-anchor-id=\"a2700.details.0.i10.39f5e365IfWxxY\">  Product name<\/span><\/td>\n<td>  Air hockey table&#8211; Concave type<\/td>\n<\/tr>\n<tr>\n<td>  Voltage<\/td>\n<td>  110-220V<\/td>\n<\/tr>\n<tr>\n<td>  Type<\/td>\n<td>  Arcade game machine<\/td>\n<\/tr>\n<tr>\n<td>  Material<\/td>\n<td>  Wood+Acrylic<\/td>\n<\/tr>\n<tr>\n<td>  Age<\/td>\n<td>  Above 3 years old<\/td>\n<\/tr>\n<tr>\n<td>  Power<\/td>\n<td>  300W<\/td>\n<\/tr>\n<tr>\n<td>  Suit for<\/td>\n<td>  Entertainment hall,Game center,Recreation hall;<\/td>\n<\/tr>\n<tr>\n<td>  Weight<\/td>\n<td>  300KG<\/td>\n<\/tr>\n<tr>\n<td>  Warranty<\/td>\n<td>  12 months Warrantyand life time technology support<\/td>\n<\/tr>\n<tr>\n<td>  Dimension(mm)<\/td>\n<td>  L2150\/W1200\/H1100mm<\/td>\n<\/tr>\n<tr>\n<td>  Player<\/td>\n<td>  2 players<\/td>\n<\/tr>\n<\/tbody>\n<\/table>\n<p><strong>GAME FEATURES<\/strong>LED backlit 1\/2&#8243; acrylic playing surface<br \/>\nLED lights change colors throughout the game<br \/>\nLED-lit legs to match the creative design of the table<br \/>\nMusic plays during game<br \/>\nCurved safety walls on each side<br \/>\nClear center wall for added safety<br \/>\nAdjustable playing controls for length of game, volume, and more<br \/>\nCommercial-grade cabinet and leg construction for years of heavy use<br \/>\nHinged opening for easy service operator access when needed<br \/>\nProfessional-level airflow<br \/>\nPucks and mallets included<br \/>\nEasily switch from 110v to 220v<br \/>\nDimensions: Size: 93&#8243; L x 49&#8243; W<img fetchpriority=\"high\" decoding=\"async\" class=\"alignnone size-full wp-image-10485\" src=\"https:\/\/bleegame.com\/wp-content\/uploads\/2022\/11\/air-hockey_01.jpg\" alt=\"\" width=\"750\" height=\"900\" srcset=\"https:\/\/bleegame.com\/wp-content\/uploads\/2022\/11\/air-hockey_01.jpg 750w, https:\/\/bleegame.com\/wp-content\/uploads\/2022\/11\/air-hockey_01-250x300.jpg 250w, https:\/\/bleegame.com\/wp-content\/uploads\/2022\/11\/air-hockey_01-600x720.jpg 600w\" sizes=\"(max-width: 750px) 100vw, 750px\" \/> <img decoding=\"async\" class=\"alignnone size-full wp-image-10487\" src=\"https:\/\/bleegame.com\/wp-content\/uploads\/2022\/11\/air-hockey_02.jpg\" alt=\"\" width=\"750\" height=\"603\" srcset=\"https:\/\/bleegame.com\/wp-content\/uploads\/2022\/11\/air-hockey_02.jpg 750w, https:\/\/bleegame.com\/wp-content\/uploads\/2022\/11\/air-hockey_02-300x241.jpg 300w, https:\/\/bleegame.com\/wp-content\/uploads\/2022\/11\/air-hockey_02-600x482.jpg 600w\" sizes=\"(max-width: 750px) 100vw, 750px\" \/> <img decoding=\"async\" class=\"alignnone size-full wp-image-10489\" src=\"https:\/\/bleegame.com\/wp-content\/uploads\/2022\/11\/air-hockey_04.jpg\" alt=\"\" width=\"750\" height=\"786\" srcset=\"https:\/\/bleegame.com\/wp-content\/uploads\/2022\/11\/air-hockey_04.jpg 750w, https:\/\/bleegame.com\/wp-content\/uploads\/2022\/11\/air-hockey_04-286x300.jpg 286w, https:\/\/bleegame.com\/wp-content\/uploads\/2022\/11\/air-hockey_04-600x629.jpg 600w\" sizes=\"(max-width: 750px) 100vw, 750px\" \/> <img loading=\"lazy\" decoding=\"async\" class=\"alignnone size-full wp-image-10491\" src=\"https:\/\/bleegame.com\/wp-content\/uploads\/2022\/11\/air-hockey_05.jpg\" alt=\"\" width=\"750\" height=\"583\" srcset=\"https:\/\/bleegame.com\/wp-content\/uploads\/2022\/11\/air-hockey_05.jpg 750w, https:\/\/bleegame.com\/wp-content\/uploads\/2022\/11\/air-hockey_05-300x233.jpg 300w, https:\/\/bleegame.com\/wp-content\/uploads\/2022\/11\/air-hockey_05-600x466.jpg 600w\" sizes=\"(max-width: 750px) 100vw, 750px\" \/> <img loading=\"lazy\" decoding=\"async\" class=\"alignnone size-full wp-image-10493\" src=\"https:\/\/bleegame.com\/wp-content\/uploads\/2022\/11\/air-hockey_06.jpg\" alt=\"\" width=\"750\" height=\"831\" srcset=\"https:\/\/bleegame.com\/wp-content\/uploads\/2022\/11\/air-hockey_06.jpg 750w, https:\/\/bleegame.com\/wp-content\/uploads\/2022\/11\/air-hockey_06-271x300.jpg 271w, https:\/\/bleegame.com\/wp-content\/uploads\/2022\/11\/air-hockey_06-600x665.jpg 600w\" sizes=\"(max-width: 750px) 100vw, 750px\" \/> <img loading=\"lazy\" decoding=\"async\" class=\"alignnone size-full wp-image-10495\" src=\"https:\/\/bleegame.com\/wp-content\/uploads\/2022\/11\/air-hockey_07.jpg\" alt=\"\" width=\"750\" height=\"559\" srcset=\"https:\/\/bleegame.com\/wp-content\/uploads\/2022\/11\/air-hockey_07.jpg 750w, https:\/\/bleegame.com\/wp-content\/uploads\/2022\/11\/air-hockey_07-300x224.jpg 300w, https:\/\/bleegame.com\/wp-content\/uploads\/2022\/11\/air-hockey_07-600x447.jpg 600w\" sizes=\"(max-width: 750px) 100vw, 750px\" \/> <img loading=\"lazy\" decoding=\"async\" class=\"alignnone size-full wp-image-10405\" src=\"https:\/\/bleegame.com\/wp-content\/uploads\/2022\/11\/air-hockey.jpg\" alt=\"\" width=\"750\" height=\"694\" srcset=\"https:\/\/bleegame.com\/wp-content\/uploads\/2022\/11\/air-hockey.jpg 750w, https:\/\/bleegame.com\/wp-content\/uploads\/2022\/11\/air-hockey-300x278.jpg 300w, https:\/\/bleegame.com\/wp-content\/uploads\/2022\/11\/air-hockey-600x555.jpg 600w\" sizes=\"(max-width: 750px) 100vw, 750px\" \/> <img loading=\"lazy\" decoding=\"async\" class=\"alignnone size-full wp-image-10419\" src=\"https:\/\/bleegame.com\/wp-content\/uploads\/2022\/11\/\u66f2\u68cd\u7403\u76f8\u5173.jpg\" alt=\"\" width=\"750\" height=\"1016\" srcset=\"https:\/\/bleegame.com\/wp-content\/uploads\/2022\/11\/\u66f2\u68cd\u7403\u76f8\u5173.jpg 750w, https:\/\/bleegame.com\/wp-content\/uploads\/2022\/11\/\u66f2\u68cd\u7403\u76f8\u5173-221x300.jpg 221w, https:\/\/bleegame.com\/wp-content\/uploads\/2022\/11\/\u66f2\u68cd\u7403\u76f8\u5173-600x813.jpg 600w\" sizes=\"(max-width: 750px) 100vw, 750px\" \/><\/p>\n","protected":false},"excerpt":{"rendered":"<p>Marca: BLEE<br \/>\nMOQ:1<br \/>\nMaterial\uff1a Metales+Acr\u00edlico<br \/>\nProduct Size\uff1aL2150\/W1200\/H1100mm<br \/>\nPotencia de funcionamiento\uff1a250W<br \/>\nEmbalaje: Cart\u00f3n est\u00e1ndar de exportaci\u00f3n<br \/>\nTransporte mar\u00edtimo: Por mar<\/p>\n","protected":false},"featured_media":10501,"template":"","meta":{"om_disable_all_campaigns":false,"_monsterinsights_skip_tracking":false,"_monsterinsights_sitenote_active":false,"_monsterinsights_sitenote_note":"","_monsterinsights_sitenote_category":0,"_uf_show_specific_survey":0,"_uf_disable_surveys":false},"product_cat":[491,285],"product_tag":[],"class_list":["post-11814","product","type-product","status-publish","has-post-thumbnail","hentry","product_cat-maquina-de-juegos-de-hockey","product_cat-maquina-de-juegos-deportivos"],"yoast_head":"<!-- This site is optimized with the Yoast SEO Premium plugin v15.5 - https:\/\/yoast.com\/wordpress\/plugins\/seo\/ -->\n<title>Mesa de Air Hockey curva M\u00e1quina - Bleegame<\/title>\n<meta name=\"robots\" content=\"index, follow, max-snippet:-1, max-image-preview:large, max-video-preview:-1\" \/>\n<link rel=\"canonical\" href=\"https:\/\/bleegame.com\/es\/producto\/maquina-de-mesa-de-hockey-de-aire-curvado\/\" \/>\n<meta property=\"og:locale\" content=\"es_ES\" \/>\n<meta property=\"og:type\" content=\"article\" \/>\n<meta property=\"og:title\" content=\"Mesa de Air Hockey curva M\u00e1quina - Bleegame\" \/>\n<meta property=\"og:description\" content=\"Marca: BLEE MOQ:1 Material\uff1a Metales+Acr\u00edlico Product Size\uff1aL2150\/W1200\/H1100mm Potencia de funcionamiento\uff1a250W Embalaje: Cart\u00f3n est\u00e1ndar de exportaci\u00f3n Transporte mar\u00edtimo: Por mar\" \/>\n<meta property=\"og:url\" content=\"https:\/\/bleegame.com\/es\/producto\/maquina-de-mesa-de-hockey-de-aire-curvado\/\" \/>\n<meta property=\"og:site_name\" content=\"Bleegame\" \/>\n<meta property=\"og:image\" content=\"https:\/\/bleegame.com\/wp-content\/uploads\/2022\/11\/3-3.jpg\" \/>\n\t<meta property=\"og:image:width\" content=\"800\" \/>\n\t<meta property=\"og:image:height\" content=\"800\" \/>\n<meta name=\"twitter:card\" content=\"summary_large_image\" \/>\n<meta name=\"twitter:label1\" content=\"Tiempo de lectura\">\n\t<meta name=\"twitter:data1\" content=\"1 minuto\">\n<script type=\"application\/ld+json\" class=\"yoast-schema-graph\">{\"@context\":\"https:\/\/schema.org\",\"@graph\":[{\"@type\":\"WebSite\",\"@id\":\"https:\/\/bleegame.com\/es\/#website\",\"url\":\"https:\/\/bleegame.com\/es\/\",\"name\":\"Bleegame\",\"description\":\"One-stop Amusement Coin Operated Games  Machine procurement center\",\"potentialAction\":[{\"@type\":\"SearchAction\",\"target\":\"https:\/\/bleegame.com\/es\/?s={search_term_string}\",\"query-input\":\"required name=search_term_string\"}],\"inLanguage\":\"es\"},{\"@type\":\"ImageObject\",\"@id\":\"https:\/\/bleegame.com\/es\/producto\/maquina-de-mesa-de-hockey-de-aire-curvado\/#primaryimage\",\"inLanguage\":\"es\",\"url\":\"https:\/\/bleegame.com\/wp-content\/uploads\/2022\/11\/3-3.jpg\",\"width\":800,\"height\":800,\"caption\":\"air hockey m\\u00e1quina de juego\"},{\"@type\":\"WebPage\",\"@id\":\"https:\/\/bleegame.com\/es\/producto\/maquina-de-mesa-de-hockey-de-aire-curvado\/#webpage\",\"url\":\"https:\/\/bleegame.com\/es\/producto\/maquina-de-mesa-de-hockey-de-aire-curvado\/\",\"name\":\"Mesa de Air Hockey curva M\\u00e1quina - Bleegame\",\"isPartOf\":{\"@id\":\"https:\/\/bleegame.com\/es\/#website\"},\"primaryImageOfPage\":{\"@id\":\"https:\/\/bleegame.com\/es\/producto\/maquina-de-mesa-de-hockey-de-aire-curvado\/#primaryimage\"},\"datePublished\":\"2022-11-07T04:10:14+00:00\",\"dateModified\":\"2022-11-07T04:10:14+00:00\",\"breadcrumb\":{\"@id\":\"https:\/\/bleegame.com\/es\/producto\/maquina-de-mesa-de-hockey-de-aire-curvado\/#breadcrumb\"},\"inLanguage\":\"es\",\"potentialAction\":[{\"@type\":\"ReadAction\",\"target\":[\"https:\/\/bleegame.com\/es\/producto\/maquina-de-mesa-de-hockey-de-aire-curvado\/\"]}]},{\"@type\":\"BreadcrumbList\",\"@id\":\"https:\/\/bleegame.com\/es\/producto\/maquina-de-mesa-de-hockey-de-aire-curvado\/#breadcrumb\",\"itemListElement\":[{\"@type\":\"ListItem\",\"position\":1,\"item\":{\"@type\":\"WebPage\",\"@id\":\"https:\/\/bleegame.com\/es\/producto\/\",\"url\":\"https:\/\/bleegame.com\/es\/producto\/\",\"name\":\"Producto\"}},{\"@type\":\"ListItem\",\"position\":2,\"item\":{\"@type\":\"WebPage\",\"@id\":\"https:\/\/bleegame.com\/es\/producto\/maquina-de-mesa-de-hockey-de-aire-curvado\/\",\"url\":\"https:\/\/bleegame.com\/es\/producto\/maquina-de-mesa-de-hockey-de-aire-curvado\/\",\"name\":\"Mesa de Air Hockey curva M\\u00e1quina\"}}]}]}<\/script>\n<!-- \/ Yoast SEO Premium plugin. -->","_links":{"self":[{"href":"https:\/\/bleegame.com\/es\/wp-json\/wp\/v2\/product\/11814","targetHints":{"allow":["GET"]}}],"collection":[{"href":"https:\/\/bleegame.com\/es\/wp-json\/wp\/v2\/product"}],"about":[{"href":"https:\/\/bleegame.com\/es\/wp-json\/wp\/v2\/types\/product"}],"version-history":[{"count":0,"href":"https:\/\/bleegame.com\/es\/wp-json\/wp\/v2\/product\/11814\/revisions"}],"wp:featuredmedia":[{"embeddable":true,"href":"https:\/\/bleegame.com\/es\/wp-json\/wp\/v2\/media\/10501"}],"wp:attachment":[{"href":"https:\/\/bleegame.com\/es\/wp-json\/wp\/v2\/media?parent=11814"}],"wp:term":[{"taxonomy":"product_cat","embeddable":true,"href":"https:\/\/bleegame.com\/es\/wp-json\/wp\/v2\/product_cat?post=11814"},{"taxonomy":"product_tag","embeddable":true,"href":"https:\/\/bleegame.com\/es\/wp-json\/wp\/v2\/product_tag?post=11814"}],"curies":[{"name":"wp","href":"https:\/\/api.w.org\/{rel}","templated":true}]}}