{"id":11818,"date":"2022-09-14T04:18:20","date_gmt":"2022-09-14T04:18:20","guid":{"rendered":"https:\/\/bleegame.com\/product\/maquina-de-juegos-de-motos-para-ninos\/"},"modified":"2022-09-14T04:18:20","modified_gmt":"2022-09-14T04:18:20","slug":"moto-juego-maquina-infantil","status":"publish","type":"product","link":"https:\/\/bleegame.com\/es\/producto\/moto-juego-maquina-infantil\/","title":{"rendered":"M\u00e1quina de juegos de motos para ni\u00f1os"},"content":{"rendered":"<p>C\u00f3mo se juega:<\/p>\n<p>1. Monta en la m\u00e1quina e introduce las monedas.<\/p>\n<p>2. La pantalla frontal empez\u00f3 a reproducir animaciones, la m\u00e1quina se balanceaba con la imagen.<\/p>\n","protected":false},"excerpt":{"rendered":"<p>Marca:BLEE<br \/>\nMOQ:1<br \/>\nMaterial\uff1aMetales+Acr\u00edlico<br \/>\nTama\u00f1o del producto\uff1a780*1150*900mm<br \/>\nPotencia de funcionamiento\uff1a180W<br \/>\nEmbalaje:<br \/>\nCajas de exportaci\u00f3n est\u00e1ndar<br \/>\nEnv\u00edo:Por mar<\/p>\n","protected":false},"featured_media":9744,"template":"","meta":{"om_disable_all_campaigns":false,"_monsterinsights_skip_tracking":false,"_monsterinsights_sitenote_active":false,"_monsterinsights_sitenote_note":"","_monsterinsights_sitenote_category":0,"_uf_show_specific_survey":0,"_uf_disable_surveys":false},"product_cat":[235],"product_tag":[497],"class_list":["post-11818","product","type-product","status-publish","has-post-thumbnail","hentry","product_cat-maquina-recreativa-para-ninos","product_tag-maquina-de-juegos-de-motos-para-ninos"],"yoast_head":"<!-- This site is optimized with the Yoast SEO Premium plugin v15.5 - https:\/\/yoast.com\/wordpress\/plugins\/seo\/ -->\n<title>M\u00e1quina de juegos de motos para ni\u00f1os - Bleegame<\/title>\n<meta name=\"robots\" content=\"index, follow, max-snippet:-1, max-image-preview:large, max-video-preview:-1\" \/>\n<link rel=\"canonical\" href=\"https:\/\/bleegame.com\/es\/producto\/moto-juego-maquina-infantil\/\" \/>\n<meta property=\"og:locale\" content=\"es_ES\" \/>\n<meta property=\"og:type\" content=\"article\" \/>\n<meta property=\"og:title\" content=\"M\u00e1quina de juegos de motos para ni\u00f1os - Bleegame\" \/>\n<meta property=\"og:description\" content=\"Marca:BLEE MOQ:1 Material\uff1aMetales+Acr\u00edlico Tama\u00f1o del producto\uff1a780*1150*900mm Potencia de funcionamiento\uff1a180W Embalaje: Cajas de exportaci\u00f3n est\u00e1ndar Env\u00edo:Por mar\" \/>\n<meta property=\"og:url\" content=\"https:\/\/bleegame.com\/es\/producto\/moto-juego-maquina-infantil\/\" \/>\n<meta property=\"og:site_name\" content=\"Bleegame\" \/>\n<meta property=\"og:image\" content=\"https:\/\/bleegame.com\/wp-content\/uploads\/2022\/09\/3-14.jpg\" \/>\n\t<meta property=\"og:image:width\" content=\"800\" \/>\n\t<meta property=\"og:image:height\" content=\"800\" \/>\n<meta name=\"twitter:card\" content=\"summary_large_image\" \/>\n<meta name=\"twitter:label1\" content=\"Tiempo de lectura\">\n\t<meta name=\"twitter:data1\" content=\"0 minutos\">\n<script type=\"application\/ld+json\" class=\"yoast-schema-graph\">{\"@context\":\"https:\/\/schema.org\",\"@graph\":[{\"@type\":\"WebSite\",\"@id\":\"https:\/\/bleegame.com\/es\/#website\",\"url\":\"https:\/\/bleegame.com\/es\/\",\"name\":\"Bleegame\",\"description\":\"One-stop Amusement Coin Operated Games  Machine procurement center\",\"potentialAction\":[{\"@type\":\"SearchAction\",\"target\":\"https:\/\/bleegame.com\/es\/?s={search_term_string}\",\"query-input\":\"required name=search_term_string\"}],\"inLanguage\":\"es\"},{\"@type\":\"ImageObject\",\"@id\":\"https:\/\/bleegame.com\/es\/producto\/moto-juego-maquina-infantil\/#primaryimage\",\"inLanguage\":\"es\",\"url\":\"https:\/\/bleegame.com\/wp-content\/uploads\/2022\/09\/3-14.jpg\",\"width\":800,\"height\":800,\"caption\":\"coche ni\\u00f1os manos en rompecabezas simulaci\\u00f3n m\\u00e1quina de carreras\"},{\"@type\":\"WebPage\",\"@id\":\"https:\/\/bleegame.com\/es\/producto\/moto-juego-maquina-infantil\/#webpage\",\"url\":\"https:\/\/bleegame.com\/es\/producto\/moto-juego-maquina-infantil\/\",\"name\":\"M\\u00e1quina de juegos de motos para ni\\u00f1os - Bleegame\",\"isPartOf\":{\"@id\":\"https:\/\/bleegame.com\/es\/#website\"},\"primaryImageOfPage\":{\"@id\":\"https:\/\/bleegame.com\/es\/producto\/moto-juego-maquina-infantil\/#primaryimage\"},\"datePublished\":\"2022-09-14T04:18:20+00:00\",\"dateModified\":\"2022-09-14T04:18:20+00:00\",\"breadcrumb\":{\"@id\":\"https:\/\/bleegame.com\/es\/producto\/moto-juego-maquina-infantil\/#breadcrumb\"},\"inLanguage\":\"es\",\"potentialAction\":[{\"@type\":\"ReadAction\",\"target\":[\"https:\/\/bleegame.com\/es\/producto\/moto-juego-maquina-infantil\/\"]}]},{\"@type\":\"BreadcrumbList\",\"@id\":\"https:\/\/bleegame.com\/es\/producto\/moto-juego-maquina-infantil\/#breadcrumb\",\"itemListElement\":[{\"@type\":\"ListItem\",\"position\":1,\"item\":{\"@type\":\"WebPage\",\"@id\":\"https:\/\/bleegame.com\/es\/producto\/\",\"url\":\"https:\/\/bleegame.com\/es\/producto\/\",\"name\":\"Producto\"}},{\"@type\":\"ListItem\",\"position\":2,\"item\":{\"@type\":\"WebPage\",\"@id\":\"https:\/\/bleegame.com\/es\/producto\/moto-juego-maquina-infantil\/\",\"url\":\"https:\/\/bleegame.com\/es\/producto\/moto-juego-maquina-infantil\/\",\"name\":\"M\\u00e1quina de juegos de motos para ni\\u00f1os\"}}]}]}<\/script>\n<!-- \/ Yoast SEO Premium plugin. -->","_links":{"self":[{"href":"https:\/\/bleegame.com\/es\/wp-json\/wp\/v2\/product\/11818","targetHints":{"allow":["GET"]}}],"collection":[{"href":"https:\/\/bleegame.com\/es\/wp-json\/wp\/v2\/product"}],"about":[{"href":"https:\/\/bleegame.com\/es\/wp-json\/wp\/v2\/types\/product"}],"version-history":[{"count":0,"href":"https:\/\/bleegame.com\/es\/wp-json\/wp\/v2\/product\/11818\/revisions"}],"wp:featuredmedia":[{"embeddable":true,"href":"https:\/\/bleegame.com\/es\/wp-json\/wp\/v2\/media\/9744"}],"wp:attachment":[{"href":"https:\/\/bleegame.com\/es\/wp-json\/wp\/v2\/media?parent=11818"}],"wp:term":[{"taxonomy":"product_cat","embeddable":true,"href":"https:\/\/bleegame.com\/es\/wp-json\/wp\/v2\/product_cat?post=11818"},{"taxonomy":"product_tag","embeddable":true,"href":"https:\/\/bleegame.com\/es\/wp-json\/wp\/v2\/product_tag?post=11818"}],"curies":[{"name":"wp","href":"https:\/\/api.w.org\/{rel}","templated":true}]}}