{"id":11819,"date":"2022-11-07T03:29:03","date_gmt":"2022-11-07T03:29:03","guid":{"rendered":"https:\/\/bleegame.com\/product\/clip-sticker-tarjeta-pinza-maquina\/"},"modified":"2022-11-07T03:29:03","modified_gmt":"2022-11-07T03:29:03","slug":"clip-pegatina-tarjeta-pinza-maquina","status":"publish","type":"product","link":"https:\/\/bleegame.com\/es\/producto\/clip-pegatina-tarjeta-pinza-maquina\/","title":{"rendered":"Clip Sticker Tarjeta Pinza M\u00e1quina"},"content":{"rendered":"<div>\n<p><iframe title=\"Clip Sticker Card Clamp Machine\" width=\"800\" height=\"450\" src=\"https:\/\/www.youtube.com\/embed\/WqieRlf5FZ0?feature=oembed\" frameborder=\"0\" allow=\"accelerometer; autoplay; clipboard-write; encrypted-media; gyroscope; picture-in-picture; web-share\" allowfullscreen><\/iframe><\/p>\n<table class=\"aliDataTable\">\n<tbody>\n<tr>\n<td><strong data-spm-anchor-id=\"a2700.details.0.i9.3a0c2e1feH6MHa\">Nombre del producto:<\/strong><\/td>\n<td>Clip Sticker Tarjeta Pinza M\u00e1quina<\/td>\n<\/tr>\n<tr>\n<td><strong>Modelo:<\/strong><\/td>\n<td>BL-PG023<\/td>\n<\/tr>\n<tr>\n<td><strong>Tama\u00f1o:<\/strong><\/td>\n<td>170*120*235cm<\/td>\n<\/tr>\n<tr>\n<td><strong>Peso:<\/strong><\/td>\n<td>150 kg<\/td>\n<\/tr>\n<tr>\n<td><strong>Color:<\/strong><\/td>\n<td>foto<\/td>\n<\/tr>\n<tr>\n<td><strong>Caracter\u00edsticas:<\/strong><\/td>\n<td>Alta calidad<\/td>\n<\/tr>\n<tr>\n<td><strong>Tiempo de entrega:<\/strong><\/td>\n<td>7-15 d\u00edas<\/td>\n<\/tr>\n<tr>\n<td><strong>MOQ:<\/strong><\/td>\n<td>1 UNIDAD<\/td>\n<\/tr>\n<\/tbody>\n<\/table>\n<p>Caracter\u00edstica:<\/p>\n<\/div>\n<div>1.Usted puede elegir aperitivos, tarjetas, pegatinas, accesorios para el cabello, art\u00edculos de papeler\u00eda, sobres rojos y otros regalos consumale.<\/div>\n<div>2.Layered cabeza tridimensional, fresco overrall apariencia, junto con la m\u00e1quina de regalo m\u00e1s popular ptoducts.<\/div>\n<div>3.Con la forma de platillo fresco, la pantalla es rica, lo que hace que sea m\u00e1s f\u00e1cil para los jugadores para estimular su deseo de moneda.<\/div>\n<div>4.La gran superficie de exposici\u00f3n facilita la obtenci\u00f3n del premio y la reposici\u00f3n de mercanc\u00edas.<\/div>\n<div>5.Hay hasta 8 clips de regalo estrechos (cada uno puede contener hasta144 discos de regalo)<\/div>\n<div>6.El \u00e1rea de visualizaci\u00f3n contiene un bot\u00f3n de rotaci\u00f3n\/pausa, que hace m\u00e1s c\u00f3moda la reposici\u00f3n.<img fetchpriority=\"high\" decoding=\"async\" class=\"alignnone wp-image-10397 size-full\" src=\"https:\/\/bleegame.com\/wp-content\/uploads\/2022\/11\/7.jpg\" alt=\"\" width=\"800\" height=\"800\" srcset=\"https:\/\/bleegame.com\/wp-content\/uploads\/2022\/11\/7.jpg 800w, https:\/\/bleegame.com\/wp-content\/uploads\/2022\/11\/7-300x300.jpg 300w, https:\/\/bleegame.com\/wp-content\/uploads\/2022\/11\/7-150x150.jpg 150w, https:\/\/bleegame.com\/wp-content\/uploads\/2022\/11\/7-768x768.jpg 768w, https:\/\/bleegame.com\/wp-content\/uploads\/2022\/11\/7-600x600.jpg 600w, https:\/\/bleegame.com\/wp-content\/uploads\/2022\/11\/7-100x100.jpg 100w\" sizes=\"(max-width: 800px) 100vw, 800px\" \/> <img decoding=\"async\" class=\"alignnone size-full wp-image-10399\" src=\"https:\/\/bleegame.com\/wp-content\/uploads\/2022\/11\/8.jpg\" alt=\"\" width=\"800\" height=\"800\" srcset=\"https:\/\/bleegame.com\/wp-content\/uploads\/2022\/11\/8.jpg 800w, https:\/\/bleegame.com\/wp-content\/uploads\/2022\/11\/8-300x300.jpg 300w, https:\/\/bleegame.com\/wp-content\/uploads\/2022\/11\/8-150x150.jpg 150w, https:\/\/bleegame.com\/wp-content\/uploads\/2022\/11\/8-768x768.jpg 768w, https:\/\/bleegame.com\/wp-content\/uploads\/2022\/11\/8-600x600.jpg 600w, https:\/\/bleegame.com\/wp-content\/uploads\/2022\/11\/8-100x100.jpg 100w\" sizes=\"(max-width: 800px) 100vw, 800px\" \/><\/div>\n","protected":false},"excerpt":{"rendered":"<p>Marca: BLEE<br \/>\nMOQ:1<br \/>\nMaterial\uff1a Metales+Acr\u00edlico<br \/>\nTama\u00f1o del producto\uff1a170*120*235cmmm<br \/>\nPotencia de funcionamiento\uff1a250W<br \/>\nEmbalaje: Cart\u00f3n est\u00e1ndar de exportaci\u00f3n<br \/>\nTransporte mar\u00edtimo: Por mar<\/p>\n","protected":false},"featured_media":10384,"template":"","meta":{"om_disable_all_campaigns":false,"_monsterinsights_skip_tracking":false,"_monsterinsights_sitenote_active":false,"_monsterinsights_sitenote_note":"","_monsterinsights_sitenote_category":0,"_uf_show_specific_survey":0,"_uf_disable_surveys":false},"product_cat":[231],"product_tag":[],"class_list":["post-11819","product","type-product","status-publish","has-post-thumbnail","hentry","product_cat-maquina-de-juegos-de-regalo"],"yoast_head":"<!-- This site is optimized with the Yoast SEO Premium plugin v15.5 - https:\/\/yoast.com\/wordpress\/plugins\/seo\/ -->\n<title>Clip Sticker Tarjeta Pinza M\u00e1quina - Bleegame<\/title>\n<meta name=\"robots\" content=\"index, follow, max-snippet:-1, max-image-preview:large, max-video-preview:-1\" \/>\n<link rel=\"canonical\" href=\"https:\/\/bleegame.com\/es\/producto\/clip-pegatina-tarjeta-pinza-maquina\/\" \/>\n<meta property=\"og:locale\" content=\"es_ES\" \/>\n<meta property=\"og:type\" content=\"article\" \/>\n<meta property=\"og:title\" content=\"Clip Sticker Tarjeta Pinza M\u00e1quina - Bleegame\" \/>\n<meta property=\"og:description\" content=\"Marca: BLEE MOQ:1 Material\uff1a Metales+Acr\u00edlico Tama\u00f1o del producto\uff1a170*120*235cmmm Potencia de funcionamiento\uff1a250W Embalaje: Cart\u00f3n est\u00e1ndar de exportaci\u00f3n Transporte mar\u00edtimo: Por mar\" \/>\n<meta property=\"og:url\" content=\"https:\/\/bleegame.com\/es\/producto\/clip-pegatina-tarjeta-pinza-maquina\/\" \/>\n<meta property=\"og:site_name\" content=\"Bleegame\" \/>\n<meta property=\"og:image\" content=\"https:\/\/bleegame.com\/wp-content\/uploads\/2022\/11\/1.jpg\" \/>\n\t<meta property=\"og:image:width\" content=\"800\" \/>\n\t<meta property=\"og:image:height\" content=\"800\" \/>\n<meta name=\"twitter:card\" content=\"summary_large_image\" \/>\n<meta name=\"twitter:label1\" content=\"Tiempo de lectura\">\n\t<meta name=\"twitter:data1\" content=\"1 minuto\">\n<script type=\"application\/ld+json\" class=\"yoast-schema-graph\">{\"@context\":\"https:\/\/schema.org\",\"@graph\":[{\"@type\":\"WebSite\",\"@id\":\"https:\/\/bleegame.com\/es\/#website\",\"url\":\"https:\/\/bleegame.com\/es\/\",\"name\":\"Bleegame\",\"description\":\"One-stop Amusement Coin Operated Games  Machine procurement center\",\"potentialAction\":[{\"@type\":\"SearchAction\",\"target\":\"https:\/\/bleegame.com\/es\/?s={search_term_string}\",\"query-input\":\"required name=search_term_string\"}],\"inLanguage\":\"es\"},{\"@type\":\"ImageObject\",\"@id\":\"https:\/\/bleegame.com\/es\/producto\/clip-pegatina-tarjeta-pinza-maquina\/#primaryimage\",\"inLanguage\":\"es\",\"url\":\"https:\/\/bleegame.com\/wp-content\/uploads\/2022\/11\/1.jpg\",\"width\":800,\"height\":800},{\"@type\":\"WebPage\",\"@id\":\"https:\/\/bleegame.com\/es\/producto\/clip-pegatina-tarjeta-pinza-maquina\/#webpage\",\"url\":\"https:\/\/bleegame.com\/es\/producto\/clip-pegatina-tarjeta-pinza-maquina\/\",\"name\":\"Clip Sticker Tarjeta Pinza M\\u00e1quina - Bleegame\",\"isPartOf\":{\"@id\":\"https:\/\/bleegame.com\/es\/#website\"},\"primaryImageOfPage\":{\"@id\":\"https:\/\/bleegame.com\/es\/producto\/clip-pegatina-tarjeta-pinza-maquina\/#primaryimage\"},\"datePublished\":\"2022-11-07T03:29:03+00:00\",\"dateModified\":\"2022-11-07T03:29:03+00:00\",\"breadcrumb\":{\"@id\":\"https:\/\/bleegame.com\/es\/producto\/clip-pegatina-tarjeta-pinza-maquina\/#breadcrumb\"},\"inLanguage\":\"es\",\"potentialAction\":[{\"@type\":\"ReadAction\",\"target\":[\"https:\/\/bleegame.com\/es\/producto\/clip-pegatina-tarjeta-pinza-maquina\/\"]}]},{\"@type\":\"BreadcrumbList\",\"@id\":\"https:\/\/bleegame.com\/es\/producto\/clip-pegatina-tarjeta-pinza-maquina\/#breadcrumb\",\"itemListElement\":[{\"@type\":\"ListItem\",\"position\":1,\"item\":{\"@type\":\"WebPage\",\"@id\":\"https:\/\/bleegame.com\/es\/producto\/\",\"url\":\"https:\/\/bleegame.com\/es\/producto\/\",\"name\":\"Producto\"}},{\"@type\":\"ListItem\",\"position\":2,\"item\":{\"@type\":\"WebPage\",\"@id\":\"https:\/\/bleegame.com\/es\/producto\/clip-pegatina-tarjeta-pinza-maquina\/\",\"url\":\"https:\/\/bleegame.com\/es\/producto\/clip-pegatina-tarjeta-pinza-maquina\/\",\"name\":\"Clip Sticker Tarjeta Pinza M\\u00e1quina\"}}]}]}<\/script>\n<!-- \/ Yoast SEO Premium plugin. -->","_links":{"self":[{"href":"https:\/\/bleegame.com\/es\/wp-json\/wp\/v2\/product\/11819","targetHints":{"allow":["GET"]}}],"collection":[{"href":"https:\/\/bleegame.com\/es\/wp-json\/wp\/v2\/product"}],"about":[{"href":"https:\/\/bleegame.com\/es\/wp-json\/wp\/v2\/types\/product"}],"version-history":[{"count":0,"href":"https:\/\/bleegame.com\/es\/wp-json\/wp\/v2\/product\/11819\/revisions"}],"wp:featuredmedia":[{"embeddable":true,"href":"https:\/\/bleegame.com\/es\/wp-json\/wp\/v2\/media\/10384"}],"wp:attachment":[{"href":"https:\/\/bleegame.com\/es\/wp-json\/wp\/v2\/media?parent=11819"}],"wp:term":[{"taxonomy":"product_cat","embeddable":true,"href":"https:\/\/bleegame.com\/es\/wp-json\/wp\/v2\/product_cat?post=11819"},{"taxonomy":"product_tag","embeddable":true,"href":"https:\/\/bleegame.com\/es\/wp-json\/wp\/v2\/product_tag?post=11819"}],"curies":[{"name":"wp","href":"https:\/\/api.w.org\/{rel}","templated":true}]}}