{"id":11826,"date":"2022-11-07T04:04:50","date_gmt":"2022-11-07T04:04:50","guid":{"rendered":"https:\/\/bleegame.com\/product\/mesa-de-juego-de-hockey-de-aire-multiball\/"},"modified":"2022-11-07T04:04:50","modified_gmt":"2022-11-07T04:04:50","slug":"multiball-air-hockey-game-table-2","status":"publish","type":"product","link":"https:\/\/bleegame.com\/es\/producto\/multiball-air-hockey-game-table-2\/","title":{"rendered":"Mesa de juego de hockey de aire Multiball"},"content":{"rendered":"<div>\n<p><iframe title=\"SUPER Multiball Air Hockey Game Table\" width=\"800\" height=\"450\" src=\"https:\/\/www.youtube.com\/embed\/MmHUjtiGOmM?feature=oembed\" frameborder=\"0\" allow=\"accelerometer; autoplay; clipboard-write; encrypted-media; gyroscope; picture-in-picture; web-share\" allowfullscreen><\/iframe><\/p>\n<table border=\"1\">\n<tbody>\n<tr>\n<td><span data-spm-anchor-id=\"a2700.details.0.i9.70597b4a0iXFwn\">  Nombre del producto<\/span><\/td>\n<td>  Mesa de air hockey<\/td>\n<\/tr>\n<tr>\n<td> Tensi\u00f3n<\/td>\n<td>  110-220V<\/td>\n<\/tr>\n<tr>\n<td>  Tipo<\/td>\n<td>  M\u00e1quina recreativa<\/td>\n<\/tr>\n<tr>\n<td>  Material<\/td>\n<td>  Madera+acr\u00edlico<\/td>\n<\/tr>\n<tr>\n<td>  Edad<\/td>\n<td>  Mayores de 3 a\u00f1os<\/td>\n<\/tr>\n<tr>\n<td>  Potencia<\/td>\n<td>  300W<\/td>\n<\/tr>\n<tr>\n<td>  Traje para<\/td>\n<td>  Sala de entretenimiento, centro de juegos, sala de recreo;<\/td>\n<\/tr>\n<tr>\n<td> Peso<\/td>\n<td>  300KG<\/td>\n<\/tr>\n<tr>\n<td>  Garant\u00eda<\/td>\n<td>  12 meses de garant\u00eda y soporte tecnol\u00f3gico de por vida<\/td>\n<\/tr>\n<tr>\n<td>  Dimensiones (mm)<\/td>\n<td>  L2100\/W1350\/H1600mm<\/td>\n<\/tr>\n<tr>\n<td> Jugador<\/td>\n<td>  2 jugadores<\/td>\n<\/tr>\n<\/tbody>\n<\/table>\n<\/div>\n<div><strong>CARACTER\u00cdSTICAS DEL JUEGO<\/strong><br \/>\nSuperficie de juego acr\u00edlica de 1\/2&#8243; con retroiluminaci\u00f3n LED<br \/>\nLas luces LED cambian de color durante el juego<br \/>\nPatas iluminadas con LED a juego con el dise\u00f1o creativo de la mesa<br \/>\nLa m\u00fasica suena durante el partido<br \/>\nParedes de seguridad curvadas a cada lado<br \/>\nPared central transparente para mayor seguridad<br \/>\nControles de juego ajustables para la duraci\u00f3n de la partida, el volumen, etc.<br \/>\nArmario y patas de calidad comercial para un uso intensivo durante a\u00f1os<br \/>\nApertura abatible para facilitar el acceso del operario de mantenimiento cuando sea necesario<br \/>\nFlujo de aire de nivel profesional<br \/>\nIncluye discos y mazos<br \/>\nCambia f\u00e1cilmente de 110v a 220v<br \/>\nDimensiones: Tama\u00f1o: 93&#8243; L x 49&#8243; W<\/div>\n<div>C\u00f3mo se juega:<\/div>\n<div>\n<p>1. La moneda presiona el bot\u00f3n de inicio para comenzar el juego.<\/p>\n<p>2. Despu\u00e9s de que comience el juego, la torta de bolas en el agujero del oponente puntuaci\u00f3n, al mismo tiempo, ten cuidado con el oponente torta de bolas en su agujero.<\/p>\n<p>3. En el tiempo especificado, cuantos m\u00e1s goles, m\u00e1s billetes de loter\u00eda<img fetchpriority=\"high\" decoding=\"async\" class=\"alignnone size-full wp-image-10470\" src=\"https:\/\/bleegame.com\/wp-content\/uploads\/2022\/11\/air-hockey3_01.jpg\" alt=\"\" width=\"750\" height=\"900\" srcset=\"https:\/\/bleegame.com\/wp-content\/uploads\/2022\/11\/air-hockey3_01.jpg 750w, https:\/\/bleegame.com\/wp-content\/uploads\/2022\/11\/air-hockey3_01-250x300.jpg 250w, https:\/\/bleegame.com\/wp-content\/uploads\/2022\/11\/air-hockey3_01-600x720.jpg 600w\" sizes=\"(max-width: 750px) 100vw, 750px\" \/> <img decoding=\"async\" class=\"alignnone size-full wp-image-10472\" src=\"https:\/\/bleegame.com\/wp-content\/uploads\/2022\/11\/air-hockey-3_02.jpg\" alt=\"\" width=\"750\" height=\"769\" srcset=\"https:\/\/bleegame.com\/wp-content\/uploads\/2022\/11\/air-hockey-3_02.jpg 750w, https:\/\/bleegame.com\/wp-content\/uploads\/2022\/11\/air-hockey-3_02-293x300.jpg 293w, https:\/\/bleegame.com\/wp-content\/uploads\/2022\/11\/air-hockey-3_02-600x615.jpg 600w\" sizes=\"(max-width: 750px) 100vw, 750px\" \/> <img decoding=\"async\" class=\"alignnone size-full wp-image-10474\" src=\"https:\/\/bleegame.com\/wp-content\/uploads\/2022\/11\/air-hockey-3_03.jpg\" alt=\"\" width=\"750\" height=\"816\" srcset=\"https:\/\/bleegame.com\/wp-content\/uploads\/2022\/11\/air-hockey-3_03.jpg 750w, https:\/\/bleegame.com\/wp-content\/uploads\/2022\/11\/air-hockey-3_03-276x300.jpg 276w, https:\/\/bleegame.com\/wp-content\/uploads\/2022\/11\/air-hockey-3_03-600x653.jpg 600w\" sizes=\"(max-width: 750px) 100vw, 750px\" \/> <img loading=\"lazy\" decoding=\"async\" class=\"alignnone size-full wp-image-10476\" src=\"https:\/\/bleegame.com\/wp-content\/uploads\/2022\/11\/air-hockey-3_04.jpg\" alt=\"\" width=\"750\" height=\"573\" srcset=\"https:\/\/bleegame.com\/wp-content\/uploads\/2022\/11\/air-hockey-3_04.jpg 750w, https:\/\/bleegame.com\/wp-content\/uploads\/2022\/11\/air-hockey-3_04-300x229.jpg 300w, https:\/\/bleegame.com\/wp-content\/uploads\/2022\/11\/air-hockey-3_04-600x458.jpg 600w\" sizes=\"(max-width: 750px) 100vw, 750px\" \/> <img loading=\"lazy\" decoding=\"async\" class=\"alignnone size-full wp-image-10478\" src=\"https:\/\/bleegame.com\/wp-content\/uploads\/2022\/11\/air-hockey-3_05.jpg\" alt=\"\" width=\"750\" height=\"835\" srcset=\"https:\/\/bleegame.com\/wp-content\/uploads\/2022\/11\/air-hockey-3_05.jpg 750w, https:\/\/bleegame.com\/wp-content\/uploads\/2022\/11\/air-hockey-3_05-269x300.jpg 269w, https:\/\/bleegame.com\/wp-content\/uploads\/2022\/11\/air-hockey-3_05-600x668.jpg 600w\" sizes=\"(max-width: 750px) 100vw, 750px\" \/> <img loading=\"lazy\" decoding=\"async\" class=\"alignnone size-full wp-image-10480\" src=\"https:\/\/bleegame.com\/wp-content\/uploads\/2022\/11\/air-hockey-3_06.jpg\" alt=\"\" width=\"750\" height=\"578\" srcset=\"https:\/\/bleegame.com\/wp-content\/uploads\/2022\/11\/air-hockey-3_06.jpg 750w, https:\/\/bleegame.com\/wp-content\/uploads\/2022\/11\/air-hockey-3_06-300x231.jpg 300w, https:\/\/bleegame.com\/wp-content\/uploads\/2022\/11\/air-hockey-3_06-600x462.jpg 600w\" sizes=\"(max-width: 750px) 100vw, 750px\" \/><img loading=\"lazy\" decoding=\"async\" class=\"alignnone size-full wp-image-10405\" src=\"https:\/\/bleegame.com\/wp-content\/uploads\/2022\/11\/air-hockey.jpg\" alt=\"\" width=\"750\" height=\"694\" srcset=\"https:\/\/bleegame.com\/wp-content\/uploads\/2022\/11\/air-hockey.jpg 750w, https:\/\/bleegame.com\/wp-content\/uploads\/2022\/11\/air-hockey-300x278.jpg 300w, https:\/\/bleegame.com\/wp-content\/uploads\/2022\/11\/air-hockey-600x555.jpg 600w\" sizes=\"(max-width: 750px) 100vw, 750px\" \/><img loading=\"lazy\" decoding=\"async\" class=\"alignnone size-full wp-image-10418\" src=\"https:\/\/bleegame.com\/wp-content\/uploads\/2022\/11\/%E6%9B%B2%E6%A3%8D%E7%90%83%E7%9B%B8%E5%85%B3.jpg\" alt=\"\" width=\"750\" height=\"1016\"><\/p>\n<\/div>\n","protected":false},"excerpt":{"rendered":"<div class=\"elementor-element elementor-element-2277055 elementor-widget elementor-widget-woocommerce-product-short-description\" data-id=\"2277055\" data-element_type=\"widget\" data-widget_type=\"woocommerce-product-short-description.default\">\n<div class=\"elementor-widget-container\">\n<div class=\"woocommerce-product-details__short-description\">\n<p>Marca: BLEE<br \/>\nMOQ:1<br \/>\nMaterial\uff1a Metales+Acr\u00edlico<br \/>\nProduct Size\uff1aL2150\/W1200\/H1100mm<br \/>\nPotencia de funcionamiento\uff1a250W<br \/>\nEmbalaje: Cart\u00f3n est\u00e1ndar de exportaci\u00f3n<br \/>\nTransporte mar\u00edtimo: Por mar<\/p>\n<\/div>\n<\/div>\n<\/div>\n<div class=\"elementor-element elementor-element-2cbe7ea6 elementor-woo-meta--view-table elementor-widget elementor-widget-woocommerce-product-meta\" data-id=\"2cbe7ea6\" data-element_type=\"widget\" data-widget_type=\"woocommerce-product-meta.default\">\n<div class=\"elementor-widget-container\">\n<div class=\"product_meta\"><\/div>\n<\/div>\n<\/div>\n","protected":false},"featured_media":10462,"template":"","meta":{"om_disable_all_campaigns":false,"_monsterinsights_skip_tracking":false,"_monsterinsights_sitenote_active":false,"_monsterinsights_sitenote_note":"","_monsterinsights_sitenote_category":0,"_uf_show_specific_survey":0,"_uf_disable_surveys":false},"product_cat":[491,285],"product_tag":[],"class_list":["post-11826","product","type-product","status-publish","has-post-thumbnail","hentry","product_cat-maquina-de-juegos-de-hockey","product_cat-maquina-de-juegos-deportivos"],"yoast_head":"<!-- This site is optimized with the Yoast SEO Premium plugin v15.5 - https:\/\/yoast.com\/wordpress\/plugins\/seo\/ -->\n<title>Mesa de juego de hockey de aire Multiball - Bleegame<\/title>\n<meta name=\"robots\" content=\"index, follow, max-snippet:-1, max-image-preview:large, max-video-preview:-1\" \/>\n<link rel=\"canonical\" href=\"https:\/\/bleegame.com\/es\/producto\/multiball-air-hockey-game-table-2\/\" \/>\n<meta property=\"og:locale\" content=\"es_ES\" \/>\n<meta property=\"og:type\" content=\"article\" \/>\n<meta property=\"og:title\" content=\"Mesa de juego de hockey de aire Multiball - Bleegame\" \/>\n<meta property=\"og:description\" content=\"Marca: BLEE MOQ:1 Material\uff1a Metales+Acr\u00edlico Product Size\uff1aL2150\/W1200\/H1100mm Potencia de funcionamiento\uff1a250W Embalaje: Cart\u00f3n est\u00e1ndar de exportaci\u00f3n Transporte mar\u00edtimo: Por mar\" \/>\n<meta property=\"og:url\" content=\"https:\/\/bleegame.com\/es\/producto\/multiball-air-hockey-game-table-2\/\" \/>\n<meta property=\"og:site_name\" content=\"Bleegame\" \/>\n<meta property=\"og:image\" content=\"https:\/\/bleegame.com\/wp-content\/uploads\/2022\/11\/3-2.jpg\" \/>\n\t<meta property=\"og:image:width\" content=\"800\" \/>\n\t<meta property=\"og:image:height\" content=\"800\" \/>\n<meta name=\"twitter:card\" content=\"summary_large_image\" \/>\n<meta name=\"twitter:label1\" content=\"Tiempo de lectura\">\n\t<meta name=\"twitter:data1\" content=\"1 minuto\">\n<script type=\"application\/ld+json\" class=\"yoast-schema-graph\">{\"@context\":\"https:\/\/schema.org\",\"@graph\":[{\"@type\":\"WebSite\",\"@id\":\"https:\/\/bleegame.com\/es\/#website\",\"url\":\"https:\/\/bleegame.com\/es\/\",\"name\":\"Bleegame\",\"description\":\"One-stop Amusement Coin Operated Games  Machine procurement center\",\"potentialAction\":[{\"@type\":\"SearchAction\",\"target\":\"https:\/\/bleegame.com\/es\/?s={search_term_string}\",\"query-input\":\"required name=search_term_string\"}],\"inLanguage\":\"es\"},{\"@type\":\"ImageObject\",\"@id\":\"https:\/\/bleegame.com\/es\/producto\/multiball-air-hockey-game-table-2\/#primaryimage\",\"inLanguage\":\"es\",\"url\":\"https:\/\/bleegame.com\/wp-content\/uploads\/2022\/11\/3-2.jpg\",\"width\":800,\"height\":800,\"caption\":\"mesa de hockey de aire que funciona con monedas\"},{\"@type\":\"WebPage\",\"@id\":\"https:\/\/bleegame.com\/es\/producto\/multiball-air-hockey-game-table-2\/#webpage\",\"url\":\"https:\/\/bleegame.com\/es\/producto\/multiball-air-hockey-game-table-2\/\",\"name\":\"Mesa de juego de hockey de aire Multiball - Bleegame\",\"isPartOf\":{\"@id\":\"https:\/\/bleegame.com\/es\/#website\"},\"primaryImageOfPage\":{\"@id\":\"https:\/\/bleegame.com\/es\/producto\/multiball-air-hockey-game-table-2\/#primaryimage\"},\"datePublished\":\"2022-11-07T04:04:50+00:00\",\"dateModified\":\"2022-11-07T04:04:50+00:00\",\"breadcrumb\":{\"@id\":\"https:\/\/bleegame.com\/es\/producto\/multiball-air-hockey-game-table-2\/#breadcrumb\"},\"inLanguage\":\"es\",\"potentialAction\":[{\"@type\":\"ReadAction\",\"target\":[\"https:\/\/bleegame.com\/es\/producto\/multiball-air-hockey-game-table-2\/\"]}]},{\"@type\":\"BreadcrumbList\",\"@id\":\"https:\/\/bleegame.com\/es\/producto\/multiball-air-hockey-game-table-2\/#breadcrumb\",\"itemListElement\":[{\"@type\":\"ListItem\",\"position\":1,\"item\":{\"@type\":\"WebPage\",\"@id\":\"https:\/\/bleegame.com\/es\/producto\/\",\"url\":\"https:\/\/bleegame.com\/es\/producto\/\",\"name\":\"Producto\"}},{\"@type\":\"ListItem\",\"position\":2,\"item\":{\"@type\":\"WebPage\",\"@id\":\"https:\/\/bleegame.com\/es\/producto\/multiball-air-hockey-game-table-2\/\",\"url\":\"https:\/\/bleegame.com\/es\/producto\/multiball-air-hockey-game-table-2\/\",\"name\":\"Mesa de juego de hockey de aire Multiball\"}}]}]}<\/script>\n<!-- \/ Yoast SEO Premium plugin. -->","_links":{"self":[{"href":"https:\/\/bleegame.com\/es\/wp-json\/wp\/v2\/product\/11826","targetHints":{"allow":["GET"]}}],"collection":[{"href":"https:\/\/bleegame.com\/es\/wp-json\/wp\/v2\/product"}],"about":[{"href":"https:\/\/bleegame.com\/es\/wp-json\/wp\/v2\/types\/product"}],"version-history":[{"count":0,"href":"https:\/\/bleegame.com\/es\/wp-json\/wp\/v2\/product\/11826\/revisions"}],"wp:featuredmedia":[{"embeddable":true,"href":"https:\/\/bleegame.com\/es\/wp-json\/wp\/v2\/media\/10462"}],"wp:attachment":[{"href":"https:\/\/bleegame.com\/es\/wp-json\/wp\/v2\/media?parent=11826"}],"wp:term":[{"taxonomy":"product_cat","embeddable":true,"href":"https:\/\/bleegame.com\/es\/wp-json\/wp\/v2\/product_cat?post=11826"},{"taxonomy":"product_tag","embeddable":true,"href":"https:\/\/bleegame.com\/es\/wp-json\/wp\/v2\/product_tag?post=11826"}],"curies":[{"name":"wp","href":"https:\/\/api.w.org\/{rel}","templated":true}]}}