{"id":11832,"date":"2022-10-17T04:06:17","date_gmt":"2022-10-17T04:06:17","guid":{"rendered":"https:\/\/bleegame.com\/product\/rey-mecha\/"},"modified":"2022-10-17T04:06:17","modified_gmt":"2022-10-17T04:06:17","slug":"mecha-king-2","status":"publish","type":"product","link":"https:\/\/bleegame.com\/es\/producto\/mecha-king-2\/","title":{"rendered":"Rey Mecha"},"content":{"rendered":"<p>C\u00f3mo se juega:<\/p>\n<p>1. La moneda presiona el bot\u00f3n de inicio para comenzar el juego.<\/p>\n<p>2. Comienza el juego golpeando monstruos para conseguir puntos y cartas de recompensa.<\/p>\n<p>3. Al final del juego, puedes conseguir el gran premio de la plataforma giratoria sorpresa, el huevo giratorio y la tarjeta<\/p>\n","protected":false},"excerpt":{"rendered":"<p>Marca: BLEE<br \/>\nMOQ:1<br \/>\nMaterial\uff1a Metales+Acr\u00edlico<br \/>\nTama\u00f1o del producto\uff1a1200*1150*1660mm<br \/>\nPotencia de funcionamiento\uff1a120W<br \/>\nEmbalaje: Cart\u00f3n est\u00e1ndar de exportaci\u00f3n<br \/>\nTransporte mar\u00edtimo: Por mar<\/p>\n","protected":false},"featured_media":10082,"template":"","meta":{"om_disable_all_campaigns":false,"_monsterinsights_skip_tracking":false,"_monsterinsights_sitenote_active":false,"_monsterinsights_sitenote_note":"","_monsterinsights_sitenote_category":0,"_uf_show_specific_survey":0,"_uf_disable_surveys":false},"product_cat":[265],"product_tag":[],"class_list":["post-11832","product","type-product","status-publish","has-post-thumbnail","hentry","product_cat-maquina-de-juegos-de-disparos"],"yoast_head":"<!-- This site is optimized with the Yoast SEO Premium plugin v15.5 - https:\/\/yoast.com\/wordpress\/plugins\/seo\/ -->\n<title>Rey Mecha - Bleegame<\/title>\n<meta name=\"robots\" content=\"index, follow, max-snippet:-1, max-image-preview:large, max-video-preview:-1\" \/>\n<link rel=\"canonical\" href=\"https:\/\/bleegame.com\/es\/producto\/mecha-king-2\/\" \/>\n<meta property=\"og:locale\" content=\"es_ES\" \/>\n<meta property=\"og:type\" content=\"article\" \/>\n<meta property=\"og:title\" content=\"Rey Mecha - Bleegame\" \/>\n<meta property=\"og:description\" content=\"Marca: BLEE MOQ:1 Material\uff1a Metales+Acr\u00edlico Tama\u00f1o del producto\uff1a1200*1150*1660mm Potencia de funcionamiento\uff1a120W Embalaje: Cart\u00f3n est\u00e1ndar de exportaci\u00f3n Transporte mar\u00edtimo: Por mar\" \/>\n<meta property=\"og:url\" content=\"https:\/\/bleegame.com\/es\/producto\/mecha-king-2\/\" \/>\n<meta property=\"og:site_name\" content=\"Bleegame\" \/>\n<meta property=\"og:image\" content=\"https:\/\/bleegame.com\/wp-content\/uploads\/2022\/10\/1-8.jpg\" \/>\n\t<meta property=\"og:image:width\" content=\"800\" \/>\n\t<meta property=\"og:image:height\" content=\"800\" \/>\n<meta name=\"twitter:card\" content=\"summary_large_image\" \/>\n<meta name=\"twitter:label1\" content=\"Tiempo de lectura\">\n\t<meta name=\"twitter:data1\" content=\"0 minutos\">\n<script type=\"application\/ld+json\" class=\"yoast-schema-graph\">{\"@context\":\"https:\/\/schema.org\",\"@graph\":[{\"@type\":\"WebSite\",\"@id\":\"https:\/\/bleegame.com\/es\/#website\",\"url\":\"https:\/\/bleegame.com\/es\/\",\"name\":\"Bleegame\",\"description\":\"One-stop Amusement Coin Operated Games  Machine procurement center\",\"potentialAction\":[{\"@type\":\"SearchAction\",\"target\":\"https:\/\/bleegame.com\/es\/?s={search_term_string}\",\"query-input\":\"required name=search_term_string\"}],\"inLanguage\":\"es\"},{\"@type\":\"ImageObject\",\"@id\":\"https:\/\/bleegame.com\/es\/producto\/mecha-king-2\/#primaryimage\",\"inLanguage\":\"es\",\"url\":\"https:\/\/bleegame.com\/wp-content\/uploads\/2022\/10\/1-8.jpg\",\"width\":800,\"height\":800},{\"@type\":\"WebPage\",\"@id\":\"https:\/\/bleegame.com\/es\/producto\/mecha-king-2\/#webpage\",\"url\":\"https:\/\/bleegame.com\/es\/producto\/mecha-king-2\/\",\"name\":\"Rey Mecha - Bleegame\",\"isPartOf\":{\"@id\":\"https:\/\/bleegame.com\/es\/#website\"},\"primaryImageOfPage\":{\"@id\":\"https:\/\/bleegame.com\/es\/producto\/mecha-king-2\/#primaryimage\"},\"datePublished\":\"2022-10-17T04:06:17+00:00\",\"dateModified\":\"2022-10-17T04:06:17+00:00\",\"breadcrumb\":{\"@id\":\"https:\/\/bleegame.com\/es\/producto\/mecha-king-2\/#breadcrumb\"},\"inLanguage\":\"es\",\"potentialAction\":[{\"@type\":\"ReadAction\",\"target\":[\"https:\/\/bleegame.com\/es\/producto\/mecha-king-2\/\"]}]},{\"@type\":\"BreadcrumbList\",\"@id\":\"https:\/\/bleegame.com\/es\/producto\/mecha-king-2\/#breadcrumb\",\"itemListElement\":[{\"@type\":\"ListItem\",\"position\":1,\"item\":{\"@type\":\"WebPage\",\"@id\":\"https:\/\/bleegame.com\/es\/producto\/\",\"url\":\"https:\/\/bleegame.com\/es\/producto\/\",\"name\":\"Producto\"}},{\"@type\":\"ListItem\",\"position\":2,\"item\":{\"@type\":\"WebPage\",\"@id\":\"https:\/\/bleegame.com\/es\/producto\/mecha-king-2\/\",\"url\":\"https:\/\/bleegame.com\/es\/producto\/mecha-king-2\/\",\"name\":\"Rey Mecha\"}}]}]}<\/script>\n<!-- \/ Yoast SEO Premium plugin. -->","_links":{"self":[{"href":"https:\/\/bleegame.com\/es\/wp-json\/wp\/v2\/product\/11832","targetHints":{"allow":["GET"]}}],"collection":[{"href":"https:\/\/bleegame.com\/es\/wp-json\/wp\/v2\/product"}],"about":[{"href":"https:\/\/bleegame.com\/es\/wp-json\/wp\/v2\/types\/product"}],"version-history":[{"count":0,"href":"https:\/\/bleegame.com\/es\/wp-json\/wp\/v2\/product\/11832\/revisions"}],"wp:featuredmedia":[{"embeddable":true,"href":"https:\/\/bleegame.com\/es\/wp-json\/wp\/v2\/media\/10082"}],"wp:attachment":[{"href":"https:\/\/bleegame.com\/es\/wp-json\/wp\/v2\/media?parent=11832"}],"wp:term":[{"taxonomy":"product_cat","embeddable":true,"href":"https:\/\/bleegame.com\/es\/wp-json\/wp\/v2\/product_cat?post=11832"},{"taxonomy":"product_tag","embeddable":true,"href":"https:\/\/bleegame.com\/es\/wp-json\/wp\/v2\/product_tag?post=11832"}],"curies":[{"name":"wp","href":"https:\/\/api.w.org\/{rel}","templated":true}]}}