{"id":11840,"date":"2022-12-19T02:57:22","date_gmt":"2022-12-19T02:57:22","guid":{"rendered":"https:\/\/bleegame.com\/product\/maquina-de-garras-de-grua-de-madera\/"},"modified":"2022-12-19T02:57:22","modified_gmt":"2022-12-19T02:57:22","slug":"maquina-grua-de-madera","status":"publish","type":"product","link":"https:\/\/bleegame.com\/es\/producto\/maquina-grua-de-madera\/","title":{"rendered":"M\u00e1quina de garras de gr\u00faa de madera"},"content":{"rendered":"<p><strong><b>C\u00f3mo jugar:<\/b><\/strong><\/p>\n<ol>\n<li>Insertar monedas<\/li>\n<li>Inicia el juego moviendo el joystick<\/li>\n<li>El jugador puede mover la garra hacia delante y hacia atr\u00e1s, hacia la izquierda y hacia la derecha varias veces hasta llegar a la posici\u00f3n objetivo en un tiempo limitado.<\/li>\n<li>Pulsa el bot\u00f3n rojo para coger el premio, luego mu\u00e9velo al exterior, es tu premio.<\/li>\n<\/ol>\n<p><strong><b>Somos f\u00e1brica, proporcionando servicio OEM ODM OBM, bienvenido a contactar con nosotros si necesita servicio de personalizaci\u00f3n.<\/b><\/strong><\/p>\n<p><strong><b>Caracter\u00edstica:<\/b><\/strong><\/p>\n<ul>\n<li><b><\/b>Motor el\u00e9ctrico de alta velocidad, se mueve suavemente.<\/li>\n<li><b><\/b>Gr\u00faa de alta calidad, sin fallos, con gran estabilidad.<\/li>\n<li><b><\/b>Placa base de nuevo dise\u00f1o<strong><br \/>\n  <b>.<\/b><br \/>\n<\/strong><\/li>\n<li><b><\/b>Cuatro partes garra ajustar de la placa base, la experiencia de la realidad .<\/li>\n<li><b><\/b>Alta potencia el\u00e9ctrica, funcionamiento estable.<\/li>\n<li><b><\/b>El aspecto de las luces de colores atrae la atenci\u00f3n de la gente.<\/li>\n<li><b><\/b>Piezas de alta calidad de la m\u00e1quina, larga vida de uso.<\/li>\n<\/ul>\n","protected":false},"excerpt":{"rendered":"<p>Marca:BLEE<br \/>\nMOQ:1<br \/>\nEnv\u00edo:Por mar<\/p>\n","protected":false},"featured_media":11571,"template":"","meta":{"om_disable_all_campaigns":false,"_monsterinsights_skip_tracking":false,"_monsterinsights_sitenote_active":false,"_monsterinsights_sitenote_note":"","_monsterinsights_sitenote_category":0,"_uf_show_specific_survey":0,"_uf_disable_surveys":false},"product_cat":[478,231],"product_tag":[],"class_list":["post-11840","product","type-product","status-publish","has-post-thumbnail","hentry","product_cat-maquina-de-grua-de-una","product_cat-maquina-de-juegos-de-regalo"],"yoast_head":"<!-- This site is optimized with the Yoast SEO Premium plugin v15.5 - https:\/\/yoast.com\/wordpress\/plugins\/seo\/ -->\n<title>M\u00e1quina de garras de gr\u00faa de madera - Bleegame<\/title>\n<meta name=\"robots\" content=\"index, follow, max-snippet:-1, max-image-preview:large, max-video-preview:-1\" \/>\n<link rel=\"canonical\" href=\"https:\/\/bleegame.com\/es\/producto\/maquina-grua-de-madera\/\" \/>\n<meta property=\"og:locale\" content=\"es_ES\" \/>\n<meta property=\"og:type\" content=\"article\" \/>\n<meta property=\"og:title\" content=\"M\u00e1quina de garras de gr\u00faa de madera - Bleegame\" \/>\n<meta property=\"og:description\" content=\"Marca:BLEE MOQ:1 Env\u00edo:Por mar\" \/>\n<meta property=\"og:url\" content=\"https:\/\/bleegame.com\/es\/producto\/maquina-grua-de-madera\/\" \/>\n<meta property=\"og:site_name\" content=\"Bleegame\" \/>\n<meta property=\"og:image\" content=\"https:\/\/bleegame.com\/wp-content\/uploads\/2022\/12\/2-7.jpg\" \/>\n\t<meta property=\"og:image:width\" content=\"750\" \/>\n\t<meta property=\"og:image:height\" content=\"750\" \/>\n<meta name=\"twitter:card\" content=\"summary_large_image\" \/>\n<meta name=\"twitter:label1\" content=\"Tiempo de lectura\">\n\t<meta name=\"twitter:data1\" content=\"1 minuto\">\n<script type=\"application\/ld+json\" class=\"yoast-schema-graph\">{\"@context\":\"https:\/\/schema.org\",\"@graph\":[{\"@type\":\"WebSite\",\"@id\":\"https:\/\/bleegame.com\/es\/#website\",\"url\":\"https:\/\/bleegame.com\/es\/\",\"name\":\"Bleegame\",\"description\":\"One-stop Amusement Coin Operated Games  Machine procurement center\",\"potentialAction\":[{\"@type\":\"SearchAction\",\"target\":\"https:\/\/bleegame.com\/es\/?s={search_term_string}\",\"query-input\":\"required name=search_term_string\"}],\"inLanguage\":\"es\"},{\"@type\":\"ImageObject\",\"@id\":\"https:\/\/bleegame.com\/es\/producto\/maquina-grua-de-madera\/#primaryimage\",\"inLanguage\":\"es\",\"url\":\"https:\/\/bleegame.com\/wp-content\/uploads\/2022\/12\/2-7.jpg\",\"width\":750,\"height\":750},{\"@type\":\"WebPage\",\"@id\":\"https:\/\/bleegame.com\/es\/producto\/maquina-grua-de-madera\/#webpage\",\"url\":\"https:\/\/bleegame.com\/es\/producto\/maquina-grua-de-madera\/\",\"name\":\"M\\u00e1quina de garras de gr\\u00faa de madera - Bleegame\",\"isPartOf\":{\"@id\":\"https:\/\/bleegame.com\/es\/#website\"},\"primaryImageOfPage\":{\"@id\":\"https:\/\/bleegame.com\/es\/producto\/maquina-grua-de-madera\/#primaryimage\"},\"datePublished\":\"2022-12-19T02:57:22+00:00\",\"dateModified\":\"2022-12-19T02:57:22+00:00\",\"breadcrumb\":{\"@id\":\"https:\/\/bleegame.com\/es\/producto\/maquina-grua-de-madera\/#breadcrumb\"},\"inLanguage\":\"es\",\"potentialAction\":[{\"@type\":\"ReadAction\",\"target\":[\"https:\/\/bleegame.com\/es\/producto\/maquina-grua-de-madera\/\"]}]},{\"@type\":\"BreadcrumbList\",\"@id\":\"https:\/\/bleegame.com\/es\/producto\/maquina-grua-de-madera\/#breadcrumb\",\"itemListElement\":[{\"@type\":\"ListItem\",\"position\":1,\"item\":{\"@type\":\"WebPage\",\"@id\":\"https:\/\/bleegame.com\/es\/producto\/\",\"url\":\"https:\/\/bleegame.com\/es\/producto\/\",\"name\":\"Producto\"}},{\"@type\":\"ListItem\",\"position\":2,\"item\":{\"@type\":\"WebPage\",\"@id\":\"https:\/\/bleegame.com\/es\/producto\/maquina-grua-de-madera\/\",\"url\":\"https:\/\/bleegame.com\/es\/producto\/maquina-grua-de-madera\/\",\"name\":\"M\\u00e1quina de garras de gr\\u00faa de madera\"}}]}]}<\/script>\n<!-- \/ Yoast SEO Premium plugin. -->","_links":{"self":[{"href":"https:\/\/bleegame.com\/es\/wp-json\/wp\/v2\/product\/11840","targetHints":{"allow":["GET"]}}],"collection":[{"href":"https:\/\/bleegame.com\/es\/wp-json\/wp\/v2\/product"}],"about":[{"href":"https:\/\/bleegame.com\/es\/wp-json\/wp\/v2\/types\/product"}],"version-history":[{"count":0,"href":"https:\/\/bleegame.com\/es\/wp-json\/wp\/v2\/product\/11840\/revisions"}],"wp:featuredmedia":[{"embeddable":true,"href":"https:\/\/bleegame.com\/es\/wp-json\/wp\/v2\/media\/11571"}],"wp:attachment":[{"href":"https:\/\/bleegame.com\/es\/wp-json\/wp\/v2\/media?parent=11840"}],"wp:term":[{"taxonomy":"product_cat","embeddable":true,"href":"https:\/\/bleegame.com\/es\/wp-json\/wp\/v2\/product_cat?post=11840"},{"taxonomy":"product_tag","embeddable":true,"href":"https:\/\/bleegame.com\/es\/wp-json\/wp\/v2\/product_tag?post=11840"}],"curies":[{"name":"wp","href":"https:\/\/api.w.org\/{rel}","templated":true}]}}