{"id":11845,"date":"2022-09-09T03:13:48","date_gmt":"2022-09-09T03:13:48","guid":{"rendered":"https:\/\/bleegame.com\/product\/maquina-recreativa-de-monedas-para-ninos\/"},"modified":"2022-09-09T03:13:48","modified_gmt":"2022-09-09T03:13:48","slug":"videojuego-de-monedas-para-ninos","status":"publish","type":"product","link":"https:\/\/bleegame.com\/es\/producto\/videojuego-de-monedas-para-ninos\/","title":{"rendered":"M\u00e1quina recreativa de monedas para ni\u00f1os"},"content":{"rendered":"<p><strong data-spm-anchor-id=\"a2700.details.0.i15.3f465bdcNsX8g2\">C\u00d3MO JUGAR:<\/strong><\/p>\n<p><span data-spm-anchor-id=\"a2700.details.0.i21.3f465bdcNsX8g2\">1. La moneda presiona el bot\u00f3n de inicio para comenzar el juego.<\/span><\/p>\n<p>2. Al principio del juego, toca el teclado seg\u00fan el ritmo del juego para conseguir los puntos y las cartas de recompensa correspondientes.<\/p>\n","protected":false},"excerpt":{"rendered":"<p>Marca:BLEE<br \/>\nMOQ:1<br \/>\nMaterial\uff1aMetales+Acr\u00edlico<br \/>\nTama\u00f1o del producto\uff1a1300*740*1750mm<br \/>\nPotencia de funcionamiento\uff1a220W<br \/>\nEmbalaje:<br \/>\nCajas de exportaci\u00f3n est\u00e1ndar<br \/>\nEnv\u00edo:Por mar<\/p>\n","protected":false},"featured_media":9657,"template":"","meta":{"om_disable_all_campaigns":false,"_monsterinsights_skip_tracking":false,"_monsterinsights_sitenote_active":false,"_monsterinsights_sitenote_note":"","_monsterinsights_sitenote_category":0,"_uf_show_specific_survey":0,"_uf_disable_surveys":false},"product_cat":[235],"product_tag":[505,502,504],"class_list":["post-11845","product","type-product","status-publish","has-post-thumbnail","hentry","product_cat-maquina-recreativa-para-ninos","product_tag-juegos-de-maquinas-para-ninos","product_tag-maquina-de-juegos-infantil-de-monedas","product_tag-maquina-de-videojuegos-infantil"],"yoast_head":"<!-- This site is optimized with the Yoast SEO Premium plugin v15.5 - https:\/\/yoast.com\/wordpress\/plugins\/seo\/ -->\n<title>M\u00e1quina recreativa de monedas para ni\u00f1os - Bleegame<\/title>\n<meta name=\"robots\" content=\"index, follow, max-snippet:-1, max-image-preview:large, max-video-preview:-1\" \/>\n<link rel=\"canonical\" href=\"https:\/\/bleegame.com\/es\/producto\/videojuego-de-monedas-para-ninos\/\" \/>\n<meta property=\"og:locale\" content=\"es_ES\" \/>\n<meta property=\"og:type\" content=\"article\" \/>\n<meta property=\"og:title\" content=\"M\u00e1quina recreativa de monedas para ni\u00f1os - Bleegame\" \/>\n<meta property=\"og:description\" content=\"Marca:BLEE MOQ:1 Material\uff1aMetales+Acr\u00edlico Tama\u00f1o del producto\uff1a1300*740*1750mm Potencia de funcionamiento\uff1a220W Embalaje: Cajas de exportaci\u00f3n est\u00e1ndar Env\u00edo:Por mar\" \/>\n<meta property=\"og:url\" content=\"https:\/\/bleegame.com\/es\/producto\/videojuego-de-monedas-para-ninos\/\" \/>\n<meta property=\"og:site_name\" content=\"Bleegame\" \/>\n<meta property=\"og:image\" content=\"https:\/\/bleegame.com\/wp-content\/uploads\/2022\/09\/2-7.jpg\" \/>\n\t<meta property=\"og:image:width\" content=\"800\" \/>\n\t<meta property=\"og:image:height\" content=\"800\" \/>\n<meta name=\"twitter:card\" content=\"summary_large_image\" \/>\n<meta name=\"twitter:label1\" content=\"Tiempo de lectura\">\n\t<meta name=\"twitter:data1\" content=\"0 minutos\">\n<script type=\"application\/ld+json\" class=\"yoast-schema-graph\">{\"@context\":\"https:\/\/schema.org\",\"@graph\":[{\"@type\":\"WebSite\",\"@id\":\"https:\/\/bleegame.com\/es\/#website\",\"url\":\"https:\/\/bleegame.com\/es\/\",\"name\":\"Bleegame\",\"description\":\"One-stop Amusement Coin Operated Games  Machine procurement center\",\"potentialAction\":[{\"@type\":\"SearchAction\",\"target\":\"https:\/\/bleegame.com\/es\/?s={search_term_string}\",\"query-input\":\"required name=search_term_string\"}],\"inLanguage\":\"es\"},{\"@type\":\"ImageObject\",\"@id\":\"https:\/\/bleegame.com\/es\/producto\/videojuego-de-monedas-para-ninos\/#primaryimage\",\"inLanguage\":\"es\",\"url\":\"https:\/\/bleegame.com\/wp-content\/uploads\/2022\/09\/2-7.jpg\",\"width\":800,\"height\":800,\"caption\":\"m\\u00e1quina de videojuegos infantil\"},{\"@type\":\"WebPage\",\"@id\":\"https:\/\/bleegame.com\/es\/producto\/videojuego-de-monedas-para-ninos\/#webpage\",\"url\":\"https:\/\/bleegame.com\/es\/producto\/videojuego-de-monedas-para-ninos\/\",\"name\":\"M\\u00e1quina recreativa de monedas para ni\\u00f1os - Bleegame\",\"isPartOf\":{\"@id\":\"https:\/\/bleegame.com\/es\/#website\"},\"primaryImageOfPage\":{\"@id\":\"https:\/\/bleegame.com\/es\/producto\/videojuego-de-monedas-para-ninos\/#primaryimage\"},\"datePublished\":\"2022-09-09T03:13:48+00:00\",\"dateModified\":\"2022-09-09T03:13:48+00:00\",\"breadcrumb\":{\"@id\":\"https:\/\/bleegame.com\/es\/producto\/videojuego-de-monedas-para-ninos\/#breadcrumb\"},\"inLanguage\":\"es\",\"potentialAction\":[{\"@type\":\"ReadAction\",\"target\":[\"https:\/\/bleegame.com\/es\/producto\/videojuego-de-monedas-para-ninos\/\"]}]},{\"@type\":\"BreadcrumbList\",\"@id\":\"https:\/\/bleegame.com\/es\/producto\/videojuego-de-monedas-para-ninos\/#breadcrumb\",\"itemListElement\":[{\"@type\":\"ListItem\",\"position\":1,\"item\":{\"@type\":\"WebPage\",\"@id\":\"https:\/\/bleegame.com\/es\/producto\/\",\"url\":\"https:\/\/bleegame.com\/es\/producto\/\",\"name\":\"Producto\"}},{\"@type\":\"ListItem\",\"position\":2,\"item\":{\"@type\":\"WebPage\",\"@id\":\"https:\/\/bleegame.com\/es\/producto\/videojuego-de-monedas-para-ninos\/\",\"url\":\"https:\/\/bleegame.com\/es\/producto\/videojuego-de-monedas-para-ninos\/\",\"name\":\"M\\u00e1quina recreativa de monedas para ni\\u00f1os\"}}]}]}<\/script>\n<!-- \/ Yoast SEO Premium plugin. -->","_links":{"self":[{"href":"https:\/\/bleegame.com\/es\/wp-json\/wp\/v2\/product\/11845","targetHints":{"allow":["GET"]}}],"collection":[{"href":"https:\/\/bleegame.com\/es\/wp-json\/wp\/v2\/product"}],"about":[{"href":"https:\/\/bleegame.com\/es\/wp-json\/wp\/v2\/types\/product"}],"version-history":[{"count":0,"href":"https:\/\/bleegame.com\/es\/wp-json\/wp\/v2\/product\/11845\/revisions"}],"wp:featuredmedia":[{"embeddable":true,"href":"https:\/\/bleegame.com\/es\/wp-json\/wp\/v2\/media\/9657"}],"wp:attachment":[{"href":"https:\/\/bleegame.com\/es\/wp-json\/wp\/v2\/media?parent=11845"}],"wp:term":[{"taxonomy":"product_cat","embeddable":true,"href":"https:\/\/bleegame.com\/es\/wp-json\/wp\/v2\/product_cat?post=11845"},{"taxonomy":"product_tag","embeddable":true,"href":"https:\/\/bleegame.com\/es\/wp-json\/wp\/v2\/product_tag?post=11845"}],"curies":[{"name":"wp","href":"https:\/\/api.w.org\/{rel}","templated":true}]}}