{"id":11863,"date":"2022-09-09T03:00:29","date_gmt":"2022-09-09T03:00:29","guid":{"rendered":"https:\/\/bleegame.com\/product\/maquina-de-videojuegos-infantil-de-monedas\/"},"modified":"2022-09-09T03:00:29","modified_gmt":"2022-09-09T03:00:29","slug":"video-juegos-ninos-de-monedas","status":"publish","type":"product","link":"https:\/\/bleegame.com\/es\/producto\/video-juegos-ninos-de-monedas\/","title":{"rendered":"M\u00e1quina de Videojuegos Infantil de Monedas"},"content":{"rendered":"<p><strong data-spm-anchor-id=\"a2700.details.0.i14.708f11dcSQgWIZ\">C\u00d3MO JUGAR:<\/strong><\/p>\n<p>1. La moneda presiona el bot\u00f3n de inicio para comenzar el juego.<\/p>\n<p>2. El juego comienza a manipular el volante y empezar a correr, y la m\u00e1quina de juego se sacude con la imagen.<\/p>\n","protected":false},"excerpt":{"rendered":"<p>Marca:BLEE<br \/>\nMOQ:1<br \/>\nMaterial\uff1aMetales+Acr\u00edlico<br \/>\nTama\u00f1o del producto\uff1a620*600*1500mm<br \/>\nPotencia de funcionamiento\uff1a60W<br \/>\nEmbalaje:<br \/>\nCajas de exportaci\u00f3n est\u00e1ndar<br \/>\nEnv\u00edo:Por mar<\/p>\n","protected":false},"featured_media":9633,"template":"","meta":{"om_disable_all_campaigns":false,"_monsterinsights_skip_tracking":false,"_monsterinsights_sitenote_active":false,"_monsterinsights_sitenote_note":"","_monsterinsights_sitenote_category":0,"_uf_show_specific_survey":0,"_uf_disable_surveys":false},"product_cat":[235],"product_tag":[513,502],"class_list":["post-11863","product","type-product","status-publish","has-post-thumbnail","hentry","product_cat-maquina-recreativa-para-ninos","product_tag-maquina-de-juegos-electronicos-para-ninos","product_tag-maquina-de-juegos-infantil-de-monedas"],"yoast_head":"<!-- This site is optimized with the Yoast SEO Premium plugin v15.5 - https:\/\/yoast.com\/wordpress\/plugins\/seo\/ -->\n<title>M\u00e1quina de Videojuegos Infantil de Monedas - Bleegame<\/title>\n<meta name=\"robots\" content=\"index, follow, max-snippet:-1, max-image-preview:large, max-video-preview:-1\" \/>\n<link rel=\"canonical\" href=\"https:\/\/bleegame.com\/es\/producto\/video-juegos-ninos-de-monedas\/\" \/>\n<meta property=\"og:locale\" content=\"es_ES\" \/>\n<meta property=\"og:type\" content=\"article\" \/>\n<meta property=\"og:title\" content=\"M\u00e1quina de Videojuegos Infantil de Monedas - Bleegame\" \/>\n<meta property=\"og:description\" content=\"Marca:BLEE MOQ:1 Material\uff1aMetales+Acr\u00edlico Tama\u00f1o del producto\uff1a620*600*1500mm Potencia de funcionamiento\uff1a60W Embalaje: Cajas de exportaci\u00f3n est\u00e1ndar Env\u00edo:Por mar\" \/>\n<meta property=\"og:url\" content=\"https:\/\/bleegame.com\/es\/producto\/video-juegos-ninos-de-monedas\/\" \/>\n<meta property=\"og:site_name\" content=\"Bleegame\" \/>\n<meta property=\"og:image\" content=\"https:\/\/bleegame.com\/wp-content\/uploads\/2022\/09\/2-5.jpg\" \/>\n\t<meta property=\"og:image:width\" content=\"800\" \/>\n\t<meta property=\"og:image:height\" content=\"800\" \/>\n<meta name=\"twitter:card\" content=\"summary_large_image\" \/>\n<meta name=\"twitter:label1\" content=\"Tiempo de lectura\">\n\t<meta name=\"twitter:data1\" content=\"0 minutos\">\n<script type=\"application\/ld+json\" class=\"yoast-schema-graph\">{\"@context\":\"https:\/\/schema.org\",\"@graph\":[{\"@type\":\"WebSite\",\"@id\":\"https:\/\/bleegame.com\/es\/#website\",\"url\":\"https:\/\/bleegame.com\/es\/\",\"name\":\"Bleegame\",\"description\":\"One-stop Amusement Coin Operated Games  Machine procurement center\",\"potentialAction\":[{\"@type\":\"SearchAction\",\"target\":\"https:\/\/bleegame.com\/es\/?s={search_term_string}\",\"query-input\":\"required name=search_term_string\"}],\"inLanguage\":\"es\"},{\"@type\":\"ImageObject\",\"@id\":\"https:\/\/bleegame.com\/es\/producto\/video-juegos-ninos-de-monedas\/#primaryimage\",\"inLanguage\":\"es\",\"url\":\"https:\/\/bleegame.com\/wp-content\/uploads\/2022\/09\/2-5.jpg\",\"width\":800,\"height\":800,\"caption\":\"m\\u00e1quina de juegos infantil de monedas\"},{\"@type\":\"WebPage\",\"@id\":\"https:\/\/bleegame.com\/es\/producto\/video-juegos-ninos-de-monedas\/#webpage\",\"url\":\"https:\/\/bleegame.com\/es\/producto\/video-juegos-ninos-de-monedas\/\",\"name\":\"M\\u00e1quina de Videojuegos Infantil de Monedas - Bleegame\",\"isPartOf\":{\"@id\":\"https:\/\/bleegame.com\/es\/#website\"},\"primaryImageOfPage\":{\"@id\":\"https:\/\/bleegame.com\/es\/producto\/video-juegos-ninos-de-monedas\/#primaryimage\"},\"datePublished\":\"2022-09-09T03:00:29+00:00\",\"dateModified\":\"2022-09-09T03:00:29+00:00\",\"breadcrumb\":{\"@id\":\"https:\/\/bleegame.com\/es\/producto\/video-juegos-ninos-de-monedas\/#breadcrumb\"},\"inLanguage\":\"es\",\"potentialAction\":[{\"@type\":\"ReadAction\",\"target\":[\"https:\/\/bleegame.com\/es\/producto\/video-juegos-ninos-de-monedas\/\"]}]},{\"@type\":\"BreadcrumbList\",\"@id\":\"https:\/\/bleegame.com\/es\/producto\/video-juegos-ninos-de-monedas\/#breadcrumb\",\"itemListElement\":[{\"@type\":\"ListItem\",\"position\":1,\"item\":{\"@type\":\"WebPage\",\"@id\":\"https:\/\/bleegame.com\/es\/producto\/\",\"url\":\"https:\/\/bleegame.com\/es\/producto\/\",\"name\":\"Producto\"}},{\"@type\":\"ListItem\",\"position\":2,\"item\":{\"@type\":\"WebPage\",\"@id\":\"https:\/\/bleegame.com\/es\/producto\/video-juegos-ninos-de-monedas\/\",\"url\":\"https:\/\/bleegame.com\/es\/producto\/video-juegos-ninos-de-monedas\/\",\"name\":\"M\\u00e1quina de Videojuegos Infantil de Monedas\"}}]}]}<\/script>\n<!-- \/ Yoast SEO Premium plugin. -->","_links":{"self":[{"href":"https:\/\/bleegame.com\/es\/wp-json\/wp\/v2\/product\/11863","targetHints":{"allow":["GET"]}}],"collection":[{"href":"https:\/\/bleegame.com\/es\/wp-json\/wp\/v2\/product"}],"about":[{"href":"https:\/\/bleegame.com\/es\/wp-json\/wp\/v2\/types\/product"}],"version-history":[{"count":0,"href":"https:\/\/bleegame.com\/es\/wp-json\/wp\/v2\/product\/11863\/revisions"}],"wp:featuredmedia":[{"embeddable":true,"href":"https:\/\/bleegame.com\/es\/wp-json\/wp\/v2\/media\/9633"}],"wp:attachment":[{"href":"https:\/\/bleegame.com\/es\/wp-json\/wp\/v2\/media?parent=11863"}],"wp:term":[{"taxonomy":"product_cat","embeddable":true,"href":"https:\/\/bleegame.com\/es\/wp-json\/wp\/v2\/product_cat?post=11863"},{"taxonomy":"product_tag","embeddable":true,"href":"https:\/\/bleegame.com\/es\/wp-json\/wp\/v2\/product_tag?post=11863"}],"curies":[{"name":"wp","href":"https:\/\/api.w.org\/{rel}","templated":true}]}}