{"id":6616,"date":"2022-08-08T02:45:30","date_gmt":"2022-08-08T02:45:30","guid":{"rendered":"https:\/\/bleegame.com\/product\/maquina-de-tiro-para-ninos-carzy-shoot\/"},"modified":"2022-08-08T02:45:30","modified_gmt":"2022-08-08T02:45:30","slug":"carzy-shoot-kids-shooting-machine-2","status":"publish","type":"product","link":"https:\/\/bleegame.com\/es\/producto\/carzy-shoot-kids-shooting-machine-2\/","title":{"rendered":"M\u00e1quina de tiro para ni\u00f1os Carzy Shoot"},"content":{"rendered":"<p>C\u00f3mo se juega:<br \/>\n1. 1. Pulse el bot\u00f3n de inicio para comenzar el juego.<\/p>\n<p>2. pulsa el bot\u00f3n de lanzamiento, la bola saldr\u00e1, derriba el mu\u00f1eco de enfrente, cada mu\u00f1eco baja 1 punto, derriba m\u00e1s, mayor ser\u00e1 la puntuaci\u00f3n.<\/p>\n<p>3. Al final del juego, si se supera el objetivo de puntuaci\u00f3n, se recompensa con un regalo. En las partidas PK multijugador, el jugador con la mayor puntuaci\u00f3n ser\u00e1 recompensado al azar de 2 a 6 veces; no hay premios para el segundo y tercer puesto.<\/p>\n","protected":false},"excerpt":{"rendered":"<p>Marca:BLEE<br \/>\nMOQ:1<br \/>\nMaterial\uff1aMetales+Acr\u00edlico<br \/>\nTama\u00f1o del producto\uff1a120*95*160cm<br \/>\nPotencia de funcionamiento\uff1a80W<br \/>\nEmbalaje:<br \/>\nCajas de exportaci\u00f3n est\u00e1ndar<br \/>\nEnv\u00edo:Por mar<\/p>\n","protected":false},"featured_media":6512,"template":"","meta":{"om_disable_all_campaigns":false,"_monsterinsights_skip_tracking":false,"_monsterinsights_sitenote_active":false,"_monsterinsights_sitenote_note":"","_monsterinsights_sitenote_category":0,"_uf_show_specific_survey":0,"_uf_disable_surveys":false},"product_cat":[235],"product_tag":[247,249,244],"class_list":["post-6616","product","type-product","status-publish","has-post-thumbnail","hentry","product_cat-maquina-recreativa-para-ninos","product_tag-juego-de-disparos-de-bolas-maquina-arcade-para-ninos","product_tag-maquina-de-bolas-de-tiro","product_tag-maquina-recreativa-para-ninos"],"yoast_head":"<!-- This site is optimized with the Yoast SEO Premium plugin v15.5 - https:\/\/yoast.com\/wordpress\/plugins\/seo\/ -->\n<title>M\u00e1quina de tiro para ni\u00f1os Carzy Shoot - Bleegame<\/title>\n<meta name=\"description\" content=\"\u00a1Venta promocional de alta calidad de los ni\u00f1os de la bola de tiro de la m\u00e1quina para Mall.Inquiry ahora!\" \/>\n<meta name=\"robots\" content=\"index, follow, max-snippet:-1, max-image-preview:large, max-video-preview:-1\" \/>\n<link rel=\"canonical\" href=\"https:\/\/bleegame.com\/es\/producto\/carzy-shoot-kids-shooting-machine-2\/\" \/>\n<meta property=\"og:locale\" content=\"es_ES\" \/>\n<meta property=\"og:type\" content=\"article\" \/>\n<meta property=\"og:title\" content=\"M\u00e1quina de tiro para ni\u00f1os Carzy Shoot - Bleegame\" \/>\n<meta property=\"og:description\" content=\"\u00a1Venta promocional de alta calidad de los ni\u00f1os de la bola de tiro de la m\u00e1quina para Mall.Inquiry ahora!\" \/>\n<meta property=\"og:url\" content=\"https:\/\/bleegame.com\/es\/producto\/carzy-shoot-kids-shooting-machine-2\/\" \/>\n<meta property=\"og:site_name\" content=\"Bleegame\" \/>\n<meta property=\"og:image\" content=\"https:\/\/bleegame.com\/wp-content\/uploads\/2022\/08\/Carzy-Shoot-Kids-Shooting-Machine-01.jpg\" \/>\n\t<meta property=\"og:image:width\" content=\"800\" \/>\n\t<meta property=\"og:image:height\" content=\"800\" \/>\n<meta name=\"twitter:card\" content=\"summary_large_image\" \/>\n<meta name=\"twitter:label1\" content=\"Tiempo de lectura\">\n\t<meta name=\"twitter:data1\" content=\"0 minutos\">\n<script type=\"application\/ld+json\" class=\"yoast-schema-graph\">{\"@context\":\"https:\/\/schema.org\",\"@graph\":[{\"@type\":\"WebSite\",\"@id\":\"https:\/\/bleegame.com\/es\/#website\",\"url\":\"https:\/\/bleegame.com\/es\/\",\"name\":\"Bleegame\",\"description\":\"One-stop Amusement Coin Operated Games  Machine procurement center\",\"potentialAction\":[{\"@type\":\"SearchAction\",\"target\":\"https:\/\/bleegame.com\/es\/?s={search_term_string}\",\"query-input\":\"required name=search_term_string\"}],\"inLanguage\":\"es\"},{\"@type\":\"ImageObject\",\"@id\":\"https:\/\/bleegame.com\/es\/producto\/carzy-shoot-kids-shooting-machine-2\/#primaryimage\",\"inLanguage\":\"es\",\"url\":\"https:\/\/bleegame.com\/wp-content\/uploads\/2022\/08\/Carzy-Shoot-Kids-Shooting-Machine-01.jpg\",\"width\":800,\"height\":800},{\"@type\":\"WebPage\",\"@id\":\"https:\/\/bleegame.com\/es\/producto\/carzy-shoot-kids-shooting-machine-2\/#webpage\",\"url\":\"https:\/\/bleegame.com\/es\/producto\/carzy-shoot-kids-shooting-machine-2\/\",\"name\":\"M\\u00e1quina de tiro para ni\\u00f1os Carzy Shoot - Bleegame\",\"isPartOf\":{\"@id\":\"https:\/\/bleegame.com\/es\/#website\"},\"primaryImageOfPage\":{\"@id\":\"https:\/\/bleegame.com\/es\/producto\/carzy-shoot-kids-shooting-machine-2\/#primaryimage\"},\"datePublished\":\"2022-08-08T02:45:30+00:00\",\"dateModified\":\"2022-08-08T02:45:30+00:00\",\"description\":\"\\u00a1Venta promocional de alta calidad de los ni\\u00f1os de la bola de tiro de la m\\u00e1quina para Mall.Inquiry ahora!\",\"breadcrumb\":{\"@id\":\"https:\/\/bleegame.com\/es\/producto\/carzy-shoot-kids-shooting-machine-2\/#breadcrumb\"},\"inLanguage\":\"es\",\"potentialAction\":[{\"@type\":\"ReadAction\",\"target\":[\"https:\/\/bleegame.com\/es\/producto\/carzy-shoot-kids-shooting-machine-2\/\"]}]},{\"@type\":\"BreadcrumbList\",\"@id\":\"https:\/\/bleegame.com\/es\/producto\/carzy-shoot-kids-shooting-machine-2\/#breadcrumb\",\"itemListElement\":[{\"@type\":\"ListItem\",\"position\":1,\"item\":{\"@type\":\"WebPage\",\"@id\":\"https:\/\/bleegame.com\/es\/producto\/\",\"url\":\"https:\/\/bleegame.com\/es\/producto\/\",\"name\":\"Producto\"}},{\"@type\":\"ListItem\",\"position\":2,\"item\":{\"@type\":\"WebPage\",\"@id\":\"https:\/\/bleegame.com\/es\/producto\/carzy-shoot-kids-shooting-machine-2\/\",\"url\":\"https:\/\/bleegame.com\/es\/producto\/carzy-shoot-kids-shooting-machine-2\/\",\"name\":\"M\\u00e1quina de tiro para ni\\u00f1os Carzy Shoot\"}}]}]}<\/script>\n<!-- \/ Yoast SEO Premium plugin. -->","_links":{"self":[{"href":"https:\/\/bleegame.com\/es\/wp-json\/wp\/v2\/product\/6616","targetHints":{"allow":["GET"]}}],"collection":[{"href":"https:\/\/bleegame.com\/es\/wp-json\/wp\/v2\/product"}],"about":[{"href":"https:\/\/bleegame.com\/es\/wp-json\/wp\/v2\/types\/product"}],"version-history":[{"count":0,"href":"https:\/\/bleegame.com\/es\/wp-json\/wp\/v2\/product\/6616\/revisions"}],"wp:featuredmedia":[{"embeddable":true,"href":"https:\/\/bleegame.com\/es\/wp-json\/wp\/v2\/media\/6512"}],"wp:attachment":[{"href":"https:\/\/bleegame.com\/es\/wp-json\/wp\/v2\/media?parent=6616"}],"wp:term":[{"taxonomy":"product_cat","embeddable":true,"href":"https:\/\/bleegame.com\/es\/wp-json\/wp\/v2\/product_cat?post=6616"},{"taxonomy":"product_tag","embeddable":true,"href":"https:\/\/bleegame.com\/es\/wp-json\/wp\/v2\/product_tag?post=6616"}],"curies":[{"name":"wp","href":"https:\/\/api.w.org\/{rel}","templated":true}]}}