{"id":6617,"date":"2022-08-08T08:43:04","date_gmt":"2022-08-08T08:43:04","guid":{"rendered":"https:\/\/bleegame.com\/product\/simulador-de-carreras-de-coches-de-la-maquina\/"},"modified":"2022-08-08T08:43:04","modified_gmt":"2022-08-08T08:43:04","slug":"simulador-juego-de-carreras-de-motor","status":"publish","type":"product","link":"https:\/\/bleegame.com\/es\/producto\/simulador-juego-de-carreras-de-motor\/","title":{"rendered":"Simulador de carreras de coches de la m\u00e1quina"},"content":{"rendered":"<p>Caracter\u00edsticas:<\/p>\n<p>1. Pantalla LCD HD de alta calidad.<\/p>\n<p>2. La m\u00e1quina est\u00e1 disponible para los modos individual y multijugador.<\/p>\n<p>3. Estructura firme de metal con recubrimiento de polvo de alta calidad, hermosa iluminaci\u00f3n de flash LED.<\/p>\n<p>4. Se admite el uso de monederos de marcas famosas y el sistema de tarjetas inteligentes.<\/p>\n<p>5. Fuente de alimentaci\u00f3n de alta calidad con 10 a\u00f1os de garant\u00eda.<\/p>\n<p>6. Buen sistema de sonidos para atraer a m\u00e1s jugadores.<\/p>\n<p>7. Buen dise\u00f1o de montaje, y f\u00e1cil de mantener.<\/p>\n<p>8. Ampliamente utilizado en grandes almacenes, supermercados, parque de atracciones, centro de juegos, etc.<\/p>\n<p>9. M\u00faltiples caracter\u00edsticas del juego y los coches, 5 niveles de dificultad, 6 mapas para las opciones.<\/p>\n<p>10. Un nivel terminado y luego ir a otro, 15 niveles totales en total.<\/p>\n<p>11. M\u00e1s estilo de dibujos animados, m\u00e1s herramientas de juego.<\/p>\n","protected":false},"excerpt":{"rendered":"<p>Marca:BLEE<br \/>\nMOQ:1<br \/>\nMaterial\uff1aMetal+Acr\u00edlico<br \/>\nTama\u00f1o del producto\uff1a120*220*250cm<br \/>\nPotencia de funcionamiento\uff1a400W<br \/>\nEmbalaje:<br \/>\nCajas de exportaci\u00f3n est\u00e1ndar<br \/>\nEnv\u00edo:Por mar<\/p>\n","protected":false},"featured_media":6539,"template":"","meta":{"om_disable_all_campaigns":false,"_monsterinsights_skip_tracking":false,"_monsterinsights_sitenote_active":false,"_monsterinsights_sitenote_note":"","_monsterinsights_sitenote_category":0,"_uf_show_specific_survey":0,"_uf_disable_surveys":false},"product_cat":[233],"product_tag":[245,241,248],"class_list":["post-6617","product","type-product","status-publish","has-post-thumbnail","hentry","product_cat-maquina-de-juegos-de-carreras","product_tag-maquina-de-juegos-de-carreras-de-motor","product_tag-maquinas-de-simulacion-de-carreras","product_tag-simulador-de-carreras-de-coches-arcade-maquina-de-juego"],"yoast_head":"<!-- This site is optimized with the Yoast SEO Premium plugin v15.5 - https:\/\/yoast.com\/wordpress\/plugins\/seo\/ -->\n<title>Simulador de carreras de coches de la m\u00e1quina - Bleegame<\/title>\n<meta name=\"description\" content=\"Centro de atracciones de la moneda Operado Moto Simulador Arcade Motor Racing Game Machine para la venta. \u00a1Investigaci\u00f3n!\" \/>\n<meta name=\"robots\" content=\"index, follow, max-snippet:-1, max-image-preview:large, max-video-preview:-1\" \/>\n<link rel=\"canonical\" href=\"https:\/\/bleegame.com\/es\/producto\/simulador-juego-de-carreras-de-motor\/\" \/>\n<meta property=\"og:locale\" content=\"es_ES\" \/>\n<meta property=\"og:type\" content=\"article\" \/>\n<meta property=\"og:title\" content=\"Simulador de carreras de coches de la m\u00e1quina - Bleegame\" \/>\n<meta property=\"og:description\" content=\"Centro de atracciones de la moneda Operado Moto Simulador Arcade Motor Racing Game Machine para la venta. \u00a1Investigaci\u00f3n!\" \/>\n<meta property=\"og:url\" content=\"https:\/\/bleegame.com\/es\/producto\/simulador-juego-de-carreras-de-motor\/\" \/>\n<meta property=\"og:site_name\" content=\"Bleegame\" \/>\n<meta property=\"og:image\" content=\"https:\/\/bleegame.com\/wp-content\/uploads\/2022\/08\/Arcade-Game-Machine-Motorcycle.jpg\" \/>\n\t<meta property=\"og:image:width\" content=\"800\" \/>\n\t<meta property=\"og:image:height\" content=\"800\" \/>\n<meta name=\"twitter:card\" content=\"summary_large_image\" \/>\n<meta name=\"twitter:label1\" content=\"Tiempo de lectura\">\n\t<meta name=\"twitter:data1\" content=\"1 minuto\">\n<script type=\"application\/ld+json\" class=\"yoast-schema-graph\">{\"@context\":\"https:\/\/schema.org\",\"@graph\":[{\"@type\":\"WebSite\",\"@id\":\"https:\/\/bleegame.com\/es\/#website\",\"url\":\"https:\/\/bleegame.com\/es\/\",\"name\":\"Bleegame\",\"description\":\"One-stop Amusement Coin Operated Games  Machine procurement center\",\"potentialAction\":[{\"@type\":\"SearchAction\",\"target\":\"https:\/\/bleegame.com\/es\/?s={search_term_string}\",\"query-input\":\"required name=search_term_string\"}],\"inLanguage\":\"es\"},{\"@type\":\"ImageObject\",\"@id\":\"https:\/\/bleegame.com\/es\/producto\/simulador-juego-de-carreras-de-motor\/#primaryimage\",\"inLanguage\":\"es\",\"url\":\"https:\/\/bleegame.com\/wp-content\/uploads\/2022\/08\/Arcade-Game-Machine-Motorcycle.jpg\",\"width\":800,\"height\":800},{\"@type\":\"WebPage\",\"@id\":\"https:\/\/bleegame.com\/es\/producto\/simulador-juego-de-carreras-de-motor\/#webpage\",\"url\":\"https:\/\/bleegame.com\/es\/producto\/simulador-juego-de-carreras-de-motor\/\",\"name\":\"Simulador de carreras de coches de la m\\u00e1quina - Bleegame\",\"isPartOf\":{\"@id\":\"https:\/\/bleegame.com\/es\/#website\"},\"primaryImageOfPage\":{\"@id\":\"https:\/\/bleegame.com\/es\/producto\/simulador-juego-de-carreras-de-motor\/#primaryimage\"},\"datePublished\":\"2022-08-08T08:43:04+00:00\",\"dateModified\":\"2022-08-08T08:43:04+00:00\",\"description\":\"Centro de atracciones de la moneda Operado Moto Simulador Arcade Motor Racing Game Machine para la venta. \\u00a1Investigaci\\u00f3n!\",\"breadcrumb\":{\"@id\":\"https:\/\/bleegame.com\/es\/producto\/simulador-juego-de-carreras-de-motor\/#breadcrumb\"},\"inLanguage\":\"es\",\"potentialAction\":[{\"@type\":\"ReadAction\",\"target\":[\"https:\/\/bleegame.com\/es\/producto\/simulador-juego-de-carreras-de-motor\/\"]}]},{\"@type\":\"BreadcrumbList\",\"@id\":\"https:\/\/bleegame.com\/es\/producto\/simulador-juego-de-carreras-de-motor\/#breadcrumb\",\"itemListElement\":[{\"@type\":\"ListItem\",\"position\":1,\"item\":{\"@type\":\"WebPage\",\"@id\":\"https:\/\/bleegame.com\/es\/producto\/\",\"url\":\"https:\/\/bleegame.com\/es\/producto\/\",\"name\":\"Producto\"}},{\"@type\":\"ListItem\",\"position\":2,\"item\":{\"@type\":\"WebPage\",\"@id\":\"https:\/\/bleegame.com\/es\/producto\/simulador-juego-de-carreras-de-motor\/\",\"url\":\"https:\/\/bleegame.com\/es\/producto\/simulador-juego-de-carreras-de-motor\/\",\"name\":\"Simulador de carreras de coches de la m\\u00e1quina\"}}]}]}<\/script>\n<!-- \/ Yoast SEO Premium plugin. -->","_links":{"self":[{"href":"https:\/\/bleegame.com\/es\/wp-json\/wp\/v2\/product\/6617","targetHints":{"allow":["GET"]}}],"collection":[{"href":"https:\/\/bleegame.com\/es\/wp-json\/wp\/v2\/product"}],"about":[{"href":"https:\/\/bleegame.com\/es\/wp-json\/wp\/v2\/types\/product"}],"version-history":[{"count":0,"href":"https:\/\/bleegame.com\/es\/wp-json\/wp\/v2\/product\/6617\/revisions"}],"wp:featuredmedia":[{"embeddable":true,"href":"https:\/\/bleegame.com\/es\/wp-json\/wp\/v2\/media\/6539"}],"wp:attachment":[{"href":"https:\/\/bleegame.com\/es\/wp-json\/wp\/v2\/media?parent=6617"}],"wp:term":[{"taxonomy":"product_cat","embeddable":true,"href":"https:\/\/bleegame.com\/es\/wp-json\/wp\/v2\/product_cat?post=6617"},{"taxonomy":"product_tag","embeddable":true,"href":"https:\/\/bleegame.com\/es\/wp-json\/wp\/v2\/product_tag?post=6617"}],"curies":[{"name":"wp","href":"https:\/\/api.w.org\/{rel}","templated":true}]}}