{"id":6619,"date":"2022-07-26T02:44:52","date_gmt":"2022-07-26T02:44:52","guid":{"rendered":"https:\/\/bleegame.com\/product\/6688-en-1-caja-de-juegos-pandora-3d-consola-arcade\/"},"modified":"2022-07-26T02:44:52","modified_gmt":"2022-07-26T02:44:52","slug":"6688-in-1-3d-pandora-game-box-arcade-console-2","status":"publish","type":"product","link":"https:\/\/bleegame.com\/es\/producto\/6688-in-1-3d-pandora-game-box-arcade-console-2\/","title":{"rendered":"6688 En 1 Caja de Juegos Pandora 3d Consola Arcade"},"content":{"rendered":"<div class=\"special-heading-border\">\n<div class=\"special-heading-inner-border\"><\/div>\n<\/div>\n<div class=\"hr hr-custom hr-center hr-icon-no avia-builder-el-12 el_after_av_heading el_before_av_textblock \"><\/div>\n<section class=\"av_textblock_section \">\n<div class=\"avia_textblock \">\n<p><strong>Caracter\u00edsticas:<\/strong><\/p>\n<p>1.6688 Juegos Arcade Cl\u00e1sicos HD en la Consola, con lista de juegos tambi\u00e9n;<\/p>\n<p>Consola de juegos arcade 2.wireless 5S;<\/p>\n<p>2.Soporta VGA, salida HD;<\/p>\n<p>4.\u00a1Sensaci\u00f3n de juego arcade real! \u00a1Joystick y pulsadores reales de Arcade! Gran experiencia.<\/p>\n<p>Funci\u00f3n:<\/p>\n<p>Soporta emuladores MAME, FBA, FC, SFC, PCE, GBA, GBC, MD, PSP, PS, N64. Pausa\/Salir de los juegos; -Guardar\/Cargar juegos; -Ocultar juegos; -Buscar juegos; -Juegos recientes; -Controlador USB externo; -Juegos multijugador (4 jugadores); -Botones personalizables; -Clasificaci\u00f3n de juegos; -Mejora de la imagen-Idioma (ingl\u00e9s\/chino\/coreano\/japon\u00e9s\/espa\u00f1ol), etc. Funci\u00f3n Joypad: Soporta conectar el gamepad para hacer 3 o 4 jugadores<\/p>\n<table>\n<tbody>\n<tr>\n<td height=\"30\"><strong>\u00bfNombre del producto?<\/strong><\/td>\n<td colspan=\"2\" height=\"30\">Consola de juegos Arcade<\/td>\n<\/tr>\n<tr>\n<td height=\"30\"><strong>Juego:<\/strong><\/td>\n<td colspan=\"2\" height=\"30\">6688 en 1 juego cl\u00e1sico<\/td>\n<\/tr>\n<tr>\n<td height=\"30\"><strong>Tama\u00f1o:<\/strong><\/td>\n<td colspan=\"2\" height=\"30\">Aproximadamente: 67* 25* 16cm<\/td>\n<\/tr>\n<tr>\n<td height=\"30\"><strong>Dise\u00f1o<\/strong><\/td>\n<td colspan=\"2\" height=\"30\">Tablero acr\u00edlico+caja met\u00e1lica<\/td>\n<\/tr>\n<tr>\n<td height=\"30\"><strong>Tensi\u00f3n:<\/strong><\/td>\n<td colspan=\"2\" height=\"30\">Soporta la entrada de 110-240V, con soporte universal<\/td>\n<\/tr>\n<tr>\n<td rowspan=\"2\" height=\"60\"><strong>V\u00eddeo:<\/strong><\/td>\n<td height=\"30\">HD 720P<\/td>\n<td height=\"30\">Salida digital de alta definici\u00f3n<\/td>\n<\/tr>\n<tr>\n<td height=\"30\">VGA\/1280\u00d7720<\/td>\n<td height=\"30\">Salida de v\u00eddeo de alta definici\u00f3n VGA<\/td>\n<\/tr>\n<tr>\n<td height=\"30\"><strong>Peso:<\/strong><\/td>\n<td colspan=\"2\" height=\"30\">6.0kg<\/td>\n<\/tr>\n<tr>\n<td height=\"30\"><strong>Embalaje:<\/strong><\/td>\n<td colspan=\"2\" height=\"30\">Caja<\/td>\n<\/tr>\n<tr>\n<td height=\"30\"><strong>Observaciones:<\/strong><\/td>\n<td colspan=\"2\" height=\"30\">Lista de juegos disponible; cable de alimentaci\u00f3n con enchufe EU \/ US \/ UK \/ AU disponible.<\/td>\n<\/tr>\n<\/tbody>\n<\/table>\n<\/div>\n<\/section>\n<div class=\"av-special-heading av-special-heading-h3 blockquote modern-quote avia-builder-el-14 el_after_av_textblock el_before_av_hr \" style=\"padding-bottom: 10px;\">\n<h3 class=\"av-special-heading-tag \">V\u00eddeo<\/h3>\n<div class=\"special-heading-border\">\n<div class=\"special-heading-inner-border\"><\/div>\n<\/div>\n<\/div>\n<div class=\"hr hr-custom hr-center hr-icon-no avia-builder-el-15 el_after_av_heading el_before_av_video \"><\/div>\n<div class=\"avia-video avia-video-16-9 av-lazyload-immediate av-lazyload-video-embed \" data-original_url=\"https:\/\/www.youtube.com\/watch?v=8mSjAlxwQuA\">\n<div class=\"avia-iframe-wrap\"><iframe title=\"6688 en 1 juego arcade jamma pcb board pandora E-sportbox\" src=\"https:\/\/www.youtube.com\/embed\/8mSjAlxwQuA?feature=oembed&amp;autoplay=0&amp;loop=0&amp;controls=1&amp;mute=0\" width=\"1500\" height=\"844\" frameborder=\"0\" allowfullscreen=\"allowfullscreen\"><\/iframe><\/div>\n<p>&nbsp;<\/p>\n<div class=\"av-click-to-play-overlay\">\n<div class=\"avia_playpause_icon\"><\/div>\n<\/div>\n<\/div>\n<div class=\"av-special-heading av-special-heading-h3 blockquote modern-quote avia-builder-el-17 el_after_av_video el_before_av_hr \" style=\"padding-bottom: 10px;\">\n<h3 class=\"av-special-heading-tag \"><\/h3>\n<\/div>\n","protected":false},"excerpt":{"rendered":"<p>Vendemos una amplia gama de placas de juegos de arcade, PCB y kits de conversi\u00f3n para gabinetes de arcade que son el alma de un juego. La mayor\u00eda de las placas que vendemos han sido probadas y funcionan.Actualice su m\u00e1quina arcade con los \u00faltimos juegos y hardware con una de nuestras placas de juegos arcade o kits de conversi\u00f3n.<\/p>\n","protected":false},"featured_media":5659,"template":"","meta":{"om_disable_all_campaigns":false,"_monsterinsights_skip_tracking":false,"_monsterinsights_sitenote_active":false,"_monsterinsights_sitenote_note":"","_monsterinsights_sitenote_category":0,"_uf_show_specific_survey":0,"_uf_disable_surveys":false},"product_cat":[242,234],"product_tag":[],"class_list":["post-6619","product","type-product","status-publish","has-post-thumbnail","hentry","product_cat-tablero-de-juego-de-pandora","product_cat-tablero-de-juego-multiple"],"yoast_head":"<!-- This site is optimized with the Yoast SEO Premium plugin v15.5 - https:\/\/yoast.com\/wordpress\/plugins\/seo\/ -->\n<title>6688 En 1 Caja de Juegos Pandora 3d Consola Arcade - Bleegame<\/title>\n<meta name=\"robots\" content=\"index, follow, max-snippet:-1, max-image-preview:large, max-video-preview:-1\" \/>\n<link rel=\"canonical\" href=\"https:\/\/bleegame.com\/es\/producto\/6688-in-1-3d-pandora-game-box-arcade-console-2\/\" \/>\n<meta property=\"og:locale\" content=\"es_ES\" \/>\n<meta property=\"og:type\" content=\"article\" \/>\n<meta property=\"og:title\" content=\"6688 En 1 Caja de Juegos Pandora 3d Consola Arcade - Bleegame\" \/>\n<meta property=\"og:description\" content=\"Vendemos una amplia gama de placas de juegos de arcade, PCB y kits de conversi\u00f3n para gabinetes de arcade que son el alma de un juego. La mayor\u00eda de las placas que vendemos han sido probadas y funcionan.Actualice su m\u00e1quina arcade con los \u00faltimos juegos y hardware con una de nuestras placas de juegos arcade o kits de conversi\u00f3n.\" \/>\n<meta property=\"og:url\" content=\"https:\/\/bleegame.com\/es\/producto\/6688-in-1-3d-pandora-game-box-arcade-console-2\/\" \/>\n<meta property=\"og:site_name\" content=\"Bleegame\" \/>\n<meta name=\"twitter:card\" content=\"summary_large_image\" \/>\n<meta name=\"twitter:label1\" content=\"Tiempo de lectura\">\n\t<meta name=\"twitter:data1\" content=\"1 minuto\">\n<script type=\"application\/ld+json\" class=\"yoast-schema-graph\">{\"@context\":\"https:\/\/schema.org\",\"@graph\":[{\"@type\":\"WebSite\",\"@id\":\"https:\/\/bleegame.com\/es\/#website\",\"url\":\"https:\/\/bleegame.com\/es\/\",\"name\":\"Bleegame\",\"description\":\"One-stop Amusement Coin Operated Games  Machine procurement center\",\"potentialAction\":[{\"@type\":\"SearchAction\",\"target\":\"https:\/\/bleegame.com\/es\/?s={search_term_string}\",\"query-input\":\"required name=search_term_string\"}],\"inLanguage\":\"es\"},{\"@type\":\"ImageObject\",\"@id\":\"https:\/\/bleegame.com\/es\/producto\/6688-in-1-3d-pandora-game-box-arcade-console-2\/#primaryimage\",\"inLanguage\":\"es\",\"url\":\"https:\/\/bleegame.com\/wp-content\/uploads\/2022\/07\/kongjianzuhe4-1.jpg\",\"width\":750,\"height\":750},{\"@type\":\"WebPage\",\"@id\":\"https:\/\/bleegame.com\/es\/producto\/6688-in-1-3d-pandora-game-box-arcade-console-2\/#webpage\",\"url\":\"https:\/\/bleegame.com\/es\/producto\/6688-in-1-3d-pandora-game-box-arcade-console-2\/\",\"name\":\"6688 En 1 Caja de Juegos Pandora 3d Consola Arcade - Bleegame\",\"isPartOf\":{\"@id\":\"https:\/\/bleegame.com\/es\/#website\"},\"primaryImageOfPage\":{\"@id\":\"https:\/\/bleegame.com\/es\/producto\/6688-in-1-3d-pandora-game-box-arcade-console-2\/#primaryimage\"},\"datePublished\":\"2022-07-26T02:44:52+00:00\",\"dateModified\":\"2022-07-26T02:44:52+00:00\",\"breadcrumb\":{\"@id\":\"https:\/\/bleegame.com\/es\/producto\/6688-in-1-3d-pandora-game-box-arcade-console-2\/#breadcrumb\"},\"inLanguage\":\"es\",\"potentialAction\":[{\"@type\":\"ReadAction\",\"target\":[\"https:\/\/bleegame.com\/es\/producto\/6688-in-1-3d-pandora-game-box-arcade-console-2\/\"]}]},{\"@type\":\"BreadcrumbList\",\"@id\":\"https:\/\/bleegame.com\/es\/producto\/6688-in-1-3d-pandora-game-box-arcade-console-2\/#breadcrumb\",\"itemListElement\":[{\"@type\":\"ListItem\",\"position\":1,\"item\":{\"@type\":\"WebPage\",\"@id\":\"https:\/\/bleegame.com\/es\/producto\/\",\"url\":\"https:\/\/bleegame.com\/es\/producto\/\",\"name\":\"Producto\"}},{\"@type\":\"ListItem\",\"position\":2,\"item\":{\"@type\":\"WebPage\",\"@id\":\"https:\/\/bleegame.com\/es\/producto\/6688-in-1-3d-pandora-game-box-arcade-console-2\/\",\"url\":\"https:\/\/bleegame.com\/es\/producto\/6688-in-1-3d-pandora-game-box-arcade-console-2\/\",\"name\":\"6688 En 1 Caja de Juegos Pandora 3d Consola Arcade\"}}]}]}<\/script>\n<!-- \/ Yoast SEO Premium plugin. -->","_links":{"self":[{"href":"https:\/\/bleegame.com\/es\/wp-json\/wp\/v2\/product\/6619","targetHints":{"allow":["GET"]}}],"collection":[{"href":"https:\/\/bleegame.com\/es\/wp-json\/wp\/v2\/product"}],"about":[{"href":"https:\/\/bleegame.com\/es\/wp-json\/wp\/v2\/types\/product"}],"version-history":[{"count":0,"href":"https:\/\/bleegame.com\/es\/wp-json\/wp\/v2\/product\/6619\/revisions"}],"wp:featuredmedia":[{"embeddable":true,"href":"https:\/\/bleegame.com\/es\/wp-json\/wp\/v2\/media\/5659"}],"wp:attachment":[{"href":"https:\/\/bleegame.com\/es\/wp-json\/wp\/v2\/media?parent=6619"}],"wp:term":[{"taxonomy":"product_cat","embeddable":true,"href":"https:\/\/bleegame.com\/es\/wp-json\/wp\/v2\/product_cat?post=6619"},{"taxonomy":"product_tag","embeddable":true,"href":"https:\/\/bleegame.com\/es\/wp-json\/wp\/v2\/product_tag?post=6619"}],"curies":[{"name":"wp","href":"https:\/\/api.w.org\/{rel}","templated":true}]}}