{"id":6620,"date":"2022-07-26T02:18:29","date_gmt":"2022-07-26T02:18:29","guid":{"rendered":"https:\/\/bleegame.com\/product\/aceptador-de-monedas-para-maquinas-expendedoras-jy-108\/"},"modified":"2022-07-26T02:18:29","modified_gmt":"2022-07-26T02:18:29","slug":"maquina-expendedora-aceptadora-de-monedas-jy-108","status":"publish","type":"product","link":"https:\/\/bleegame.com\/es\/producto\/maquina-expendedora-aceptadora-de-monedas-jy-108\/","title":{"rendered":"Aceptador de monedas para m\u00e1quinas expendedoras JY-108"},"content":{"rendered":"<div class=\"special-heading-border\">\n<div class=\"special-heading-inner-border\"><\/div>\n<\/div>\n<\/div>\n<div style=\"  margin-top:; margin-bottom:;\" class=\"hr hr-custom hr-center hr-icon-no avia-builder-el-12 el_after_av_heading el_before_av_textblock \"><span class=\"hr-inner inner-border-av-border-thin\" style=\"  width:1550px;\"><span class=\"hr-inner-style\"><\/span><\/span><\/div>\n<section class=\"av_textblock_section \" itemscope=\"itemscope\" itemtype=\"https:\/\/schema.org\/CreativeWork\">\n<div class=\"avia_textblock \" itemprop=\"text\">\n<p>Inteligencia profesional y garant\u00eda de calidad<br \/>concepto de dise\u00f1o de alta calidad, riguroso y cient\u00edfico<br \/>detalle:<br \/>1.ranura para monedas<br \/>entrada de moneda, boca de moneda plateada, desgaste duradero.<br \/>2.descripci\u00f3n de la etiqueta<br \/>logo genuino \/ modelo \/ m\u00e1quina expendedora dedicada espect\u00e1culo.<br \/>3. salir de la moneda<br \/>el espect\u00e1culo del puerto de retorno de monedas puede ser f\u00e1cilmente manejado.<br \/>4.QC3<br \/>la f\u00e1brica ha sido estrictamente inspeccionada y la calidad est\u00e1 garantizada.<br \/>La detecci\u00f3n precisa de la bobina 5.induction identifica cada entrada en el pasilloUna moneda para evitar la entrada de dinero falso en la caja<br \/>6.bot\u00f3n de configuraci\u00f3n<br \/>cuando la moneda no es suave o no se puede acu\u00f1ar.el bot\u00f3n se puede restablecer a trav\u00e9s del bot\u00f3n de ajuste monedero<br \/>7.toma de corriente<br \/>la toma de corriente est\u00e1 conectada al cable de alimentaci\u00f3n de 12V para evitar que se enchufe<br \/>8.Normalmente abierto (N.O)normalmente cerrado (N.C)<br \/>Notmally no se mueve<br \/>90Ajuste el interruptor de par\u00e1metros<br \/>los interruptores vienen ajustados de f\u00e1brica: accuratr, normal y relax (normalmente no se mueve)<\/p>\n<\/div>\n<\/section>\n<div style=\"padding-bottom:10px;  \" class=\"av-special-heading av-special-heading-h3 blockquote modern-quote avia-builder-el-14 el_after_av_textblock el_before_av_hr \">\n<h3 class=\"av-special-heading-tag \" itemprop=\"headline\">V\u00eddeo<\/h3>\n<div class=\"special-heading-border\">\n<div class=\"special-heading-inner-border\"><\/div>\n<\/div>\n<\/div>\n<div style=\"  margin-top:; margin-bottom:;\" class=\"hr hr-custom hr-center hr-icon-no avia-builder-el-15 el_after_av_heading el_before_av_video \"><span class=\"hr-inner inner-border-av-border-thin\" style=\"  width:1550px;\"><span class=\"hr-inner-style\"><\/span><\/span><\/div>\n<div class=\"avia-video avia-video-16-9 av-lazyload-immediate av-lazyload-video-embed \" itemprop=\"video\" itemtype=\"https:\/\/schema.org\/VideoObject\" data-original_url=\"https:\/\/www.youtube.com\/watch?v=ArKVtVvEB7I\">\n<div class=\"avia-iframe-wrap\"><iframe title=\"JY108??\u0376????\u04bb\u052a5??\" width=\"1333\" height=\"1000\" frameborder=\"0\" allow=\"accelerometer; autoplay; clipboard-write; encrypted-media; gyroscope; picture-in-picture\" allowfullscreen=\"\" src=\"https:\/\/www.youtube.com\/embed\/ArKVtVvEB7I?feature=oembed&amp;autoplay=0&amp;loop=0&amp;controls=1&amp;mute=0\"><\/iframe><\/div>\n<p><\/script><\/p>\n<div class=\"av-click-to-play-overlay\">\n<div class=\"avia_playpause_icon\"><\/div>\n<\/div>\n<\/div>\n<div style='padding-bottom:10px; ' class='av-special-heading av-special-heading-h3 blockquote modern-quote avia-builder-el-17 el_after_av_video el_before_av_hr '>\n<h3 class='av-special-heading-tag ' itemprop=\"headline\">\n","protected":false},"excerpt":{"rendered":"<p>Ya sea que est\u00e9 construyendo su propio gabinete de arcade o simplemente cobrando la entrada a su casa, este aceptador de monedas programable hace que sea f\u00e1cil monetizar su pr\u00f3ximo proyecto. Hay un mont\u00f3n de proyectos geniales que funcionan con monedas y que est\u00e1n *esperando* a ser construidos.<\/p>\n","protected":false},"featured_media":7107,"template":"","meta":{"om_disable_all_campaigns":false,"_monsterinsights_skip_tracking":false,"_monsterinsights_sitenote_active":false,"_monsterinsights_sitenote_note":"","_monsterinsights_sitenote_category":0,"_uf_show_specific_survey":0,"_uf_disable_surveys":false},"product_cat":[230,236],"product_tag":[],"class_list":["post-6620","product","type-product","status-publish","has-post-thumbnail","hentry","product_cat-aceptador-de-monedas","product_cat-comparacion-de-monederos"],"yoast_head":"<!-- This site is optimized with the Yoast SEO Premium plugin v15.5 - https:\/\/yoast.com\/wordpress\/plugins\/seo\/ -->\n<title>Aceptador de monedas para m\u00e1quinas expendedoras JY-108 - Bleegame<\/title>\n<meta name=\"robots\" content=\"index, follow, max-snippet:-1, max-image-preview:large, max-video-preview:-1\" \/>\n<link rel=\"canonical\" href=\"https:\/\/bleegame.com\/es\/producto\/maquina-expendedora-aceptadora-de-monedas-jy-108\/\" \/>\n<meta property=\"og:locale\" content=\"es_ES\" \/>\n<meta property=\"og:type\" content=\"article\" \/>\n<meta property=\"og:title\" content=\"Aceptador de monedas para m\u00e1quinas expendedoras JY-108 - Bleegame\" \/>\n<meta property=\"og:description\" content=\"Ya sea que est\u00e9 construyendo su propio gabinete de arcade o simplemente cobrando la entrada a su casa, este aceptador de monedas programable hace que sea f\u00e1cil monetizar su pr\u00f3ximo proyecto. Hay un mont\u00f3n de proyectos geniales que funcionan con monedas y que est\u00e1n *esperando* a ser construidos.\" \/>\n<meta property=\"og:url\" content=\"https:\/\/bleegame.com\/es\/producto\/maquina-expendedora-aceptadora-de-monedas-jy-108\/\" \/>\n<meta property=\"og:site_name\" content=\"Bleegame\" \/>\n<meta name=\"twitter:card\" content=\"summary_large_image\" \/>\n<meta name=\"twitter:label1\" content=\"Tiempo de lectura\">\n\t<meta name=\"twitter:data1\" content=\"1 minuto\">\n<script type=\"application\/ld+json\" class=\"yoast-schema-graph\">{\"@context\":\"https:\/\/schema.org\",\"@graph\":[{\"@type\":\"WebSite\",\"@id\":\"https:\/\/bleegame.com\/es\/#website\",\"url\":\"https:\/\/bleegame.com\/es\/\",\"name\":\"Bleegame\",\"description\":\"One-stop Amusement Coin Operated Games  Machine procurement center\",\"potentialAction\":[{\"@type\":\"SearchAction\",\"target\":\"https:\/\/bleegame.com\/es\/?s={search_term_string}\",\"query-input\":\"required name=search_term_string\"}],\"inLanguage\":\"es\"},{\"@type\":\"ImageObject\",\"@id\":\"https:\/\/bleegame.com\/es\/producto\/maquina-expendedora-aceptadora-de-monedas-jy-108\/#primaryimage\",\"inLanguage\":\"es\",\"url\":\"https:\/\/bleegame.com\/wp-content\/uploads\/2022\/07\/1-138.jpg\",\"width\":800,\"height\":800,\"caption\":\"coin acceptor eu2\"},{\"@type\":\"WebPage\",\"@id\":\"https:\/\/bleegame.com\/es\/producto\/maquina-expendedora-aceptadora-de-monedas-jy-108\/#webpage\",\"url\":\"https:\/\/bleegame.com\/es\/producto\/maquina-expendedora-aceptadora-de-monedas-jy-108\/\",\"name\":\"Aceptador de monedas para m\\u00e1quinas expendedoras JY-108 - Bleegame\",\"isPartOf\":{\"@id\":\"https:\/\/bleegame.com\/es\/#website\"},\"primaryImageOfPage\":{\"@id\":\"https:\/\/bleegame.com\/es\/producto\/maquina-expendedora-aceptadora-de-monedas-jy-108\/#primaryimage\"},\"datePublished\":\"2022-07-26T02:18:29+00:00\",\"dateModified\":\"2022-07-26T02:18:29+00:00\",\"breadcrumb\":{\"@id\":\"https:\/\/bleegame.com\/es\/producto\/maquina-expendedora-aceptadora-de-monedas-jy-108\/#breadcrumb\"},\"inLanguage\":\"es\",\"potentialAction\":[{\"@type\":\"ReadAction\",\"target\":[\"https:\/\/bleegame.com\/es\/producto\/maquina-expendedora-aceptadora-de-monedas-jy-108\/\"]}]},{\"@type\":\"BreadcrumbList\",\"@id\":\"https:\/\/bleegame.com\/es\/producto\/maquina-expendedora-aceptadora-de-monedas-jy-108\/#breadcrumb\",\"itemListElement\":[{\"@type\":\"ListItem\",\"position\":1,\"item\":{\"@type\":\"WebPage\",\"@id\":\"https:\/\/bleegame.com\/es\/producto\/\",\"url\":\"https:\/\/bleegame.com\/es\/producto\/\",\"name\":\"Producto\"}},{\"@type\":\"ListItem\",\"position\":2,\"item\":{\"@type\":\"WebPage\",\"@id\":\"https:\/\/bleegame.com\/es\/producto\/maquina-expendedora-aceptadora-de-monedas-jy-108\/\",\"url\":\"https:\/\/bleegame.com\/es\/producto\/maquina-expendedora-aceptadora-de-monedas-jy-108\/\",\"name\":\"Aceptador de monedas para m\\u00e1quinas expendedoras JY-108\"}}]}]}<\/script>\n<!-- \/ Yoast SEO Premium plugin. -->","_links":{"self":[{"href":"https:\/\/bleegame.com\/es\/wp-json\/wp\/v2\/product\/6620","targetHints":{"allow":["GET"]}}],"collection":[{"href":"https:\/\/bleegame.com\/es\/wp-json\/wp\/v2\/product"}],"about":[{"href":"https:\/\/bleegame.com\/es\/wp-json\/wp\/v2\/types\/product"}],"version-history":[{"count":0,"href":"https:\/\/bleegame.com\/es\/wp-json\/wp\/v2\/product\/6620\/revisions"}],"wp:featuredmedia":[{"embeddable":true,"href":"https:\/\/bleegame.com\/es\/wp-json\/wp\/v2\/media\/7107"}],"wp:attachment":[{"href":"https:\/\/bleegame.com\/es\/wp-json\/wp\/v2\/media?parent=6620"}],"wp:term":[{"taxonomy":"product_cat","embeddable":true,"href":"https:\/\/bleegame.com\/es\/wp-json\/wp\/v2\/product_cat?post=6620"},{"taxonomy":"product_tag","embeddable":true,"href":"https:\/\/bleegame.com\/es\/wp-json\/wp\/v2\/product_tag?post=6620"}],"curies":[{"name":"wp","href":"https:\/\/api.w.org\/{rel}","templated":true}]}}