{"id":6621,"date":"2022-07-26T02:44:51","date_gmt":"2022-07-26T02:44:51","guid":{"rendered":"https:\/\/bleegame.com\/product\/interruptor-de-la-puerta-6-lenguetas-momentaneo-on-off\/"},"modified":"2022-07-26T02:44:51","modified_gmt":"2022-07-26T02:44:51","slug":"interruptor-puerta-6-tabulador-activo-momentaneo","status":"publish","type":"product","link":"https:\/\/bleegame.com\/es\/producto\/interruptor-puerta-6-tabulador-activo-momentaneo\/","title":{"rendered":"INTERRUPTOR DE LA PUERTA 6 LENG\u00dcETAS MOMENT\u00c1NEO ON\/OFF"},"content":{"rendered":"<div class=\"special-heading-border\">\n<div class=\"special-heading-inner-border\"><\/div>\n<\/div>\n<\/div>\n<div style=\"  margin-top:; margin-bottom:;\" class=\"hr hr-custom hr-center hr-icon-no avia-builder-el-12 el_after_av_heading el_before_av_textblock \"><span class=\"hr-inner inner-border-av-border-thin\" style=\"  width:1550px;\"><span class=\"hr-inner-style\"><\/span><\/span><\/div>\n<section class=\"av_textblock_section \" itemscope=\"itemscope\" itemtype=\"https:\/\/schema.org\/CreativeWork\">\n<div class=\"avia_textblock \" itemprop=\"text\">\n<p>Especificaci\u00f3n:<\/p>\n<p>Estilo de terminal: Pin plano y de conexi\u00f3n r\u00e1pida, con 6 pines<br \/>estilo de circuito: 30 veces\/min.<br \/>ciclos: 10000 veces<br \/>temperaturas de funcionamiento: -25~+60<br \/>humedad:1 0~95<br \/>Tensi\u00f3n nominal: 250VAC<br \/>Corriente nominal: 0,5A<br \/>Frecuencia nominal: 50\/60Hz<br \/>Superficie exterior: La superficie expuesta deber\u00e1 ser lisa y acabada, sin el<br \/>defectos de ampollas, grietas, falta de materiales, hinchaz\u00f3n, informaci\u00f3n, etc.<\/p>\n<p>El marcado deber\u00e1 ser legible y duradero.<\/p>\n<p>Resistencia a las llamas: Aplicar el fuego, y el fuego se extinguir\u00e1 despu\u00e9s de la eliminaci\u00f3n del fuego<br \/>Los mandos se comprueban al 100% en cuanto a su funcionamiento y se someten a pruebas diel\u00e9ctricas<\/p>\n<\/div>\n<\/section>\n<div style=\"padding-bottom:10px;  \" class=\"av-special-heading av-special-heading-h3 blockquote modern-quote avia-builder-el-14 el_after_av_textblock el_before_av_hr \">\n<h3 class=\"av-special-heading-tag \" itemprop=\"headline\">V\u00eddeo<\/h3>\n<div class=\"special-heading-border\">\n<div class=\"special-heading-inner-border\"><\/div>\n<\/div>\n<\/div>\n<div style=\"  margin-top:; margin-bottom:;\" class=\"hr hr-custom hr-center hr-icon-no avia-builder-el-15 el_after_av_heading el_before_av_video \"><span class=\"hr-inner inner-border-av-border-thin\" style=\"  width:1550px;\"><span class=\"hr-inner-style\"><\/span><\/span><\/div>\n<div class=\"avia-video avia-video-16-9 avia-video-html5 \" itemprop=\"video\" itemtype=\"https:\/\/schema.org\/VideoObject\" data-original_url=\"https:\/\/www.bleegame.com\/wp-content\/uploads\/2022\/04\/\u95e8\u5f00\u5173-6\u811a\uff08\u53ef\u62c9\uff09\uff0810M\uff09.mp4\"><video class=\"avia_video\" preload=\"auto\" controls=\"\" id=\"player_16998_689991169_1814173272\"><source src=\"https:\/\/www.bleegame.com\/wp-content\/uploads\/2022\/04\/%E9%97%A8%E5%BC%80%E5%85%B3-6%E8%84%9A%EF%BC%88%E5%8F%AF%E6%8B%89%EF%BC%89%EF%BC%8810M%EF%BC%89.mp4\" type=\"video\/mp4\"><\/source><\/video><\/div>\n<div style='padding-bottom:10px; ' class='av-special-heading av-special-heading-h3 blockquote modern-quote avia-builder-el-17 el_after_av_video el_before_av_hr '>\n<h3 class='av-special-heading-tag ' itemprop=\"headline\">\n","protected":false},"excerpt":{"rendered":"<p>Disponemos de una gama de joysticks arcade, que son adecuados para diversos proyectos de m\u00e1quinas arcade, uso comercial y proyectos acad\u00e9micos.<\/p>\n","protected":false},"featured_media":5639,"template":"","meta":{"om_disable_all_campaigns":false,"_monsterinsights_skip_tracking":false,"_monsterinsights_sitenote_active":false,"_monsterinsights_sitenote_note":"","_monsterinsights_sitenote_category":0,"_uf_show_specific_survey":0,"_uf_disable_surveys":false},"product_cat":[239],"product_tag":[],"class_list":["post-6621","product","type-product","status-publish","has-post-thumbnail","hentry","product_cat-otras-piezas-de-arcade"],"yoast_head":"<!-- This site is optimized with the Yoast SEO Premium plugin v15.5 - https:\/\/yoast.com\/wordpress\/plugins\/seo\/ -->\n<title>INTERRUPTOR DE LA PUERTA 6 LENG\u00dcETAS MOMENT\u00c1NEO ON\/OFF - Bleegame<\/title>\n<meta name=\"robots\" content=\"index, follow, max-snippet:-1, max-image-preview:large, max-video-preview:-1\" \/>\n<link rel=\"canonical\" href=\"https:\/\/bleegame.com\/es\/producto\/interruptor-puerta-6-tabulador-activo-momentaneo\/\" \/>\n<meta property=\"og:locale\" content=\"es_ES\" \/>\n<meta property=\"og:type\" content=\"article\" \/>\n<meta property=\"og:title\" content=\"INTERRUPTOR DE LA PUERTA 6 LENG\u00dcETAS MOMENT\u00c1NEO ON\/OFF - Bleegame\" \/>\n<meta property=\"og:description\" content=\"Disponemos de una gama de joysticks arcade, que son adecuados para diversos proyectos de m\u00e1quinas arcade, uso comercial y proyectos acad\u00e9micos.\" \/>\n<meta property=\"og:url\" content=\"https:\/\/bleegame.com\/es\/producto\/interruptor-puerta-6-tabulador-activo-momentaneo\/\" \/>\n<meta property=\"og:site_name\" content=\"Bleegame\" \/>\n<meta name=\"twitter:card\" content=\"summary_large_image\" \/>\n<meta name=\"twitter:label1\" content=\"Tiempo de lectura\">\n\t<meta name=\"twitter:data1\" content=\"0 minutos\">\n<script type=\"application\/ld+json\" class=\"yoast-schema-graph\">{\"@context\":\"https:\/\/schema.org\",\"@graph\":[{\"@type\":\"WebSite\",\"@id\":\"https:\/\/bleegame.com\/es\/#website\",\"url\":\"https:\/\/bleegame.com\/es\/\",\"name\":\"Bleegame\",\"description\":\"One-stop Amusement Coin Operated Games  Machine procurement center\",\"potentialAction\":[{\"@type\":\"SearchAction\",\"target\":\"https:\/\/bleegame.com\/es\/?s={search_term_string}\",\"query-input\":\"required name=search_term_string\"}],\"inLanguage\":\"es\"},{\"@type\":\"ImageObject\",\"@id\":\"https:\/\/bleegame.com\/es\/producto\/interruptor-puerta-6-tabulador-activo-momentaneo\/#primaryimage\",\"inLanguage\":\"es\",\"url\":\"https:\/\/bleegame.com\/wp-content\/uploads\/2022\/07\/01kuanshi-1.jpg\",\"width\":800,\"height\":800},{\"@type\":\"WebPage\",\"@id\":\"https:\/\/bleegame.com\/es\/producto\/interruptor-puerta-6-tabulador-activo-momentaneo\/#webpage\",\"url\":\"https:\/\/bleegame.com\/es\/producto\/interruptor-puerta-6-tabulador-activo-momentaneo\/\",\"name\":\"INTERRUPTOR DE LA PUERTA 6 LENG\\u00dcETAS MOMENT\\u00c1NEO ON\/OFF - Bleegame\",\"isPartOf\":{\"@id\":\"https:\/\/bleegame.com\/es\/#website\"},\"primaryImageOfPage\":{\"@id\":\"https:\/\/bleegame.com\/es\/producto\/interruptor-puerta-6-tabulador-activo-momentaneo\/#primaryimage\"},\"datePublished\":\"2022-07-26T02:44:51+00:00\",\"dateModified\":\"2022-07-26T02:44:51+00:00\",\"breadcrumb\":{\"@id\":\"https:\/\/bleegame.com\/es\/producto\/interruptor-puerta-6-tabulador-activo-momentaneo\/#breadcrumb\"},\"inLanguage\":\"es\",\"potentialAction\":[{\"@type\":\"ReadAction\",\"target\":[\"https:\/\/bleegame.com\/es\/producto\/interruptor-puerta-6-tabulador-activo-momentaneo\/\"]}]},{\"@type\":\"BreadcrumbList\",\"@id\":\"https:\/\/bleegame.com\/es\/producto\/interruptor-puerta-6-tabulador-activo-momentaneo\/#breadcrumb\",\"itemListElement\":[{\"@type\":\"ListItem\",\"position\":1,\"item\":{\"@type\":\"WebPage\",\"@id\":\"https:\/\/bleegame.com\/es\/producto\/\",\"url\":\"https:\/\/bleegame.com\/es\/producto\/\",\"name\":\"Producto\"}},{\"@type\":\"ListItem\",\"position\":2,\"item\":{\"@type\":\"WebPage\",\"@id\":\"https:\/\/bleegame.com\/es\/producto\/interruptor-puerta-6-tabulador-activo-momentaneo\/\",\"url\":\"https:\/\/bleegame.com\/es\/producto\/interruptor-puerta-6-tabulador-activo-momentaneo\/\",\"name\":\"INTERRUPTOR DE LA PUERTA 6 LENG\\u00dcETAS MOMENT\\u00c1NEO ON\/OFF\"}}]}]}<\/script>\n<!-- \/ Yoast SEO Premium plugin. -->","_links":{"self":[{"href":"https:\/\/bleegame.com\/es\/wp-json\/wp\/v2\/product\/6621","targetHints":{"allow":["GET"]}}],"collection":[{"href":"https:\/\/bleegame.com\/es\/wp-json\/wp\/v2\/product"}],"about":[{"href":"https:\/\/bleegame.com\/es\/wp-json\/wp\/v2\/types\/product"}],"version-history":[{"count":0,"href":"https:\/\/bleegame.com\/es\/wp-json\/wp\/v2\/product\/6621\/revisions"}],"wp:featuredmedia":[{"embeddable":true,"href":"https:\/\/bleegame.com\/es\/wp-json\/wp\/v2\/media\/5639"}],"wp:attachment":[{"href":"https:\/\/bleegame.com\/es\/wp-json\/wp\/v2\/media?parent=6621"}],"wp:term":[{"taxonomy":"product_cat","embeddable":true,"href":"https:\/\/bleegame.com\/es\/wp-json\/wp\/v2\/product_cat?post=6621"},{"taxonomy":"product_tag","embeddable":true,"href":"https:\/\/bleegame.com\/es\/wp-json\/wp\/v2\/product_tag?post=6621"}],"curies":[{"name":"wp","href":"https:\/\/api.w.org\/{rel}","templated":true}]}}