{"id":6622,"date":"2022-07-26T02:44:55","date_gmt":"2022-07-26T02:44:55","guid":{"rendered":"https:\/\/bleegame.com\/product\/selector-electronico-de-monedas-comparable-con-cpu-weiya\/"},"modified":"2022-07-26T02:44:55","modified_gmt":"2022-07-26T02:44:55","slug":"weiya-cpu-comparable-electronic-coin-selector-2","status":"publish","type":"product","link":"https:\/\/bleegame.com\/es\/producto\/weiya-cpu-comparable-electronic-coin-selector-2\/","title":{"rendered":"SELECTOR ELECTR\u00d3NICO DE MONEDAS COMPARABLE CON CPU Weiya"},"content":{"rendered":"<div class=\"special-heading-border\">\n<div class=\"special-heading-inner-border\"><\/div>\n<\/div>\n<\/div>\n<div style=\"  margin-top:; margin-bottom:;\" class=\"hr hr-custom hr-center hr-icon-no avia-builder-el-12 el_after_av_heading el_before_av_textblock \"><span class=\"hr-inner inner-border-av-border-thin\" style=\"  width:1550px;\"><span class=\"hr-inner-style\"><\/span><\/span><\/div>\n<section class=\"av_textblock_section \" itemscope=\"itemscope\" itemtype=\"https:\/\/schema.org\/CreativeWork\">\n<div class=\"avia_textblock \" itemprop=\"text\">\n<p>Este monedero comparable le permite elegir la moneda requerida. Todo lo que tienes que hacer es quitar la moneda de pl\u00e1stico de la parte trasera del mech y sustituirla por la moneda que te gustar\u00eda que aceptara el mech. Cada moneda introducida se \u00abcomparar\u00e1\u00bb con la que usted ha elegido para identificar una coincidencia. Si las monedas coinciden, se a\u00f1ade un cr\u00e9dito, si hay una diferencia en la moneda, es decir, un tipo incorrecto\/deformado, el mecanismo rechazar\u00e1 esa moneda.<\/p>\n<p>Este monedero necesita una fuente de alimentaci\u00f3n de 12 voltios para funcionar, que puede tomarse de un arn\u00e9s JAMMA o de un conector molex de repuesto en una fuente de alimentaci\u00f3n de PC &#8211; cable amarillo para 12V<\/p>\n<p><strong>Instalaci\u00f3n:<\/strong><br \/>Ajuste la placa de altura de la ranura al tama\u00f1o correcto de la moneda. Tenga en cuenta que, en el caso de las monedas m\u00e1s grandes, es mejor retirar esta placa para evitar que se apoye en la puerta de monedas.<br \/>Enganche la moneda de muestra correcta en el clip con resorte, en lugar de la moneda de pl\u00e1stico falsa.<br \/>Deje los interruptores sin modificar para la mayor\u00eda de las aplicaciones<\/p>\n<p><strong>Especificaciones de la moneda:<\/strong><br \/>Di\u00e1metro: 18mm ~ 31mm<br \/>Espesor: 1,2mm ~ 3,0mm<\/p>\n<p>El monedero se suministra con lo siguiente:<br \/>Tornillos de montaje cromados<br \/>Cable de conexi\u00f3n<br \/>Diodo Zener &#8211; Debe ser conectado para su uso con dispositivos de 5 voltios<\/p>\n<\/div>\n<\/section>\n<div style=\"padding-bottom:10px;  \" class=\"av-special-heading av-special-heading-h3 blockquote modern-quote avia-builder-el-14 el_after_av_textblock el_before_av_hr \">\n<h3 class=\"av-special-heading-tag \" itemprop=\"headline\">V\u00eddeo<\/h3>\n<div class=\"special-heading-border\">\n<div class=\"special-heading-inner-border\"><\/div>\n<\/div>\n<\/div>\n<div style=\"  margin-top:; margin-bottom:;\" class=\"hr hr-custom hr-center hr-icon-no avia-builder-el-15 el_after_av_heading el_before_av_video \"><span class=\"hr-inner inner-border-av-border-thin\" style=\"  width:1550px;\"><span class=\"hr-inner-style\"><\/span><\/span><\/div>\n<div class=\"avia-video avia-video-16-9 av-lazyload-immediate av-lazyload-video-embed \" itemprop=\"video\" itemtype=\"https:\/\/schema.org\/VideoObject\" data-original_url=\"https:\/\/www.youtube.com\/watch?v=DSkzfV3xvvQ\">\n<div class=\"avia-iframe-wrap\"><iframe title=\"\u591a\u5e01\u503c916\u6295\u5e01\u5668\uff08\u9632\u9493\u5e26\u58f0\u97f3\uff09\" width=\"1333\" height=\"1000\" frameborder=\"0\" allow=\"accelerometer; autoplay; clipboard-write; encrypted-media; gyroscope; picture-in-picture\" allowfullscreen=\"\" src=\"https:\/\/www.youtube.com\/embed\/DSkzfV3xvvQ?feature=oembed&amp;autoplay=0&amp;loop=0&amp;controls=1&amp;mute=0\"><\/iframe><\/div>\n<p><\/script><\/p>\n<div class=\"av-click-to-play-overlay\">\n<div class=\"avia_playpause_icon\"><\/div>\n<\/div>\n<\/div>\n<div style='padding-bottom:10px; ' class='av-special-heading av-special-heading-h3 blockquote modern-quote avia-builder-el-17 el_after_av_video el_before_av_hr '>\n<h3 class='av-special-heading-tag ' itemprop=\"headline\">\n","protected":false},"excerpt":{"rendered":"<p>Ya sea que est\u00e9 construyendo su propio gabinete de arcade o simplemente cobrando la entrada a su casa, este aceptador de monedas programable hace que sea f\u00e1cil monetizar su pr\u00f3ximo proyecto. Hay un mont\u00f3n de proyectos geniales que funcionan con monedas y que est\u00e1n *esperando* a ser construidos.<\/p>\n","protected":false},"featured_media":6913,"template":"","meta":{"om_disable_all_campaigns":false,"_monsterinsights_skip_tracking":false,"_monsterinsights_sitenote_active":false,"_monsterinsights_sitenote_note":"","_monsterinsights_sitenote_category":0,"_uf_show_specific_survey":0,"_uf_disable_surveys":false},"product_cat":[230,236],"product_tag":[],"class_list":["post-6622","product","type-product","status-publish","has-post-thumbnail","hentry","product_cat-aceptador-de-monedas","product_cat-comparacion-de-monederos"],"yoast_head":"<!-- This site is optimized with the Yoast SEO Premium plugin v15.5 - https:\/\/yoast.com\/wordpress\/plugins\/seo\/ -->\n<title>SELECTOR ELECTR\u00d3NICO DE MONEDAS COMPARABLE CON CPU Weiya - Bleegame<\/title>\n<meta name=\"robots\" content=\"index, follow, max-snippet:-1, max-image-preview:large, max-video-preview:-1\" \/>\n<link rel=\"canonical\" href=\"https:\/\/bleegame.com\/es\/producto\/weiya-cpu-comparable-electronic-coin-selector-2\/\" \/>\n<meta property=\"og:locale\" content=\"es_ES\" \/>\n<meta property=\"og:type\" content=\"article\" \/>\n<meta property=\"og:title\" content=\"SELECTOR ELECTR\u00d3NICO DE MONEDAS COMPARABLE CON CPU Weiya - Bleegame\" \/>\n<meta property=\"og:description\" content=\"Ya sea que est\u00e9 construyendo su propio gabinete de arcade o simplemente cobrando la entrada a su casa, este aceptador de monedas programable hace que sea f\u00e1cil monetizar su pr\u00f3ximo proyecto. Hay un mont\u00f3n de proyectos geniales que funcionan con monedas y que est\u00e1n *esperando* a ser construidos.\" \/>\n<meta property=\"og:url\" content=\"https:\/\/bleegame.com\/es\/producto\/weiya-cpu-comparable-electronic-coin-selector-2\/\" \/>\n<meta property=\"og:site_name\" content=\"Bleegame\" \/>\n<meta name=\"twitter:card\" content=\"summary_large_image\" \/>\n<meta name=\"twitter:label1\" content=\"Tiempo de lectura\">\n\t<meta name=\"twitter:data1\" content=\"1 minuto\">\n<script type=\"application\/ld+json\" class=\"yoast-schema-graph\">{\"@context\":\"https:\/\/schema.org\",\"@graph\":[{\"@type\":\"WebSite\",\"@id\":\"https:\/\/bleegame.com\/es\/#website\",\"url\":\"https:\/\/bleegame.com\/es\/\",\"name\":\"Bleegame\",\"description\":\"One-stop Amusement Coin Operated Games  Machine procurement center\",\"potentialAction\":[{\"@type\":\"SearchAction\",\"target\":\"https:\/\/bleegame.com\/es\/?s={search_term_string}\",\"query-input\":\"required name=search_term_string\"}],\"inLanguage\":\"es\"},{\"@type\":\"ImageObject\",\"@id\":\"https:\/\/bleegame.com\/es\/producto\/weiya-cpu-comparable-electronic-coin-selector-2\/#primaryimage\",\"inLanguage\":\"es\",\"url\":\"https:\/\/bleegame.com\/wp-content\/uploads\/2022\/07\/1-132.jpg\",\"width\":800,\"height\":800,\"caption\":\"wey ya coin selector\"},{\"@type\":\"WebPage\",\"@id\":\"https:\/\/bleegame.com\/es\/producto\/weiya-cpu-comparable-electronic-coin-selector-2\/#webpage\",\"url\":\"https:\/\/bleegame.com\/es\/producto\/weiya-cpu-comparable-electronic-coin-selector-2\/\",\"name\":\"SELECTOR ELECTR\\u00d3NICO DE MONEDAS COMPARABLE CON CPU Weiya - Bleegame\",\"isPartOf\":{\"@id\":\"https:\/\/bleegame.com\/es\/#website\"},\"primaryImageOfPage\":{\"@id\":\"https:\/\/bleegame.com\/es\/producto\/weiya-cpu-comparable-electronic-coin-selector-2\/#primaryimage\"},\"datePublished\":\"2022-07-26T02:44:55+00:00\",\"dateModified\":\"2022-07-26T02:44:55+00:00\",\"breadcrumb\":{\"@id\":\"https:\/\/bleegame.com\/es\/producto\/weiya-cpu-comparable-electronic-coin-selector-2\/#breadcrumb\"},\"inLanguage\":\"es\",\"potentialAction\":[{\"@type\":\"ReadAction\",\"target\":[\"https:\/\/bleegame.com\/es\/producto\/weiya-cpu-comparable-electronic-coin-selector-2\/\"]}]},{\"@type\":\"BreadcrumbList\",\"@id\":\"https:\/\/bleegame.com\/es\/producto\/weiya-cpu-comparable-electronic-coin-selector-2\/#breadcrumb\",\"itemListElement\":[{\"@type\":\"ListItem\",\"position\":1,\"item\":{\"@type\":\"WebPage\",\"@id\":\"https:\/\/bleegame.com\/es\/producto\/\",\"url\":\"https:\/\/bleegame.com\/es\/producto\/\",\"name\":\"Producto\"}},{\"@type\":\"ListItem\",\"position\":2,\"item\":{\"@type\":\"WebPage\",\"@id\":\"https:\/\/bleegame.com\/es\/producto\/weiya-cpu-comparable-electronic-coin-selector-2\/\",\"url\":\"https:\/\/bleegame.com\/es\/producto\/weiya-cpu-comparable-electronic-coin-selector-2\/\",\"name\":\"SELECTOR ELECTR\\u00d3NICO DE MONEDAS COMPARABLE CON CPU Weiya\"}}]}]}<\/script>\n<!-- \/ Yoast SEO Premium plugin. -->","_links":{"self":[{"href":"https:\/\/bleegame.com\/es\/wp-json\/wp\/v2\/product\/6622","targetHints":{"allow":["GET"]}}],"collection":[{"href":"https:\/\/bleegame.com\/es\/wp-json\/wp\/v2\/product"}],"about":[{"href":"https:\/\/bleegame.com\/es\/wp-json\/wp\/v2\/types\/product"}],"version-history":[{"count":0,"href":"https:\/\/bleegame.com\/es\/wp-json\/wp\/v2\/product\/6622\/revisions"}],"wp:featuredmedia":[{"embeddable":true,"href":"https:\/\/bleegame.com\/es\/wp-json\/wp\/v2\/media\/6913"}],"wp:attachment":[{"href":"https:\/\/bleegame.com\/es\/wp-json\/wp\/v2\/media?parent=6622"}],"wp:term":[{"taxonomy":"product_cat","embeddable":true,"href":"https:\/\/bleegame.com\/es\/wp-json\/wp\/v2\/product_cat?post=6622"},{"taxonomy":"product_tag","embeddable":true,"href":"https:\/\/bleegame.com\/es\/wp-json\/wp\/v2\/product_tag?post=6622"}],"curies":[{"name":"wp","href":"https:\/\/api.w.org\/{rel}","templated":true}]}}