{"id":6625,"date":"2022-07-26T02:17:44","date_gmt":"2022-07-26T02:17:44","guid":{"rendered":"https:\/\/bleegame.com\/product\/juego-de-arcade-coin-iron-door\/"},"modified":"2022-07-26T02:17:44","modified_gmt":"2022-07-26T02:17:44","slug":"arcade-juego-moneda-puerta-de-hierro","status":"publish","type":"product","link":"https:\/\/bleegame.com\/es\/producto\/arcade-juego-moneda-puerta-de-hierro\/","title":{"rendered":"Juego de Arcade Coin Iron Door"},"content":{"rendered":"<div class=\"special-heading-border\">\n<div class=\"special-heading-inner-border\"><\/div>\n<\/div>\n<\/div>\n<div style=\"  margin-top:; margin-bottom:;\" class=\"hr hr-custom hr-center hr-icon-no avia-builder-el-12 el_after_av_heading el_before_av_textblock \"><span class=\"hr-inner inner-border-av-border-thin\" style=\"  width:1550px;\"><span class=\"hr-inner-style\"><\/span><\/span><\/div>\n<section class=\"av_textblock_section \" itemscope=\"itemscope\" itemtype=\"https:\/\/schema.org\/CreativeWork\">\n<div class=\"avia_textblock \" itemprop=\"text\">\n<p>*PUERTA DE MONEDAS PARA ARCADE AMERICANA Convierte tu m\u00e1quina arcade en una hucha y genera algunos ingresos de tus hijos con esta puerta de monedas perfecta para cualquier m\u00e1quina arcade.<\/p>\n<p>*\u00a1Este dise\u00f1o indestructible es utilizado por los mayores fabricantes de m\u00e1quinas recreativas y funciona con cualquier moneda de cuarto de d\u00f3lar!<\/p>\n<p>*El kit de puerta de monedas cuenta con un activador de microinterruptores e incluye todo lo que necesita para empezar a recaudar pu\u00f1ados de monedas. Optimizado para su uso con MAME y cualquier codificador.<\/p>\n<p>Descripci\u00f3n:<\/p>\n<p>Productos aplicables: M\u00e1quinas de Juego Puerta de Monedas<\/p>\n<p>Juego de Arcade Puerta de Monedas<br \/>*Tama\u00f1o de montaje est\u00e1ndar de la industria.<br \/>*La moneda que cae puede producir un conjunto de conexi\u00f3n normalmente abierta o normalmente cerrada y no requiere energ\u00eda.<br \/>*La moneda universal puede ajustarse a la mayor\u00eda de las fichas, salas extranjeras o del Reino Unido.<br \/>*Grandioso para el MAME o el reemplazo de Arcade<br \/>*Color: Negro<br \/>*Material: Hierro<br \/>*Tama\u00f1o: 27,5 * 20 * 12,3 cm<\/p>\n<p>Lista de paquetes:<br \/>1 x Puerta de entrada de monedas (\u00bfpuerta de entrada de una sola moneda?<\/p>\n<\/div>\n<\/section>\n<div style='padding-bottom:10px; ' class='av-special-heading av-special-heading-h3 blockquote modern-quote avia-builder-el-14 el_after_av_textblock el_before_av_hr '>\n<h3 class='av-special-heading-tag ' itemprop=\"headline\">\n","protected":false},"excerpt":{"rendered":"<p>BLEE se centra en la fabricaci\u00f3n de accesorios de juegos de arcade, fabricamos y vendemos todo tipo de accesorios de juegos de arcade de alta calidad, somos una empresa de marca que ha estado operando durante muchos a\u00f1os, teniendo una buena reputaci\u00f3n y un gran grupo de clientes. Si est\u00e1 interesado en el juego de arcade y necesita comprar accesorios para juegos de arcade, p\u00f3ngase en contacto con nosotros.<\/p>\n","protected":false},"featured_media":5048,"template":"","meta":{"om_disable_all_campaigns":false,"_monsterinsights_skip_tracking":false,"_monsterinsights_sitenote_active":false,"_monsterinsights_sitenote_note":"","_monsterinsights_sitenote_category":0,"_uf_show_specific_survey":0,"_uf_disable_surveys":false},"product_cat":[250],"product_tag":[],"class_list":["post-6625","product","type-product","status-publish","has-post-thumbnail","hentry","product_cat-puerta-de-la-moneda"],"yoast_head":"<!-- This site is optimized with the Yoast SEO Premium plugin v15.5 - https:\/\/yoast.com\/wordpress\/plugins\/seo\/ -->\n<title>Juego de Arcade Coin Iron Door - Bleegame<\/title>\n<meta name=\"robots\" content=\"index, follow, max-snippet:-1, max-image-preview:large, max-video-preview:-1\" \/>\n<link rel=\"canonical\" href=\"https:\/\/bleegame.com\/es\/producto\/arcade-juego-moneda-puerta-de-hierro\/\" \/>\n<meta property=\"og:locale\" content=\"es_ES\" \/>\n<meta property=\"og:type\" content=\"article\" \/>\n<meta property=\"og:title\" content=\"Juego de Arcade Coin Iron Door - Bleegame\" \/>\n<meta property=\"og:description\" content=\"BLEE se centra en la fabricaci\u00f3n de accesorios de juegos de arcade, fabricamos y vendemos todo tipo de accesorios de juegos de arcade de alta calidad, somos una empresa de marca que ha estado operando durante muchos a\u00f1os, teniendo una buena reputaci\u00f3n y un gran grupo de clientes. Si est\u00e1 interesado en el juego de arcade y necesita comprar accesorios para juegos de arcade, p\u00f3ngase en contacto con nosotros.\" \/>\n<meta property=\"og:url\" content=\"https:\/\/bleegame.com\/es\/producto\/arcade-juego-moneda-puerta-de-hierro\/\" \/>\n<meta property=\"og:site_name\" content=\"Bleegame\" \/>\n<meta name=\"twitter:card\" content=\"summary_large_image\" \/>\n<meta name=\"twitter:label1\" content=\"Tiempo de lectura\">\n\t<meta name=\"twitter:data1\" content=\"1 minuto\">\n<script type=\"application\/ld+json\" class=\"yoast-schema-graph\">{\"@context\":\"https:\/\/schema.org\",\"@graph\":[{\"@type\":\"WebSite\",\"@id\":\"https:\/\/bleegame.com\/es\/#website\",\"url\":\"https:\/\/bleegame.com\/es\/\",\"name\":\"Bleegame\",\"description\":\"One-stop Amusement Coin Operated Games  Machine procurement center\",\"potentialAction\":[{\"@type\":\"SearchAction\",\"target\":\"https:\/\/bleegame.com\/es\/?s={search_term_string}\",\"query-input\":\"required name=search_term_string\"}],\"inLanguage\":\"es\"},{\"@type\":\"ImageObject\",\"@id\":\"https:\/\/bleegame.com\/es\/producto\/arcade-juego-moneda-puerta-de-hierro\/#primaryimage\",\"inLanguage\":\"es\",\"url\":\"https:\/\/bleegame.com\/wp-content\/uploads\/2022\/07\/7-27-1.jpg\",\"width\":800,\"height\":800},{\"@type\":\"WebPage\",\"@id\":\"https:\/\/bleegame.com\/es\/producto\/arcade-juego-moneda-puerta-de-hierro\/#webpage\",\"url\":\"https:\/\/bleegame.com\/es\/producto\/arcade-juego-moneda-puerta-de-hierro\/\",\"name\":\"Juego de Arcade Coin Iron Door - Bleegame\",\"isPartOf\":{\"@id\":\"https:\/\/bleegame.com\/es\/#website\"},\"primaryImageOfPage\":{\"@id\":\"https:\/\/bleegame.com\/es\/producto\/arcade-juego-moneda-puerta-de-hierro\/#primaryimage\"},\"datePublished\":\"2022-07-26T02:17:44+00:00\",\"dateModified\":\"2022-07-26T02:17:44+00:00\",\"breadcrumb\":{\"@id\":\"https:\/\/bleegame.com\/es\/producto\/arcade-juego-moneda-puerta-de-hierro\/#breadcrumb\"},\"inLanguage\":\"es\",\"potentialAction\":[{\"@type\":\"ReadAction\",\"target\":[\"https:\/\/bleegame.com\/es\/producto\/arcade-juego-moneda-puerta-de-hierro\/\"]}]},{\"@type\":\"BreadcrumbList\",\"@id\":\"https:\/\/bleegame.com\/es\/producto\/arcade-juego-moneda-puerta-de-hierro\/#breadcrumb\",\"itemListElement\":[{\"@type\":\"ListItem\",\"position\":1,\"item\":{\"@type\":\"WebPage\",\"@id\":\"https:\/\/bleegame.com\/es\/producto\/\",\"url\":\"https:\/\/bleegame.com\/es\/producto\/\",\"name\":\"Producto\"}},{\"@type\":\"ListItem\",\"position\":2,\"item\":{\"@type\":\"WebPage\",\"@id\":\"https:\/\/bleegame.com\/es\/producto\/arcade-juego-moneda-puerta-de-hierro\/\",\"url\":\"https:\/\/bleegame.com\/es\/producto\/arcade-juego-moneda-puerta-de-hierro\/\",\"name\":\"Juego de Arcade Coin Iron Door\"}}]}]}<\/script>\n<!-- \/ Yoast SEO Premium plugin. -->","_links":{"self":[{"href":"https:\/\/bleegame.com\/es\/wp-json\/wp\/v2\/product\/6625","targetHints":{"allow":["GET"]}}],"collection":[{"href":"https:\/\/bleegame.com\/es\/wp-json\/wp\/v2\/product"}],"about":[{"href":"https:\/\/bleegame.com\/es\/wp-json\/wp\/v2\/types\/product"}],"version-history":[{"count":0,"href":"https:\/\/bleegame.com\/es\/wp-json\/wp\/v2\/product\/6625\/revisions"}],"wp:featuredmedia":[{"embeddable":true,"href":"https:\/\/bleegame.com\/es\/wp-json\/wp\/v2\/media\/5048"}],"wp:attachment":[{"href":"https:\/\/bleegame.com\/es\/wp-json\/wp\/v2\/media?parent=6625"}],"wp:term":[{"taxonomy":"product_cat","embeddable":true,"href":"https:\/\/bleegame.com\/es\/wp-json\/wp\/v2\/product_cat?post=6625"},{"taxonomy":"product_tag","embeddable":true,"href":"https:\/\/bleegame.com\/es\/wp-json\/wp\/v2\/product_tag?post=6625"}],"curies":[{"name":"wp","href":"https:\/\/api.w.org\/{rel}","templated":true}]}}