{"id":6627,"date":"2022-07-26T02:44:50","date_gmt":"2022-07-26T02:44:50","guid":{"rendered":"https:\/\/bleegame.com\/product\/sanwa-arcade-joystick-con-placa-de-circuito\/"},"modified":"2022-07-26T02:44:50","modified_gmt":"2022-07-26T02:44:50","slug":"sanwa-arcade-joystick-con-placa-de-circuito","status":"publish","type":"product","link":"https:\/\/bleegame.com\/es\/producto\/sanwa-arcade-joystick-con-placa-de-circuito\/","title":{"rendered":"sanwa arcade joystick Con placa de circuito"},"content":{"rendered":"<div class=\"special-heading-border\">\n<div class=\"special-heading-inner-border\"><\/div>\n<\/div>\n<\/div>\n<div style=\"  margin-top:; margin-bottom:;\" class=\"hr hr-custom hr-center hr-icon-no avia-builder-el-12 el_after_av_heading el_before_av_textblock \"><span class=\"hr-inner inner-border-av-border-thin\" style=\"  width:1550px;\"><span class=\"hr-inner-style\"><\/span><\/span><\/div>\n<section class=\"av_textblock_section \" itemscope=\"itemscope\" itemtype=\"https:\/\/schema.org\/CreativeWork\">\n<div class=\"avia_textblock \" itemprop=\"text\">\n<p>El sanwa arcade joystick Con placa de circuito es un joystick de alta calidad, fabricado en Jap\u00f3n por Sanwa Denshi Co. Este es el joystick preferido por los entusiastas de los juegos de lucha, especialmente los fan\u00e1ticos de Street Fighter. Ampliamente utilizado en los palos de lucha MadCatz y QanBa y en muchas m\u00e1quinas recreativas japonesas.<\/p>\n<p>Por defecto, este joystick tiene una puerta de restricci\u00f3n cuadrada y est\u00e1 ajustado a 8 v\u00edas. Se puede cambiar f\u00e1cilmente al modo de 4 v\u00edas simplemente retirando el restrictor de pl\u00e1stico, levantando la pieza central y gir\u00e1ndola a la posici\u00f3n de 4 v\u00edas.<\/p>\n<p><strong>Dimensiones de la placa de montaje:<\/strong><br \/>Longitud: 95mm<br \/>Anchura: 53 mm<br \/>Espesor: 1,6 mm<\/p>\n<p><strong>Caracter\u00edsticas del producto:<\/strong><br \/>* Joystick japon\u00e9s de alta calidad<br \/>* Restrictor cuadrado conmutable de 4 y 8 v\u00edas<br \/>* Perfecto para los juegos de lucha<\/p>\n<\/div>\n<\/section>\n<div style='padding-bottom:10px; ' class='av-special-heading av-special-heading-h3 blockquote modern-quote avia-builder-el-14 el_after_av_textblock el_before_av_hr '>\n<h3 class='av-special-heading-tag ' itemprop=\"headline\">\n","protected":false},"excerpt":{"rendered":"<p>Disponemos de una gama de joysticks arcade, que son adecuados para diversos proyectos de m\u00e1quinas arcade, uso comercial y proyectos acad\u00e9micos.<\/p>\n","protected":false},"featured_media":5094,"template":"","meta":{"om_disable_all_campaigns":false,"_monsterinsights_skip_tracking":false,"_monsterinsights_sitenote_active":false,"_monsterinsights_sitenote_note":"","_monsterinsights_sitenote_category":0,"_uf_show_specific_survey":0,"_uf_disable_surveys":false},"product_cat":[251,252],"product_tag":[],"class_list":["post-6627","product","type-product","status-publish","has-post-thumbnail","hentry","product_cat-joystick-arcade","product_cat-joysticks-happ"],"yoast_head":"<!-- This site is optimized with the Yoast SEO Premium plugin v15.5 - https:\/\/yoast.com\/wordpress\/plugins\/seo\/ -->\n<title>sanwa arcade joystick Con placa de circuito - Bleegame<\/title>\n<meta name=\"robots\" content=\"index, follow, max-snippet:-1, max-image-preview:large, max-video-preview:-1\" \/>\n<link rel=\"canonical\" href=\"https:\/\/bleegame.com\/es\/producto\/sanwa-arcade-joystick-con-placa-de-circuito\/\" \/>\n<meta property=\"og:locale\" content=\"es_ES\" \/>\n<meta property=\"og:type\" content=\"article\" \/>\n<meta property=\"og:title\" content=\"sanwa arcade joystick Con placa de circuito - Bleegame\" \/>\n<meta property=\"og:description\" content=\"Disponemos de una gama de joysticks arcade, que son adecuados para diversos proyectos de m\u00e1quinas arcade, uso comercial y proyectos acad\u00e9micos.\" \/>\n<meta property=\"og:url\" content=\"https:\/\/bleegame.com\/es\/producto\/sanwa-arcade-joystick-con-placa-de-circuito\/\" \/>\n<meta property=\"og:site_name\" content=\"Bleegame\" \/>\n<meta name=\"twitter:card\" content=\"summary_large_image\" \/>\n<meta name=\"twitter:label1\" content=\"Tiempo de lectura\">\n\t<meta name=\"twitter:data1\" content=\"1 minuto\">\n<script type=\"application\/ld+json\" class=\"yoast-schema-graph\">{\"@context\":\"https:\/\/schema.org\",\"@graph\":[{\"@type\":\"WebSite\",\"@id\":\"https:\/\/bleegame.com\/es\/#website\",\"url\":\"https:\/\/bleegame.com\/es\/\",\"name\":\"Bleegame\",\"description\":\"One-stop Amusement Coin Operated Games  Machine procurement center\",\"potentialAction\":[{\"@type\":\"SearchAction\",\"target\":\"https:\/\/bleegame.com\/es\/?s={search_term_string}\",\"query-input\":\"required name=search_term_string\"}],\"inLanguage\":\"es\"},{\"@type\":\"ImageObject\",\"@id\":\"https:\/\/bleegame.com\/es\/producto\/sanwa-arcade-joystick-con-placa-de-circuito\/#primaryimage\",\"inLanguage\":\"es\",\"url\":\"https:\/\/bleegame.com\/wp-content\/uploads\/2022\/07\/14-19-1.jpg\",\"width\":800,\"height\":800},{\"@type\":\"WebPage\",\"@id\":\"https:\/\/bleegame.com\/es\/producto\/sanwa-arcade-joystick-con-placa-de-circuito\/#webpage\",\"url\":\"https:\/\/bleegame.com\/es\/producto\/sanwa-arcade-joystick-con-placa-de-circuito\/\",\"name\":\"sanwa arcade joystick Con placa de circuito - Bleegame\",\"isPartOf\":{\"@id\":\"https:\/\/bleegame.com\/es\/#website\"},\"primaryImageOfPage\":{\"@id\":\"https:\/\/bleegame.com\/es\/producto\/sanwa-arcade-joystick-con-placa-de-circuito\/#primaryimage\"},\"datePublished\":\"2022-07-26T02:44:50+00:00\",\"dateModified\":\"2022-07-26T02:44:50+00:00\",\"breadcrumb\":{\"@id\":\"https:\/\/bleegame.com\/es\/producto\/sanwa-arcade-joystick-con-placa-de-circuito\/#breadcrumb\"},\"inLanguage\":\"es\",\"potentialAction\":[{\"@type\":\"ReadAction\",\"target\":[\"https:\/\/bleegame.com\/es\/producto\/sanwa-arcade-joystick-con-placa-de-circuito\/\"]}]},{\"@type\":\"BreadcrumbList\",\"@id\":\"https:\/\/bleegame.com\/es\/producto\/sanwa-arcade-joystick-con-placa-de-circuito\/#breadcrumb\",\"itemListElement\":[{\"@type\":\"ListItem\",\"position\":1,\"item\":{\"@type\":\"WebPage\",\"@id\":\"https:\/\/bleegame.com\/es\/producto\/\",\"url\":\"https:\/\/bleegame.com\/es\/producto\/\",\"name\":\"Producto\"}},{\"@type\":\"ListItem\",\"position\":2,\"item\":{\"@type\":\"WebPage\",\"@id\":\"https:\/\/bleegame.com\/es\/producto\/sanwa-arcade-joystick-con-placa-de-circuito\/\",\"url\":\"https:\/\/bleegame.com\/es\/producto\/sanwa-arcade-joystick-con-placa-de-circuito\/\",\"name\":\"sanwa arcade joystick Con placa de circuito\"}}]}]}<\/script>\n<!-- \/ Yoast SEO Premium plugin. -->","_links":{"self":[{"href":"https:\/\/bleegame.com\/es\/wp-json\/wp\/v2\/product\/6627","targetHints":{"allow":["GET"]}}],"collection":[{"href":"https:\/\/bleegame.com\/es\/wp-json\/wp\/v2\/product"}],"about":[{"href":"https:\/\/bleegame.com\/es\/wp-json\/wp\/v2\/types\/product"}],"version-history":[{"count":0,"href":"https:\/\/bleegame.com\/es\/wp-json\/wp\/v2\/product\/6627\/revisions"}],"wp:featuredmedia":[{"embeddable":true,"href":"https:\/\/bleegame.com\/es\/wp-json\/wp\/v2\/media\/5094"}],"wp:attachment":[{"href":"https:\/\/bleegame.com\/es\/wp-json\/wp\/v2\/media?parent=6627"}],"wp:term":[{"taxonomy":"product_cat","embeddable":true,"href":"https:\/\/bleegame.com\/es\/wp-json\/wp\/v2\/product_cat?post=6627"},{"taxonomy":"product_tag","embeddable":true,"href":"https:\/\/bleegame.com\/es\/wp-json\/wp\/v2\/product_tag?post=6627"}],"curies":[{"name":"wp","href":"https:\/\/api.w.org\/{rel}","templated":true}]}}