{"id":6629,"date":"2022-07-26T02:44:56","date_gmt":"2022-07-26T02:44:56","guid":{"rendered":"https:\/\/bleegame.com\/product\/007-aceptador-de-monedas-universal\/"},"modified":"2022-07-26T02:44:56","modified_gmt":"2022-07-26T02:44:56","slug":"007-universal-coin-acceptor-2","status":"publish","type":"product","link":"https:\/\/bleegame.com\/es\/producto\/007-universal-coin-acceptor-2\/","title":{"rendered":"007 Aceptador de monedas universal"},"content":{"rendered":"<div class=\"special-heading-border\">\n<div class=\"special-heading-inner-border\"><\/div>\n<\/div>\n<\/div>\n<div style=\"  margin-top:; margin-bottom:;\" class=\"hr hr-custom hr-center hr-icon-no avia-builder-el-12 el_after_av_heading el_before_av_textblock \"><span class=\"hr-inner inner-border-av-border-thin\" style=\"  width:1550px;\"><span class=\"hr-inner-style\"><\/span><\/span><\/div>\n<section class=\"av_textblock_section \" itemscope=\"itemscope\" itemtype=\"https:\/\/schema.org\/CreativeWork\">\n<div class=\"avia_textblock \" itemprop=\"text\">\n<p><strong>Descripci\u00f3n del producto<\/strong><\/p>\n<ul>\n<li>Para m\u00e1quina de videojuegos Arcade, m\u00e1quina expendedora, silla de mensajes, tel\u00e9fono que funciona con monedas, lavadoras que funcionan con monedas, coches de juguete que funcionan con monedas, etc.<\/li>\n<li>Soporta 9 tipos de monedas diferentes, que pueden aceptar diferentes monedas al mismo tiempo, el control del proceso de la CPU, recuerda autom\u00e1ticamente el conjunto de monedas de muestra, y se puede establecer 1 se\u00f1al por moneda, m\u00faltiples se\u00f1ales por moneda, 1 se\u00f1al para m\u00faltiples monedas,<\/li>\n<li>Aplicando el di\u00e1metro de la moneda es de 15-31mm y el grosor de la moneda es de 1.8-3.0mm, identifica la moneda verdadera o falsa seg\u00fan el material, el di\u00e1metro y el grosor de las MONEDAS, gran precisi\u00f3n.<\/li>\n<li>Soporta la salida de m\u00faltiples se\u00f1ales, anti-phishing, anti-monedas mezcladas, anti-choque, anti-alta frecuencia, y puede conectar el contador<\/li>\n<li>Nos comprometemos a ofrecer productos de alta calidad y el mejor servicio, por favor, p\u00f3ngase en contacto con nosotros si tiene alg\u00fan problema.<\/li>\n<\/ul>\n<p><strong>Color: 9 tipos de monedas<\/strong><\/p>\n<p><strong>BLEE<\/strong> se centra en la fabricaci\u00f3n de accesorios de juegos de arcade, fabricamos y vendemos todo tipo de accesorios de juegos de arcade de alta calidad, somos una empresa de marca que ha estado operando durante muchos a\u00f1os, teniendo una buena reputaci\u00f3n y un gran grupo de clientes. Si est\u00e1 interesado en el juego de arcade y necesita comprar accesorios para juegos de arcade, p\u00f3ngase en contacto con nosotros.<\/p>\n<p><strong>Especificaci\u00f3n del producto:<\/strong><\/p>\n<p>1.Nombre del art\u00edculo: Selector de monedas Aceptador;<\/p>\n<p>2.Apoyo a 6 tipos de monedas diferentes<\/p>\n<p>3. Para la m\u00e1quina de videojuegos Arcade, m\u00e1quina expendedora, silla de mensajes, etc.<\/p>\n<p>4. Soporta la salida de m\u00faltiples se\u00f1ales<\/p>\n<p>5. Di\u00e1metro de las monedas aplicadas: 15-29mm\/0.59-1.14inch<\/p>\n<p>6.Aplicaci\u00f3n Grosor de las monedas: 1,8mm-3,0mm<\/p>\n<p>7.Presi\u00f3n atmosf\u00e9rica: 80Kpa-107Kpa<\/p>\n<p>8.Tensi\u00f3n de funcionamiento: DC12V \u00b1 10%<\/p>\n<p>9.Corriente de trabajo: 50mA<\/p>\n<p>10.Corriente m\u00e1xima: 350mA (menos de 0.5S)<\/p>\n<p>11.Tama\u00f1o del producto: 64* 124* 143mm\/2.52 * 4.88 * 5.63inch<\/p>\n<p>12.Agujero del tornillo: 5 * 5mm\/0.20 * 0.20inch<\/p>\n<p>13.Paso del agujero: 46 * 97mm\/1.81* 3.82inch<\/p>\n<p><strong>\u00bfPor qu\u00e9 elegirnos?<\/strong><\/p>\n<p>1.Acepta 9 tipos diferentes de monedas al mismo tiempo<\/p>\n<p>2.Puede aplicarse en m\u00e1quinas de juego, m\u00e1quinas expendedoras, tel\u00e9fonos de monedas, lavadoras de monedas, coches de juguete de monedas, sillones de masaje, etc.<\/p>\n<p>3.Somos una empresa de marca que lleva muchos a\u00f1os operando, teniendo una buena reputaci\u00f3n<\/p>\n<p>4.Nos comprometemos a ofrecer productos de alta calidad.<\/p>\n<p>5. Tenemos nuestro equipo de desarrollo de productos, siempre tenemos productos de \u00faltima generaci\u00f3n.<\/p>\n<p>6.Si tiene alg\u00fan problema, p\u00f3ngase en contacto con nosotros, le responderemos a la primera.<\/p>\n<p>7.Espero que tengas una buena experiencia.<\/p>\n<\/div>\n<\/section>\n<div style='padding-bottom:10px; ' class='av-special-heading av-special-heading-h3 blockquote modern-quote avia-builder-el-14 el_after_av_textblock el_before_av_hr '>\n<h3 class='av-special-heading-tag ' itemprop=\"headline\">\n","protected":false},"excerpt":{"rendered":"<p>Ya sea que est\u00e9 construyendo su propio gabinete de arcade o simplemente cobrando la entrada a su casa, este aceptador de monedas programable hace que sea f\u00e1cil monetizar su pr\u00f3ximo proyecto. Hay un mont\u00f3n de proyectos geniales que funcionan con monedas y que est\u00e1n *esperando* a ser construidos.<\/p>\n","protected":false},"featured_media":6885,"template":"","meta":{"om_disable_all_campaigns":false,"_monsterinsights_skip_tracking":false,"_monsterinsights_sitenote_active":false,"_monsterinsights_sitenote_note":"","_monsterinsights_sitenote_category":0,"_uf_show_specific_survey":0,"_uf_disable_surveys":false},"product_cat":[230,236],"product_tag":[],"class_list":["post-6629","product","type-product","status-publish","has-post-thumbnail","hentry","product_cat-aceptador-de-monedas","product_cat-comparacion-de-monederos"],"yoast_head":"<!-- This site is optimized with the Yoast SEO Premium plugin v15.5 - https:\/\/yoast.com\/wordpress\/plugins\/seo\/ -->\n<title>007 Aceptador de monedas universal - Bleegame<\/title>\n<meta name=\"robots\" content=\"index, follow, max-snippet:-1, max-image-preview:large, max-video-preview:-1\" \/>\n<link rel=\"canonical\" href=\"https:\/\/bleegame.com\/es\/producto\/007-universal-coin-acceptor-2\/\" \/>\n<meta property=\"og:locale\" content=\"es_ES\" \/>\n<meta property=\"og:type\" content=\"article\" \/>\n<meta property=\"og:title\" content=\"007 Aceptador de monedas universal - Bleegame\" \/>\n<meta property=\"og:description\" content=\"Ya sea que est\u00e9 construyendo su propio gabinete de arcade o simplemente cobrando la entrada a su casa, este aceptador de monedas programable hace que sea f\u00e1cil monetizar su pr\u00f3ximo proyecto. Hay un mont\u00f3n de proyectos geniales que funcionan con monedas y que est\u00e1n *esperando* a ser construidos.\" \/>\n<meta property=\"og:url\" content=\"https:\/\/bleegame.com\/es\/producto\/007-universal-coin-acceptor-2\/\" \/>\n<meta property=\"og:site_name\" content=\"Bleegame\" \/>\n<meta name=\"twitter:card\" content=\"summary_large_image\" \/>\n<meta name=\"twitter:label1\" content=\"Tiempo de lectura\">\n\t<meta name=\"twitter:data1\" content=\"2 minutos\">\n<script type=\"application\/ld+json\" class=\"yoast-schema-graph\">{\"@context\":\"https:\/\/schema.org\",\"@graph\":[{\"@type\":\"WebSite\",\"@id\":\"https:\/\/bleegame.com\/es\/#website\",\"url\":\"https:\/\/bleegame.com\/es\/\",\"name\":\"Bleegame\",\"description\":\"One-stop Amusement Coin Operated Games  Machine procurement center\",\"potentialAction\":[{\"@type\":\"SearchAction\",\"target\":\"https:\/\/bleegame.com\/es\/?s={search_term_string}\",\"query-input\":\"required name=search_term_string\"}],\"inLanguage\":\"es\"},{\"@type\":\"ImageObject\",\"@id\":\"https:\/\/bleegame.com\/es\/producto\/007-universal-coin-acceptor-2\/#primaryimage\",\"inLanguage\":\"es\",\"url\":\"https:\/\/bleegame.com\/wp-content\/uploads\/2022\/07\/2-130.jpg\",\"width\":1000,\"height\":1000,\"caption\":\"massage chair with coin acceptor\"},{\"@type\":\"WebPage\",\"@id\":\"https:\/\/bleegame.com\/es\/producto\/007-universal-coin-acceptor-2\/#webpage\",\"url\":\"https:\/\/bleegame.com\/es\/producto\/007-universal-coin-acceptor-2\/\",\"name\":\"007 Aceptador de monedas universal - Bleegame\",\"isPartOf\":{\"@id\":\"https:\/\/bleegame.com\/es\/#website\"},\"primaryImageOfPage\":{\"@id\":\"https:\/\/bleegame.com\/es\/producto\/007-universal-coin-acceptor-2\/#primaryimage\"},\"datePublished\":\"2022-07-26T02:44:56+00:00\",\"dateModified\":\"2022-07-26T02:44:56+00:00\",\"breadcrumb\":{\"@id\":\"https:\/\/bleegame.com\/es\/producto\/007-universal-coin-acceptor-2\/#breadcrumb\"},\"inLanguage\":\"es\",\"potentialAction\":[{\"@type\":\"ReadAction\",\"target\":[\"https:\/\/bleegame.com\/es\/producto\/007-universal-coin-acceptor-2\/\"]}]},{\"@type\":\"BreadcrumbList\",\"@id\":\"https:\/\/bleegame.com\/es\/producto\/007-universal-coin-acceptor-2\/#breadcrumb\",\"itemListElement\":[{\"@type\":\"ListItem\",\"position\":1,\"item\":{\"@type\":\"WebPage\",\"@id\":\"https:\/\/bleegame.com\/es\/producto\/\",\"url\":\"https:\/\/bleegame.com\/es\/producto\/\",\"name\":\"Producto\"}},{\"@type\":\"ListItem\",\"position\":2,\"item\":{\"@type\":\"WebPage\",\"@id\":\"https:\/\/bleegame.com\/es\/producto\/007-universal-coin-acceptor-2\/\",\"url\":\"https:\/\/bleegame.com\/es\/producto\/007-universal-coin-acceptor-2\/\",\"name\":\"007 Aceptador de monedas universal\"}}]}]}<\/script>\n<!-- \/ Yoast SEO Premium plugin. -->","_links":{"self":[{"href":"https:\/\/bleegame.com\/es\/wp-json\/wp\/v2\/product\/6629","targetHints":{"allow":["GET"]}}],"collection":[{"href":"https:\/\/bleegame.com\/es\/wp-json\/wp\/v2\/product"}],"about":[{"href":"https:\/\/bleegame.com\/es\/wp-json\/wp\/v2\/types\/product"}],"version-history":[{"count":0,"href":"https:\/\/bleegame.com\/es\/wp-json\/wp\/v2\/product\/6629\/revisions"}],"wp:featuredmedia":[{"embeddable":true,"href":"https:\/\/bleegame.com\/es\/wp-json\/wp\/v2\/media\/6885"}],"wp:attachment":[{"href":"https:\/\/bleegame.com\/es\/wp-json\/wp\/v2\/media?parent=6629"}],"wp:term":[{"taxonomy":"product_cat","embeddable":true,"href":"https:\/\/bleegame.com\/es\/wp-json\/wp\/v2\/product_cat?post=6629"},{"taxonomy":"product_tag","embeddable":true,"href":"https:\/\/bleegame.com\/es\/wp-json\/wp\/v2\/product_tag?post=6629"}],"curies":[{"name":"wp","href":"https:\/\/api.w.org\/{rel}","templated":true}]}}