{"id":6630,"date":"2022-07-26T02:18:38","date_gmt":"2022-07-26T02:18:38","guid":{"rendered":"https:\/\/bleegame.com\/product\/monedero-comparable-cpu-con-luz\/"},"modified":"2022-07-26T02:18:38","modified_gmt":"2022-07-26T02:18:38","slug":"cpu-comparable-selector-de-monedas-con-luz","status":"publish","type":"product","link":"https:\/\/bleegame.com\/es\/producto\/cpu-comparable-selector-de-monedas-con-luz\/","title":{"rendered":"Monedero Comparable CPU con luz"},"content":{"rendered":"<div class=\"special-heading-border\">\n<div class=\"special-heading-inner-border\"><\/div>\n<\/div>\n<div class=\"hr hr-custom hr-center hr-icon-no avia-builder-el-12 el_after_av_heading el_before_av_textblock \"><\/div>\n<section class=\"av_textblock_section \">\n<div class=\"avia_textblock \">\n<p>Principios de dise\u00f1o: Este selector de monedas adopta un dise\u00f1o de tapa abatible, abre la tapa a trav\u00e9s de la palanca de retorno de monedas, deja que las monedas atascadas se deslicen de vuelta a la caja, interferencia antielectromagn\u00e9tica y puntuaci\u00f3n precisa.<br \/>\nCon indicaci\u00f3n LED: Este aceptador de monedas con CPU tiene indicaci\u00f3n LED y pantalla de encendido, pantalla de moneda falsa y funci\u00f3n de visualizaci\u00f3n de la moneda de la tarjeta, pr\u00e1ctico y c\u00f3modo de usar.<br \/>\nIdentificaci\u00f3n comparativa: Despu\u00e9s de insertar la moneda de muestra, la ranura para monedas comparar\u00e1 la diferencia entre la moneda insertada y la moneda de muestra, y luego determinar\u00e1 las monedas verdaderas y falsas de acuerdo con la precisi\u00f3n establecida.<br \/>\nAplicaci\u00f3n: Este selector de monedas es adecuado para m\u00e1quinas de juego, m\u00e1quinas de mu\u00f1ecas, m\u00e1quinas de diversi\u00f3n, m\u00e1quinas de venta de agua, etc.Di\u00e1metro de la moneda: 22mm ~ 28mm. Espesor de la moneda: 1,7mm ~ 2,2mm.<br \/>\nServicio de ventas: Nos comprometemos a crear el mejor servicio de productos para cada cliente. Si este producto no cumple con sus expectativas, no dude en ponerse en contacto con nosotros, haremos todo lo posible para tratar hasta que est\u00e9 satisfecho.<\/p>\n<p><strong>Descripci\u00f3n del producto<\/strong><br \/>\nColor:Amarillo<br \/>\nEspecificaci\u00f3n:<br \/>\nTipo de art\u00edculo: Selector de monedas<br \/>\nEstilo opcional: Plata, Amarillo<br \/>\n\u00c1mbito de aplicaci\u00f3n: M\u00e1quinas de juego, m\u00e1quinas de mu\u00f1ecas, m\u00e1quinas recreativas, m\u00e1quinas de venta de agua, etc.<br \/>\nTemperatura de trabajo: -15 ~ + 15<br \/>\nDi\u00e1metro de la moneda: 22mm ~ 28mm<br \/>\nEspesor de la moneda: 1,7 mm ~ 2,2 mm<br \/>\nTensi\u00f3n de trabajo: DC + 12V 10%<\/p>\n<p><strong>Lista de paquetes:<\/strong><br \/>\n1x Selector de monedas<br \/>\n1 Tornillo de la bolsa<\/p>\n<\/div>\n<\/section>\n<div class=\"av-special-heading av-special-heading-h3 blockquote modern-quote avia-builder-el-14 el_after_av_textblock el_before_av_hr \" style=\"padding-bottom: 10px;\">\n<h3 class=\"av-special-heading-tag \">V\u00eddeo<\/h3>\n<div class=\"special-heading-border\">\n<div class=\"special-heading-inner-border\"><\/div>\n<\/div>\n<\/div>\n<div class=\"hr hr-custom hr-center hr-icon-no avia-builder-el-15 el_after_av_heading el_before_av_video \"><\/div>\n<div class=\"avia-video avia-video-16-9 av-lazyload-immediate av-lazyload-video-embed \" data-original_url=\"https:\/\/www.youtube.com\/watch?v=Vw-ft9nIwvc\">\n<div class=\"avia-iframe-wrap\"><iframe title=\"JY 133A?\u023d?\u02bd\u0376?????????\u01a3???\u026b??\u58e9\" src=\"https:\/\/www.youtube.com\/embed\/Vw-ft9nIwvc?feature=oembed&amp;autoplay=0&amp;loop=0&amp;controls=1&amp;mute=0\" width=\"1333\" height=\"1000\" frameborder=\"0\" allowfullscreen=\"allowfullscreen\"><\/iframe><\/div>\n<p>&nbsp;<\/p>\n<div class=\"av-click-to-play-overlay\">\n<div class=\"avia_playpause_icon\"><\/div>\n<\/div>\n<\/div>\n<div class=\"av-special-heading av-special-heading-h3 blockquote modern-quote avia-builder-el-17 el_after_av_video el_before_av_hr \" style=\"padding-bottom: 10px;\">\n<h3 class=\"av-special-heading-tag \"><\/h3>\n<\/div>\n","protected":false},"excerpt":{"rendered":"<p>Ya sea que est\u00e9 construyendo su propio gabinete de arcade o simplemente cobrando la entrada a su casa, este aceptador de monedas programable hace que sea f\u00e1cil monetizar su pr\u00f3ximo proyecto. Hay un mont\u00f3n de proyectos geniales que funcionan con monedas y que est\u00e1n *esperando* a ser construidos.<\/p>\n","protected":false},"featured_media":7046,"template":"","meta":{"om_disable_all_campaigns":false,"_monsterinsights_skip_tracking":false,"_monsterinsights_sitenote_active":false,"_monsterinsights_sitenote_note":"","_monsterinsights_sitenote_category":0,"_uf_show_specific_survey":0,"_uf_disable_surveys":false},"product_cat":[230,236],"product_tag":[],"class_list":["post-6630","product","type-product","status-publish","has-post-thumbnail","hentry","product_cat-aceptador-de-monedas","product_cat-comparacion-de-monederos"],"yoast_head":"<!-- This site is optimized with the Yoast SEO Premium plugin v15.5 - https:\/\/yoast.com\/wordpress\/plugins\/seo\/ -->\n<title>Monedero Comparable CPU con luz - Bleegame<\/title>\n<meta name=\"robots\" content=\"index, follow, max-snippet:-1, max-image-preview:large, max-video-preview:-1\" \/>\n<link rel=\"canonical\" href=\"https:\/\/bleegame.com\/es\/producto\/cpu-comparable-selector-de-monedas-con-luz\/\" \/>\n<meta property=\"og:locale\" content=\"es_ES\" \/>\n<meta property=\"og:type\" content=\"article\" \/>\n<meta property=\"og:title\" content=\"Monedero Comparable CPU con luz - Bleegame\" \/>\n<meta property=\"og:description\" content=\"Ya sea que est\u00e9 construyendo su propio gabinete de arcade o simplemente cobrando la entrada a su casa, este aceptador de monedas programable hace que sea f\u00e1cil monetizar su pr\u00f3ximo proyecto. Hay un mont\u00f3n de proyectos geniales que funcionan con monedas y que est\u00e1n *esperando* a ser construidos.\" \/>\n<meta property=\"og:url\" content=\"https:\/\/bleegame.com\/es\/producto\/cpu-comparable-selector-de-monedas-con-luz\/\" \/>\n<meta property=\"og:site_name\" content=\"Bleegame\" \/>\n<meta name=\"twitter:card\" content=\"summary_large_image\" \/>\n<meta name=\"twitter:label1\" content=\"Tiempo de lectura\">\n\t<meta name=\"twitter:data1\" content=\"1 minuto\">\n<script type=\"application\/ld+json\" class=\"yoast-schema-graph\">{\"@context\":\"https:\/\/schema.org\",\"@graph\":[{\"@type\":\"WebSite\",\"@id\":\"https:\/\/bleegame.com\/es\/#website\",\"url\":\"https:\/\/bleegame.com\/es\/\",\"name\":\"Bleegame\",\"description\":\"One-stop Amusement Coin Operated Games  Machine procurement center\",\"potentialAction\":[{\"@type\":\"SearchAction\",\"target\":\"https:\/\/bleegame.com\/es\/?s={search_term_string}\",\"query-input\":\"required name=search_term_string\"}],\"inLanguage\":\"es\"},{\"@type\":\"ImageObject\",\"@id\":\"https:\/\/bleegame.com\/es\/producto\/cpu-comparable-selector-de-monedas-con-luz\/#primaryimage\",\"inLanguage\":\"es\",\"url\":\"https:\/\/bleegame.com\/wp-content\/uploads\/2022\/07\/1-136.jpg\",\"width\":800,\"height\":800,\"caption\":\"old coin acceptor\"},{\"@type\":\"WebPage\",\"@id\":\"https:\/\/bleegame.com\/es\/producto\/cpu-comparable-selector-de-monedas-con-luz\/#webpage\",\"url\":\"https:\/\/bleegame.com\/es\/producto\/cpu-comparable-selector-de-monedas-con-luz\/\",\"name\":\"Monedero Comparable CPU con luz - Bleegame\",\"isPartOf\":{\"@id\":\"https:\/\/bleegame.com\/es\/#website\"},\"primaryImageOfPage\":{\"@id\":\"https:\/\/bleegame.com\/es\/producto\/cpu-comparable-selector-de-monedas-con-luz\/#primaryimage\"},\"datePublished\":\"2022-07-26T02:18:38+00:00\",\"dateModified\":\"2022-07-26T02:18:38+00:00\",\"breadcrumb\":{\"@id\":\"https:\/\/bleegame.com\/es\/producto\/cpu-comparable-selector-de-monedas-con-luz\/#breadcrumb\"},\"inLanguage\":\"es\",\"potentialAction\":[{\"@type\":\"ReadAction\",\"target\":[\"https:\/\/bleegame.com\/es\/producto\/cpu-comparable-selector-de-monedas-con-luz\/\"]}]},{\"@type\":\"BreadcrumbList\",\"@id\":\"https:\/\/bleegame.com\/es\/producto\/cpu-comparable-selector-de-monedas-con-luz\/#breadcrumb\",\"itemListElement\":[{\"@type\":\"ListItem\",\"position\":1,\"item\":{\"@type\":\"WebPage\",\"@id\":\"https:\/\/bleegame.com\/es\/producto\/\",\"url\":\"https:\/\/bleegame.com\/es\/producto\/\",\"name\":\"Producto\"}},{\"@type\":\"ListItem\",\"position\":2,\"item\":{\"@type\":\"WebPage\",\"@id\":\"https:\/\/bleegame.com\/es\/producto\/cpu-comparable-selector-de-monedas-con-luz\/\",\"url\":\"https:\/\/bleegame.com\/es\/producto\/cpu-comparable-selector-de-monedas-con-luz\/\",\"name\":\"Monedero Comparable CPU con luz\"}}]}]}<\/script>\n<!-- \/ Yoast SEO Premium plugin. -->","_links":{"self":[{"href":"https:\/\/bleegame.com\/es\/wp-json\/wp\/v2\/product\/6630","targetHints":{"allow":["GET"]}}],"collection":[{"href":"https:\/\/bleegame.com\/es\/wp-json\/wp\/v2\/product"}],"about":[{"href":"https:\/\/bleegame.com\/es\/wp-json\/wp\/v2\/types\/product"}],"version-history":[{"count":0,"href":"https:\/\/bleegame.com\/es\/wp-json\/wp\/v2\/product\/6630\/revisions"}],"wp:featuredmedia":[{"embeddable":true,"href":"https:\/\/bleegame.com\/es\/wp-json\/wp\/v2\/media\/7046"}],"wp:attachment":[{"href":"https:\/\/bleegame.com\/es\/wp-json\/wp\/v2\/media?parent=6630"}],"wp:term":[{"taxonomy":"product_cat","embeddable":true,"href":"https:\/\/bleegame.com\/es\/wp-json\/wp\/v2\/product_cat?post=6630"},{"taxonomy":"product_tag","embeddable":true,"href":"https:\/\/bleegame.com\/es\/wp-json\/wp\/v2\/product_tag?post=6630"}],"curies":[{"name":"wp","href":"https:\/\/api.w.org\/{rel}","templated":true}]}}