{"id":6633,"date":"2022-08-08T08:34:03","date_gmt":"2022-08-08T08:34:03","guid":{"rendered":"https:\/\/bleegame.com\/product\/maquina-de-juego-lucky-god-of-wealth\/"},"modified":"2022-08-08T08:34:03","modified_gmt":"2022-08-08T08:34:03","slug":"lucky-god-of-wealth-game-machine-2","status":"publish","type":"product","link":"https:\/\/bleegame.com\/es\/producto\/lucky-god-of-wealth-game-machine-2\/","title":{"rendered":"M\u00e1quina de Juego Lucky God Of Wealth"},"content":{"rendered":"<p>\u00bfC\u00f3mo se juega?<br \/>\n1. Introduce la cantidad de monedas correspondiente para obtener el n\u00famero de juegos.<br \/>\n2. Mueve el joystick para seleccionar el minijuego y pulsa el bot\u00f3n para iniciar la partida.<br \/>\n3. Utiliza el joystick para seleccionar diferentes cantidades de billetes de loter\u00eda, y pulsa el bot\u00f3n de rascar para rascar manualmente los billetes para intercambiarlos.<\/p>\n<p>Caracter\u00edsticas:<br \/>\n1. La apariencia deslumbrante y colorida del Dios de la Suerte de la Riqueza, deslumbrante gradiente de color de la luz, con peque\u00f1as pegatinas, atrayendo la atenci\u00f3n.<br \/>\nPantalla LCD de alta definici\u00f3n de 2,42 pulgadas, disfruta de la experiencia del juego, una variedad de puntuaciones de loter\u00eda para que elijas, experimenta la diversi\u00f3n de las acciones.<br \/>\n3. El espacio de operaci\u00f3n para cuatro personas para jugar juntos, la ranura de la moneda se establece en la consola para la operaci\u00f3n, y la ergonom\u00eda compleja son adecuados para todo tipo de jugadores de mediana y peque\u00f1a edad.<br \/>\n4. La m\u00e1quina de loter\u00eda de alta calidad adopta la funci\u00f3n de identificaci\u00f3n autom\u00e1tica de billetes largos y cortos, que es m\u00e1s pr\u00e1ctica, r\u00e1pida y precisa en la emisi\u00f3n de billetes, y elimina el sondeo<\/p>\n","protected":false},"excerpt":{"rendered":"<p>Marca:BLEE<br \/>\nMOQ:1<br \/>\nMaterial\uff1aMetal+Acr\u00edlico<br \/>\nTama\u00f1o del producto\uff1a1364*1349*769cm<br \/>\nPotencia de funcionamiento\uff1a750W<br \/>\nEmbalaje:<br \/>\nCajas de exportaci\u00f3n est\u00e1ndar<br \/>\nEnv\u00edo:Por mar<\/p>\n","protected":false},"featured_media":6533,"template":"","meta":{"om_disable_all_campaigns":false,"_monsterinsights_skip_tracking":false,"_monsterinsights_sitenote_active":false,"_monsterinsights_sitenote_note":"","_monsterinsights_sitenote_category":0,"_uf_show_specific_survey":0,"_uf_disable_surveys":false},"product_cat":[254],"product_tag":[261,263,259],"class_list":["post-6633","product","type-product","status-publish","has-post-thumbnail","hentry","product_cat-maquina-de-juego-de-redencion","product_tag-juegos-con-monedas","product_tag-maquina-de-juego-de-redencion","product_tag-maquina-de-juego-lucky-god-of-wealth"],"yoast_head":"<!-- This site is optimized with the Yoast SEO Premium plugin v15.5 - https:\/\/yoast.com\/wordpress\/plugins\/seo\/ -->\n<title>M\u00e1quina de Juego Lucky God Of Wealth - Bleegame<\/title>\n<meta name=\"robots\" content=\"index, follow, max-snippet:-1, max-image-preview:large, max-video-preview:-1\" \/>\n<link rel=\"canonical\" href=\"https:\/\/bleegame.com\/es\/producto\/lucky-god-of-wealth-game-machine-2\/\" \/>\n<meta property=\"og:locale\" content=\"es_ES\" \/>\n<meta property=\"og:type\" content=\"article\" \/>\n<meta property=\"og:title\" content=\"M\u00e1quina de Juego Lucky God Of Wealth - Bleegame\" \/>\n<meta property=\"og:description\" content=\"Marca:BLEE MOQ:1 Material\uff1aMetal+Acr\u00edlico Tama\u00f1o del producto\uff1a1364*1349*769cm Potencia de funcionamiento\uff1a750W Embalaje: Cajas de exportaci\u00f3n est\u00e1ndar Env\u00edo:Por mar\" \/>\n<meta property=\"og:url\" content=\"https:\/\/bleegame.com\/es\/producto\/lucky-god-of-wealth-game-machine-2\/\" \/>\n<meta property=\"og:site_name\" content=\"Bleegame\" \/>\n<meta name=\"twitter:card\" content=\"summary_large_image\" \/>\n<meta name=\"twitter:label1\" content=\"Tiempo de lectura\">\n\t<meta name=\"twitter:data1\" content=\"1 minuto\">\n<script type=\"application\/ld+json\" class=\"yoast-schema-graph\">{\"@context\":\"https:\/\/schema.org\",\"@graph\":[{\"@type\":\"WebSite\",\"@id\":\"https:\/\/bleegame.com\/es\/#website\",\"url\":\"https:\/\/bleegame.com\/es\/\",\"name\":\"Bleegame\",\"description\":\"One-stop Amusement Coin Operated Games  Machine procurement center\",\"potentialAction\":[{\"@type\":\"SearchAction\",\"target\":\"https:\/\/bleegame.com\/es\/?s={search_term_string}\",\"query-input\":\"required name=search_term_string\"}],\"inLanguage\":\"es\"},{\"@type\":\"ImageObject\",\"@id\":\"https:\/\/bleegame.com\/es\/producto\/lucky-god-of-wealth-game-machine-2\/#primaryimage\",\"inLanguage\":\"es\",\"url\":\"https:\/\/bleegame.com\/wp-content\/uploads\/2022\/08\/Coin-Arcade-Game-Machine.jpg\",\"width\":800,\"height\":800},{\"@type\":\"WebPage\",\"@id\":\"https:\/\/bleegame.com\/es\/producto\/lucky-god-of-wealth-game-machine-2\/#webpage\",\"url\":\"https:\/\/bleegame.com\/es\/producto\/lucky-god-of-wealth-game-machine-2\/\",\"name\":\"M\\u00e1quina de Juego Lucky God Of Wealth - Bleegame\",\"isPartOf\":{\"@id\":\"https:\/\/bleegame.com\/es\/#website\"},\"primaryImageOfPage\":{\"@id\":\"https:\/\/bleegame.com\/es\/producto\/lucky-god-of-wealth-game-machine-2\/#primaryimage\"},\"datePublished\":\"2022-08-08T08:34:03+00:00\",\"dateModified\":\"2022-08-08T08:34:03+00:00\",\"breadcrumb\":{\"@id\":\"https:\/\/bleegame.com\/es\/producto\/lucky-god-of-wealth-game-machine-2\/#breadcrumb\"},\"inLanguage\":\"es\",\"potentialAction\":[{\"@type\":\"ReadAction\",\"target\":[\"https:\/\/bleegame.com\/es\/producto\/lucky-god-of-wealth-game-machine-2\/\"]}]},{\"@type\":\"BreadcrumbList\",\"@id\":\"https:\/\/bleegame.com\/es\/producto\/lucky-god-of-wealth-game-machine-2\/#breadcrumb\",\"itemListElement\":[{\"@type\":\"ListItem\",\"position\":1,\"item\":{\"@type\":\"WebPage\",\"@id\":\"https:\/\/bleegame.com\/es\/producto\/\",\"url\":\"https:\/\/bleegame.com\/es\/producto\/\",\"name\":\"Producto\"}},{\"@type\":\"ListItem\",\"position\":2,\"item\":{\"@type\":\"WebPage\",\"@id\":\"https:\/\/bleegame.com\/es\/producto\/lucky-god-of-wealth-game-machine-2\/\",\"url\":\"https:\/\/bleegame.com\/es\/producto\/lucky-god-of-wealth-game-machine-2\/\",\"name\":\"M\\u00e1quina de Juego Lucky God Of Wealth\"}}]}]}<\/script>\n<!-- \/ Yoast SEO Premium plugin. -->","_links":{"self":[{"href":"https:\/\/bleegame.com\/es\/wp-json\/wp\/v2\/product\/6633","targetHints":{"allow":["GET"]}}],"collection":[{"href":"https:\/\/bleegame.com\/es\/wp-json\/wp\/v2\/product"}],"about":[{"href":"https:\/\/bleegame.com\/es\/wp-json\/wp\/v2\/types\/product"}],"version-history":[{"count":0,"href":"https:\/\/bleegame.com\/es\/wp-json\/wp\/v2\/product\/6633\/revisions"}],"wp:featuredmedia":[{"embeddable":true,"href":"https:\/\/bleegame.com\/es\/wp-json\/wp\/v2\/media\/6533"}],"wp:attachment":[{"href":"https:\/\/bleegame.com\/es\/wp-json\/wp\/v2\/media?parent=6633"}],"wp:term":[{"taxonomy":"product_cat","embeddable":true,"href":"https:\/\/bleegame.com\/es\/wp-json\/wp\/v2\/product_cat?post=6633"},{"taxonomy":"product_tag","embeddable":true,"href":"https:\/\/bleegame.com\/es\/wp-json\/wp\/v2\/product_tag?post=6633"}],"curies":[{"name":"wp","href":"https:\/\/api.w.org\/{rel}","templated":true}]}}