{"id":6634,"date":"2022-08-08T09:13:50","date_gmt":"2022-08-08T09:13:50","guid":{"rendered":"https:\/\/bleegame.com\/product\/coches-rapidos-maquina-de-juego-de-carreras\/"},"modified":"2022-08-08T09:13:50","modified_gmt":"2022-08-08T09:13:50","slug":"fast-cars-racing-game-machine-2","status":"publish","type":"product","link":"https:\/\/bleegame.com\/es\/producto\/fast-cars-racing-game-machine-2\/","title":{"rendered":"Coches r\u00e1pidos M\u00e1quina de Juego de Carreras"},"content":{"rendered":"<p>C\u00f3mo se juega:<\/p>\n<p>1. Seleccione la pista de juego despu\u00e9s de la inserci\u00f3n de la moneda e inicie el juego.<\/p>\n<p>2. Hay diferentes modos para elegir.<\/p>\n<p>3. Cada nivel tiene una escena de juego diferente.<\/p>\n<p>4. Utilizar el volante para girar a la izquierda o a la derecha.<\/p>\n<p>5. Pisa el acelerador, disfruta.<\/p>\n","protected":false},"excerpt":{"rendered":"<p>Marca:BLEE<br \/>\nMOQ:1<br \/>\nMaterial\uff1aMetal+Acr\u00edlico+Pl\u00e1stico<br \/>\nTama\u00f1o del producto\uff1a1240*840*1760mm<br \/>\nPotencia de funcionamiento\uff1a300W<br \/>\nEmbalaje:<br \/>\nCajas de exportaci\u00f3n est\u00e1ndar<br \/>\nEnv\u00edo:Por mar<\/p>\n","protected":false},"featured_media":6562,"template":"","meta":{"om_disable_all_campaigns":false,"_monsterinsights_skip_tracking":false,"_monsterinsights_sitenote_active":false,"_monsterinsights_sitenote_note":"","_monsterinsights_sitenote_category":0,"_uf_show_specific_survey":0,"_uf_disable_surveys":false},"product_cat":[233],"product_tag":[262,256,258],"class_list":["post-6634","product","type-product","status-publish","has-post-thumbnail","hentry","product_cat-maquina-de-juegos-de-carreras","product_tag-juego-de-carreras-arcade","product_tag-juego-de-simulador-de-carreras","product_tag-maquina-de-juegos-arcade"],"yoast_head":"<!-- This site is optimized with the Yoast SEO Premium plugin v15.5 - https:\/\/yoast.com\/wordpress\/plugins\/seo\/ -->\n<title>Coches r\u00e1pidos M\u00e1quina de Juego de Carreras - Bleegame<\/title>\n<meta name=\"description\" content=\"BLEE se centra en la fabricaci\u00f3n de juego de simulador de carreras, m\u00e1quina de juego de arcade, juego de arcade de carreras.\" \/>\n<meta name=\"robots\" content=\"index, follow, max-snippet:-1, max-image-preview:large, max-video-preview:-1\" \/>\n<link rel=\"canonical\" href=\"https:\/\/bleegame.com\/es\/producto\/fast-cars-racing-game-machine-2\/\" \/>\n<meta property=\"og:locale\" content=\"es_ES\" \/>\n<meta property=\"og:type\" content=\"article\" \/>\n<meta property=\"og:title\" content=\"Coches r\u00e1pidos M\u00e1quina de Juego de Carreras - Bleegame\" \/>\n<meta property=\"og:description\" content=\"BLEE se centra en la fabricaci\u00f3n de juego de simulador de carreras, m\u00e1quina de juego de arcade, juego de arcade de carreras.\" \/>\n<meta property=\"og:url\" content=\"https:\/\/bleegame.com\/es\/producto\/fast-cars-racing-game-machine-2\/\" \/>\n<meta property=\"og:site_name\" content=\"Bleegame\" \/>\n<meta property=\"og:image\" content=\"https:\/\/bleegame.com\/wp-content\/uploads\/2022\/08\/Fast-cars-Racing-Game-Machine-01.jpg\" \/>\n\t<meta property=\"og:image:width\" content=\"800\" \/>\n\t<meta property=\"og:image:height\" content=\"800\" \/>\n<meta name=\"twitter:card\" content=\"summary_large_image\" \/>\n<meta name=\"twitter:label1\" content=\"Tiempo de lectura\">\n\t<meta name=\"twitter:data1\" content=\"0 minutos\">\n<script type=\"application\/ld+json\" class=\"yoast-schema-graph\">{\"@context\":\"https:\/\/schema.org\",\"@graph\":[{\"@type\":\"WebSite\",\"@id\":\"https:\/\/bleegame.com\/es\/#website\",\"url\":\"https:\/\/bleegame.com\/es\/\",\"name\":\"Bleegame\",\"description\":\"One-stop Amusement Coin Operated Games  Machine procurement center\",\"potentialAction\":[{\"@type\":\"SearchAction\",\"target\":\"https:\/\/bleegame.com\/es\/?s={search_term_string}\",\"query-input\":\"required name=search_term_string\"}],\"inLanguage\":\"es\"},{\"@type\":\"ImageObject\",\"@id\":\"https:\/\/bleegame.com\/es\/producto\/fast-cars-racing-game-machine-2\/#primaryimage\",\"inLanguage\":\"es\",\"url\":\"https:\/\/bleegame.com\/wp-content\/uploads\/2022\/08\/Fast-cars-Racing-Game-Machine-01.jpg\",\"width\":800,\"height\":800},{\"@type\":\"WebPage\",\"@id\":\"https:\/\/bleegame.com\/es\/producto\/fast-cars-racing-game-machine-2\/#webpage\",\"url\":\"https:\/\/bleegame.com\/es\/producto\/fast-cars-racing-game-machine-2\/\",\"name\":\"Coches r\\u00e1pidos M\\u00e1quina de Juego de Carreras - Bleegame\",\"isPartOf\":{\"@id\":\"https:\/\/bleegame.com\/es\/#website\"},\"primaryImageOfPage\":{\"@id\":\"https:\/\/bleegame.com\/es\/producto\/fast-cars-racing-game-machine-2\/#primaryimage\"},\"datePublished\":\"2022-08-08T09:13:50+00:00\",\"dateModified\":\"2022-08-08T09:13:50+00:00\",\"description\":\"BLEE se centra en la fabricaci\\u00f3n de juego de simulador de carreras, m\\u00e1quina de juego de arcade, juego de arcade de carreras.\",\"breadcrumb\":{\"@id\":\"https:\/\/bleegame.com\/es\/producto\/fast-cars-racing-game-machine-2\/#breadcrumb\"},\"inLanguage\":\"es\",\"potentialAction\":[{\"@type\":\"ReadAction\",\"target\":[\"https:\/\/bleegame.com\/es\/producto\/fast-cars-racing-game-machine-2\/\"]}]},{\"@type\":\"BreadcrumbList\",\"@id\":\"https:\/\/bleegame.com\/es\/producto\/fast-cars-racing-game-machine-2\/#breadcrumb\",\"itemListElement\":[{\"@type\":\"ListItem\",\"position\":1,\"item\":{\"@type\":\"WebPage\",\"@id\":\"https:\/\/bleegame.com\/es\/producto\/\",\"url\":\"https:\/\/bleegame.com\/es\/producto\/\",\"name\":\"Producto\"}},{\"@type\":\"ListItem\",\"position\":2,\"item\":{\"@type\":\"WebPage\",\"@id\":\"https:\/\/bleegame.com\/es\/producto\/fast-cars-racing-game-machine-2\/\",\"url\":\"https:\/\/bleegame.com\/es\/producto\/fast-cars-racing-game-machine-2\/\",\"name\":\"Coches r\\u00e1pidos M\\u00e1quina de Juego de Carreras\"}}]}]}<\/script>\n<!-- \/ Yoast SEO Premium plugin. -->","_links":{"self":[{"href":"https:\/\/bleegame.com\/es\/wp-json\/wp\/v2\/product\/6634","targetHints":{"allow":["GET"]}}],"collection":[{"href":"https:\/\/bleegame.com\/es\/wp-json\/wp\/v2\/product"}],"about":[{"href":"https:\/\/bleegame.com\/es\/wp-json\/wp\/v2\/types\/product"}],"version-history":[{"count":0,"href":"https:\/\/bleegame.com\/es\/wp-json\/wp\/v2\/product\/6634\/revisions"}],"wp:featuredmedia":[{"embeddable":true,"href":"https:\/\/bleegame.com\/es\/wp-json\/wp\/v2\/media\/6562"}],"wp:attachment":[{"href":"https:\/\/bleegame.com\/es\/wp-json\/wp\/v2\/media?parent=6634"}],"wp:term":[{"taxonomy":"product_cat","embeddable":true,"href":"https:\/\/bleegame.com\/es\/wp-json\/wp\/v2\/product_cat?post=6634"},{"taxonomy":"product_tag","embeddable":true,"href":"https:\/\/bleegame.com\/es\/wp-json\/wp\/v2\/product_tag?post=6634"}],"curies":[{"name":"wp","href":"https:\/\/api.w.org\/{rel}","templated":true}]}}