{"id":6638,"date":"2022-07-26T02:44:54","date_gmt":"2022-07-26T02:44:54","guid":{"rendered":"https:\/\/bleegame.com\/product\/aceptador-de-monedas-puerta-robusta-puerta-de-hierro-para-monedas\/"},"modified":"2022-07-26T02:44:54","modified_gmt":"2022-07-26T02:44:54","slug":"aceptador-de-monedas-puerta-de-hierro-puerta-de-hierro","status":"publish","type":"product","link":"https:\/\/bleegame.com\/es\/producto\/aceptador-de-monedas-puerta-de-hierro-puerta-de-hierro\/","title":{"rendered":"Aceptador de monedas Puerta robusta Puerta de hierro para monedas"},"content":{"rendered":"<div class=\"special-heading-border\">\n<div class=\"special-heading-inner-border\"><\/div>\n<\/div>\n<\/div>\n<div style=\"  margin-top:; margin-bottom:;\" class=\"hr hr-custom hr-center hr-icon-no avia-builder-el-12 el_after_av_heading el_before_av_textblock \"><span class=\"hr-inner inner-border-av-border-thin\" style=\"  width:1550px;\"><span class=\"hr-inner-style\"><\/span><\/span><\/div>\n<section class=\"av_textblock_section \" itemscope=\"itemscope\" itemtype=\"https:\/\/schema.org\/CreativeWork\">\n<div class=\"avia_textblock \" itemprop=\"text\">\n<div id=\"centerCol\" class=\"centerColAlign centerColAlign-bbcxoverride\">\n<div id=\"featurebullets_feature_div\" class=\"celwidget\" data-feature-name=\"featurebullets\" data-cel-widget=\"featurebullets_feature_div\" data-csa-c-id=\"kci1ny-jvca8q-sb0v69-c415v1\">\n<div id=\"feature-bullets\" class=\"a-section a-spacing-medium a-spacing-top-small\">\n<ul class=\"a-unordered-list a-vertical a-spacing-mini\">\n<li><span class=\"a-list-item\">Material: Esta robusta puerta del monedero est\u00e1 fabricada en acero con acabado de forja.<\/span><\/li>\n<li><span class=\"a-list-item\">Est\u00e1ndar: Montaje est\u00e1ndar de la industria, lo suficientemente fuerte para la mayor\u00eda de los gabinetes.<\/span><\/li>\n<li><span class=\"a-list-item\">Cambiable: Se puede cambiar desde la parte trasera de la puerta. Permite un f\u00e1cil acceso al armario, caja, etc.<\/span><\/li>\n<li><span class=\"a-list-item\">\u00datil: Puede utilizarse como puerta de acceso a la caja en combinaci\u00f3n con la caja de pl\u00e1stico.<\/span><\/li>\n<li><span class=\"a-list-item\">Adecuado: Monedero de puerta peque\u00f1a adecuado para m\u00e1quina de arcade, m\u00e1quina de juegos, m\u00e1quina de mu\u00f1ecas, etc.<\/span><\/li>\n<\/ul>\n<\/div>\n<\/div>\n<div id=\"promotionalAddon_feature_div\" class=\"celwidget\" data-feature-name=\"promotionalAddon\" data-cel-widget=\"promotionalAddon_feature_div\" data-csa-c-id=\"ritwvm-mgxou1-ql889l-jwviq9\"><\/div>\n<\/div>\n<div id=\"hqpWrapper\" class=\"centerColAlign centerColAlign-bbcxoverride\">\n<div id=\"heroQuickPromo_feature_div\" class=\"celwidget\" data-feature-name=\"heroQuickPromo\" data-cel-widget=\"heroQuickPromo_feature_div\" data-csa-c-id=\"ponm7-cgynts-4xdgu8-kvw92k\">\n<div id=\"hero-quick-promo\" class=\"a-row a-spacing-medium\"><\/div>\n<\/div>\n<\/div>\n<\/div>\n<\/section>\n<div style='padding-bottom:10px; ' class='av-special-heading av-special-heading-h3 blockquote modern-quote avia-builder-el-14 el_after_av_textblock el_before_av_hr '>\n<h3 class='av-special-heading-tag ' itemprop=\"headline\">\n","protected":false},"excerpt":{"rendered":"<p>BLEE se centra en la fabricaci\u00f3n de accesorios de juegos de arcade, fabricamos y vendemos todo tipo de accesorios de juegos de arcade de alta calidad, somos una empresa de marca que ha estado operando durante muchos a\u00f1os, teniendo una buena reputaci\u00f3n y un gran grupo de clientes. Si est\u00e1 interesado en el juego de arcade y necesita comprar accesorios para juegos de arcade, p\u00f3ngase en contacto con nosotros.<\/p>\n","protected":false},"featured_media":5041,"template":"","meta":{"om_disable_all_campaigns":false,"_monsterinsights_skip_tracking":false,"_monsterinsights_sitenote_active":false,"_monsterinsights_sitenote_note":"","_monsterinsights_sitenote_category":0,"_uf_show_specific_survey":0,"_uf_disable_surveys":false},"product_cat":[250],"product_tag":[],"class_list":["post-6638","product","type-product","status-publish","has-post-thumbnail","hentry","product_cat-puerta-de-la-moneda"],"yoast_head":"<!-- This site is optimized with the Yoast SEO Premium plugin v15.5 - https:\/\/yoast.com\/wordpress\/plugins\/seo\/ -->\n<title>Aceptador de monedas Puerta robusta Puerta de hierro para monedas - Bleegame<\/title>\n<meta name=\"robots\" content=\"index, follow, max-snippet:-1, max-image-preview:large, max-video-preview:-1\" \/>\n<link rel=\"canonical\" href=\"https:\/\/bleegame.com\/es\/producto\/aceptador-de-monedas-puerta-de-hierro-puerta-de-hierro\/\" \/>\n<meta property=\"og:locale\" content=\"es_ES\" \/>\n<meta property=\"og:type\" content=\"article\" \/>\n<meta property=\"og:title\" content=\"Aceptador de monedas Puerta robusta Puerta de hierro para monedas - Bleegame\" \/>\n<meta property=\"og:description\" content=\"BLEE se centra en la fabricaci\u00f3n de accesorios de juegos de arcade, fabricamos y vendemos todo tipo de accesorios de juegos de arcade de alta calidad, somos una empresa de marca que ha estado operando durante muchos a\u00f1os, teniendo una buena reputaci\u00f3n y un gran grupo de clientes. Si est\u00e1 interesado en el juego de arcade y necesita comprar accesorios para juegos de arcade, p\u00f3ngase en contacto con nosotros.\" \/>\n<meta property=\"og:url\" content=\"https:\/\/bleegame.com\/es\/producto\/aceptador-de-monedas-puerta-de-hierro-puerta-de-hierro\/\" \/>\n<meta property=\"og:site_name\" content=\"Bleegame\" \/>\n<meta name=\"twitter:card\" content=\"summary_large_image\" \/>\n<meta name=\"twitter:label1\" content=\"Tiempo de lectura\">\n\t<meta name=\"twitter:data1\" content=\"0 minutos\">\n<script type=\"application\/ld+json\" class=\"yoast-schema-graph\">{\"@context\":\"https:\/\/schema.org\",\"@graph\":[{\"@type\":\"WebSite\",\"@id\":\"https:\/\/bleegame.com\/es\/#website\",\"url\":\"https:\/\/bleegame.com\/es\/\",\"name\":\"Bleegame\",\"description\":\"One-stop Amusement Coin Operated Games  Machine procurement center\",\"potentialAction\":[{\"@type\":\"SearchAction\",\"target\":\"https:\/\/bleegame.com\/es\/?s={search_term_string}\",\"query-input\":\"required name=search_term_string\"}],\"inLanguage\":\"es\"},{\"@type\":\"ImageObject\",\"@id\":\"https:\/\/bleegame.com\/es\/producto\/aceptador-de-monedas-puerta-de-hierro-puerta-de-hierro\/#primaryimage\",\"inLanguage\":\"es\",\"url\":\"https:\/\/bleegame.com\/wp-content\/uploads\/2022\/07\/11-12-1.jpg\",\"width\":800,\"height\":800},{\"@type\":\"WebPage\",\"@id\":\"https:\/\/bleegame.com\/es\/producto\/aceptador-de-monedas-puerta-de-hierro-puerta-de-hierro\/#webpage\",\"url\":\"https:\/\/bleegame.com\/es\/producto\/aceptador-de-monedas-puerta-de-hierro-puerta-de-hierro\/\",\"name\":\"Aceptador de monedas Puerta robusta Puerta de hierro para monedas - Bleegame\",\"isPartOf\":{\"@id\":\"https:\/\/bleegame.com\/es\/#website\"},\"primaryImageOfPage\":{\"@id\":\"https:\/\/bleegame.com\/es\/producto\/aceptador-de-monedas-puerta-de-hierro-puerta-de-hierro\/#primaryimage\"},\"datePublished\":\"2022-07-26T02:44:54+00:00\",\"dateModified\":\"2022-07-26T02:44:54+00:00\",\"breadcrumb\":{\"@id\":\"https:\/\/bleegame.com\/es\/producto\/aceptador-de-monedas-puerta-de-hierro-puerta-de-hierro\/#breadcrumb\"},\"inLanguage\":\"es\",\"potentialAction\":[{\"@type\":\"ReadAction\",\"target\":[\"https:\/\/bleegame.com\/es\/producto\/aceptador-de-monedas-puerta-de-hierro-puerta-de-hierro\/\"]}]},{\"@type\":\"BreadcrumbList\",\"@id\":\"https:\/\/bleegame.com\/es\/producto\/aceptador-de-monedas-puerta-de-hierro-puerta-de-hierro\/#breadcrumb\",\"itemListElement\":[{\"@type\":\"ListItem\",\"position\":1,\"item\":{\"@type\":\"WebPage\",\"@id\":\"https:\/\/bleegame.com\/es\/producto\/\",\"url\":\"https:\/\/bleegame.com\/es\/producto\/\",\"name\":\"Producto\"}},{\"@type\":\"ListItem\",\"position\":2,\"item\":{\"@type\":\"WebPage\",\"@id\":\"https:\/\/bleegame.com\/es\/producto\/aceptador-de-monedas-puerta-de-hierro-puerta-de-hierro\/\",\"url\":\"https:\/\/bleegame.com\/es\/producto\/aceptador-de-monedas-puerta-de-hierro-puerta-de-hierro\/\",\"name\":\"Aceptador de monedas Puerta robusta Puerta de hierro para monedas\"}}]}]}<\/script>\n<!-- \/ Yoast SEO Premium plugin. -->","_links":{"self":[{"href":"https:\/\/bleegame.com\/es\/wp-json\/wp\/v2\/product\/6638","targetHints":{"allow":["GET"]}}],"collection":[{"href":"https:\/\/bleegame.com\/es\/wp-json\/wp\/v2\/product"}],"about":[{"href":"https:\/\/bleegame.com\/es\/wp-json\/wp\/v2\/types\/product"}],"version-history":[{"count":0,"href":"https:\/\/bleegame.com\/es\/wp-json\/wp\/v2\/product\/6638\/revisions"}],"wp:featuredmedia":[{"embeddable":true,"href":"https:\/\/bleegame.com\/es\/wp-json\/wp\/v2\/media\/5041"}],"wp:attachment":[{"href":"https:\/\/bleegame.com\/es\/wp-json\/wp\/v2\/media?parent=6638"}],"wp:term":[{"taxonomy":"product_cat","embeddable":true,"href":"https:\/\/bleegame.com\/es\/wp-json\/wp\/v2\/product_cat?post=6638"},{"taxonomy":"product_tag","embeddable":true,"href":"https:\/\/bleegame.com\/es\/wp-json\/wp\/v2\/product_tag?post=6638"}],"curies":[{"name":"wp","href":"https:\/\/api.w.org\/{rel}","templated":true}]}}