{"id":6640,"date":"2022-07-26T02:44:56","date_gmt":"2022-07-26T02:44:56","guid":{"rendered":"https:\/\/bleegame.com\/product\/comparacion-de-cpus-tipo-lateral-monedero\/"},"modified":"2022-07-26T02:44:56","modified_gmt":"2022-07-26T02:44:56","slug":"cpu-comparacion-tipo-selector-de-monedas","status":"publish","type":"product","link":"https:\/\/bleegame.com\/es\/producto\/cpu-comparacion-tipo-selector-de-monedas\/","title":{"rendered":"Comparaci\u00f3n de CPUs Tipo Lateral Monedero"},"content":{"rendered":"<div class=\"special-heading-border\">\n<div class=\"special-heading-inner-border\"><\/div>\n<\/div>\n<\/div>\n<div style=\"  margin-top:; margin-bottom:;\" class=\"hr hr-custom hr-center hr-icon-no avia-builder-el-12 el_after_av_heading el_before_av_textblock \"><span class=\"hr-inner inner-border-av-border-thin\" style=\"  width:1550px;\"><span class=\"hr-inner-style\"><\/span><\/span><\/div>\n<section class=\"av_textblock_section \" itemscope=\"itemscope\" itemtype=\"https:\/\/schema.org\/CreativeWork\">\n<div class=\"avia_textblock \" itemprop=\"text\">\n<p><strong><b>Especificaci\u00f3n del producto:<\/b><\/strong><\/p>\n<p>Di\u00e1metro de la moneda: 22mm-28mm<\/p>\n<p>Espesor de la moneda: 1,7mm-2,2mm<\/p>\n<p>Temperatura de trabajo: -15\u2103-+50\u2103<\/p>\n<p>Tensi\u00f3n de trabajo: DC+12V\u00b110%<\/p>\n<p>Salida de se\u00f1al de moneda: tipo O.C. (colector abierto)<\/p>\n<p>Working current:%-1.3A\u00b110%<\/p>\n<p><b><\/b><strong><b>Caracter\u00edsticas del producto:<\/b><\/strong><\/p>\n<p>1. Traje para todo tipo de fichas.<\/p>\n<p>2.Control del programa de la CPU y puntuaci\u00f3n correcta.<\/p>\n<p>3.Special dise\u00f1o para anti-EMI (interferencia electromagn\u00e9tica).<\/p>\n<p>4.Dise\u00f1o especial: interruptor preciso\/normal, insertando las monedas m\u00e1s suavemente.<\/p>\n<p>5.Back dise\u00f1o abierto, adti-jamming monedas.<\/p>\n<p><strong><b>Manual:  <\/b><\/strong><\/p>\n<ul>\n<li>Retire la moneda de pl\u00e1stico de la ranura para monedas e introduzca las monedas utilizadas.<\/li>\n<li>Cambiando el SW1 de COIN seg\u00fan la placa principal, la placa de PC con l\u00e1mpara giratoria normalmente usa NC; otras placas de PC usan NO<\/li>\n<li>Cambiando el SW2 de COIN de acuerdo con el tablero principal, r\u00e1pido 25ms y medio 50ms normalmente se adaptan a la m\u00e1quina de juego com\u00fan, lento 100ms se adaptan a la m\u00e1quina de diversi\u00f3n.<\/li>\n<li>El bot\u00f3n VR se utiliza para ajustar la sensibilidad de la aceptaci\u00f3n de la moneda. El giro en el sentido de las agujas del reloj es una selecci\u00f3n floja, el sentido contrario una selecci\u00f3n estricta.<\/li>\n<li>Si encuentra que el paso de la moneda no es suave, por favor ajuste el interruptor de precisi\u00f3n, o gire la perilla VR a la direcci\u00f3n adecuada.<\/li>\n<\/ul>\n<\/div>\n<\/section>\n<div style=\"padding-bottom:10px;  \" class=\"av-special-heading av-special-heading-h3 blockquote modern-quote avia-builder-el-14 el_after_av_textblock el_before_av_hr \">\n<h3 class=\"av-special-heading-tag \" itemprop=\"headline\">V\u00eddeo<\/h3>\n<div class=\"special-heading-border\">\n<div class=\"special-heading-inner-border\"><\/div>\n<\/div>\n<\/div>\n<div style=\"  margin-top:; margin-bottom:;\" class=\"hr hr-custom hr-center hr-icon-no avia-builder-el-15 el_after_av_heading el_before_av_video \"><span class=\"hr-inner inner-border-av-border-thin\" style=\"  width:1550px;\"><span class=\"hr-inner-style\"><\/span><\/span><\/div>\n<div class=\"avia-video avia-video-16-9 av-lazyload-immediate av-lazyload-video-embed \" itemprop=\"video\" itemtype=\"https:\/\/schema.org\/VideoObject\" data-original_url=\"https:\/\/www.youtube.com\/watch?v=fU2VERHvPsc\">\n<div class=\"avia-iframe-wrap\"><iframe title=\"133B\u6bd4\u8f83\u5f0f\u6295\u5e01\u5668\uff08\u5e26\u706f\uff0c\u7535\u9540\u9762\u677f\uff09\" width=\"1333\" height=\"1000\" frameborder=\"0\" allow=\"accelerometer; autoplay; clipboard-write; encrypted-media; gyroscope; picture-in-picture\" allowfullscreen=\"\" src=\"https:\/\/www.youtube.com\/embed\/fU2VERHvPsc?feature=oembed&amp;autoplay=0&amp;loop=0&amp;controls=1&amp;mute=0\"><\/iframe><\/div>\n<p><\/script><\/p>\n<div class=\"av-click-to-play-overlay\">\n<div class=\"avia_playpause_icon\"><\/div>\n<\/div>\n<\/div>\n<div style='padding-bottom:10px; ' class='av-special-heading av-special-heading-h3 blockquote modern-quote avia-builder-el-17 el_after_av_video el_before_av_hr '>\n<h3 class='av-special-heading-tag ' itemprop=\"headline\">\n","protected":false},"excerpt":{"rendered":"<p>Ya sea que est\u00e9 construyendo su propio gabinete de arcade o simplemente cobrando la entrada a su casa, este aceptador de monedas programable hace que sea f\u00e1cil monetizar su pr\u00f3ximo proyecto. Hay un mont\u00f3n de proyectos geniales que funcionan con monedas y que est\u00e1n *esperando* a ser construidos.<\/p>\n","protected":false},"featured_media":6898,"template":"","meta":{"om_disable_all_campaigns":false,"_monsterinsights_skip_tracking":false,"_monsterinsights_sitenote_active":false,"_monsterinsights_sitenote_note":"","_monsterinsights_sitenote_category":0,"_uf_show_specific_survey":0,"_uf_disable_surveys":false},"product_cat":[230,236],"product_tag":[],"class_list":["post-6640","product","type-product","status-publish","has-post-thumbnail","hentry","product_cat-aceptador-de-monedas","product_cat-comparacion-de-monederos"],"yoast_head":"<!-- This site is optimized with the Yoast SEO Premium plugin v15.5 - https:\/\/yoast.com\/wordpress\/plugins\/seo\/ -->\n<title>Comparaci\u00f3n de CPUs Tipo Lateral Monedero - Bleegame<\/title>\n<meta name=\"robots\" content=\"index, follow, max-snippet:-1, max-image-preview:large, max-video-preview:-1\" \/>\n<link rel=\"canonical\" href=\"https:\/\/bleegame.com\/es\/producto\/cpu-comparacion-tipo-selector-de-monedas\/\" \/>\n<meta property=\"og:locale\" content=\"es_ES\" \/>\n<meta property=\"og:type\" content=\"article\" \/>\n<meta property=\"og:title\" content=\"Comparaci\u00f3n de CPUs Tipo Lateral Monedero - Bleegame\" \/>\n<meta property=\"og:description\" content=\"Ya sea que est\u00e9 construyendo su propio gabinete de arcade o simplemente cobrando la entrada a su casa, este aceptador de monedas programable hace que sea f\u00e1cil monetizar su pr\u00f3ximo proyecto. Hay un mont\u00f3n de proyectos geniales que funcionan con monedas y que est\u00e1n *esperando* a ser construidos.\" \/>\n<meta property=\"og:url\" content=\"https:\/\/bleegame.com\/es\/producto\/cpu-comparacion-tipo-selector-de-monedas\/\" \/>\n<meta property=\"og:site_name\" content=\"Bleegame\" \/>\n<meta name=\"twitter:card\" content=\"summary_large_image\" \/>\n<meta name=\"twitter:label1\" content=\"Tiempo de lectura\">\n\t<meta name=\"twitter:data1\" content=\"1 minuto\">\n<script type=\"application\/ld+json\" class=\"yoast-schema-graph\">{\"@context\":\"https:\/\/schema.org\",\"@graph\":[{\"@type\":\"WebSite\",\"@id\":\"https:\/\/bleegame.com\/es\/#website\",\"url\":\"https:\/\/bleegame.com\/es\/\",\"name\":\"Bleegame\",\"description\":\"One-stop Amusement Coin Operated Games  Machine procurement center\",\"potentialAction\":[{\"@type\":\"SearchAction\",\"target\":\"https:\/\/bleegame.com\/es\/?s={search_term_string}\",\"query-input\":\"required name=search_term_string\"}],\"inLanguage\":\"es\"},{\"@type\":\"ImageObject\",\"@id\":\"https:\/\/bleegame.com\/es\/producto\/cpu-comparacion-tipo-selector-de-monedas\/#primaryimage\",\"inLanguage\":\"es\",\"url\":\"https:\/\/bleegame.com\/wp-content\/uploads\/2022\/07\/1-131.jpg\",\"width\":800,\"height\":800,\"caption\":\"coin selector\"},{\"@type\":\"WebPage\",\"@id\":\"https:\/\/bleegame.com\/es\/producto\/cpu-comparacion-tipo-selector-de-monedas\/#webpage\",\"url\":\"https:\/\/bleegame.com\/es\/producto\/cpu-comparacion-tipo-selector-de-monedas\/\",\"name\":\"Comparaci\\u00f3n de CPUs Tipo Lateral Monedero - Bleegame\",\"isPartOf\":{\"@id\":\"https:\/\/bleegame.com\/es\/#website\"},\"primaryImageOfPage\":{\"@id\":\"https:\/\/bleegame.com\/es\/producto\/cpu-comparacion-tipo-selector-de-monedas\/#primaryimage\"},\"datePublished\":\"2022-07-26T02:44:56+00:00\",\"dateModified\":\"2022-07-26T02:44:56+00:00\",\"breadcrumb\":{\"@id\":\"https:\/\/bleegame.com\/es\/producto\/cpu-comparacion-tipo-selector-de-monedas\/#breadcrumb\"},\"inLanguage\":\"es\",\"potentialAction\":[{\"@type\":\"ReadAction\",\"target\":[\"https:\/\/bleegame.com\/es\/producto\/cpu-comparacion-tipo-selector-de-monedas\/\"]}]},{\"@type\":\"BreadcrumbList\",\"@id\":\"https:\/\/bleegame.com\/es\/producto\/cpu-comparacion-tipo-selector-de-monedas\/#breadcrumb\",\"itemListElement\":[{\"@type\":\"ListItem\",\"position\":1,\"item\":{\"@type\":\"WebPage\",\"@id\":\"https:\/\/bleegame.com\/es\/producto\/\",\"url\":\"https:\/\/bleegame.com\/es\/producto\/\",\"name\":\"Producto\"}},{\"@type\":\"ListItem\",\"position\":2,\"item\":{\"@type\":\"WebPage\",\"@id\":\"https:\/\/bleegame.com\/es\/producto\/cpu-comparacion-tipo-selector-de-monedas\/\",\"url\":\"https:\/\/bleegame.com\/es\/producto\/cpu-comparacion-tipo-selector-de-monedas\/\",\"name\":\"Comparaci\\u00f3n de CPUs Tipo Lateral Monedero\"}}]}]}<\/script>\n<!-- \/ Yoast SEO Premium plugin. -->","_links":{"self":[{"href":"https:\/\/bleegame.com\/es\/wp-json\/wp\/v2\/product\/6640","targetHints":{"allow":["GET"]}}],"collection":[{"href":"https:\/\/bleegame.com\/es\/wp-json\/wp\/v2\/product"}],"about":[{"href":"https:\/\/bleegame.com\/es\/wp-json\/wp\/v2\/types\/product"}],"version-history":[{"count":0,"href":"https:\/\/bleegame.com\/es\/wp-json\/wp\/v2\/product\/6640\/revisions"}],"wp:featuredmedia":[{"embeddable":true,"href":"https:\/\/bleegame.com\/es\/wp-json\/wp\/v2\/media\/6898"}],"wp:attachment":[{"href":"https:\/\/bleegame.com\/es\/wp-json\/wp\/v2\/media?parent=6640"}],"wp:term":[{"taxonomy":"product_cat","embeddable":true,"href":"https:\/\/bleegame.com\/es\/wp-json\/wp\/v2\/product_cat?post=6640"},{"taxonomy":"product_tag","embeddable":true,"href":"https:\/\/bleegame.com\/es\/wp-json\/wp\/v2\/product_tag?post=6640"}],"curies":[{"name":"wp","href":"https:\/\/api.w.org\/{rel}","templated":true}]}}