{"id":6641,"date":"2022-07-26T02:18:37","date_gmt":"2022-07-26T02:18:37","guid":{"rendered":"https:\/\/bleegame.com\/product\/aceptador-de-monedas-con-luz-de-la-cpu\/"},"modified":"2022-07-26T02:18:37","modified_gmt":"2022-07-26T02:18:37","slug":"cpu-comparable-aceptador-de-monedas-con-luz","status":"publish","type":"product","link":"https:\/\/bleegame.com\/es\/producto\/cpu-comparable-aceptador-de-monedas-con-luz\/","title":{"rendered":"Aceptador de monedas con luz de la CPU"},"content":{"rendered":"<div class=\"special-heading-border\">\n<div class=\"special-heading-inner-border\"><\/div>\n<\/div>\n<div class=\"hr hr-custom hr-center hr-icon-no avia-builder-el-12 el_after_av_heading el_before_av_textblock \"><\/div>\n<section class=\"av_textblock_section \">\n<div class=\"avia_textblock \">\n<ul>\n<li>Funci\u00f3n de recordatorio de la pantalla LED inteligente, lo que hace que el funcionamiento sea inteligente y sencillo.<\/li>\n<li>Panel de pl\u00e1stico, pl\u00e1stico especial para el parachoques del coche, duradero.<\/li>\n<li>Sistema de procesamiento de CPU de alto rendimiento, tasa de precisi\u00f3n integral del 100%.<\/li>\n<li>Dise\u00f1o de circuito de aislamiento antiinterferencias, que mejora en gran medida la estabilidad y la durabilidad del producto.<\/li>\n<li>Con un dise\u00f1o de mec\u00e1nica humana, es r\u00e1pido y f\u00e1cil devolver las monedas.<\/li>\n<\/ul>\n<p><strong>Especificaci\u00f3n:<\/strong><br \/>\nMaterial: ABS<br \/>\nTama\u00f1o: Aprox. 14*12*6.5cm\/5.51*4.72*2.56inch<br \/>\nColor: Como se muestra en la foto<br \/>\nTipo: Comparaci\u00f3n de CPUs<br \/>\nSerie: Arma lateral<br \/>\nSalida de monedas: O.C (colector abierto) Normalmente abierto NO\/Normalmente cerrado\/NC<br \/>\nFunci\u00f3n de reconocimiento: Material, Tama\u00f1o, Patr\u00f3n<br \/>\nFunci\u00f3n de devoluci\u00f3n de dinero: Soporte<br \/>\nFunci\u00f3n de cron\u00f3metro: Soporta DC 13V LCD&amp;Mechanical Stopwatch<br \/>\nFunci\u00f3n Anti-Phishing: Soporta<br \/>\nEspesor de la moneda: Aprox. 1.7mm-2.4mm\/0.07-0.09inch<br \/>\nDi\u00e1metro de la moneda: Aprox. 22-28mm\/0.87-1.10inch<br \/>\nAjuste del pulso: 3 niveles ajustables (25ms, 50ms, 101ms)<br \/>\nTensi\u00f3n de trabajo: 12V\/61mA<br \/>\nPantalla inteligente: Soporte (pantalla LED)<br \/>\nFunci\u00f3n de apertura de la tapa: Soporte (tapa de apertura lateral 130)<\/p>\n<p><strong>Lista de paquetes:<\/strong><br \/>\n1 x M\u00e1quina que funciona con monedas<br \/>\n4 x Tornillo<br \/>\n4 x Tuerca<\/p>\n<\/div>\n<\/section>\n<div class=\"av-special-heading av-special-heading-h3 blockquote modern-quote avia-builder-el-14 el_after_av_textblock el_before_av_hr \" style=\"padding-bottom: 10px;\">\n<h3 class=\"av-special-heading-tag \">V\u00eddeo<\/h3>\n<div class=\"special-heading-border\">\n<div class=\"special-heading-inner-border\"><\/div>\n<\/div>\n<\/div>\n<div class=\"hr hr-custom hr-center hr-icon-no avia-builder-el-15 el_after_av_heading el_before_av_video \"><\/div>\n<div class=\"avia-video avia-video-16-9 av-lazyload-immediate av-lazyload-video-embed \" data-original_url=\"https:\/\/www.youtube.com\/watch?v=_RIhlhWFp6o\">\n<div class=\"avia-iframe-wrap\"><iframe title=\"JY 133A?\u023d?\u02bd\u0376?????????\u01a3?????\u026b??\u58e9\" src=\"https:\/\/www.youtube.com\/embed\/_RIhlhWFp6o?feature=oembed&amp;autoplay=0&amp;loop=0&amp;controls=1&amp;mute=0\" width=\"1333\" height=\"1000\" frameborder=\"0\" allowfullscreen=\"allowfullscreen\"><\/iframe><\/div>\n<p>&nbsp;<\/p>\n<div class=\"av-click-to-play-overlay\">\n<div class=\"avia_playpause_icon\"><\/div>\n<\/div>\n<\/div>\n<div class=\"av-special-heading av-special-heading-h3 blockquote modern-quote avia-builder-el-17 el_after_av_video el_before_av_hr \" style=\"padding-bottom: 10px;\">\n<h3 class=\"av-special-heading-tag \"><\/h3>\n<\/div>\n","protected":false},"excerpt":{"rendered":"<p>Ya sea que est\u00e9 construyendo su propio gabinete de arcade o simplemente cobrando la entrada a su casa, este aceptador de monedas programable hace que sea f\u00e1cil monetizar su pr\u00f3ximo proyecto. Hay un mont\u00f3n de proyectos geniales que funcionan con monedas y que est\u00e1n *esperando* a ser construidos.<\/p>\n","protected":false},"featured_media":7063,"template":"","meta":{"om_disable_all_campaigns":false,"_monsterinsights_skip_tracking":false,"_monsterinsights_sitenote_active":false,"_monsterinsights_sitenote_note":"","_monsterinsights_sitenote_category":0,"_uf_show_specific_survey":0,"_uf_disable_surveys":false},"product_cat":[230,236],"product_tag":[],"class_list":["post-6641","product","type-product","status-publish","has-post-thumbnail","hentry","product_cat-aceptador-de-monedas","product_cat-comparacion-de-monederos"],"yoast_head":"<!-- This site is optimized with the Yoast SEO Premium plugin v15.5 - https:\/\/yoast.com\/wordpress\/plugins\/seo\/ -->\n<title>Aceptador de monedas con luz de la CPU - Bleegame<\/title>\n<meta name=\"robots\" content=\"index, follow, max-snippet:-1, max-image-preview:large, max-video-preview:-1\" \/>\n<link rel=\"canonical\" href=\"https:\/\/bleegame.com\/es\/producto\/cpu-comparable-aceptador-de-monedas-con-luz\/\" \/>\n<meta property=\"og:locale\" content=\"es_ES\" \/>\n<meta property=\"og:type\" content=\"article\" \/>\n<meta property=\"og:title\" content=\"Aceptador de monedas con luz de la CPU - Bleegame\" \/>\n<meta property=\"og:description\" content=\"Ya sea que est\u00e9 construyendo su propio gabinete de arcade o simplemente cobrando la entrada a su casa, este aceptador de monedas programable hace que sea f\u00e1cil monetizar su pr\u00f3ximo proyecto. Hay un mont\u00f3n de proyectos geniales que funcionan con monedas y que est\u00e1n *esperando* a ser construidos.\" \/>\n<meta property=\"og:url\" content=\"https:\/\/bleegame.com\/es\/producto\/cpu-comparable-aceptador-de-monedas-con-luz\/\" \/>\n<meta property=\"og:site_name\" content=\"Bleegame\" \/>\n<meta name=\"twitter:card\" content=\"summary_large_image\" \/>\n<meta name=\"twitter:label1\" content=\"Tiempo de lectura\">\n\t<meta name=\"twitter:data1\" content=\"1 minuto\">\n<script type=\"application\/ld+json\" class=\"yoast-schema-graph\">{\"@context\":\"https:\/\/schema.org\",\"@graph\":[{\"@type\":\"WebSite\",\"@id\":\"https:\/\/bleegame.com\/es\/#website\",\"url\":\"https:\/\/bleegame.com\/es\/\",\"name\":\"Bleegame\",\"description\":\"One-stop Amusement Coin Operated Games  Machine procurement center\",\"potentialAction\":[{\"@type\":\"SearchAction\",\"target\":\"https:\/\/bleegame.com\/es\/?s={search_term_string}\",\"query-input\":\"required name=search_term_string\"}],\"inLanguage\":\"es\"},{\"@type\":\"ImageObject\",\"@id\":\"https:\/\/bleegame.com\/es\/producto\/cpu-comparable-aceptador-de-monedas-con-luz\/#primaryimage\",\"inLanguage\":\"es\",\"url\":\"https:\/\/bleegame.com\/wp-content\/uploads\/2022\/07\/1-137.jpg\",\"width\":800,\"height\":800,\"caption\":\"euro coin acceptor\"},{\"@type\":\"WebPage\",\"@id\":\"https:\/\/bleegame.com\/es\/producto\/cpu-comparable-aceptador-de-monedas-con-luz\/#webpage\",\"url\":\"https:\/\/bleegame.com\/es\/producto\/cpu-comparable-aceptador-de-monedas-con-luz\/\",\"name\":\"Aceptador de monedas con luz de la CPU - Bleegame\",\"isPartOf\":{\"@id\":\"https:\/\/bleegame.com\/es\/#website\"},\"primaryImageOfPage\":{\"@id\":\"https:\/\/bleegame.com\/es\/producto\/cpu-comparable-aceptador-de-monedas-con-luz\/#primaryimage\"},\"datePublished\":\"2022-07-26T02:18:37+00:00\",\"dateModified\":\"2022-07-26T02:18:37+00:00\",\"breadcrumb\":{\"@id\":\"https:\/\/bleegame.com\/es\/producto\/cpu-comparable-aceptador-de-monedas-con-luz\/#breadcrumb\"},\"inLanguage\":\"es\",\"potentialAction\":[{\"@type\":\"ReadAction\",\"target\":[\"https:\/\/bleegame.com\/es\/producto\/cpu-comparable-aceptador-de-monedas-con-luz\/\"]}]},{\"@type\":\"BreadcrumbList\",\"@id\":\"https:\/\/bleegame.com\/es\/producto\/cpu-comparable-aceptador-de-monedas-con-luz\/#breadcrumb\",\"itemListElement\":[{\"@type\":\"ListItem\",\"position\":1,\"item\":{\"@type\":\"WebPage\",\"@id\":\"https:\/\/bleegame.com\/es\/producto\/\",\"url\":\"https:\/\/bleegame.com\/es\/producto\/\",\"name\":\"Producto\"}},{\"@type\":\"ListItem\",\"position\":2,\"item\":{\"@type\":\"WebPage\",\"@id\":\"https:\/\/bleegame.com\/es\/producto\/cpu-comparable-aceptador-de-monedas-con-luz\/\",\"url\":\"https:\/\/bleegame.com\/es\/producto\/cpu-comparable-aceptador-de-monedas-con-luz\/\",\"name\":\"Aceptador de monedas con luz de la CPU\"}}]}]}<\/script>\n<!-- \/ Yoast SEO Premium plugin. -->","_links":{"self":[{"href":"https:\/\/bleegame.com\/es\/wp-json\/wp\/v2\/product\/6641","targetHints":{"allow":["GET"]}}],"collection":[{"href":"https:\/\/bleegame.com\/es\/wp-json\/wp\/v2\/product"}],"about":[{"href":"https:\/\/bleegame.com\/es\/wp-json\/wp\/v2\/types\/product"}],"version-history":[{"count":0,"href":"https:\/\/bleegame.com\/es\/wp-json\/wp\/v2\/product\/6641\/revisions"}],"wp:featuredmedia":[{"embeddable":true,"href":"https:\/\/bleegame.com\/es\/wp-json\/wp\/v2\/media\/7063"}],"wp:attachment":[{"href":"https:\/\/bleegame.com\/es\/wp-json\/wp\/v2\/media?parent=6641"}],"wp:term":[{"taxonomy":"product_cat","embeddable":true,"href":"https:\/\/bleegame.com\/es\/wp-json\/wp\/v2\/product_cat?post=6641"},{"taxonomy":"product_tag","embeddable":true,"href":"https:\/\/bleegame.com\/es\/wp-json\/wp\/v2\/product_tag?post=6641"}],"curies":[{"name":"wp","href":"https:\/\/api.w.org\/{rel}","templated":true}]}}