{"id":6643,"date":"2022-07-26T02:44:51","date_gmt":"2022-07-26T02:44:51","guid":{"rendered":"https:\/\/bleegame.com\/product\/interruptor-de-enclavamiento-de-la-puerta-de-monedas-para-la-maquina-de-juegos-recreativos\/"},"modified":"2022-07-26T02:44:51","modified_gmt":"2022-07-26T02:44:51","slug":"interruptor-de-bloqueo-de-la-puerta-de-monedas-para-la-maquina-de-juegos-de-arcade","status":"publish","type":"product","link":"https:\/\/bleegame.com\/es\/producto\/interruptor-de-bloqueo-de-la-puerta-de-monedas-para-la-maquina-de-juegos-de-arcade\/","title":{"rendered":"Interruptor de enclavamiento de la puerta de monedas para la m\u00e1quina de juegos recreativos"},"content":{"rendered":"<div class=\"special-heading-border\">\n<div class=\"special-heading-inner-border\"><\/div>\n<\/div>\n<\/div>\n<div style=\"  margin-top:; margin-bottom:;\" class=\"hr hr-custom hr-center hr-icon-no avia-builder-el-12 el_after_av_heading el_before_av_textblock \"><span class=\"hr-inner inner-border-av-border-thin\" style=\"  width:1550px;\"><span class=\"hr-inner-style\"><\/span><\/span><\/div>\n<section class=\"av_textblock_section \" itemscope=\"itemscope\" itemtype=\"https:\/\/schema.org\/CreativeWork\">\n<div class=\"avia_textblock \" itemprop=\"text\">\n<p>*Estilo de terminal: pin plano y de conexi\u00f3n r\u00e1pida<br \/>*Estilo de circuito:30veces\/min ciclos:10000veces<br \/>*Temperaturas de funcionamiento:-25~+60 humedad:10~95<br \/>*Tensi\u00f3n nominal: 250VAC<br \/>*Corriente nominal:0,5A<br \/>*Frecuencia nominal: 50\/60Hz<br \/>*Superficie exterior: La superficie expuesta debe ser lisa y acabada, sin defectos de ampollas, grietas, falta de materiales, hinchaz\u00f3n y formaci\u00f3n, etc. La marca debe ser legible y duradera.<\/p>\n<\/div>\n<\/section>\n<div style='padding-bottom:10px; ' class='av-special-heading av-special-heading-h3 blockquote modern-quote avia-builder-el-14 el_after_av_textblock el_before_av_hr '>\n<h3 class='av-special-heading-tag ' itemprop=\"headline\">\n","protected":false},"excerpt":{"rendered":"<p>BLEE se centra en la fabricaci\u00f3n de accesorios de juegos de arcade, fabricamos y vendemos todo tipo de accesorios de juegos de arcade de alta calidad, somos una empresa de marca que ha estado operando durante muchos a\u00f1os, teniendo una buena reputaci\u00f3n y un gran grupo de clientes. Si est\u00e1 interesado en el juego de arcade y necesita comprar accesorios para juegos de arcade, p\u00f3ngase en contacto con nosotros.<\/p>\n","protected":false},"featured_media":5639,"template":"","meta":{"om_disable_all_campaigns":false,"_monsterinsights_skip_tracking":false,"_monsterinsights_sitenote_active":false,"_monsterinsights_sitenote_note":"","_monsterinsights_sitenote_category":0,"_uf_show_specific_survey":0,"_uf_disable_surveys":false},"product_cat":[264],"product_tag":[],"class_list":["post-6643","product","type-product","status-publish","has-post-thumbnail","hentry","product_cat-microinterruptor"],"yoast_head":"<!-- This site is optimized with the Yoast SEO Premium plugin v15.5 - https:\/\/yoast.com\/wordpress\/plugins\/seo\/ -->\n<title>Interruptor de enclavamiento de la puerta de monedas para la m\u00e1quina de juegos recreativos - Bleegame<\/title>\n<meta name=\"robots\" content=\"index, follow, max-snippet:-1, max-image-preview:large, max-video-preview:-1\" \/>\n<link rel=\"canonical\" href=\"https:\/\/bleegame.com\/es\/producto\/interruptor-de-bloqueo-de-la-puerta-de-monedas-para-la-maquina-de-juegos-de-arcade\/\" \/>\n<meta property=\"og:locale\" content=\"es_ES\" \/>\n<meta property=\"og:type\" content=\"article\" \/>\n<meta property=\"og:title\" content=\"Interruptor de enclavamiento de la puerta de monedas para la m\u00e1quina de juegos recreativos - Bleegame\" \/>\n<meta property=\"og:description\" content=\"BLEE se centra en la fabricaci\u00f3n de accesorios de juegos de arcade, fabricamos y vendemos todo tipo de accesorios de juegos de arcade de alta calidad, somos una empresa de marca que ha estado operando durante muchos a\u00f1os, teniendo una buena reputaci\u00f3n y un gran grupo de clientes. Si est\u00e1 interesado en el juego de arcade y necesita comprar accesorios para juegos de arcade, p\u00f3ngase en contacto con nosotros.\" \/>\n<meta property=\"og:url\" content=\"https:\/\/bleegame.com\/es\/producto\/interruptor-de-bloqueo-de-la-puerta-de-monedas-para-la-maquina-de-juegos-de-arcade\/\" \/>\n<meta property=\"og:site_name\" content=\"Bleegame\" \/>\n<meta name=\"twitter:card\" content=\"summary_large_image\" \/>\n<meta name=\"twitter:label1\" content=\"Tiempo de lectura\">\n\t<meta name=\"twitter:data1\" content=\"0 minutos\">\n<script type=\"application\/ld+json\" class=\"yoast-schema-graph\">{\"@context\":\"https:\/\/schema.org\",\"@graph\":[{\"@type\":\"WebSite\",\"@id\":\"https:\/\/bleegame.com\/es\/#website\",\"url\":\"https:\/\/bleegame.com\/es\/\",\"name\":\"Bleegame\",\"description\":\"One-stop Amusement Coin Operated Games  Machine procurement center\",\"potentialAction\":[{\"@type\":\"SearchAction\",\"target\":\"https:\/\/bleegame.com\/es\/?s={search_term_string}\",\"query-input\":\"required name=search_term_string\"}],\"inLanguage\":\"es\"},{\"@type\":\"ImageObject\",\"@id\":\"https:\/\/bleegame.com\/es\/producto\/interruptor-de-bloqueo-de-la-puerta-de-monedas-para-la-maquina-de-juegos-de-arcade\/#primaryimage\",\"inLanguage\":\"es\",\"url\":\"https:\/\/bleegame.com\/wp-content\/uploads\/2022\/07\/01kuanshi-1.jpg\",\"width\":800,\"height\":800},{\"@type\":\"WebPage\",\"@id\":\"https:\/\/bleegame.com\/es\/producto\/interruptor-de-bloqueo-de-la-puerta-de-monedas-para-la-maquina-de-juegos-de-arcade\/#webpage\",\"url\":\"https:\/\/bleegame.com\/es\/producto\/interruptor-de-bloqueo-de-la-puerta-de-monedas-para-la-maquina-de-juegos-de-arcade\/\",\"name\":\"Interruptor de enclavamiento de la puerta de monedas para la m\\u00e1quina de juegos recreativos - Bleegame\",\"isPartOf\":{\"@id\":\"https:\/\/bleegame.com\/es\/#website\"},\"primaryImageOfPage\":{\"@id\":\"https:\/\/bleegame.com\/es\/producto\/interruptor-de-bloqueo-de-la-puerta-de-monedas-para-la-maquina-de-juegos-de-arcade\/#primaryimage\"},\"datePublished\":\"2022-07-26T02:44:51+00:00\",\"dateModified\":\"2022-07-26T02:44:51+00:00\",\"breadcrumb\":{\"@id\":\"https:\/\/bleegame.com\/es\/producto\/interruptor-de-bloqueo-de-la-puerta-de-monedas-para-la-maquina-de-juegos-de-arcade\/#breadcrumb\"},\"inLanguage\":\"es\",\"potentialAction\":[{\"@type\":\"ReadAction\",\"target\":[\"https:\/\/bleegame.com\/es\/producto\/interruptor-de-bloqueo-de-la-puerta-de-monedas-para-la-maquina-de-juegos-de-arcade\/\"]}]},{\"@type\":\"BreadcrumbList\",\"@id\":\"https:\/\/bleegame.com\/es\/producto\/interruptor-de-bloqueo-de-la-puerta-de-monedas-para-la-maquina-de-juegos-de-arcade\/#breadcrumb\",\"itemListElement\":[{\"@type\":\"ListItem\",\"position\":1,\"item\":{\"@type\":\"WebPage\",\"@id\":\"https:\/\/bleegame.com\/es\/producto\/\",\"url\":\"https:\/\/bleegame.com\/es\/producto\/\",\"name\":\"Producto\"}},{\"@type\":\"ListItem\",\"position\":2,\"item\":{\"@type\":\"WebPage\",\"@id\":\"https:\/\/bleegame.com\/es\/producto\/interruptor-de-bloqueo-de-la-puerta-de-monedas-para-la-maquina-de-juegos-de-arcade\/\",\"url\":\"https:\/\/bleegame.com\/es\/producto\/interruptor-de-bloqueo-de-la-puerta-de-monedas-para-la-maquina-de-juegos-de-arcade\/\",\"name\":\"Interruptor de enclavamiento de la puerta de monedas para la m\\u00e1quina de juegos recreativos\"}}]}]}<\/script>\n<!-- \/ Yoast SEO Premium plugin. -->","_links":{"self":[{"href":"https:\/\/bleegame.com\/es\/wp-json\/wp\/v2\/product\/6643","targetHints":{"allow":["GET"]}}],"collection":[{"href":"https:\/\/bleegame.com\/es\/wp-json\/wp\/v2\/product"}],"about":[{"href":"https:\/\/bleegame.com\/es\/wp-json\/wp\/v2\/types\/product"}],"version-history":[{"count":0,"href":"https:\/\/bleegame.com\/es\/wp-json\/wp\/v2\/product\/6643\/revisions"}],"wp:featuredmedia":[{"embeddable":true,"href":"https:\/\/bleegame.com\/es\/wp-json\/wp\/v2\/media\/5639"}],"wp:attachment":[{"href":"https:\/\/bleegame.com\/es\/wp-json\/wp\/v2\/media?parent=6643"}],"wp:term":[{"taxonomy":"product_cat","embeddable":true,"href":"https:\/\/bleegame.com\/es\/wp-json\/wp\/v2\/product_cat?post=6643"},{"taxonomy":"product_tag","embeddable":true,"href":"https:\/\/bleegame.com\/es\/wp-json\/wp\/v2\/product_tag?post=6643"}],"curies":[{"name":"wp","href":"https:\/\/api.w.org\/{rel}","templated":true}]}}