{"id":6647,"date":"2022-08-08T08:31:04","date_gmt":"2022-08-08T08:31:04","guid":{"rendered":"https:\/\/bleegame.com\/product\/maquina-expendedora-de-algodon-de-azucar\/"},"modified":"2022-08-08T08:31:04","modified_gmt":"2022-08-08T08:31:04","slug":"maquina-expendedora-de-caramelos-de-algodon","status":"publish","type":"product","link":"https:\/\/bleegame.com\/es\/producto\/maquina-expendedora-de-caramelos-de-algodon\/","title":{"rendered":"M\u00e1quina expendedora de algod\u00f3n de az\u00facar"},"content":{"rendered":"<p>C\u00f3mo se usa\uff1a<br \/>\nPaso 1: Selecciona tu flor favorita en la pantalla.<\/p>\n<p>Paso 2: Elija el m\u00e9todo de pago que necesita.<\/p>\n<p>Paso 3: Empezar a hacer el algod\u00f3n de az\u00facar.<\/p>\n<p>Paso 4: Sacar el algod\u00f3n de az\u00facar.<\/p>\n","protected":false},"excerpt":{"rendered":"<p>Marca:BLEE<br \/>\nMOQ:1<br \/>\nMaterial\uff1aMetales<br \/>\nTama\u00f1o del producto\uff1a1680*1330*650mm<br \/>\nPotencia de funcionamiento\uff1a2500W<br \/>\nEmbalaje:<br \/>\nCajas de exportaci\u00f3n est\u00e1ndar<br \/>\nEnv\u00edo:Por mar<\/p>\n","protected":false},"featured_media":6528,"template":"","meta":{"om_disable_all_campaigns":false,"_monsterinsights_skip_tracking":false,"_monsterinsights_sitenote_active":false,"_monsterinsights_sitenote_note":"","_monsterinsights_sitenote_category":0,"_uf_show_specific_survey":0,"_uf_disable_surveys":false},"product_cat":[266],"product_tag":[274,270,277],"class_list":["post-6647","product","type-product","status-publish","has-post-thumbnail","hentry","product_cat-maquina-expendedora","product_tag-maquina-de-hacer-algodon-de-azucar","product_tag-maquina-expendedora-de-algodon-de-azucar","product_tag-maquina-industrial-de-algodon-de-azucar-con-hilo-dental"],"yoast_head":"<!-- This site is optimized with the Yoast SEO Premium plugin v15.5 - https:\/\/yoast.com\/wordpress\/plugins\/seo\/ -->\n<title>M\u00e1quina expendedora de algod\u00f3n de az\u00facar - Bleegame<\/title>\n<meta name=\"description\" content=\"Puede ser operado en ning\u00fan lugar autom\u00e1tico de algod\u00f3n de az\u00facar que hace la m\u00e1quina expendedora.Cont\u00e1ctenos para m\u00e1s detalles\" \/>\n<meta name=\"robots\" content=\"index, follow, max-snippet:-1, max-image-preview:large, max-video-preview:-1\" \/>\n<link rel=\"canonical\" href=\"https:\/\/bleegame.com\/es\/producto\/maquina-expendedora-de-caramelos-de-algodon\/\" \/>\n<meta property=\"og:locale\" content=\"es_ES\" \/>\n<meta property=\"og:type\" content=\"article\" \/>\n<meta property=\"og:title\" content=\"M\u00e1quina expendedora de algod\u00f3n de az\u00facar - Bleegame\" \/>\n<meta property=\"og:description\" content=\"Puede ser operado en ning\u00fan lugar autom\u00e1tico de algod\u00f3n de az\u00facar que hace la m\u00e1quina expendedora.Cont\u00e1ctenos para m\u00e1s detalles\" \/>\n<meta property=\"og:url\" content=\"https:\/\/bleegame.com\/es\/producto\/maquina-expendedora-de-caramelos-de-algodon\/\" \/>\n<meta property=\"og:site_name\" content=\"Bleegame\" \/>\n<meta property=\"og:image\" content=\"https:\/\/bleegame.com\/wp-content\/uploads\/2022\/08\/Automatic-Cotton-Candy-Vending-Machine.jpg\" \/>\n\t<meta property=\"og:image:width\" content=\"800\" \/>\n\t<meta property=\"og:image:height\" content=\"800\" \/>\n<meta name=\"twitter:card\" content=\"summary_large_image\" \/>\n<meta name=\"twitter:label1\" content=\"Tiempo de lectura\">\n\t<meta name=\"twitter:data1\" content=\"0 minutos\">\n<script type=\"application\/ld+json\" class=\"yoast-schema-graph\">{\"@context\":\"https:\/\/schema.org\",\"@graph\":[{\"@type\":\"WebSite\",\"@id\":\"https:\/\/bleegame.com\/es\/#website\",\"url\":\"https:\/\/bleegame.com\/es\/\",\"name\":\"Bleegame\",\"description\":\"One-stop Amusement Coin Operated Games  Machine procurement center\",\"potentialAction\":[{\"@type\":\"SearchAction\",\"target\":\"https:\/\/bleegame.com\/es\/?s={search_term_string}\",\"query-input\":\"required name=search_term_string\"}],\"inLanguage\":\"es\"},{\"@type\":\"ImageObject\",\"@id\":\"https:\/\/bleegame.com\/es\/producto\/maquina-expendedora-de-caramelos-de-algodon\/#primaryimage\",\"inLanguage\":\"es\",\"url\":\"https:\/\/bleegame.com\/wp-content\/uploads\/2022\/08\/Automatic-Cotton-Candy-Vending-Machine.jpg\",\"width\":800,\"height\":800},{\"@type\":\"WebPage\",\"@id\":\"https:\/\/bleegame.com\/es\/producto\/maquina-expendedora-de-caramelos-de-algodon\/#webpage\",\"url\":\"https:\/\/bleegame.com\/es\/producto\/maquina-expendedora-de-caramelos-de-algodon\/\",\"name\":\"M\\u00e1quina expendedora de algod\\u00f3n de az\\u00facar - Bleegame\",\"isPartOf\":{\"@id\":\"https:\/\/bleegame.com\/es\/#website\"},\"primaryImageOfPage\":{\"@id\":\"https:\/\/bleegame.com\/es\/producto\/maquina-expendedora-de-caramelos-de-algodon\/#primaryimage\"},\"datePublished\":\"2022-08-08T08:31:04+00:00\",\"dateModified\":\"2022-08-08T08:31:04+00:00\",\"description\":\"Puede ser operado en ning\\u00fan lugar autom\\u00e1tico de algod\\u00f3n de az\\u00facar que hace la m\\u00e1quina expendedora.Cont\\u00e1ctenos para m\\u00e1s detalles\",\"breadcrumb\":{\"@id\":\"https:\/\/bleegame.com\/es\/producto\/maquina-expendedora-de-caramelos-de-algodon\/#breadcrumb\"},\"inLanguage\":\"es\",\"potentialAction\":[{\"@type\":\"ReadAction\",\"target\":[\"https:\/\/bleegame.com\/es\/producto\/maquina-expendedora-de-caramelos-de-algodon\/\"]}]},{\"@type\":\"BreadcrumbList\",\"@id\":\"https:\/\/bleegame.com\/es\/producto\/maquina-expendedora-de-caramelos-de-algodon\/#breadcrumb\",\"itemListElement\":[{\"@type\":\"ListItem\",\"position\":1,\"item\":{\"@type\":\"WebPage\",\"@id\":\"https:\/\/bleegame.com\/es\/producto\/\",\"url\":\"https:\/\/bleegame.com\/es\/producto\/\",\"name\":\"Producto\"}},{\"@type\":\"ListItem\",\"position\":2,\"item\":{\"@type\":\"WebPage\",\"@id\":\"https:\/\/bleegame.com\/es\/producto\/maquina-expendedora-de-caramelos-de-algodon\/\",\"url\":\"https:\/\/bleegame.com\/es\/producto\/maquina-expendedora-de-caramelos-de-algodon\/\",\"name\":\"M\\u00e1quina expendedora de algod\\u00f3n de az\\u00facar\"}}]}]}<\/script>\n<!-- \/ Yoast SEO Premium plugin. -->","_links":{"self":[{"href":"https:\/\/bleegame.com\/es\/wp-json\/wp\/v2\/product\/6647","targetHints":{"allow":["GET"]}}],"collection":[{"href":"https:\/\/bleegame.com\/es\/wp-json\/wp\/v2\/product"}],"about":[{"href":"https:\/\/bleegame.com\/es\/wp-json\/wp\/v2\/types\/product"}],"version-history":[{"count":0,"href":"https:\/\/bleegame.com\/es\/wp-json\/wp\/v2\/product\/6647\/revisions"}],"wp:featuredmedia":[{"embeddable":true,"href":"https:\/\/bleegame.com\/es\/wp-json\/wp\/v2\/media\/6528"}],"wp:attachment":[{"href":"https:\/\/bleegame.com\/es\/wp-json\/wp\/v2\/media?parent=6647"}],"wp:term":[{"taxonomy":"product_cat","embeddable":true,"href":"https:\/\/bleegame.com\/es\/wp-json\/wp\/v2\/product_cat?post=6647"},{"taxonomy":"product_tag","embeddable":true,"href":"https:\/\/bleegame.com\/es\/wp-json\/wp\/v2\/product_tag?post=6647"}],"curies":[{"name":"wp","href":"https:\/\/api.w.org\/{rel}","templated":true}]}}