{"id":6655,"date":"2022-07-26T02:18:36","date_gmt":"2022-07-26T02:18:36","guid":{"rendered":"https:\/\/bleegame.com\/product\/aceptador-de-monedas-universal-lk-750p\/"},"modified":"2022-07-26T02:18:36","modified_gmt":"2022-07-26T02:18:36","slug":"universal-coin-acceptorlk-750p-2","status":"publish","type":"product","link":"https:\/\/bleegame.com\/es\/producto\/universal-coin-acceptorlk-750p-2\/","title":{"rendered":"Aceptador de monedas universal (LK-750P+)"},"content":{"rendered":"<div class=\"special-heading-border\">\n<div class=\"special-heading-inner-border\"><\/div>\n<\/div>\n<\/div>\n<div style=\"  margin-top:; margin-bottom:;\" class=\"hr hr-custom hr-center hr-icon-no avia-builder-el-12 el_after_av_heading el_before_av_textblock \"><span class=\"hr-inner inner-border-av-border-thin\" style=\"  width:1550px;\"><span class=\"hr-inner-style\"><\/span><\/span><\/div>\n<section class=\"av_textblock_section \" itemscope=\"itemscope\" itemtype=\"https:\/\/schema.org\/CreativeWork\">\n<div class=\"avia_textblock \" itemprop=\"text\">\n<p><strong>Caracter\u00edsticas del producto<\/strong><br \/>1.Suitable para varios de monedas de metal;<br \/>2.Control del proceso de la CPU, puntuaci\u00f3n precisa;<br \/>3.Special precisa \/ normal de la parada, la moneda m\u00e1s suave:<br \/>4.Powerful prevenir el phishing y otros medios de enga\u00f1o, con la alarma de enga\u00f1o;<br \/>5.Piezas de circuito hechas con tecnolog\u00eda SMT, calidad y estabilidad;<br \/>6.Double color de la luz muestran recibir la moneda, intuitivamente distinguir la moneda verdadera o falsa<br \/>7.0Dise\u00f1o de tapa abierta, resuelve completamente el atasco y bloqueo de monedas;<br \/>8.El estado de funcionamiento del monedero puede ser controlado (rechazar monedas, puede ser seleccionado de acuerdo a los requerimientos de los clientes).<\/p>\n<p><span class=\"src\" data-group=\"0-0\"><strong>Pasos para el uso<\/strong><br \/>1.<\/span><span class=\"src\" data-group=\"0-1\">Ajuste la pieza met\u00e1lica en la parte trasera del panel para evitar que las monedas sean demasiado grandes (Esta pieza met\u00e1lica es opcional);<br \/>2.<\/span><span class=\"src\" data-group=\"0-2\">Saca la moneda de pl\u00e1stico de la ranura y pon tu moneda;<br \/>3.<\/span><span class=\"src\" data-group=\"0-3\">Seg\u00fan su moneda, seleccione la sensibilidad.<\/span><span class=\"src\" data-group=\"0-4\">Si necesita una gran precisi\u00f3n, aj\u00fastela a \u00abprecisi\u00f3n\u00bb. <\/span><span class=\"src\" data-group=\"0-5\">Si algunas monedas verdaderas fueron juzgadas err\u00f3neamente como falsas, aj\u00fastelo a \u00abnormal\u00bb<br \/>4.<\/span><span class=\"src\" data-group=\"0-6\">De acuerdo con la placa base de la m\u00e1quina, seleccione el interruptor de pulso de salida 25ms\/50ms\/100ms, generalmente use 25ms):<br \/>5.<\/span><span class=\"src\" data-group=\"0-7\">De acuerdo con la placa base de la m\u00e1quina, seleccione el modo de salidaNC(normalmente cerrado)\/NO(normalmente abierto).<\/span><span class=\"src\" data-group=\"0-8\">Normalmente se utiliza el modo NC:<br \/>6.<\/span><span class=\"src\" data-group=\"0-9\">Instalar el monedero, se puede utilizar despu\u00e9s de conectar la energ\u00eda y la se\u00f1al wiress.<\/span><\/p>\n<\/div>\n<\/section>\n<div style=\"padding-bottom:10px;  \" class=\"av-special-heading av-special-heading-h3 blockquote modern-quote avia-builder-el-14 el_after_av_textblock el_before_av_hr \">\n<h3 class=\"av-special-heading-tag \" itemprop=\"headline\">V\u00eddeo<\/h3>\n<div class=\"special-heading-border\">\n<div class=\"special-heading-inner-border\"><\/div>\n<\/div>\n<\/div>\n<div style=\"  margin-top:; margin-bottom:;\" class=\"hr hr-custom hr-center hr-icon-no avia-builder-el-15 el_after_av_heading el_before_av_video \"><span class=\"hr-inner inner-border-av-border-thin\" style=\"  width:1550px;\"><span class=\"hr-inner-style\"><\/span><\/span><\/div>\n<div class=\"avia-video avia-video-16-9 av-lazyload-immediate av-lazyload-video-embed \" itemprop=\"video\" itemtype=\"https:\/\/schema.org\/VideoObject\" data-original_url=\"https:\/\/www.youtube.com\/watch?v=Lh9FrX-FBkQ\">\n<div class=\"avia-iframe-wrap\"><iframe title=\"LK750P+\u0376????\" width=\"1333\" height=\"1000\" frameborder=\"0\" allow=\"accelerometer; autoplay; clipboard-write; encrypted-media; gyroscope; picture-in-picture\" allowfullscreen=\"\" src=\"https:\/\/www.youtube.com\/embed\/Lh9FrX-FBkQ?feature=oembed&amp;autoplay=0&amp;loop=0&amp;controls=1&amp;mute=0\"><\/iframe><\/div>\n<p><\/script><\/p>\n<div class=\"av-click-to-play-overlay\">\n<div class=\"avia_playpause_icon\"><\/div>\n<\/div>\n<\/div>\n<div style='padding-bottom:10px; ' class='av-special-heading av-special-heading-h3 blockquote modern-quote avia-builder-el-17 el_after_av_video el_before_av_hr '>\n<h3 class='av-special-heading-tag ' itemprop=\"headline\">\n","protected":false},"excerpt":{"rendered":"<p>Ya sea que est\u00e9 construyendo su propio gabinete de arcade o simplemente cobrando la entrada a su casa, este aceptador de monedas programable hace que sea f\u00e1cil monetizar su pr\u00f3ximo proyecto. Hay un mont\u00f3n de proyectos geniales que funcionan con monedas y que est\u00e1n *esperando* a ser construidos.<\/p>\n","protected":false},"featured_media":7079,"template":"","meta":{"om_disable_all_campaigns":false,"_monsterinsights_skip_tracking":false,"_monsterinsights_sitenote_active":false,"_monsterinsights_sitenote_note":"","_monsterinsights_sitenote_category":0,"_uf_show_specific_survey":0,"_uf_disable_surveys":false},"product_cat":[230,236],"product_tag":[],"class_list":["post-6655","product","type-product","status-publish","has-post-thumbnail","hentry","product_cat-aceptador-de-monedas","product_cat-comparacion-de-monederos"],"yoast_head":"<!-- This site is optimized with the Yoast SEO Premium plugin v15.5 - https:\/\/yoast.com\/wordpress\/plugins\/seo\/ -->\n<title>Aceptador de monedas universal (LK-750P+) - Bleegame<\/title>\n<meta name=\"robots\" content=\"index, follow, max-snippet:-1, max-image-preview:large, max-video-preview:-1\" \/>\n<link rel=\"canonical\" href=\"https:\/\/bleegame.com\/es\/producto\/universal-coin-acceptorlk-750p-2\/\" \/>\n<meta property=\"og:locale\" content=\"es_ES\" \/>\n<meta property=\"og:type\" content=\"article\" \/>\n<meta property=\"og:title\" content=\"Aceptador de monedas universal (LK-750P+) - Bleegame\" \/>\n<meta property=\"og:description\" content=\"Ya sea que est\u00e9 construyendo su propio gabinete de arcade o simplemente cobrando la entrada a su casa, este aceptador de monedas programable hace que sea f\u00e1cil monetizar su pr\u00f3ximo proyecto. Hay un mont\u00f3n de proyectos geniales que funcionan con monedas y que est\u00e1n *esperando* a ser construidos.\" \/>\n<meta property=\"og:url\" content=\"https:\/\/bleegame.com\/es\/producto\/universal-coin-acceptorlk-750p-2\/\" \/>\n<meta property=\"og:site_name\" content=\"Bleegame\" \/>\n<meta name=\"twitter:card\" content=\"summary_large_image\" \/>\n<meta name=\"twitter:label1\" content=\"Tiempo de lectura\">\n\t<meta name=\"twitter:data1\" content=\"1 minuto\">\n<script type=\"application\/ld+json\" class=\"yoast-schema-graph\">{\"@context\":\"https:\/\/schema.org\",\"@graph\":[{\"@type\":\"WebSite\",\"@id\":\"https:\/\/bleegame.com\/es\/#website\",\"url\":\"https:\/\/bleegame.com\/es\/\",\"name\":\"Bleegame\",\"description\":\"One-stop Amusement Coin Operated Games  Machine procurement center\",\"potentialAction\":[{\"@type\":\"SearchAction\",\"target\":\"https:\/\/bleegame.com\/es\/?s={search_term_string}\",\"query-input\":\"required name=search_term_string\"}],\"inLanguage\":\"es\"},{\"@type\":\"ImageObject\",\"@id\":\"https:\/\/bleegame.com\/es\/producto\/universal-coin-acceptorlk-750p-2\/#primaryimage\",\"inLanguage\":\"es\",\"url\":\"https:\/\/bleegame.com\/wp-content\/uploads\/2022\/07\/04-35.jpg\",\"width\":800,\"height\":800,\"caption\":\"coins acceptor new for 2022\"},{\"@type\":\"WebPage\",\"@id\":\"https:\/\/bleegame.com\/es\/producto\/universal-coin-acceptorlk-750p-2\/#webpage\",\"url\":\"https:\/\/bleegame.com\/es\/producto\/universal-coin-acceptorlk-750p-2\/\",\"name\":\"Aceptador de monedas universal (LK-750P+) - Bleegame\",\"isPartOf\":{\"@id\":\"https:\/\/bleegame.com\/es\/#website\"},\"primaryImageOfPage\":{\"@id\":\"https:\/\/bleegame.com\/es\/producto\/universal-coin-acceptorlk-750p-2\/#primaryimage\"},\"datePublished\":\"2022-07-26T02:18:36+00:00\",\"dateModified\":\"2022-07-26T02:18:36+00:00\",\"breadcrumb\":{\"@id\":\"https:\/\/bleegame.com\/es\/producto\/universal-coin-acceptorlk-750p-2\/#breadcrumb\"},\"inLanguage\":\"es\",\"potentialAction\":[{\"@type\":\"ReadAction\",\"target\":[\"https:\/\/bleegame.com\/es\/producto\/universal-coin-acceptorlk-750p-2\/\"]}]},{\"@type\":\"BreadcrumbList\",\"@id\":\"https:\/\/bleegame.com\/es\/producto\/universal-coin-acceptorlk-750p-2\/#breadcrumb\",\"itemListElement\":[{\"@type\":\"ListItem\",\"position\":1,\"item\":{\"@type\":\"WebPage\",\"@id\":\"https:\/\/bleegame.com\/es\/producto\/\",\"url\":\"https:\/\/bleegame.com\/es\/producto\/\",\"name\":\"Producto\"}},{\"@type\":\"ListItem\",\"position\":2,\"item\":{\"@type\":\"WebPage\",\"@id\":\"https:\/\/bleegame.com\/es\/producto\/universal-coin-acceptorlk-750p-2\/\",\"url\":\"https:\/\/bleegame.com\/es\/producto\/universal-coin-acceptorlk-750p-2\/\",\"name\":\"Aceptador de monedas universal (LK-750P+)\"}}]}]}<\/script>\n<!-- \/ Yoast SEO Premium plugin. -->","_links":{"self":[{"href":"https:\/\/bleegame.com\/es\/wp-json\/wp\/v2\/product\/6655","targetHints":{"allow":["GET"]}}],"collection":[{"href":"https:\/\/bleegame.com\/es\/wp-json\/wp\/v2\/product"}],"about":[{"href":"https:\/\/bleegame.com\/es\/wp-json\/wp\/v2\/types\/product"}],"version-history":[{"count":0,"href":"https:\/\/bleegame.com\/es\/wp-json\/wp\/v2\/product\/6655\/revisions"}],"wp:featuredmedia":[{"embeddable":true,"href":"https:\/\/bleegame.com\/es\/wp-json\/wp\/v2\/media\/7079"}],"wp:attachment":[{"href":"https:\/\/bleegame.com\/es\/wp-json\/wp\/v2\/media?parent=6655"}],"wp:term":[{"taxonomy":"product_cat","embeddable":true,"href":"https:\/\/bleegame.com\/es\/wp-json\/wp\/v2\/product_cat?post=6655"},{"taxonomy":"product_tag","embeddable":true,"href":"https:\/\/bleegame.com\/es\/wp-json\/wp\/v2\/product_tag?post=6655"}],"curies":[{"name":"wp","href":"https:\/\/api.w.org\/{rel}","templated":true}]}}