{"id":6659,"date":"2022-08-18T03:35:47","date_gmt":"2022-08-18T03:35:47","guid":{"rendered":"https:\/\/bleegame.com\/product\/maquina-de-garras-de-grua-de-juguete-para-4-jugadores\/"},"modified":"2023-01-12T01:11:51","modified_gmt":"2023-01-12T01:11:51","slug":"maquina-de-gruas-de-4-jugadores","status":"publish","type":"product","link":"https:\/\/bleegame.com\/es\/producto\/maquina-de-gruas-de-4-jugadores\/","title":{"rendered":"M\u00e1quina de garras de gr\u00faa de juguete para 4 jugadores"},"content":{"rendered":"<p><iframe title=\"Toy Crane Claw Machine\" width=\"800\" height=\"450\" src=\"https:\/\/www.youtube.com\/embed\/JK6-6y_tkCU?feature=oembed\" frameborder=\"0\" allow=\"accelerometer; autoplay; clipboard-write; encrypted-media; gyroscope; picture-in-picture; web-share\" allowfullscreen><\/iframe><\/p>\n<table>\n<tbody>\n<tr>\n<td width=\"155\">\u2022  Product name<\/td>\n<td width=\"472\">Toy Crane Claw Machine<\/td>\n<\/tr>\n<tr>\n<td width=\"155\">\u2022  Trademark<\/td>\n<td width=\"472\">BLEE<\/td>\n<\/tr>\n<tr>\n<td width=\"155\">\u2022  MOQ<\/td>\n<td width=\"472\">1 pcs<\/td>\n<\/tr>\n<tr>\n<td width=\"155\">\u2022  FOB PORT<\/td>\n<td width=\"472\">Guangzhou<\/td>\n<\/tr>\n<tr>\n<td width=\"155\">\u2022  Product Size<\/td>\n<td width=\"472\">800*540*1870mm<\/td>\n<\/tr>\n<tr>\n<td width=\"155\">\u2022  Color<\/td>\n<td width=\"472\">optional or customized<\/td>\n<\/tr>\n<tr>\n<td width=\"155\">\u2022  Operating Power<\/td>\n<td width=\"472\">100W<\/td>\n<\/tr>\n<tr>\n<td width=\"155\">\u2022  Material<\/td>\n<td width=\"472\">Wooden<\/td>\n<\/tr>\n<tr>\n<td width=\"155\">\u2022  Packaging Size<\/td>\n<td width=\"472\">W900*D640*H1970mm<\/td>\n<\/tr>\n<tr>\n<td width=\"155\">\u2022  Packaging Weight<\/td>\n<td width=\"472\">100 kgs<\/td>\n<\/tr>\n<tr>\n<td width=\"155\">\u2022  Apply to<\/td>\n<td width=\"472\">Amusement park, kindergarten, pre-school, residential area, supermarket, restaurant, etc.<\/td>\n<\/tr>\n<tr>\n<td width=\"155\">\u2022  Lighting<\/td>\n<td width=\"472\">Jewelry grade LED lamp Coin device: dual intelligence<\/td>\n<\/tr>\n<\/tbody>\n<\/table>\n<p><strong><b>How to play:<\/b><\/strong><\/p>\n<ol>\n<li>Insert coins<\/li>\n<li>Start the game by moving the joystick<\/li>\n<li>Player can move the claw front and back, left and right several times to the target position within a limited time.<\/li>\n<li>Press the red button to catch the prize, then move it to the prize outdoor, it\u2019s your prize.<\/li>\n<\/ol>\n<p><strong><b>We are factory, providing OEM ODM OBM service, welcome to contact us if you need customization service.<\/b><\/strong><strong><b>Feature:<\/b><\/strong><\/p>\n<ul>\n<li><b><\/b>High speed electric motor , move smoothly .<\/li>\n<li><b><\/b>High quality crane, fault-free, strong stablity .<\/li>\n<li><b><\/b>New design paster mainboard<strong><b>.<\/b><\/strong><\/li>\n<li><b><\/b>Four parts claw adjust of mainboard, reality experience .<\/li>\n<li><b><\/b>High power electric, stable operated.<\/li>\n<li><b><\/b>Colorful lights appearance catch people\u2019s eyes.<\/li>\n<li><b><\/b>High quality parts of the machine, long live to use.<\/li>\n<\/ul>\n","protected":false},"excerpt":{"rendered":"<p>Marca:BLEE<br \/>\nMOQ:1<br \/>\nMaterial\uff1aMetales+Acr\u00edlico<br \/>\nTama\u00f1o del producto\uff1a800*540*1870mm<br \/>\nPotencia de funcionamiento\uff1a100W<br \/>\nEmbalaje:Cajas de cart\u00f3n est\u00e1ndar de exportaci\u00f3n<br \/>\nEnv\u00edo:Por mar<\/p>\n","protected":false},"featured_media":6612,"template":"","meta":{"om_disable_all_campaigns":false,"_monsterinsights_skip_tracking":false,"_monsterinsights_sitenote_active":false,"_monsterinsights_sitenote_note":"","_monsterinsights_sitenote_category":0,"_uf_show_specific_survey":0,"_uf_disable_surveys":false},"product_cat":[478,231],"product_tag":[291,286,289],"class_list":["post-6659","product","type-product","status-publish","has-post-thumbnail","hentry","product_cat-maquina-de-grua-de-una","product_cat-maquina-de-juegos-de-regalo","product_tag-mini-claw-machine-coin-operated-arcade-es","product_tag-mini-grua-de-garras","product_tag-mini-grua-de-peluche"],"yoast_head":"<!-- This site is optimized with the Yoast SEO Premium plugin v15.5 - https:\/\/yoast.com\/wordpress\/plugins\/seo\/ -->\n<title>M\u00e1quina de garras de gr\u00faa de juguete para 4 jugadores - Bleegame<\/title>\n<meta name=\"robots\" content=\"index, follow, max-snippet:-1, max-image-preview:large, max-video-preview:-1\" \/>\n<link rel=\"canonical\" href=\"https:\/\/bleegame.com\/es\/producto\/maquina-de-gruas-de-4-jugadores\/\" \/>\n<meta property=\"og:locale\" content=\"es_ES\" \/>\n<meta property=\"og:type\" content=\"article\" \/>\n<meta property=\"og:title\" content=\"M\u00e1quina de garras de gr\u00faa de juguete para 4 jugadores - Bleegame\" \/>\n<meta property=\"og:description\" content=\"Marca:BLEE MOQ:1 Material\uff1aMetales+Acr\u00edlico Tama\u00f1o del producto\uff1a800*540*1870mm Potencia de funcionamiento\uff1a100W Embalaje:Cajas de cart\u00f3n est\u00e1ndar de exportaci\u00f3n Env\u00edo:Por mar\" \/>\n<meta property=\"og:url\" content=\"https:\/\/bleegame.com\/es\/producto\/maquina-de-gruas-de-4-jugadores\/\" \/>\n<meta property=\"og:site_name\" content=\"Bleegame\" \/>\n<meta property=\"article:modified_time\" content=\"2023-01-12T01:11:51+00:00\" \/>\n<meta property=\"og:image\" content=\"https:\/\/bleegame.com\/wp-content\/uploads\/2022\/08\/mini-claw-machine-for-kids.jpg\" \/>\n\t<meta property=\"og:image:width\" content=\"800\" \/>\n\t<meta property=\"og:image:height\" content=\"800\" \/>\n<meta name=\"twitter:card\" content=\"summary_large_image\" \/>\n<meta name=\"twitter:label1\" content=\"Tiempo de lectura\">\n\t<meta name=\"twitter:data1\" content=\"1 minuto\">\n<script type=\"application\/ld+json\" class=\"yoast-schema-graph\">{\"@context\":\"https:\/\/schema.org\",\"@graph\":[{\"@type\":\"WebSite\",\"@id\":\"https:\/\/bleegame.com\/es\/#website\",\"url\":\"https:\/\/bleegame.com\/es\/\",\"name\":\"Bleegame\",\"description\":\"One-stop Amusement Coin Operated Games  Machine procurement center\",\"potentialAction\":[{\"@type\":\"SearchAction\",\"target\":\"https:\/\/bleegame.com\/es\/?s={search_term_string}\",\"query-input\":\"required name=search_term_string\"}],\"inLanguage\":\"es\"},{\"@type\":\"ImageObject\",\"@id\":\"https:\/\/bleegame.com\/es\/producto\/maquina-de-gruas-de-4-jugadores\/#primaryimage\",\"inLanguage\":\"es\",\"url\":\"https:\/\/bleegame.com\/wp-content\/uploads\/2022\/08\/mini-claw-machine-for-kids.jpg\",\"width\":800,\"height\":800,\"caption\":\"mini m\\u00e1quina de garras para ni\\u00f1os\"},{\"@type\":\"WebPage\",\"@id\":\"https:\/\/bleegame.com\/es\/producto\/maquina-de-gruas-de-4-jugadores\/#webpage\",\"url\":\"https:\/\/bleegame.com\/es\/producto\/maquina-de-gruas-de-4-jugadores\/\",\"name\":\"M\\u00e1quina de garras de gr\\u00faa de juguete para 4 jugadores - Bleegame\",\"isPartOf\":{\"@id\":\"https:\/\/bleegame.com\/es\/#website\"},\"primaryImageOfPage\":{\"@id\":\"https:\/\/bleegame.com\/es\/producto\/maquina-de-gruas-de-4-jugadores\/#primaryimage\"},\"datePublished\":\"2022-08-18T03:35:47+00:00\",\"dateModified\":\"2023-01-12T01:11:51+00:00\",\"breadcrumb\":{\"@id\":\"https:\/\/bleegame.com\/es\/producto\/maquina-de-gruas-de-4-jugadores\/#breadcrumb\"},\"inLanguage\":\"es\",\"potentialAction\":[{\"@type\":\"ReadAction\",\"target\":[\"https:\/\/bleegame.com\/es\/producto\/maquina-de-gruas-de-4-jugadores\/\"]}]},{\"@type\":\"BreadcrumbList\",\"@id\":\"https:\/\/bleegame.com\/es\/producto\/maquina-de-gruas-de-4-jugadores\/#breadcrumb\",\"itemListElement\":[{\"@type\":\"ListItem\",\"position\":1,\"item\":{\"@type\":\"WebPage\",\"@id\":\"https:\/\/bleegame.com\/es\/producto\/\",\"url\":\"https:\/\/bleegame.com\/es\/producto\/\",\"name\":\"Producto\"}},{\"@type\":\"ListItem\",\"position\":2,\"item\":{\"@type\":\"WebPage\",\"@id\":\"https:\/\/bleegame.com\/es\/producto\/maquina-de-gruas-de-4-jugadores\/\",\"url\":\"https:\/\/bleegame.com\/es\/producto\/maquina-de-gruas-de-4-jugadores\/\",\"name\":\"M\\u00e1quina de garras de gr\\u00faa de juguete para 4 jugadores\"}}]}]}<\/script>\n<!-- \/ Yoast SEO Premium plugin. -->","_links":{"self":[{"href":"https:\/\/bleegame.com\/es\/wp-json\/wp\/v2\/product\/6659","targetHints":{"allow":["GET"]}}],"collection":[{"href":"https:\/\/bleegame.com\/es\/wp-json\/wp\/v2\/product"}],"about":[{"href":"https:\/\/bleegame.com\/es\/wp-json\/wp\/v2\/types\/product"}],"version-history":[{"count":0,"href":"https:\/\/bleegame.com\/es\/wp-json\/wp\/v2\/product\/6659\/revisions"}],"wp:featuredmedia":[{"embeddable":true,"href":"https:\/\/bleegame.com\/es\/wp-json\/wp\/v2\/media\/6612"}],"wp:attachment":[{"href":"https:\/\/bleegame.com\/es\/wp-json\/wp\/v2\/media?parent=6659"}],"wp:term":[{"taxonomy":"product_cat","embeddable":true,"href":"https:\/\/bleegame.com\/es\/wp-json\/wp\/v2\/product_cat?post=6659"},{"taxonomy":"product_tag","embeddable":true,"href":"https:\/\/bleegame.com\/es\/wp-json\/wp\/v2\/product_tag?post=6659"}],"curies":[{"name":"wp","href":"https:\/\/api.w.org\/{rel}","templated":true}]}}