{"id":6661,"date":"2022-08-08T08:28:32","date_gmt":"2022-08-08T08:28:32","guid":{"rendered":"https:\/\/bleegame.com\/product\/maquina-de-juego-de-hockey-de-aire\/"},"modified":"2022-08-08T08:28:32","modified_gmt":"2022-08-08T08:28:32","slug":"maquina-de-juego-de-hockey-sobre-aire","status":"publish","type":"product","link":"https:\/\/bleegame.com\/es\/producto\/maquina-de-juego-de-hockey-sobre-aire\/","title":{"rendered":"M\u00e1quina de juego de hockey de aire"},"content":{"rendered":"<p>C\u00f3mo se juega:<\/p>\n<p>1. Inserte la moneda, el juego comienza;<\/p>\n<p>2. Golpear la pelota en la porter\u00eda de otro jugador, el jugador que es gol se deducir\u00e1 una puntuaci\u00f3n;<\/p>\n<p>3. El tiempo o la puntuaci\u00f3n terminan, el juego se acaba, el jugador obtiene entradas seg\u00fan la puntuaci\u00f3n que le queda.<\/p>\n<p>Caracter\u00edsticas:<\/p>\n<p>1. Juego atractivo y emocionante. El jugador puede ejercitar la capacidad de respuesta y la coordinaci\u00f3n mano-ojo.<\/p>\n<p>2. 2 jugadores pueden jugar juntos, \u00a1m\u00e1s interesante!<\/p>\n<p>3. El n\u00famero de monedas, el tiempo de juego y el n\u00famero de billetes son ajustables.<\/p>\n<p>4. Adecuado para m\u00faltiples lugares.<\/p>\n<p>5. Alta calidad, los mejores servicios.<\/p>\n","protected":false},"excerpt":{"rendered":"<p>Marca:BLEE<br \/>\nMOQ:1<br \/>\nMaterial\uff1aMetales+Acr\u00edlico<br \/>\nTama\u00f1o del producto\uff1a1785*900*1400mm<br \/>\nPotencia de funcionamiento\uff1a220W<br \/>\nEmbalaje:<br \/>\nCajas de exportaci\u00f3n est\u00e1ndar<br \/>\nEnv\u00edo:Por mar<\/p>\n","protected":false},"featured_media":6522,"template":"","meta":{"om_disable_all_campaigns":false,"_monsterinsights_skip_tracking":false,"_monsterinsights_sitenote_active":false,"_monsterinsights_sitenote_note":"","_monsterinsights_sitenote_category":0,"_uf_show_specific_survey":0,"_uf_disable_surveys":false},"product_cat":[285],"product_tag":[288,290,292],"class_list":["post-6661","product","type-product","status-publish","has-post-thumbnail","hentry","product_cat-maquina-de-juegos-deportivos","product_tag-maquina-de-mesa-de-hockey-sobre-aire","product_tag-mesa-de-hockey-con-monedas","product_tag-redencion-del-hockey-aereo"],"yoast_head":"<!-- This site is optimized with the Yoast SEO Premium plugin v15.5 - https:\/\/yoast.com\/wordpress\/plugins\/seo\/ -->\n<title>M\u00e1quina de juego de hockey de aire - Bleegame<\/title>\n<meta name=\"description\" content=\"\u00a1Blee arcade fabricante ofrece al por mayor de la moneda operado mesa de hockey, mesa de hockey de aire.Orden ahora para el env\u00edo r\u00e1pido!\" \/>\n<meta name=\"robots\" content=\"index, follow, max-snippet:-1, max-image-preview:large, max-video-preview:-1\" \/>\n<link rel=\"canonical\" href=\"https:\/\/bleegame.com\/es\/producto\/maquina-de-juego-de-hockey-sobre-aire\/\" \/>\n<meta property=\"og:locale\" content=\"es_ES\" \/>\n<meta property=\"og:type\" content=\"article\" \/>\n<meta property=\"og:title\" content=\"M\u00e1quina de juego de hockey de aire - Bleegame\" \/>\n<meta property=\"og:description\" content=\"\u00a1Blee arcade fabricante ofrece al por mayor de la moneda operado mesa de hockey, mesa de hockey de aire.Orden ahora para el env\u00edo r\u00e1pido!\" \/>\n<meta property=\"og:url\" content=\"https:\/\/bleegame.com\/es\/producto\/maquina-de-juego-de-hockey-sobre-aire\/\" \/>\n<meta property=\"og:site_name\" content=\"Bleegame\" \/>\n<meta property=\"og:image\" content=\"https:\/\/bleegame.com\/wp-content\/uploads\/2022\/08\/Air-Hockey-Redemption.jpg\" \/>\n\t<meta property=\"og:image:width\" content=\"800\" \/>\n\t<meta property=\"og:image:height\" content=\"800\" \/>\n<meta name=\"twitter:card\" content=\"summary_large_image\" \/>\n<meta name=\"twitter:label1\" content=\"Tiempo de lectura\">\n\t<meta name=\"twitter:data1\" content=\"0 minutos\">\n<script type=\"application\/ld+json\" class=\"yoast-schema-graph\">{\"@context\":\"https:\/\/schema.org\",\"@graph\":[{\"@type\":\"WebSite\",\"@id\":\"https:\/\/bleegame.com\/es\/#website\",\"url\":\"https:\/\/bleegame.com\/es\/\",\"name\":\"Bleegame\",\"description\":\"One-stop Amusement Coin Operated Games  Machine procurement center\",\"potentialAction\":[{\"@type\":\"SearchAction\",\"target\":\"https:\/\/bleegame.com\/es\/?s={search_term_string}\",\"query-input\":\"required name=search_term_string\"}],\"inLanguage\":\"es\"},{\"@type\":\"ImageObject\",\"@id\":\"https:\/\/bleegame.com\/es\/producto\/maquina-de-juego-de-hockey-sobre-aire\/#primaryimage\",\"inLanguage\":\"es\",\"url\":\"https:\/\/bleegame.com\/wp-content\/uploads\/2022\/08\/Air-Hockey-Redemption.jpg\",\"width\":800,\"height\":800},{\"@type\":\"WebPage\",\"@id\":\"https:\/\/bleegame.com\/es\/producto\/maquina-de-juego-de-hockey-sobre-aire\/#webpage\",\"url\":\"https:\/\/bleegame.com\/es\/producto\/maquina-de-juego-de-hockey-sobre-aire\/\",\"name\":\"M\\u00e1quina de juego de hockey de aire - Bleegame\",\"isPartOf\":{\"@id\":\"https:\/\/bleegame.com\/es\/#website\"},\"primaryImageOfPage\":{\"@id\":\"https:\/\/bleegame.com\/es\/producto\/maquina-de-juego-de-hockey-sobre-aire\/#primaryimage\"},\"datePublished\":\"2022-08-08T08:28:32+00:00\",\"dateModified\":\"2022-08-08T08:28:32+00:00\",\"description\":\"\\u00a1Blee arcade fabricante ofrece al por mayor de la moneda operado mesa de hockey, mesa de hockey de aire.Orden ahora para el env\\u00edo r\\u00e1pido!\",\"breadcrumb\":{\"@id\":\"https:\/\/bleegame.com\/es\/producto\/maquina-de-juego-de-hockey-sobre-aire\/#breadcrumb\"},\"inLanguage\":\"es\",\"potentialAction\":[{\"@type\":\"ReadAction\",\"target\":[\"https:\/\/bleegame.com\/es\/producto\/maquina-de-juego-de-hockey-sobre-aire\/\"]}]},{\"@type\":\"BreadcrumbList\",\"@id\":\"https:\/\/bleegame.com\/es\/producto\/maquina-de-juego-de-hockey-sobre-aire\/#breadcrumb\",\"itemListElement\":[{\"@type\":\"ListItem\",\"position\":1,\"item\":{\"@type\":\"WebPage\",\"@id\":\"https:\/\/bleegame.com\/es\/producto\/\",\"url\":\"https:\/\/bleegame.com\/es\/producto\/\",\"name\":\"Producto\"}},{\"@type\":\"ListItem\",\"position\":2,\"item\":{\"@type\":\"WebPage\",\"@id\":\"https:\/\/bleegame.com\/es\/producto\/maquina-de-juego-de-hockey-sobre-aire\/\",\"url\":\"https:\/\/bleegame.com\/es\/producto\/maquina-de-juego-de-hockey-sobre-aire\/\",\"name\":\"M\\u00e1quina de juego de hockey de aire\"}}]}]}<\/script>\n<!-- \/ Yoast SEO Premium plugin. -->","_links":{"self":[{"href":"https:\/\/bleegame.com\/es\/wp-json\/wp\/v2\/product\/6661","targetHints":{"allow":["GET"]}}],"collection":[{"href":"https:\/\/bleegame.com\/es\/wp-json\/wp\/v2\/product"}],"about":[{"href":"https:\/\/bleegame.com\/es\/wp-json\/wp\/v2\/types\/product"}],"version-history":[{"count":0,"href":"https:\/\/bleegame.com\/es\/wp-json\/wp\/v2\/product\/6661\/revisions"}],"wp:featuredmedia":[{"embeddable":true,"href":"https:\/\/bleegame.com\/es\/wp-json\/wp\/v2\/media\/6522"}],"wp:attachment":[{"href":"https:\/\/bleegame.com\/es\/wp-json\/wp\/v2\/media?parent=6661"}],"wp:term":[{"taxonomy":"product_cat","embeddable":true,"href":"https:\/\/bleegame.com\/es\/wp-json\/wp\/v2\/product_cat?post=6661"},{"taxonomy":"product_tag","embeddable":true,"href":"https:\/\/bleegame.com\/es\/wp-json\/wp\/v2\/product_tag?post=6661"}],"curies":[{"name":"wp","href":"https:\/\/api.w.org\/{rel}","templated":true}]}}