{"id":6662,"date":"2022-07-26T02:44:55","date_gmt":"2022-07-26T02:44:55","guid":{"rendered":"https:\/\/bleegame.com\/product\/aceptador-de-monedas-con-cpu-py100f\/"},"modified":"2022-07-26T02:44:55","modified_gmt":"2022-07-26T02:44:55","slug":"cpu-selector-coin-acceptor-py100f","status":"publish","type":"product","link":"https:\/\/bleegame.com\/es\/producto\/cpu-selector-coin-acceptor-py100f\/","title":{"rendered":"Aceptador de monedas con CPU PY100F"},"content":{"rendered":"<div class=\"special-heading-border\">\n<div class=\"special-heading-inner-border\"><\/div>\n<\/div>\n<\/div>\n<div style=\"  margin-top:; margin-bottom:;\" class=\"hr hr-custom hr-center hr-icon-no avia-builder-el-12 el_after_av_heading el_before_av_textblock \"><span class=\"hr-inner inner-border-av-border-thin\" style=\"  width:1550px;\"><span class=\"hr-inner-style\"><\/span><\/span><\/div>\n<section class=\"av_textblock_section \" itemscope=\"itemscope\" itemtype=\"https:\/\/schema.org\/CreativeWork\">\n<div class=\"avia_textblock \" itemprop=\"text\">\n<ul class=\"a-unordered-list a-vertical a-spacing-mini\">\n<li><span class=\"a-list-item\">Color: Metal<\/span><\/li>\n<li><span class=\"a-list-item\">Tama\u00f1o frontal: Aproximadamente 12,4 x 6,4cm \/ 4,8*2,5 pulgadas<\/span><\/li>\n<li><span class=\"a-list-item\">Longitud lateral: Aproximadamente 14,1cm \/ 5,5 pulgadas<\/span><\/li>\n<li><span class=\"a-list-item\">Material: Pl\u00e1stico + aleaci\u00f3n<\/span><\/li>\n<li><span class=\"a-list-item\">Di\u00e1metro de la moneda: Aprox. 20-30mm<\/span><\/li>\n<\/ul>\n<p><b>Descripci\u00f3n:<\/b><\/p>\n<p>&#8211; Material: Pl\u00e1stico + aleaci\u00f3n<br \/>&#8211; Color: Metal<br \/>&#8211; Tama\u00f1o frontal: Aproximadamente 12,4 x 6,4cm \/ 4,8*2,5 pulgadas<br \/>&#8211; Longitud lateral: Aproximadamente 14,1cm \/ 5,5 pulgadas<br \/>&#8211; Di\u00e1metro de la moneda: Aprox. 20-30mm<br \/>&#8211; Grosor de la moneda: Aprox. 1,2-2,4mm<br \/>&#8211; Temperatura de trabajo: -15-75\u00b0.<br \/>&#8211; Entrada: 12V-70mA<br \/>&#8211; Capaz de aceptar todas las monedas y fichas del mundo<br \/>&#8211; Controlado por el programa de la CPU, con gran precisi\u00f3n de puntuaci\u00f3n<br \/>&#8211; Equipado con un programa \u00fanico de prevenci\u00f3n de interferencias electromagn\u00e9ticas<br \/>&#8211; Dise\u00f1o con grado preciso \/ grado normal, m\u00e1s suave para insertar monedas<\/p>\n<p><b>El paquete incluye:<\/b><\/p>\n<p>1 x Monedero<br \/>4 x Par de tornillos<br \/>1 cable de bobinado 4P<\/p>\n<\/div>\n<\/section>\n<div style='padding-bottom:10px; ' class='av-special-heading av-special-heading-h3 blockquote modern-quote avia-builder-el-14 el_after_av_textblock el_before_av_hr '>\n<h3 class='av-special-heading-tag ' itemprop=\"headline\">\n","protected":false},"excerpt":{"rendered":"<p>Ya sea que est\u00e9 construyendo su propio gabinete de arcade o simplemente cobrando la entrada a su casa, este aceptador de monedas programable hace que sea f\u00e1cil monetizar su pr\u00f3ximo proyecto. Hay un mont\u00f3n de proyectos geniales que funcionan con monedas y que est\u00e1n *esperando* a ser construidos.<\/p>\n","protected":false},"featured_media":4926,"template":"","meta":{"om_disable_all_campaigns":false,"_monsterinsights_skip_tracking":false,"_monsterinsights_sitenote_active":false,"_monsterinsights_sitenote_note":"","_monsterinsights_sitenote_category":0,"_uf_show_specific_survey":0,"_uf_disable_surveys":false},"product_cat":[230,236],"product_tag":[],"class_list":["post-6662","product","type-product","status-publish","has-post-thumbnail","hentry","product_cat-aceptador-de-monedas","product_cat-comparacion-de-monederos"],"yoast_head":"<!-- This site is optimized with the Yoast SEO Premium plugin v15.5 - https:\/\/yoast.com\/wordpress\/plugins\/seo\/ -->\n<title>Aceptador de monedas con CPU PY100F - Bleegame<\/title>\n<meta name=\"robots\" content=\"index, follow, max-snippet:-1, max-image-preview:large, max-video-preview:-1\" \/>\n<link rel=\"canonical\" href=\"https:\/\/bleegame.com\/es\/producto\/cpu-selector-coin-acceptor-py100f\/\" \/>\n<meta property=\"og:locale\" content=\"es_ES\" \/>\n<meta property=\"og:type\" content=\"article\" \/>\n<meta property=\"og:title\" content=\"Aceptador de monedas con CPU PY100F - Bleegame\" \/>\n<meta property=\"og:description\" content=\"Ya sea que est\u00e9 construyendo su propio gabinete de arcade o simplemente cobrando la entrada a su casa, este aceptador de monedas programable hace que sea f\u00e1cil monetizar su pr\u00f3ximo proyecto. Hay un mont\u00f3n de proyectos geniales que funcionan con monedas y que est\u00e1n *esperando* a ser construidos.\" \/>\n<meta property=\"og:url\" content=\"https:\/\/bleegame.com\/es\/producto\/cpu-selector-coin-acceptor-py100f\/\" \/>\n<meta property=\"og:site_name\" content=\"Bleegame\" \/>\n<meta name=\"twitter:card\" content=\"summary_large_image\" \/>\n<meta name=\"twitter:label1\" content=\"Tiempo de lectura\">\n\t<meta name=\"twitter:data1\" content=\"1 minuto\">\n<script type=\"application\/ld+json\" class=\"yoast-schema-graph\">{\"@context\":\"https:\/\/schema.org\",\"@graph\":[{\"@type\":\"WebSite\",\"@id\":\"https:\/\/bleegame.com\/es\/#website\",\"url\":\"https:\/\/bleegame.com\/es\/\",\"name\":\"Bleegame\",\"description\":\"One-stop Amusement Coin Operated Games  Machine procurement center\",\"potentialAction\":[{\"@type\":\"SearchAction\",\"target\":\"https:\/\/bleegame.com\/es\/?s={search_term_string}\",\"query-input\":\"required name=search_term_string\"}],\"inLanguage\":\"es\"},{\"@type\":\"ImageObject\",\"@id\":\"https:\/\/bleegame.com\/es\/producto\/cpu-selector-coin-acceptor-py100f\/#primaryimage\",\"inLanguage\":\"es\",\"url\":\"https:\/\/bleegame.com\/wp-content\/uploads\/2022\/07\/61tuFxLFaZL._AC_SL1024_-1.jpg\",\"width\":852,\"height\":912},{\"@type\":\"WebPage\",\"@id\":\"https:\/\/bleegame.com\/es\/producto\/cpu-selector-coin-acceptor-py100f\/#webpage\",\"url\":\"https:\/\/bleegame.com\/es\/producto\/cpu-selector-coin-acceptor-py100f\/\",\"name\":\"Aceptador de monedas con CPU PY100F - Bleegame\",\"isPartOf\":{\"@id\":\"https:\/\/bleegame.com\/es\/#website\"},\"primaryImageOfPage\":{\"@id\":\"https:\/\/bleegame.com\/es\/producto\/cpu-selector-coin-acceptor-py100f\/#primaryimage\"},\"datePublished\":\"2022-07-26T02:44:55+00:00\",\"dateModified\":\"2022-07-26T02:44:55+00:00\",\"breadcrumb\":{\"@id\":\"https:\/\/bleegame.com\/es\/producto\/cpu-selector-coin-acceptor-py100f\/#breadcrumb\"},\"inLanguage\":\"es\",\"potentialAction\":[{\"@type\":\"ReadAction\",\"target\":[\"https:\/\/bleegame.com\/es\/producto\/cpu-selector-coin-acceptor-py100f\/\"]}]},{\"@type\":\"BreadcrumbList\",\"@id\":\"https:\/\/bleegame.com\/es\/producto\/cpu-selector-coin-acceptor-py100f\/#breadcrumb\",\"itemListElement\":[{\"@type\":\"ListItem\",\"position\":1,\"item\":{\"@type\":\"WebPage\",\"@id\":\"https:\/\/bleegame.com\/es\/producto\/\",\"url\":\"https:\/\/bleegame.com\/es\/producto\/\",\"name\":\"Producto\"}},{\"@type\":\"ListItem\",\"position\":2,\"item\":{\"@type\":\"WebPage\",\"@id\":\"https:\/\/bleegame.com\/es\/producto\/cpu-selector-coin-acceptor-py100f\/\",\"url\":\"https:\/\/bleegame.com\/es\/producto\/cpu-selector-coin-acceptor-py100f\/\",\"name\":\"Aceptador de monedas con CPU PY100F\"}}]}]}<\/script>\n<!-- \/ Yoast SEO Premium plugin. -->","_links":{"self":[{"href":"https:\/\/bleegame.com\/es\/wp-json\/wp\/v2\/product\/6662","targetHints":{"allow":["GET"]}}],"collection":[{"href":"https:\/\/bleegame.com\/es\/wp-json\/wp\/v2\/product"}],"about":[{"href":"https:\/\/bleegame.com\/es\/wp-json\/wp\/v2\/types\/product"}],"version-history":[{"count":0,"href":"https:\/\/bleegame.com\/es\/wp-json\/wp\/v2\/product\/6662\/revisions"}],"wp:featuredmedia":[{"embeddable":true,"href":"https:\/\/bleegame.com\/es\/wp-json\/wp\/v2\/media\/4926"}],"wp:attachment":[{"href":"https:\/\/bleegame.com\/es\/wp-json\/wp\/v2\/media?parent=6662"}],"wp:term":[{"taxonomy":"product_cat","embeddable":true,"href":"https:\/\/bleegame.com\/es\/wp-json\/wp\/v2\/product_cat?post=6662"},{"taxonomy":"product_tag","embeddable":true,"href":"https:\/\/bleegame.com\/es\/wp-json\/wp\/v2\/product_tag?post=6662"}],"curies":[{"name":"wp","href":"https:\/\/api.w.org\/{rel}","templated":true}]}}