{"id":6663,"date":"2022-07-26T02:44:51","date_gmt":"2022-07-26T02:44:51","guid":{"rendered":"https:\/\/bleegame.com\/product\/dg600f-programable-6-tipos-de-monedasaceptador-de-monedas-multiple\/"},"modified":"2022-07-26T02:44:51","modified_gmt":"2022-07-26T02:44:51","slug":"dg600f-programable-6-tipos-de-moneda-multi-aceptacion-de-monedas","status":"publish","type":"product","link":"https:\/\/bleegame.com\/es\/producto\/dg600f-programable-6-tipos-de-moneda-multi-aceptacion-de-monedas\/","title":{"rendered":"DG600F Programable (6 tipos de monedas)Aceptador de monedas m\u00faltiple"},"content":{"rendered":"<div class=\"special-heading-border\">\n<div class=\"special-heading-inner-border\"><\/div>\n<\/div>\n<\/div>\n<div style=\"  margin-top:; margin-bottom:;\" class=\"hr hr-custom hr-center hr-icon-no avia-builder-el-12 el_after_av_heading el_before_av_textblock \"><span class=\"hr-inner inner-border-av-border-thin\" style=\"  width:1550px;\"><span class=\"hr-inner-style\"><\/span><\/span><\/div>\n<section class=\"av_textblock_section \" itemscope=\"itemscope\" itemtype=\"https:\/\/schema.org\/CreativeWork\">\n<div class=\"avia_textblock \" itemprop=\"text\">\n<p><strong>\u2605Adopta<\/strong>el sistema inteligente de CPU multifunci\u00f3n, Identifica autom\u00e1ticamente las monedas a trav\u00e9s del di\u00e1metro de la moneda, el grosor y el material.<br \/><strong>\u2605Adoptar<\/strong>para la identificaci\u00f3n de m\u00faltiples grupos de par\u00e1metros, mayor precisi\u00f3n de identificaci\u00f3n.<br \/><strong>\u2605Permite<\/strong>establecer 6 grupos de monedas de diferente denominaci\u00f3n en el momento.<br \/><strong>\u2605Permite<\/strong>configurar los par\u00e1metros del monedero para ajustar la cantidad de carga de la m\u00e1quina principal.<br \/><strong>\u2605Permite<\/strong>ajustar la precisi\u00f3n del monedero para adaptarse al entorno.<br \/>\u2605La salida en serie y la salida en paralelo son opcionales.<br \/><strong>\u2605Los<\/strong>formatos de salida de <strong>la se\u00f1al<\/strong>Pulso y RS232 son opcionales.<br \/><strong>\u2605Los<\/strong>formatos <strong>m\u00faltiples<\/strong>y la tasa de baudios son opcionales para la salida RS232.<br \/><strong>\u2605Dos<\/strong>tipos de funciones de inhibici\u00f3n son opcionales.<br \/><strong>\u2605Con<\/strong>sistema de inspecci\u00f3n por software, antifishing, con alarmas, mayor seguridad y fiabilidad.<br \/><strong>\u2605Con el<\/strong>software de autodiagn\u00f3stico, se indicar\u00e1 el error cuando la placa de circuito est\u00e9 fuera de servicio.<br \/><strong>\u2605Puede<\/strong>conectarse al contador, f\u00e1cil trabajo para la m\u00e1quina principal.<br \/><strong>\u2605El<\/strong>m\u00e9todo de detecci\u00f3n transmisiva directa por infrarrojos mejora la vida \u00fatil, reduce las tasas de error y es adecuado para aplicaciones en exteriores.<br \/><strong>\u2605El producto<\/strong>est\u00e1 dise\u00f1ado para funcionar bien en un amplio rango de temperaturas.<br \/><strong>\u2605Adoptar<\/strong>para el validador basculante, como para evitar que las monedas salten irregularmente para mejorar la tasa de identificaci\u00f3n de monedas.<br \/><strong>\u2605Patente<\/strong>de dise\u00f1o <strong>propia<\/strong>, sin necesidad de desmontar el cuerpo principal, f\u00e1cil de limpiar el validador.<br \/><strong>\u2605Los<\/strong>sonidos de alarma de <strong>error<\/strong>son opcionales.<br \/><strong>\u2605La<\/strong>cubierta del aceptador de monedas est\u00e1 combinada con pl\u00e1stico y acero inoxidable, es bonita, duradera y de alta abrasividad.<br \/><strong>\u2605Permite<\/strong>alterar el formato de salida y las funciones seg\u00fan sea necesario, o aumentar los grupos de monedas de diferente denominaci\u00f3n<\/p>\n<\/div>\n<\/section>\n<div style='padding-bottom:10px; ' class='av-special-heading av-special-heading-h3 blockquote modern-quote avia-builder-el-14 el_after_av_textblock el_before_av_hr '>\n<h3 class='av-special-heading-tag ' itemprop=\"headline\">\n","protected":false},"excerpt":{"rendered":"<p>Ya sea que est\u00e9 construyendo su propio gabinete de arcade o simplemente cobrando la entrada a su casa, este aceptador de monedas programable hace que sea f\u00e1cil monetizar su pr\u00f3ximo proyecto. Hay un mont\u00f3n de proyectos geniales que funcionan con monedas y que est\u00e1n *esperando* a ser construidos.<\/p>\n","protected":false},"featured_media":6981,"template":"","meta":{"om_disable_all_campaigns":false,"_monsterinsights_skip_tracking":false,"_monsterinsights_sitenote_active":false,"_monsterinsights_sitenote_note":"","_monsterinsights_sitenote_category":0,"_uf_show_specific_survey":0,"_uf_disable_surveys":false},"product_cat":[230,280],"product_tag":[],"class_list":["post-6663","product","type-product","status-publish","has-post-thumbnail","hentry","product_cat-aceptador-de-monedas","product_cat-aceptador-de-monedas-multiple"],"yoast_head":"<!-- This site is optimized with the Yoast SEO Premium plugin v15.5 - https:\/\/yoast.com\/wordpress\/plugins\/seo\/ -->\n<title>DG600F Programable (6 tipos de monedas)Aceptador de monedas m\u00faltiple - Bleegame<\/title>\n<meta name=\"robots\" content=\"index, follow, max-snippet:-1, max-image-preview:large, max-video-preview:-1\" \/>\n<link rel=\"canonical\" href=\"https:\/\/bleegame.com\/es\/producto\/dg600f-programable-6-tipos-de-moneda-multi-aceptacion-de-monedas\/\" \/>\n<meta property=\"og:locale\" content=\"es_ES\" \/>\n<meta property=\"og:type\" content=\"article\" \/>\n<meta property=\"og:title\" content=\"DG600F Programable (6 tipos de monedas)Aceptador de monedas m\u00faltiple - Bleegame\" \/>\n<meta property=\"og:description\" content=\"Ya sea que est\u00e9 construyendo su propio gabinete de arcade o simplemente cobrando la entrada a su casa, este aceptador de monedas programable hace que sea f\u00e1cil monetizar su pr\u00f3ximo proyecto. Hay un mont\u00f3n de proyectos geniales que funcionan con monedas y que est\u00e1n *esperando* a ser construidos.\" \/>\n<meta property=\"og:url\" content=\"https:\/\/bleegame.com\/es\/producto\/dg600f-programable-6-tipos-de-moneda-multi-aceptacion-de-monedas\/\" \/>\n<meta property=\"og:site_name\" content=\"Bleegame\" \/>\n<meta name=\"twitter:card\" content=\"summary_large_image\" \/>\n<meta name=\"twitter:label1\" content=\"Tiempo de lectura\">\n\t<meta name=\"twitter:data1\" content=\"1 minuto\">\n<script type=\"application\/ld+json\" class=\"yoast-schema-graph\">{\"@context\":\"https:\/\/schema.org\",\"@graph\":[{\"@type\":\"WebSite\",\"@id\":\"https:\/\/bleegame.com\/es\/#website\",\"url\":\"https:\/\/bleegame.com\/es\/\",\"name\":\"Bleegame\",\"description\":\"One-stop Amusement Coin Operated Games  Machine procurement center\",\"potentialAction\":[{\"@type\":\"SearchAction\",\"target\":\"https:\/\/bleegame.com\/es\/?s={search_term_string}\",\"query-input\":\"required name=search_term_string\"}],\"inLanguage\":\"es\"},{\"@type\":\"ImageObject\",\"@id\":\"https:\/\/bleegame.com\/es\/producto\/dg600f-programable-6-tipos-de-moneda-multi-aceptacion-de-monedas\/#primaryimage\",\"inLanguage\":\"es\",\"url\":\"https:\/\/bleegame.com\/wp-content\/uploads\/2022\/07\/1-133.jpg\",\"width\":800,\"height\":800,\"caption\":\"multi coin acceptor selector\"},{\"@type\":\"WebPage\",\"@id\":\"https:\/\/bleegame.com\/es\/producto\/dg600f-programable-6-tipos-de-moneda-multi-aceptacion-de-monedas\/#webpage\",\"url\":\"https:\/\/bleegame.com\/es\/producto\/dg600f-programable-6-tipos-de-moneda-multi-aceptacion-de-monedas\/\",\"name\":\"DG600F Programable (6 tipos de monedas)Aceptador de monedas m\\u00faltiple - Bleegame\",\"isPartOf\":{\"@id\":\"https:\/\/bleegame.com\/es\/#website\"},\"primaryImageOfPage\":{\"@id\":\"https:\/\/bleegame.com\/es\/producto\/dg600f-programable-6-tipos-de-moneda-multi-aceptacion-de-monedas\/#primaryimage\"},\"datePublished\":\"2022-07-26T02:44:51+00:00\",\"dateModified\":\"2022-07-26T02:44:51+00:00\",\"breadcrumb\":{\"@id\":\"https:\/\/bleegame.com\/es\/producto\/dg600f-programable-6-tipos-de-moneda-multi-aceptacion-de-monedas\/#breadcrumb\"},\"inLanguage\":\"es\",\"potentialAction\":[{\"@type\":\"ReadAction\",\"target\":[\"https:\/\/bleegame.com\/es\/producto\/dg600f-programable-6-tipos-de-moneda-multi-aceptacion-de-monedas\/\"]}]},{\"@type\":\"BreadcrumbList\",\"@id\":\"https:\/\/bleegame.com\/es\/producto\/dg600f-programable-6-tipos-de-moneda-multi-aceptacion-de-monedas\/#breadcrumb\",\"itemListElement\":[{\"@type\":\"ListItem\",\"position\":1,\"item\":{\"@type\":\"WebPage\",\"@id\":\"https:\/\/bleegame.com\/es\/producto\/\",\"url\":\"https:\/\/bleegame.com\/es\/producto\/\",\"name\":\"Producto\"}},{\"@type\":\"ListItem\",\"position\":2,\"item\":{\"@type\":\"WebPage\",\"@id\":\"https:\/\/bleegame.com\/es\/producto\/dg600f-programable-6-tipos-de-moneda-multi-aceptacion-de-monedas\/\",\"url\":\"https:\/\/bleegame.com\/es\/producto\/dg600f-programable-6-tipos-de-moneda-multi-aceptacion-de-monedas\/\",\"name\":\"DG600F Programable (6 tipos de monedas)Aceptador de monedas m\\u00faltiple\"}}]}]}<\/script>\n<!-- \/ Yoast SEO Premium plugin. -->","_links":{"self":[{"href":"https:\/\/bleegame.com\/es\/wp-json\/wp\/v2\/product\/6663","targetHints":{"allow":["GET"]}}],"collection":[{"href":"https:\/\/bleegame.com\/es\/wp-json\/wp\/v2\/product"}],"about":[{"href":"https:\/\/bleegame.com\/es\/wp-json\/wp\/v2\/types\/product"}],"version-history":[{"count":0,"href":"https:\/\/bleegame.com\/es\/wp-json\/wp\/v2\/product\/6663\/revisions"}],"wp:featuredmedia":[{"embeddable":true,"href":"https:\/\/bleegame.com\/es\/wp-json\/wp\/v2\/media\/6981"}],"wp:attachment":[{"href":"https:\/\/bleegame.com\/es\/wp-json\/wp\/v2\/media?parent=6663"}],"wp:term":[{"taxonomy":"product_cat","embeddable":true,"href":"https:\/\/bleegame.com\/es\/wp-json\/wp\/v2\/product_cat?post=6663"},{"taxonomy":"product_tag","embeddable":true,"href":"https:\/\/bleegame.com\/es\/wp-json\/wp\/v2\/product_tag?post=6663"}],"curies":[{"name":"wp","href":"https:\/\/api.w.org\/{rel}","templated":true}]}}