{"id":6668,"date":"2022-08-08T08:04:34","date_gmt":"2022-08-08T08:04:34","guid":{"rendered":"https:\/\/bleegame.com\/product\/maquina-de-juegos-hit-mouse-hammer\/"},"modified":"2022-08-08T08:04:34","modified_gmt":"2022-08-08T08:04:34","slug":"golpe-raton-martillo-maquina-de-juego","status":"publish","type":"product","link":"https:\/\/bleegame.com\/es\/producto\/golpe-raton-martillo-maquina-de-juego\/","title":{"rendered":"M\u00e1quina de juegos Hit Mouse Hammer"},"content":{"rendered":"<p>Caracter\u00edstica:<br \/>\n1. La m\u00e1quina de juegos de percusi\u00f3n para ni\u00f1os se actualiza y transforma sobre la base del tradicional whack-a-mole, haci\u00e9ndolo m\u00e1s interesante.<br \/>\n2. Aspecto infantil, configuraci\u00f3n de lujo para dos personas, para satisfacer las necesidades de los locales de gama media y alta.<br \/>\n3. Hay ajustes de regalo para la liquidaci\u00f3n, lo que permite a los jugadores experimentar la emoci\u00f3n y la pasi\u00f3n de la m\u00e1quina m\u00e1s<\/p>\n","protected":false},"excerpt":{"rendered":"<p>Marca:BLEE<br \/>\nMOQ:1<br \/>\nMaterial\uff1aMetales+Acr\u00edlico<br \/>\nTama\u00f1o del producto\uff1a1300*740*1750mm<br \/>\nPotencia de funcionamiento\uff1a220W<br \/>\nEmbalaje:<br \/>\nCajas de exportaci\u00f3n est\u00e1ndar<br \/>\nEnv\u00edo:Por mar<\/p>\n","protected":false},"featured_media":6517,"template":"","meta":{"om_disable_all_campaigns":false,"_monsterinsights_skip_tracking":false,"_monsterinsights_sitenote_active":false,"_monsterinsights_sitenote_note":"","_monsterinsights_sitenote_category":0,"_uf_show_specific_survey":0,"_uf_disable_surveys":false},"product_cat":[235],"product_tag":[301,299,300],"class_list":["post-6668","product","type-product","status-publish","has-post-thumbnail","hentry","product_cat-maquina-recreativa-para-ninos","product_tag-golpear-a-un-topo","product_tag-juego-del-martillo","product_tag-maquina-de-juegos-hit-hammer"],"yoast_head":"<!-- This site is optimized with the Yoast SEO Premium plugin v15.5 - https:\/\/yoast.com\/wordpress\/plugins\/seo\/ -->\n<title>M\u00e1quina de juegos Hit Mouse Hammer - Bleegame<\/title>\n<meta name=\"description\" content=\"\u00a1Emocionante Parque de Atracciones Operado por Monedas 2 Jugadores Golpean la M\u00e1quina de Martillo de Rat\u00f3n.Obtenga los detalles de contacto ahora!\" \/>\n<meta name=\"robots\" content=\"index, follow, max-snippet:-1, max-image-preview:large, max-video-preview:-1\" \/>\n<link rel=\"canonical\" href=\"https:\/\/bleegame.com\/es\/producto\/golpe-raton-martillo-maquina-de-juego\/\" \/>\n<meta property=\"og:locale\" content=\"es_ES\" \/>\n<meta property=\"og:type\" content=\"article\" \/>\n<meta property=\"og:title\" content=\"M\u00e1quina de juegos Hit Mouse Hammer - Bleegame\" \/>\n<meta property=\"og:description\" content=\"\u00a1Emocionante Parque de Atracciones Operado por Monedas 2 Jugadores Golpean la M\u00e1quina de Martillo de Rat\u00f3n.Obtenga los detalles de contacto ahora!\" \/>\n<meta property=\"og:url\" content=\"https:\/\/bleegame.com\/es\/producto\/golpe-raton-martillo-maquina-de-juego\/\" \/>\n<meta property=\"og:site_name\" content=\"Bleegame\" \/>\n<meta property=\"og:image\" content=\"https:\/\/bleegame.com\/wp-content\/uploads\/2022\/08\/Amusement-Park-Hammer-Game.jpg\" \/>\n\t<meta property=\"og:image:width\" content=\"800\" \/>\n\t<meta property=\"og:image:height\" content=\"800\" \/>\n<meta name=\"twitter:card\" content=\"summary_large_image\" \/>\n<meta name=\"twitter:label1\" content=\"Tiempo de lectura\">\n\t<meta name=\"twitter:data1\" content=\"0 minutos\">\n<script type=\"application\/ld+json\" class=\"yoast-schema-graph\">{\"@context\":\"https:\/\/schema.org\",\"@graph\":[{\"@type\":\"WebSite\",\"@id\":\"https:\/\/bleegame.com\/es\/#website\",\"url\":\"https:\/\/bleegame.com\/es\/\",\"name\":\"Bleegame\",\"description\":\"One-stop Amusement Coin Operated Games  Machine procurement center\",\"potentialAction\":[{\"@type\":\"SearchAction\",\"target\":\"https:\/\/bleegame.com\/es\/?s={search_term_string}\",\"query-input\":\"required name=search_term_string\"}],\"inLanguage\":\"es\"},{\"@type\":\"ImageObject\",\"@id\":\"https:\/\/bleegame.com\/es\/producto\/golpe-raton-martillo-maquina-de-juego\/#primaryimage\",\"inLanguage\":\"es\",\"url\":\"https:\/\/bleegame.com\/wp-content\/uploads\/2022\/08\/Amusement-Park-Hammer-Game.jpg\",\"width\":800,\"height\":800},{\"@type\":\"WebPage\",\"@id\":\"https:\/\/bleegame.com\/es\/producto\/golpe-raton-martillo-maquina-de-juego\/#webpage\",\"url\":\"https:\/\/bleegame.com\/es\/producto\/golpe-raton-martillo-maquina-de-juego\/\",\"name\":\"M\\u00e1quina de juegos Hit Mouse Hammer - Bleegame\",\"isPartOf\":{\"@id\":\"https:\/\/bleegame.com\/es\/#website\"},\"primaryImageOfPage\":{\"@id\":\"https:\/\/bleegame.com\/es\/producto\/golpe-raton-martillo-maquina-de-juego\/#primaryimage\"},\"datePublished\":\"2022-08-08T08:04:34+00:00\",\"dateModified\":\"2022-08-08T08:04:34+00:00\",\"description\":\"\\u00a1Emocionante Parque de Atracciones Operado por Monedas 2 Jugadores Golpean la M\\u00e1quina de Martillo de Rat\\u00f3n.Obtenga los detalles de contacto ahora!\",\"breadcrumb\":{\"@id\":\"https:\/\/bleegame.com\/es\/producto\/golpe-raton-martillo-maquina-de-juego\/#breadcrumb\"},\"inLanguage\":\"es\",\"potentialAction\":[{\"@type\":\"ReadAction\",\"target\":[\"https:\/\/bleegame.com\/es\/producto\/golpe-raton-martillo-maquina-de-juego\/\"]}]},{\"@type\":\"BreadcrumbList\",\"@id\":\"https:\/\/bleegame.com\/es\/producto\/golpe-raton-martillo-maquina-de-juego\/#breadcrumb\",\"itemListElement\":[{\"@type\":\"ListItem\",\"position\":1,\"item\":{\"@type\":\"WebPage\",\"@id\":\"https:\/\/bleegame.com\/es\/producto\/\",\"url\":\"https:\/\/bleegame.com\/es\/producto\/\",\"name\":\"Producto\"}},{\"@type\":\"ListItem\",\"position\":2,\"item\":{\"@type\":\"WebPage\",\"@id\":\"https:\/\/bleegame.com\/es\/producto\/golpe-raton-martillo-maquina-de-juego\/\",\"url\":\"https:\/\/bleegame.com\/es\/producto\/golpe-raton-martillo-maquina-de-juego\/\",\"name\":\"M\\u00e1quina de juegos Hit Mouse Hammer\"}}]}]}<\/script>\n<!-- \/ Yoast SEO Premium plugin. -->","_links":{"self":[{"href":"https:\/\/bleegame.com\/es\/wp-json\/wp\/v2\/product\/6668","targetHints":{"allow":["GET"]}}],"collection":[{"href":"https:\/\/bleegame.com\/es\/wp-json\/wp\/v2\/product"}],"about":[{"href":"https:\/\/bleegame.com\/es\/wp-json\/wp\/v2\/types\/product"}],"version-history":[{"count":0,"href":"https:\/\/bleegame.com\/es\/wp-json\/wp\/v2\/product\/6668\/revisions"}],"wp:featuredmedia":[{"embeddable":true,"href":"https:\/\/bleegame.com\/es\/wp-json\/wp\/v2\/media\/6517"}],"wp:attachment":[{"href":"https:\/\/bleegame.com\/es\/wp-json\/wp\/v2\/media?parent=6668"}],"wp:term":[{"taxonomy":"product_cat","embeddable":true,"href":"https:\/\/bleegame.com\/es\/wp-json\/wp\/v2\/product_cat?post=6668"},{"taxonomy":"product_tag","embeddable":true,"href":"https:\/\/bleegame.com\/es\/wp-json\/wp\/v2\/product_tag?post=6668"}],"curies":[{"name":"wp","href":"https:\/\/api.w.org\/{rel}","templated":true}]}}