{"id":6671,"date":"2022-07-26T02:07:03","date_gmt":"2022-07-26T02:07:03","guid":{"rendered":"https:\/\/bleegame.com\/product\/reloj-pk-12\/"},"modified":"2022-07-26T02:07:03","modified_gmt":"2022-07-26T02:07:03","slug":"pk-12-oclock-2","status":"publish","type":"product","link":"https:\/\/bleegame.com\/es\/producto\/pk-12-oclock-2\/","title":{"rendered":"Reloj PK 12"},"content":{"rendered":"<div class=\"special-heading-border\">\n<div class=\"special-heading-inner-border\"><\/div>\n<\/div>\n<div class=\"hr hr-custom hr-center hr-icon-no avia-builder-el-12 el_after_av_heading el_before_av_textblock \"><\/div>\n<section class=\"av_textblock_section \">\n<div class=\"avia_textblock \">\n<p>Esperamos que todos los jugadores puedan disfrutar en cada juego despu\u00e9s de usar nuestros productos de hardware, y tambi\u00e9n estamos deseando trabajar con jugadores entusiastas para crear nuevos equipos en el futuro. En bleegame, hay muchos tipos de productos. Si est\u00e1 interesado en nuestros productos, p\u00f3ngase en contacto con nosotros, estaremos encantados de contar con su atenci\u00f3n.<\/p>\n<p><strong>Caracter\u00edsticas del producto:<\/strong><\/p>\n<ul>\n<li>Dimensiones del juego: 500*650*1300cm<\/li>\n<li>Peso neto: 400 kg<\/li>\n<li>Tensi\u00f3n: 110V\/220V<\/li>\n<li>Potencia: 500W<\/li>\n<li>Opci\u00f3n de color: 1 juego<\/li>\n<li>Jugadores: 2 jugadores<\/li>\n<li>Garant\u00eda: 12 meses<\/li>\n<li>Paquete (contenedor): caja de cart\u00f3n + marco de madera<\/li>\n<li>Paquete (LCL): caja de cart\u00f3n+ marco de madera<\/li>\n<li>juego de habilidad multijugador<br \/>\nmonitor de 55&#8243; de alta definici\u00f3n<br \/>\nMarquesina y armario iluminados con LEDs<br \/>\nfacilidad de juego: mec\u00e1nica innovadora de un solo bot\u00f3n<br \/>\nBonificaci\u00f3n de velocidad de inicio del tutorial despu\u00e9s de cada partida<br \/>\nIncluye: dos dispensadores de billetes entropy 2000 y dos mecanismos de monedas (compatibles con dba y tarjeta)<\/li>\n<\/ul>\n<p><strong>\u00bfC\u00f3mo se juega?<\/strong><br \/>\n1. Inserte una moneda para comenzar el juego;<br \/>\n2. Salto de llave<br \/>\n3. Evitar las agujas del reloj<br \/>\n4. Toca el puntero, el juego ha terminado<br \/>\n5. Salta 60 veces y gana el bote<\/p>\n<\/div>\n<\/section>\n<div class=\"av-special-heading av-special-heading-h3 blockquote modern-quote avia-builder-el-14 el_after_av_textblock el_before_av_hr \" style=\"padding-bottom: 10px;\">\n<h3 class=\"av-special-heading-tag \">V\u00eddeo<\/h3>\n<div class=\"special-heading-border\">\n<div class=\"special-heading-inner-border\"><\/div>\n<\/div>\n<\/div>\n<div class=\"hr hr-custom hr-center hr-icon-no avia-builder-el-15 el_after_av_heading el_before_av_video \"><\/div>\n<div class=\"avia-video avia-video-16-9 av-lazyload-immediate av-lazyload-video-embed \" data-original_url=\"https:\/\/www.youtube.com\/watch?v=K17vx20THiI\">\n<div class=\"avia-iframe-wrap\"><iframe title=\"Survive 12 O'clock Coin Operated Games Machine Extreme Challenge Game Machine for Amusement Center\" src=\"https:\/\/www.youtube.com\/embed\/K17vx20THiI?feature=oembed&amp;autoplay=0&amp;loop=0&amp;controls=1&amp;mute=0\" width=\"1333\" height=\"1000\" frameborder=\"0\" allowfullscreen=\"allowfullscreen\"><\/iframe><\/div>\n<p>&nbsp;<\/p>\n<div class=\"av-click-to-play-overlay\">\n<div class=\"avia_playpause_icon\"><\/div>\n<\/div>\n<\/div>\n<div class=\"av-special-heading av-special-heading-h3 blockquote modern-quote avia-builder-el-17 el_after_av_video el_before_av_hr \" style=\"padding-bottom: 10px;\">\n<h3 class=\"av-special-heading-tag \"><\/h3>\n<\/div>\n","protected":false},"excerpt":{"rendered":"<p>somos un fabricante profesional para el desarrollo y la producci\u00f3n de m\u00e1quinas de juego. Nos encanta la m\u00e1quina de juegos de azar, tambi\u00e9n prestamos mucha atenci\u00f3n a la m\u00e1quina de juegos de azar.<\/p>\n","protected":false},"featured_media":7300,"template":"","meta":{"om_disable_all_campaigns":false,"_monsterinsights_skip_tracking":false,"_monsterinsights_sitenote_active":false,"_monsterinsights_sitenote_note":"","_monsterinsights_sitenote_category":0,"_uf_show_specific_survey":0,"_uf_disable_surveys":false},"product_cat":[254],"product_tag":[],"class_list":["post-6671","product","type-product","status-publish","has-post-thumbnail","hentry","product_cat-maquina-de-juego-de-redencion"],"yoast_head":"<!-- This site is optimized with the Yoast SEO Premium plugin v15.5 - https:\/\/yoast.com\/wordpress\/plugins\/seo\/ -->\n<title>Reloj PK 12 - Bleegame<\/title>\n<meta name=\"robots\" content=\"index, follow, max-snippet:-1, max-image-preview:large, max-video-preview:-1\" \/>\n<link rel=\"canonical\" href=\"https:\/\/bleegame.com\/es\/producto\/pk-12-oclock-2\/\" \/>\n<meta property=\"og:locale\" content=\"es_ES\" \/>\n<meta property=\"og:type\" content=\"article\" \/>\n<meta property=\"og:title\" content=\"Reloj PK 12 - Bleegame\" \/>\n<meta property=\"og:description\" content=\"somos un fabricante profesional para el desarrollo y la producci\u00f3n de m\u00e1quinas de juego. Nos encanta la m\u00e1quina de juegos de azar, tambi\u00e9n prestamos mucha atenci\u00f3n a la m\u00e1quina de juegos de azar.\" \/>\n<meta property=\"og:url\" content=\"https:\/\/bleegame.com\/es\/producto\/pk-12-oclock-2\/\" \/>\n<meta property=\"og:site_name\" content=\"Bleegame\" \/>\n<meta name=\"twitter:card\" content=\"summary_large_image\" \/>\n<meta name=\"twitter:label1\" content=\"Tiempo de lectura\">\n\t<meta name=\"twitter:data1\" content=\"1 minuto\">\n<script type=\"application\/ld+json\" class=\"yoast-schema-graph\">{\"@context\":\"https:\/\/schema.org\",\"@graph\":[{\"@type\":\"WebSite\",\"@id\":\"https:\/\/bleegame.com\/es\/#website\",\"url\":\"https:\/\/bleegame.com\/es\/\",\"name\":\"Bleegame\",\"description\":\"One-stop Amusement Coin Operated Games  Machine procurement center\",\"potentialAction\":[{\"@type\":\"SearchAction\",\"target\":\"https:\/\/bleegame.com\/es\/?s={search_term_string}\",\"query-input\":\"required name=search_term_string\"}],\"inLanguage\":\"es\"},{\"@type\":\"ImageObject\",\"@id\":\"https:\/\/bleegame.com\/es\/producto\/pk-12-oclock-2\/#primaryimage\",\"inLanguage\":\"es\",\"url\":\"https:\/\/bleegame.com\/wp-content\/uploads\/2022\/07\/05-51.jpg\",\"width\":800,\"height\":800,\"caption\":\"redemption games machines\"},{\"@type\":\"WebPage\",\"@id\":\"https:\/\/bleegame.com\/es\/producto\/pk-12-oclock-2\/#webpage\",\"url\":\"https:\/\/bleegame.com\/es\/producto\/pk-12-oclock-2\/\",\"name\":\"Reloj PK 12 - Bleegame\",\"isPartOf\":{\"@id\":\"https:\/\/bleegame.com\/es\/#website\"},\"primaryImageOfPage\":{\"@id\":\"https:\/\/bleegame.com\/es\/producto\/pk-12-oclock-2\/#primaryimage\"},\"datePublished\":\"2022-07-26T02:07:03+00:00\",\"dateModified\":\"2022-07-26T02:07:03+00:00\",\"breadcrumb\":{\"@id\":\"https:\/\/bleegame.com\/es\/producto\/pk-12-oclock-2\/#breadcrumb\"},\"inLanguage\":\"es\",\"potentialAction\":[{\"@type\":\"ReadAction\",\"target\":[\"https:\/\/bleegame.com\/es\/producto\/pk-12-oclock-2\/\"]}]},{\"@type\":\"BreadcrumbList\",\"@id\":\"https:\/\/bleegame.com\/es\/producto\/pk-12-oclock-2\/#breadcrumb\",\"itemListElement\":[{\"@type\":\"ListItem\",\"position\":1,\"item\":{\"@type\":\"WebPage\",\"@id\":\"https:\/\/bleegame.com\/es\/producto\/\",\"url\":\"https:\/\/bleegame.com\/es\/producto\/\",\"name\":\"Producto\"}},{\"@type\":\"ListItem\",\"position\":2,\"item\":{\"@type\":\"WebPage\",\"@id\":\"https:\/\/bleegame.com\/es\/producto\/pk-12-oclock-2\/\",\"url\":\"https:\/\/bleegame.com\/es\/producto\/pk-12-oclock-2\/\",\"name\":\"Reloj PK 12\"}}]}]}<\/script>\n<!-- \/ Yoast SEO Premium plugin. -->","_links":{"self":[{"href":"https:\/\/bleegame.com\/es\/wp-json\/wp\/v2\/product\/6671","targetHints":{"allow":["GET"]}}],"collection":[{"href":"https:\/\/bleegame.com\/es\/wp-json\/wp\/v2\/product"}],"about":[{"href":"https:\/\/bleegame.com\/es\/wp-json\/wp\/v2\/types\/product"}],"version-history":[{"count":0,"href":"https:\/\/bleegame.com\/es\/wp-json\/wp\/v2\/product\/6671\/revisions"}],"wp:featuredmedia":[{"embeddable":true,"href":"https:\/\/bleegame.com\/es\/wp-json\/wp\/v2\/media\/7300"}],"wp:attachment":[{"href":"https:\/\/bleegame.com\/es\/wp-json\/wp\/v2\/media?parent=6671"}],"wp:term":[{"taxonomy":"product_cat","embeddable":true,"href":"https:\/\/bleegame.com\/es\/wp-json\/wp\/v2\/product_cat?post=6671"},{"taxonomy":"product_tag","embeddable":true,"href":"https:\/\/bleegame.com\/es\/wp-json\/wp\/v2\/product_tag?post=6671"}],"curies":[{"name":"wp","href":"https:\/\/api.w.org\/{rel}","templated":true}]}}