{"id":6672,"date":"2022-07-26T02:07:19","date_gmt":"2022-07-26T02:07:19","guid":{"rendered":"https:\/\/bleegame.com\/product\/placa-de-control-del-temporizador-para-el-selector-de-monedas\/"},"modified":"2022-07-26T02:07:19","modified_gmt":"2022-07-26T02:07:19","slug":"timer-control-board-for-coin-acceptor-selector-2","status":"publish","type":"product","link":"https:\/\/bleegame.com\/es\/producto\/timer-control-board-for-coin-acceptor-selector-2\/","title":{"rendered":"Placa de control del temporizador para el selector de monedas"},"content":{"rendered":"<div class=\"special-heading-border\">\n<div class=\"special-heading-inner-border\"><\/div>\n<\/div>\n<div class=\"hr hr-custom hr-center hr-icon-no avia-builder-el-12 el_after_av_heading el_before_av_textblock \"><\/div>\n<section class=\"av_textblock_section \">\n<div class=\"avia_textblock \">\n<p>Tablero de control de tiempo Fuente de alimentaci\u00f3n PCB para selector de aceptador de monedas con 40cm de cable blanco, JY-15B<\/p>\n<p><strong>\u00bfC\u00f3mo funciona?<\/strong><br \/>\nModo 1:El tiempo se agota despu\u00e9s de recibir las se\u00f1ales-&gt; La pantalla muestra el tiempo restante y suministra energ\u00eda al dispositivo-&gt; corta la energ\u00eda despu\u00e9s de que se agote el tiempo<br \/>\nModo 2 (Conecte un bot\u00f3n): La pantalla muestra el tiempo restante despu\u00e9s de recibir las se\u00f1ales -&gt; arranque del bot\u00f3n -&gt; el tiempo se agota y suministra energ\u00eda al dispositivo -&gt; corta la energ\u00eda despu\u00e9s de que el tiempo se agote<br \/>\nPausa (conecte un bot\u00f3n): Pulsando el bot\u00f3n de pausa: se corta la alimentaci\u00f3n cuando se hace la pausa, la pantalla muestra el tiempo restante. Volver a suministrar energ\u00eda despu\u00e9s de pulsar el bot\u00f3n de pausa de nuevo<\/p>\n<p><strong>Entorno:<\/strong><br \/>\nPor favor, siga el C\u00d3DIGO EN LA PANTALLA y utilice el bot\u00f3n \u00abS1\u00bb y \u00abS2\u00bb para configurar el n\u00famero<br \/>\nCANTIDAD Y TIEMPO DE LA SE\u00d1AL DE ENTRADA<br \/>\nPor favor, pulse el bot\u00f3n \u00abS4\u00bb. Los flashes B. Por favor, ajuste la CANTIDAD DE SE\u00d1ALES DE ENTRADA al dispositivo activo (01-50).<br \/>\nPor favor, pulse el bot\u00f3n \u00abS4\u00bb, A parpadea. Por favor, configure la HORA (01-99).<br \/>\nPor favor, pulse el bot\u00f3n \u00abS4\u00bb, B parpadea. Por favor, configure la HORA (01-99).<br \/>\nPor favor, pulse el bot\u00f3n \u00abS4\u00bb 4 veces.<br \/>\nPor favor, establezca la HORA para el sonido de advertencia.<br \/>\nPor favor, pulse el bot\u00f3n \u00abS4\u00bb para terminar.<\/p>\n<p><strong>TIEMPO DADO:<\/strong><\/p>\n<p>A\u00f1ade tiempo de forma gratuita si las se\u00f1ales de entrada alcanzan la velocidad de ajuste durante el tiempo que se est\u00e1 ejecutando.<br \/>\nEjemplo de ajuste: se\u00f1al de entrada al dispositivo activo: 01, se\u00f1ales de entrada para un tiempo determinado: 03 dar tiempo: 02:10<br \/>\nA\u00f1adir la hora 02:10?? libre si se reciben 3 se\u00f1ales durante el tiempo que se est\u00e1 ejecutando.<br \/>\nPor favor, pulse el bot\u00f3n \u00abS4\u00bb 4 veces. Los flashes B. Por favor, configure la CANTIDAD DE SE\u00d1ALES DE ENTRADA.<br \/>\nPor favor, pulse el bot\u00f3n \u00abS4\u00bb, A parpadea. Por favor, establezca un tiempo determinado.<br \/>\nPor favor, pulse el bot\u00f3n \u00abS4\u00bb, B parpadea. Por favor, establezca un tiempo determinado.<br \/>\nPor favor, pulse el bot\u00f3n \u00abS4\u00bb para terminar. Ajuste del modo<br \/>\nPor favor, siga la tabla para configurar la funci\u00f3n operativa:<br \/>\nMantenga pulsados los botones \u00abS1\u00bb y \u00abS2\u00bb simult\u00e1neamente durante 3 segundos para entrar en el AJUSTE DE MODO.<br \/>\nUtilice el bot\u00f3n \u00abS1\u00bb y el bot\u00f3n \u00abS2\u00bb para configurar el n\u00famero de CODE<br \/>\nPor favor, pulse el bot\u00f3n \u00abS4\u00bb para pasar al siguiente c\u00f3digo<\/p>\n<\/div>\n<\/section>\n<div class=\"av-special-heading av-special-heading-h3 blockquote modern-quote avia-builder-el-14 el_after_av_textblock el_before_av_hr \" style=\"padding-bottom: 10px;\">\n<h3 class=\"av-special-heading-tag \"><\/h3>\n<\/div>\n","protected":false},"excerpt":{"rendered":"<p>Vendemos una amplia gama de placas de juegos de arcade, PCB y kits de conversi\u00f3n para gabinetes de arcade que son el alma de un juego. La mayor\u00eda de las placas que vendemos han sido probadas y funcionan.Actualice su m\u00e1quina arcade con los \u00faltimos juegos y hardware con una de nuestras placas de juegos arcade o kits de conversi\u00f3n.<\/p>\n","protected":false},"featured_media":7174,"template":"","meta":{"om_disable_all_campaigns":false,"_monsterinsights_skip_tracking":false,"_monsterinsights_sitenote_active":false,"_monsterinsights_sitenote_note":"","_monsterinsights_sitenote_category":0,"_uf_show_specific_survey":0,"_uf_disable_surveys":false},"product_cat":[230,303],"product_tag":[],"class_list":["post-6672","product","type-product","status-publish","has-post-thumbnail","hentry","product_cat-aceptador-de-monedas","product_cat-caja-de-control-del-temporizador"],"yoast_head":"<!-- This site is optimized with the Yoast SEO Premium plugin v15.5 - https:\/\/yoast.com\/wordpress\/plugins\/seo\/ -->\n<title>Placa de control del temporizador para el selector de monedas - Bleegame<\/title>\n<meta name=\"robots\" content=\"index, follow, max-snippet:-1, max-image-preview:large, max-video-preview:-1\" \/>\n<link rel=\"canonical\" href=\"https:\/\/bleegame.com\/es\/producto\/timer-control-board-for-coin-acceptor-selector-2\/\" \/>\n<meta property=\"og:locale\" content=\"es_ES\" \/>\n<meta property=\"og:type\" content=\"article\" \/>\n<meta property=\"og:title\" content=\"Placa de control del temporizador para el selector de monedas - Bleegame\" \/>\n<meta property=\"og:description\" content=\"Vendemos una amplia gama de placas de juegos de arcade, PCB y kits de conversi\u00f3n para gabinetes de arcade que son el alma de un juego. La mayor\u00eda de las placas que vendemos han sido probadas y funcionan.Actualice su m\u00e1quina arcade con los \u00faltimos juegos y hardware con una de nuestras placas de juegos arcade o kits de conversi\u00f3n.\" \/>\n<meta property=\"og:url\" content=\"https:\/\/bleegame.com\/es\/producto\/timer-control-board-for-coin-acceptor-selector-2\/\" \/>\n<meta property=\"og:site_name\" content=\"Bleegame\" \/>\n<meta name=\"twitter:card\" content=\"summary_large_image\" \/>\n<meta name=\"twitter:label1\" content=\"Tiempo de lectura\">\n\t<meta name=\"twitter:data1\" content=\"2 minutos\">\n<script type=\"application\/ld+json\" class=\"yoast-schema-graph\">{\"@context\":\"https:\/\/schema.org\",\"@graph\":[{\"@type\":\"WebSite\",\"@id\":\"https:\/\/bleegame.com\/es\/#website\",\"url\":\"https:\/\/bleegame.com\/es\/\",\"name\":\"Bleegame\",\"description\":\"One-stop Amusement Coin Operated Games  Machine procurement center\",\"potentialAction\":[{\"@type\":\"SearchAction\",\"target\":\"https:\/\/bleegame.com\/es\/?s={search_term_string}\",\"query-input\":\"required name=search_term_string\"}],\"inLanguage\":\"es\"},{\"@type\":\"ImageObject\",\"@id\":\"https:\/\/bleegame.com\/es\/producto\/timer-control-board-for-coin-acceptor-selector-2\/#primaryimage\",\"inLanguage\":\"es\",\"url\":\"https:\/\/bleegame.com\/wp-content\/uploads\/2022\/07\/02-16.jpg\",\"width\":800,\"height\":800},{\"@type\":\"WebPage\",\"@id\":\"https:\/\/bleegame.com\/es\/producto\/timer-control-board-for-coin-acceptor-selector-2\/#webpage\",\"url\":\"https:\/\/bleegame.com\/es\/producto\/timer-control-board-for-coin-acceptor-selector-2\/\",\"name\":\"Placa de control del temporizador para el selector de monedas - Bleegame\",\"isPartOf\":{\"@id\":\"https:\/\/bleegame.com\/es\/#website\"},\"primaryImageOfPage\":{\"@id\":\"https:\/\/bleegame.com\/es\/producto\/timer-control-board-for-coin-acceptor-selector-2\/#primaryimage\"},\"datePublished\":\"2022-07-26T02:07:19+00:00\",\"dateModified\":\"2022-07-26T02:07:19+00:00\",\"breadcrumb\":{\"@id\":\"https:\/\/bleegame.com\/es\/producto\/timer-control-board-for-coin-acceptor-selector-2\/#breadcrumb\"},\"inLanguage\":\"es\",\"potentialAction\":[{\"@type\":\"ReadAction\",\"target\":[\"https:\/\/bleegame.com\/es\/producto\/timer-control-board-for-coin-acceptor-selector-2\/\"]}]},{\"@type\":\"BreadcrumbList\",\"@id\":\"https:\/\/bleegame.com\/es\/producto\/timer-control-board-for-coin-acceptor-selector-2\/#breadcrumb\",\"itemListElement\":[{\"@type\":\"ListItem\",\"position\":1,\"item\":{\"@type\":\"WebPage\",\"@id\":\"https:\/\/bleegame.com\/es\/producto\/\",\"url\":\"https:\/\/bleegame.com\/es\/producto\/\",\"name\":\"Producto\"}},{\"@type\":\"ListItem\",\"position\":2,\"item\":{\"@type\":\"WebPage\",\"@id\":\"https:\/\/bleegame.com\/es\/producto\/timer-control-board-for-coin-acceptor-selector-2\/\",\"url\":\"https:\/\/bleegame.com\/es\/producto\/timer-control-board-for-coin-acceptor-selector-2\/\",\"name\":\"Placa de control del temporizador para el selector de monedas\"}}]}]}<\/script>\n<!-- \/ Yoast SEO Premium plugin. -->","_links":{"self":[{"href":"https:\/\/bleegame.com\/es\/wp-json\/wp\/v2\/product\/6672","targetHints":{"allow":["GET"]}}],"collection":[{"href":"https:\/\/bleegame.com\/es\/wp-json\/wp\/v2\/product"}],"about":[{"href":"https:\/\/bleegame.com\/es\/wp-json\/wp\/v2\/types\/product"}],"version-history":[{"count":0,"href":"https:\/\/bleegame.com\/es\/wp-json\/wp\/v2\/product\/6672\/revisions"}],"wp:featuredmedia":[{"embeddable":true,"href":"https:\/\/bleegame.com\/es\/wp-json\/wp\/v2\/media\/7174"}],"wp:attachment":[{"href":"https:\/\/bleegame.com\/es\/wp-json\/wp\/v2\/media?parent=6672"}],"wp:term":[{"taxonomy":"product_cat","embeddable":true,"href":"https:\/\/bleegame.com\/es\/wp-json\/wp\/v2\/product_cat?post=6672"},{"taxonomy":"product_tag","embeddable":true,"href":"https:\/\/bleegame.com\/es\/wp-json\/wp\/v2\/product_tag?post=6672"}],"curies":[{"name":"wp","href":"https:\/\/api.w.org\/{rel}","templated":true}]}}