{"id":6677,"date":"2022-07-26T02:07:04","date_gmt":"2022-07-26T02:07:04","guid":{"rendered":"https:\/\/bleegame.com\/product\/one-punch-man-boxing-arcade\/"},"modified":"2022-07-26T02:07:04","modified_gmt":"2022-07-26T02:07:04","slug":"one-punch-man-boxing-arcade-2","status":"publish","type":"product","link":"https:\/\/bleegame.com\/es\/producto\/one-punch-man-boxing-arcade-2\/","title":{"rendered":"One Punch Man Boxing Arcade"},"content":{"rendered":"<div class=\"special-heading-border\">\n<div class=\"special-heading-inner-border\"><\/div>\n<\/div>\n<\/div>\n<div style=\"  margin-top:; margin-bottom:;\" class=\"hr hr-custom hr-center hr-icon-no avia-builder-el-12 el_after_av_heading el_before_av_textblock \"><span class=\"hr-inner inner-border-av-border-thin\" style=\"  width:1550px;\"><span class=\"hr-inner-style\"><\/span><\/span><\/div>\n<section class=\"av_textblock_section \" itemscope=\"itemscope\" itemtype=\"https:\/\/schema.org\/CreativeWork\">\n<div class=\"avia_textblock \" itemprop=\"text\">\n<p>Esperamos que todos los jugadores puedan disfrutar en cada juego despu\u00e9s de usar nuestros productos de hardware, y tambi\u00e9n estamos deseando trabajar con jugadores entusiastas para crear nuevos equipos en el futuro. En bleegame, hay muchos tipos de productos. Si est\u00e1 interesado en nuestros productos, p\u00f3ngase en contacto con nosotros, estaremos encantados de contar con su atenci\u00f3n.<\/p>\n<p><strong>Caracter\u00edsticas del producto:<\/strong><\/p>\n<ul>\n<li>Tipo: juegos de boxeo<\/li>\n<li>Dimensiones del juego: 140cm x 130cm x 215cm (55\u2033 x 51\u2033 x 85\u2033)<\/li>\n<li>Material: Metal<\/li>\n<li>Peso neto: 155KG ( 341 lbs )<\/li>\n<li>Tensi\u00f3n: 110V\/220V<\/li>\n<li>Potencia: 160W<\/li>\n<li>Opci\u00f3n de color: 1 juego<\/li>\n<li>Jugadores: 1 jugador<\/li>\n<li>Garant\u00eda: 12 meses<\/li>\n<li>Paquete (contenedor): caja de cart\u00f3n + marco de madera<\/li>\n<li>Paquete (LCL): caja de cart\u00f3n+ marco de madera<\/li>\n<\/ul>\n<p><strong>\u00bfC\u00f3mo se juega?<\/strong><br \/>1. Despu\u00e9s de que los jugadores pongan la moneda, bajen la bola y la golpeen con fuerza, la m\u00e1quina calcular\u00e1 y mostrar\u00e1 autom\u00e1ticamente la puntuaci\u00f3n del jugador y recuperar\u00e1 autom\u00e1ticamente la bola. La m\u00e1quina cuenta con la funci\u00f3n de puntuaci\u00f3n m\u00e1s alta registrada, lo que permite a los jugadores esforzarse al m\u00e1ximo para convertirse en el n\u00famero 1.<br \/>2. Cuando el jugador supera el r\u00e9cord hist\u00f3rico y gana premios r\u00e9cord, la luz roja de la izquierda brilla. La m\u00e1quina emitir\u00e1 el n\u00famero de premios seg\u00fan la configuraci\u00f3n.<br \/>3. Cuando el jugador no pudo romper el r\u00e9cord, pero m\u00e1s de las puntuaciones de la loter\u00eda establecido, puede ganar una oportunidad a la loter\u00eda, la luz azul derecha parpadea, en este momento, las siguientes tres luces de persecuci\u00f3n a la loter\u00eda, cuando la luz se detiene en la posici\u00f3n media, entonces un regalo a cabo, o ning\u00fan regalo. (puede fijar el porcentaje de victorias).<br \/>4. Cuando el jugador obtiene una puntuaci\u00f3n inferior a la de la loter\u00eda, el juego se acaba y no hay regalos.<\/p>\n<p><strong>Introducci\u00f3n de la m\u00e1quina:<\/strong><br \/>1. M\u00e1s brillante fuera de la c\u00e1scara y el dise\u00f1o atractivo.<\/p>\n<p>2. Golpear el tambor con el martillo a la fuerza. Cuanto m\u00e1s fuerte sea la potencia, mayor ser\u00e1 la puntuaci\u00f3n. Alcanza un nivel de puntuaci\u00f3n, se redimir\u00e1 el ticket.<\/p>\n<p>3. F\u00e1cil de operar la m\u00e1quina de juego, emocionante para jugar, dando a los jugadores la diversi\u00f3n y el sentido de entretenimiento.<\/p>\n<p>4.Suit para el centro de juegos, parque de atracciones, y otros fines de entretenimiento.<\/p>\n<p>5.Alta calidad y precio competitivo<\/p>\n<\/div>\n<\/section>\n<div style=\"padding-bottom:10px;  \" class=\"av-special-heading av-special-heading-h3 blockquote modern-quote avia-builder-el-14 el_after_av_textblock el_before_av_hr \">\n<h3 class=\"av-special-heading-tag \" itemprop=\"headline\">V\u00eddeo<\/h3>\n<div class=\"special-heading-border\">\n<div class=\"special-heading-inner-border\"><\/div>\n<\/div>\n<\/div>\n<div style=\"  margin-top:; margin-bottom:;\" class=\"hr hr-custom hr-center hr-icon-no avia-builder-el-15 el_after_av_heading el_before_av_video \"><span class=\"hr-inner inner-border-av-border-thin\" style=\"  width:1550px;\"><span class=\"hr-inner-style\"><\/span><\/span><\/div>\n<div class=\"avia-video avia-video-16-9 av-lazyload-immediate av-lazyload-video-embed \" itemprop=\"video\" itemtype=\"https:\/\/schema.org\/VideoObject\" data-original_url=\"https:\/\/www.youtube.com\/watch?v=MfG01Cz2KCc\">\n<div class=\"avia-iframe-wrap\"><iframe title=\"Big Punch Boxing Machine Coin Operated Arcade Game Machine King of The Hammer\" width=\"1333\" height=\"1000\" frameborder=\"0\" allow=\"accelerometer; autoplay; clipboard-write; encrypted-media; gyroscope; picture-in-picture\" allowfullscreen=\"\" src=\"https:\/\/www.youtube.com\/embed\/MfG01Cz2KCc?feature=oembed&amp;autoplay=0&amp;loop=0&amp;controls=1&amp;mute=0\"><\/iframe><\/div>\n<p><\/script><\/p>\n<div class=\"av-click-to-play-overlay\">\n<div class=\"avia_playpause_icon\"><\/div>\n<\/div>\n<\/div>\n<div style='padding-bottom:10px; ' class='av-special-heading av-special-heading-h3 blockquote modern-quote avia-builder-el-17 el_after_av_video el_before_av_hr '>\n<h3 class='av-special-heading-tag ' itemprop=\"headline\">\n","protected":false},"excerpt":{"rendered":"<p>somos un fabricante profesional para el desarrollo y la producci\u00f3n de m\u00e1quinas de juego. Nos encanta la m\u00e1quina de juegos de azar, tambi\u00e9n prestamos mucha atenci\u00f3n a la m\u00e1quina de juegos de azar.<\/p>\n","protected":false},"featured_media":7233,"template":"","meta":{"om_disable_all_campaigns":false,"_monsterinsights_skip_tracking":false,"_monsterinsights_sitenote_active":false,"_monsterinsights_sitenote_note":"","_monsterinsights_sitenote_category":0,"_uf_show_specific_survey":0,"_uf_disable_surveys":false},"product_cat":[285],"product_tag":[],"class_list":["post-6677","product","type-product","status-publish","has-post-thumbnail","hentry","product_cat-maquina-de-juegos-deportivos"],"yoast_head":"<!-- This site is optimized with the Yoast SEO Premium plugin v15.5 - https:\/\/yoast.com\/wordpress\/plugins\/seo\/ -->\n<title>One Punch Man Boxing Arcade - Bleegame<\/title>\n<meta name=\"robots\" content=\"index, follow, max-snippet:-1, max-image-preview:large, max-video-preview:-1\" \/>\n<link rel=\"canonical\" href=\"https:\/\/bleegame.com\/es\/producto\/one-punch-man-boxing-arcade-2\/\" \/>\n<meta property=\"og:locale\" content=\"es_ES\" \/>\n<meta property=\"og:type\" content=\"article\" \/>\n<meta property=\"og:title\" content=\"One Punch Man Boxing Arcade - Bleegame\" \/>\n<meta property=\"og:description\" content=\"somos un fabricante profesional para el desarrollo y la producci\u00f3n de m\u00e1quinas de juego. Nos encanta la m\u00e1quina de juegos de azar, tambi\u00e9n prestamos mucha atenci\u00f3n a la m\u00e1quina de juegos de azar.\" \/>\n<meta property=\"og:url\" content=\"https:\/\/bleegame.com\/es\/producto\/one-punch-man-boxing-arcade-2\/\" \/>\n<meta property=\"og:site_name\" content=\"Bleegame\" \/>\n<meta property=\"og:image\" content=\"https:\/\/bleegame.com\/wp-content\/uploads\/2022\/07\/11-50.jpg\" \/>\n\t<meta property=\"og:image:width\" content=\"800\" \/>\n\t<meta property=\"og:image:height\" content=\"800\" \/>\n<meta name=\"twitter:card\" content=\"summary_large_image\" \/>\n<meta name=\"twitter:label1\" content=\"Tiempo de lectura\">\n\t<meta name=\"twitter:data1\" content=\"2 minutos\">\n<script type=\"application\/ld+json\" class=\"yoast-schema-graph\">{\"@context\":\"https:\/\/schema.org\",\"@graph\":[{\"@type\":\"WebSite\",\"@id\":\"https:\/\/bleegame.com\/es\/#website\",\"url\":\"https:\/\/bleegame.com\/es\/\",\"name\":\"Bleegame\",\"description\":\"One-stop Amusement Coin Operated Games  Machine procurement center\",\"potentialAction\":[{\"@type\":\"SearchAction\",\"target\":\"https:\/\/bleegame.com\/es\/?s={search_term_string}\",\"query-input\":\"required name=search_term_string\"}],\"inLanguage\":\"es\"},{\"@type\":\"ImageObject\",\"@id\":\"https:\/\/bleegame.com\/es\/producto\/one-punch-man-boxing-arcade-2\/#primaryimage\",\"inLanguage\":\"es\",\"url\":\"https:\/\/bleegame.com\/wp-content\/uploads\/2022\/07\/11-50.jpg\",\"width\":800,\"height\":800,\"caption\":\"electronic boxing game machine\"},{\"@type\":\"WebPage\",\"@id\":\"https:\/\/bleegame.com\/es\/producto\/one-punch-man-boxing-arcade-2\/#webpage\",\"url\":\"https:\/\/bleegame.com\/es\/producto\/one-punch-man-boxing-arcade-2\/\",\"name\":\"One Punch Man Boxing Arcade - Bleegame\",\"isPartOf\":{\"@id\":\"https:\/\/bleegame.com\/es\/#website\"},\"primaryImageOfPage\":{\"@id\":\"https:\/\/bleegame.com\/es\/producto\/one-punch-man-boxing-arcade-2\/#primaryimage\"},\"datePublished\":\"2022-07-26T02:07:04+00:00\",\"dateModified\":\"2022-07-26T02:07:04+00:00\",\"breadcrumb\":{\"@id\":\"https:\/\/bleegame.com\/es\/producto\/one-punch-man-boxing-arcade-2\/#breadcrumb\"},\"inLanguage\":\"es\",\"potentialAction\":[{\"@type\":\"ReadAction\",\"target\":[\"https:\/\/bleegame.com\/es\/producto\/one-punch-man-boxing-arcade-2\/\"]}]},{\"@type\":\"BreadcrumbList\",\"@id\":\"https:\/\/bleegame.com\/es\/producto\/one-punch-man-boxing-arcade-2\/#breadcrumb\",\"itemListElement\":[{\"@type\":\"ListItem\",\"position\":1,\"item\":{\"@type\":\"WebPage\",\"@id\":\"https:\/\/bleegame.com\/es\/producto\/\",\"url\":\"https:\/\/bleegame.com\/es\/producto\/\",\"name\":\"Producto\"}},{\"@type\":\"ListItem\",\"position\":2,\"item\":{\"@type\":\"WebPage\",\"@id\":\"https:\/\/bleegame.com\/es\/producto\/one-punch-man-boxing-arcade-2\/\",\"url\":\"https:\/\/bleegame.com\/es\/producto\/one-punch-man-boxing-arcade-2\/\",\"name\":\"One Punch Man Boxing Arcade\"}}]}]}<\/script>\n<!-- \/ Yoast SEO Premium plugin. -->","_links":{"self":[{"href":"https:\/\/bleegame.com\/es\/wp-json\/wp\/v2\/product\/6677","targetHints":{"allow":["GET"]}}],"collection":[{"href":"https:\/\/bleegame.com\/es\/wp-json\/wp\/v2\/product"}],"about":[{"href":"https:\/\/bleegame.com\/es\/wp-json\/wp\/v2\/types\/product"}],"version-history":[{"count":0,"href":"https:\/\/bleegame.com\/es\/wp-json\/wp\/v2\/product\/6677\/revisions"}],"wp:featuredmedia":[{"embeddable":true,"href":"https:\/\/bleegame.com\/es\/wp-json\/wp\/v2\/media\/7233"}],"wp:attachment":[{"href":"https:\/\/bleegame.com\/es\/wp-json\/wp\/v2\/media?parent=6677"}],"wp:term":[{"taxonomy":"product_cat","embeddable":true,"href":"https:\/\/bleegame.com\/es\/wp-json\/wp\/v2\/product_cat?post=6677"},{"taxonomy":"product_tag","embeddable":true,"href":"https:\/\/bleegame.com\/es\/wp-json\/wp\/v2\/product_tag?post=6677"}],"curies":[{"name":"wp","href":"https:\/\/api.w.org\/{rel}","templated":true}]}}