{"id":6678,"date":"2022-07-26T02:07:03","date_gmt":"2022-07-26T02:07:03","guid":{"rendered":"https:\/\/bleegame.com\/product\/maquina-de-juegos-de-boxeo\/"},"modified":"2022-07-26T02:07:03","modified_gmt":"2022-07-26T02:07:03","slug":"boxeo-juego-maquina","status":"publish","type":"product","link":"https:\/\/bleegame.com\/es\/producto\/boxeo-juego-maquina\/","title":{"rendered":"M\u00e1quina de juegos de boxeo"},"content":{"rendered":"<div class=\"special-heading-border\">\n<div class=\"special-heading-inner-border\"><\/div>\n<\/div>\n<\/div>\n<div style=\"  margin-top:; margin-bottom:;\" class=\"hr hr-custom hr-center hr-icon-no avia-builder-el-12 el_after_av_heading el_before_av_textblock \"><span class=\"hr-inner inner-border-av-border-thin\" style=\"  width:1550px;\"><span class=\"hr-inner-style\"><\/span><\/span><\/div>\n<section class=\"av_textblock_section \" itemscope=\"itemscope\" itemtype=\"https:\/\/schema.org\/CreativeWork\">\n<div class=\"avia_textblock \" itemprop=\"text\">\n<p>Esperamos que todos los jugadores puedan disfrutar en cada juego despu\u00e9s de usar nuestros productos de hardware, y tambi\u00e9n estamos deseando trabajar con jugadores entusiastas para crear nuevos equipos en el futuro. En bleegame, hay muchos tipos de productos. Si est\u00e1 interesado en nuestros productos, p\u00f3ngase en contacto con nosotros, estaremos encantados de contar con su atenci\u00f3n.<\/p>\n<p><strong>Caracter\u00edsticas del producto:<\/strong><\/p>\n<ul>\n<li>Dimensiones del juego 101*133*251cm<\/li>\n<li>Material Hardware<\/li>\n<li>Peso neto 120KG<\/li>\n<li>Tensi\u00f3n: 110V\/220V<\/li>\n<li>Potencia 180w<\/li>\n<li>Potencia: 160W<\/li>\n<li>Opci\u00f3n de color: 1 juego<\/li>\n<li>Jugadores: 1 jugador<\/li>\n<li>Garant\u00eda: 12 meses<\/li>\n<li>Paquete (contenedor): caja de cart\u00f3n + marco de madera<\/li>\n<li>Paquete (LCL): caja de cart\u00f3n+ marco de madera<\/li>\n<\/ul>\n<p><strong>Caracter\u00edsticas:<\/strong><br \/>1. F\u00e1cil de manejar, emocionante de jugar, dando a los jugadores diversi\u00f3n y sentido de entretenimiento.<br \/>2. Dise\u00f1o exquisito con im\u00e1genes claras y hermosas.<br \/>3. Adopta el programa de instalaci\u00f3n del circuito integrado, que es estable y duradero.<br \/>4. Combinaci\u00f3n perfecta de m\u00e1quina deportiva y de entretenimiento.<\/p>\n<\/div>\n<\/section>\n<div style=\"padding-bottom:10px;  \" class=\"av-special-heading av-special-heading-h3 blockquote modern-quote avia-builder-el-14 el_after_av_textblock el_before_av_hr \">\n<h3 class=\"av-special-heading-tag \" itemprop=\"headline\">V\u00eddeo<\/h3>\n<div class=\"special-heading-border\">\n<div class=\"special-heading-inner-border\"><\/div>\n<\/div>\n<\/div>\n<div style=\"  margin-top:; margin-bottom:;\" class=\"hr hr-custom hr-center hr-icon-no avia-builder-el-15 el_after_av_heading el_before_av_video \"><span class=\"hr-inner inner-border-av-border-thin\" style=\"  width:1550px;\"><span class=\"hr-inner-style\"><\/span><\/span><\/div>\n<div class=\"avia-video avia-video-16-9 av-lazyload-immediate av-lazyload-video-embed \" itemprop=\"video\" itemtype=\"https:\/\/schema.org\/VideoObject\" data-original_url=\"https:\/\/www.youtube.com\/watch?v=OCYOYFzvmYg\">\n<div class=\"avia-iframe-wrap\"><iframe title=\"M\u00e1quina Arcade de Boxeo Amusement Greatest Boxing Game Machine\" width=\"1333\" height=\"1000\" frameborder=\"0\" allow=\"accelerometer; autoplay; clipboard-write; encrypted-media; gyroscope; picture-in-picture\" allowfullscreen=\"\" src=\"https:\/\/www.youtube.com\/embed\/OCYOYFzvmYg?feature=oembed&amp;autoplay=0&amp;loop=0&amp;controls=1&amp;mute=0\"><\/iframe><\/div>\n<p><\/script><\/p>\n<div class=\"av-click-to-play-overlay\">\n<div class=\"avia_playpause_icon\"><\/div>\n<\/div>\n<\/div>\n<div style='padding-bottom:10px; ' class='av-special-heading av-special-heading-h3 blockquote modern-quote avia-builder-el-17 el_after_av_video el_before_av_hr '>\n<h3 class='av-special-heading-tag ' itemprop=\"headline\">\n","protected":false},"excerpt":{"rendered":"<p>somos un fabricante profesional para el desarrollo y la producci\u00f3n de m\u00e1quinas de juego. Nos encanta la m\u00e1quina de juegos de azar, tambi\u00e9n prestamos mucha atenci\u00f3n a la m\u00e1quina de juegos de azar.<\/p>\n","protected":false},"featured_media":5517,"template":"","meta":{"om_disable_all_campaigns":false,"_monsterinsights_skip_tracking":false,"_monsterinsights_sitenote_active":false,"_monsterinsights_sitenote_note":"","_monsterinsights_sitenote_category":0,"_uf_show_specific_survey":0,"_uf_disable_surveys":false},"product_cat":[285],"product_tag":[],"class_list":["post-6678","product","type-product","status-publish","has-post-thumbnail","hentry","product_cat-maquina-de-juegos-deportivos"],"yoast_head":"<!-- This site is optimized with the Yoast SEO Premium plugin v15.5 - https:\/\/yoast.com\/wordpress\/plugins\/seo\/ -->\n<title>M\u00e1quina de juegos de boxeo - Bleegame<\/title>\n<meta name=\"robots\" content=\"index, follow, max-snippet:-1, max-image-preview:large, max-video-preview:-1\" \/>\n<link rel=\"canonical\" href=\"https:\/\/bleegame.com\/es\/producto\/boxeo-juego-maquina\/\" \/>\n<meta property=\"og:locale\" content=\"es_ES\" \/>\n<meta property=\"og:type\" content=\"article\" \/>\n<meta property=\"og:title\" content=\"M\u00e1quina de juegos de boxeo - Bleegame\" \/>\n<meta property=\"og:description\" content=\"somos un fabricante profesional para el desarrollo y la producci\u00f3n de m\u00e1quinas de juego. Nos encanta la m\u00e1quina de juegos de azar, tambi\u00e9n prestamos mucha atenci\u00f3n a la m\u00e1quina de juegos de azar.\" \/>\n<meta property=\"og:url\" content=\"https:\/\/bleegame.com\/es\/producto\/boxeo-juego-maquina\/\" \/>\n<meta property=\"og:site_name\" content=\"Bleegame\" \/>\n<meta name=\"twitter:card\" content=\"summary_large_image\" \/>\n<meta name=\"twitter:label1\" content=\"Tiempo de lectura\">\n\t<meta name=\"twitter:data1\" content=\"1 minuto\">\n<script type=\"application\/ld+json\" class=\"yoast-schema-graph\">{\"@context\":\"https:\/\/schema.org\",\"@graph\":[{\"@type\":\"WebSite\",\"@id\":\"https:\/\/bleegame.com\/es\/#website\",\"url\":\"https:\/\/bleegame.com\/es\/\",\"name\":\"Bleegame\",\"description\":\"One-stop Amusement Coin Operated Games  Machine procurement center\",\"potentialAction\":[{\"@type\":\"SearchAction\",\"target\":\"https:\/\/bleegame.com\/es\/?s={search_term_string}\",\"query-input\":\"required name=search_term_string\"}],\"inLanguage\":\"es\"},{\"@type\":\"ImageObject\",\"@id\":\"https:\/\/bleegame.com\/es\/producto\/boxeo-juego-maquina\/#primaryimage\",\"inLanguage\":\"es\",\"url\":\"https:\/\/bleegame.com\/wp-content\/uploads\/2022\/07\/05_Jc-1.jpg\",\"width\":800,\"height\":800},{\"@type\":\"WebPage\",\"@id\":\"https:\/\/bleegame.com\/es\/producto\/boxeo-juego-maquina\/#webpage\",\"url\":\"https:\/\/bleegame.com\/es\/producto\/boxeo-juego-maquina\/\",\"name\":\"M\\u00e1quina de juegos de boxeo - Bleegame\",\"isPartOf\":{\"@id\":\"https:\/\/bleegame.com\/es\/#website\"},\"primaryImageOfPage\":{\"@id\":\"https:\/\/bleegame.com\/es\/producto\/boxeo-juego-maquina\/#primaryimage\"},\"datePublished\":\"2022-07-26T02:07:03+00:00\",\"dateModified\":\"2022-07-26T02:07:03+00:00\",\"breadcrumb\":{\"@id\":\"https:\/\/bleegame.com\/es\/producto\/boxeo-juego-maquina\/#breadcrumb\"},\"inLanguage\":\"es\",\"potentialAction\":[{\"@type\":\"ReadAction\",\"target\":[\"https:\/\/bleegame.com\/es\/producto\/boxeo-juego-maquina\/\"]}]},{\"@type\":\"BreadcrumbList\",\"@id\":\"https:\/\/bleegame.com\/es\/producto\/boxeo-juego-maquina\/#breadcrumb\",\"itemListElement\":[{\"@type\":\"ListItem\",\"position\":1,\"item\":{\"@type\":\"WebPage\",\"@id\":\"https:\/\/bleegame.com\/es\/producto\/\",\"url\":\"https:\/\/bleegame.com\/es\/producto\/\",\"name\":\"Producto\"}},{\"@type\":\"ListItem\",\"position\":2,\"item\":{\"@type\":\"WebPage\",\"@id\":\"https:\/\/bleegame.com\/es\/producto\/boxeo-juego-maquina\/\",\"url\":\"https:\/\/bleegame.com\/es\/producto\/boxeo-juego-maquina\/\",\"name\":\"M\\u00e1quina de juegos de boxeo\"}}]}]}<\/script>\n<!-- \/ Yoast SEO Premium plugin. -->","_links":{"self":[{"href":"https:\/\/bleegame.com\/es\/wp-json\/wp\/v2\/product\/6678","targetHints":{"allow":["GET"]}}],"collection":[{"href":"https:\/\/bleegame.com\/es\/wp-json\/wp\/v2\/product"}],"about":[{"href":"https:\/\/bleegame.com\/es\/wp-json\/wp\/v2\/types\/product"}],"version-history":[{"count":0,"href":"https:\/\/bleegame.com\/es\/wp-json\/wp\/v2\/product\/6678\/revisions"}],"wp:featuredmedia":[{"embeddable":true,"href":"https:\/\/bleegame.com\/es\/wp-json\/wp\/v2\/media\/5517"}],"wp:attachment":[{"href":"https:\/\/bleegame.com\/es\/wp-json\/wp\/v2\/media?parent=6678"}],"wp:term":[{"taxonomy":"product_cat","embeddable":true,"href":"https:\/\/bleegame.com\/es\/wp-json\/wp\/v2\/product_cat?post=6678"},{"taxonomy":"product_tag","embeddable":true,"href":"https:\/\/bleegame.com\/es\/wp-json\/wp\/v2\/product_tag?post=6678"}],"curies":[{"name":"wp","href":"https:\/\/api.w.org\/{rel}","templated":true}]}}