{"id":6682,"date":"2022-07-26T02:07:18","date_gmt":"2022-07-26T02:07:18","guid":{"rendered":"https:\/\/bleegame.com\/product\/616-aceptador-de-monedas-caja-de-control-del-temporizador-electrico\/"},"modified":"2022-07-26T02:07:18","modified_gmt":"2022-07-26T02:07:18","slug":"616-aceptacion-de-monedas-controlador-electrico-caja","status":"publish","type":"product","link":"https:\/\/bleegame.com\/es\/producto\/616-aceptacion-de-monedas-controlador-electrico-caja\/","title":{"rendered":"616 Aceptador de monedas Caja de control del temporizador el\u00e9ctrico"},"content":{"rendered":"<div class=\"special-heading-border\">\n<div class=\"special-heading-inner-border\"><\/div>\n<\/div>\n<\/div>\n<div style=\"  margin-top:; margin-bottom:;\" class=\"hr hr-custom hr-center hr-icon-no avia-builder-el-12 el_after_av_heading el_before_av_textblock \"><span class=\"hr-inner inner-border-av-border-thin\" style=\"  width:1550px;\"><span class=\"hr-inner-style\"><\/span><\/span><\/div>\n<section class=\"av_textblock_section \" itemscope=\"itemscope\" itemtype=\"https:\/\/schema.org\/CreativeWork\">\n<div class=\"avia_textblock \" itemprop=\"text\">\n<p><strong>Especificaci\u00f3n:<\/strong><\/p>\n<p>Tensi\u00f3n: 110V \/ 220V<br \/>Potencia: 250W<br \/>Tama\u00f1o aproximado: 21 x 10 x 26 cm<br \/>Peso:4kg<br \/>Material: hierro<br \/>Tipo: Empujador de monedas, Adecuado para la ubicaci\u00f3n en lugares p\u00fablicos<br \/>Nombre del producto: caja de control del temporizador que funciona con monedas<br \/>Opciones: Validador de una o varias monedas<br \/>Salida: Salida de rel\u00e9 SPDT para el control del temporizador<br \/>Nombre: Caja de control del temporizador que funciona con monedas<\/p>\n<p><strong>Caracter\u00edsticas:<\/strong><\/p>\n<p>1. Controlar el tiempo de trabajo de la m\u00e1quina<br \/>2. Acepta 6 valores de moneda diferentes.<br \/>3. F\u00e1cil instalaci\u00f3n, ajuste esay, buena calidad, durable, ampliamente utilizado en la lavadora, m\u00e1quina expendedora, m\u00e1quinas de juego.<br \/>4. Caj\u00f3n met\u00e1lico para monedas, Plug and Play<br \/>5. Aceptador de monedas con software de control de PC para Vending Computer y Internet Cafe Kiosk. El monedero se conecta a trav\u00e9s del puerto USB COM o RS232 COM del PC. Posibilidad de configurar: hasta 6 monedas, la hora y el salvapantallas. Cuando se agota el tiempo disponible, el sistema bloquea autom\u00e1ticamente la pantalla, el rat\u00f3n, el teclado, el sonido y todos los dem\u00e1s dispositivos de E\/S, hasta que se inicie con el siguiente dep\u00f3sito de monedas. Puede enviar los datos de pago a un correo electr\u00f3nico designado para notificar los cobros. Se incluye 1 llave para bloquear la bandeja de monedas.<\/p>\n<p><strong>Ventaja:<\/strong><\/p>\n<p>1) El LED muestra la hora y la informaci\u00f3n del dep\u00f3sito.<br \/>2) Permite establecer la cantidad de dep\u00f3sito acumulativo para una unidad de tiempo, con el fin de controlar el tiempo de suministro de energ\u00eda.<br \/>3) Habilitar para ajustar la longitud de la unidad de tiempo.<br \/>4) Mientras el temporizador est\u00e1 en marcha, mantener la carga o detenerla es opcional.<br \/>5) Habilitar para comprobar los detalles de los cargos.<br \/>6) Puede recibir monedas de varios valores cuando coopera con nuestro monedero de varios valores.<br \/>7) Nuestra empresa puede desarrollar un temporizador con m\u00faltiples rutas seg\u00fan las peticiones del cliente.<br \/>8) Este producto (unidad de tiempo, fuente de alimentaci\u00f3n y voltaje) puede modificarse seg\u00fan las peticiones del cliente.<\/p>\n<\/div>\n<\/section>\n<div style='padding-bottom:10px; ' class='av-special-heading av-special-heading-h3 blockquote modern-quote avia-builder-el-14 el_after_av_textblock el_before_av_hr '>\n<h3 class='av-special-heading-tag ' itemprop=\"headline\">\n","protected":false},"excerpt":{"rendered":"<p>BLEE se centra en la fabricaci\u00f3n de accesorios de juegos de arcade, fabricamos y vendemos todo tipo de accesorios de juegos de arcade de alta calidad, somos una empresa de marca que ha estado operando durante muchos a\u00f1os, teniendo una buena reputaci\u00f3n y un gran grupo de clientes. Si est\u00e1 interesado en el juego de arcade y necesita comprar accesorios para juegos de arcade, p\u00f3ngase en contacto con nosotros.<\/p>\n","protected":false},"featured_media":5608,"template":"","meta":{"om_disable_all_campaigns":false,"_monsterinsights_skip_tracking":false,"_monsterinsights_sitenote_active":false,"_monsterinsights_sitenote_note":"","_monsterinsights_sitenote_category":0,"_uf_show_specific_survey":0,"_uf_disable_surveys":false},"product_cat":[230,303],"product_tag":[],"class_list":["post-6682","product","type-product","status-publish","has-post-thumbnail","hentry","product_cat-aceptador-de-monedas","product_cat-caja-de-control-del-temporizador"],"yoast_head":"<!-- This site is optimized with the Yoast SEO Premium plugin v15.5 - https:\/\/yoast.com\/wordpress\/plugins\/seo\/ -->\n<title>616 Aceptador de monedas Caja de control del temporizador el\u00e9ctrico - Bleegame<\/title>\n<meta name=\"robots\" content=\"index, follow, max-snippet:-1, max-image-preview:large, max-video-preview:-1\" \/>\n<link rel=\"canonical\" href=\"https:\/\/bleegame.com\/es\/producto\/616-aceptacion-de-monedas-controlador-electrico-caja\/\" \/>\n<meta property=\"og:locale\" content=\"es_ES\" \/>\n<meta property=\"og:type\" content=\"article\" \/>\n<meta property=\"og:title\" content=\"616 Aceptador de monedas Caja de control del temporizador el\u00e9ctrico - Bleegame\" \/>\n<meta property=\"og:description\" content=\"BLEE se centra en la fabricaci\u00f3n de accesorios de juegos de arcade, fabricamos y vendemos todo tipo de accesorios de juegos de arcade de alta calidad, somos una empresa de marca que ha estado operando durante muchos a\u00f1os, teniendo una buena reputaci\u00f3n y un gran grupo de clientes. Si est\u00e1 interesado en el juego de arcade y necesita comprar accesorios para juegos de arcade, p\u00f3ngase en contacto con nosotros.\" \/>\n<meta property=\"og:url\" content=\"https:\/\/bleegame.com\/es\/producto\/616-aceptacion-de-monedas-controlador-electrico-caja\/\" \/>\n<meta property=\"og:site_name\" content=\"Bleegame\" \/>\n<meta name=\"twitter:card\" content=\"summary_large_image\" \/>\n<meta name=\"twitter:label1\" content=\"Tiempo de lectura\">\n\t<meta name=\"twitter:data1\" content=\"1 minuto\">\n<script type=\"application\/ld+json\" class=\"yoast-schema-graph\">{\"@context\":\"https:\/\/schema.org\",\"@graph\":[{\"@type\":\"WebSite\",\"@id\":\"https:\/\/bleegame.com\/es\/#website\",\"url\":\"https:\/\/bleegame.com\/es\/\",\"name\":\"Bleegame\",\"description\":\"One-stop Amusement Coin Operated Games  Machine procurement center\",\"potentialAction\":[{\"@type\":\"SearchAction\",\"target\":\"https:\/\/bleegame.com\/es\/?s={search_term_string}\",\"query-input\":\"required name=search_term_string\"}],\"inLanguage\":\"es\"},{\"@type\":\"ImageObject\",\"@id\":\"https:\/\/bleegame.com\/es\/producto\/616-aceptacion-de-monedas-controlador-electrico-caja\/#primaryimage\",\"inLanguage\":\"es\",\"url\":\"https:\/\/bleegame.com\/wp-content\/uploads\/2022\/07\/3-118-1.jpg\",\"width\":800,\"height\":800},{\"@type\":\"WebPage\",\"@id\":\"https:\/\/bleegame.com\/es\/producto\/616-aceptacion-de-monedas-controlador-electrico-caja\/#webpage\",\"url\":\"https:\/\/bleegame.com\/es\/producto\/616-aceptacion-de-monedas-controlador-electrico-caja\/\",\"name\":\"616 Aceptador de monedas Caja de control del temporizador el\\u00e9ctrico - Bleegame\",\"isPartOf\":{\"@id\":\"https:\/\/bleegame.com\/es\/#website\"},\"primaryImageOfPage\":{\"@id\":\"https:\/\/bleegame.com\/es\/producto\/616-aceptacion-de-monedas-controlador-electrico-caja\/#primaryimage\"},\"datePublished\":\"2022-07-26T02:07:18+00:00\",\"dateModified\":\"2022-07-26T02:07:18+00:00\",\"breadcrumb\":{\"@id\":\"https:\/\/bleegame.com\/es\/producto\/616-aceptacion-de-monedas-controlador-electrico-caja\/#breadcrumb\"},\"inLanguage\":\"es\",\"potentialAction\":[{\"@type\":\"ReadAction\",\"target\":[\"https:\/\/bleegame.com\/es\/producto\/616-aceptacion-de-monedas-controlador-electrico-caja\/\"]}]},{\"@type\":\"BreadcrumbList\",\"@id\":\"https:\/\/bleegame.com\/es\/producto\/616-aceptacion-de-monedas-controlador-electrico-caja\/#breadcrumb\",\"itemListElement\":[{\"@type\":\"ListItem\",\"position\":1,\"item\":{\"@type\":\"WebPage\",\"@id\":\"https:\/\/bleegame.com\/es\/producto\/\",\"url\":\"https:\/\/bleegame.com\/es\/producto\/\",\"name\":\"Producto\"}},{\"@type\":\"ListItem\",\"position\":2,\"item\":{\"@type\":\"WebPage\",\"@id\":\"https:\/\/bleegame.com\/es\/producto\/616-aceptacion-de-monedas-controlador-electrico-caja\/\",\"url\":\"https:\/\/bleegame.com\/es\/producto\/616-aceptacion-de-monedas-controlador-electrico-caja\/\",\"name\":\"616 Aceptador de monedas Caja de control del temporizador el\\u00e9ctrico\"}}]}]}<\/script>\n<!-- \/ Yoast SEO Premium plugin. -->","_links":{"self":[{"href":"https:\/\/bleegame.com\/es\/wp-json\/wp\/v2\/product\/6682","targetHints":{"allow":["GET"]}}],"collection":[{"href":"https:\/\/bleegame.com\/es\/wp-json\/wp\/v2\/product"}],"about":[{"href":"https:\/\/bleegame.com\/es\/wp-json\/wp\/v2\/types\/product"}],"version-history":[{"count":0,"href":"https:\/\/bleegame.com\/es\/wp-json\/wp\/v2\/product\/6682\/revisions"}],"wp:featuredmedia":[{"embeddable":true,"href":"https:\/\/bleegame.com\/es\/wp-json\/wp\/v2\/media\/5608"}],"wp:attachment":[{"href":"https:\/\/bleegame.com\/es\/wp-json\/wp\/v2\/media?parent=6682"}],"wp:term":[{"taxonomy":"product_cat","embeddable":true,"href":"https:\/\/bleegame.com\/es\/wp-json\/wp\/v2\/product_cat?post=6682"},{"taxonomy":"product_tag","embeddable":true,"href":"https:\/\/bleegame.com\/es\/wp-json\/wp\/v2\/product_tag?post=6682"}],"curies":[{"name":"wp","href":"https:\/\/api.w.org\/{rel}","templated":true}]}}