{"id":6684,"date":"2022-07-26T02:07:20","date_gmt":"2022-07-26T02:07:20","guid":{"rendered":"https:\/\/bleegame.com\/product\/tablero-de-juego-arcade-con-control-de-tiempo\/"},"modified":"2022-07-26T02:07:20","modified_gmt":"2022-07-26T02:07:20","slug":"tablero-de-juegos-con-control-de-tiempo","status":"publish","type":"product","link":"https:\/\/bleegame.com\/es\/producto\/tablero-de-juegos-con-control-de-tiempo\/","title":{"rendered":"Tablero de juego arcade con control de tiempo"},"content":{"rendered":"<div class=\"special-heading-border\">\n<div class=\"special-heading-inner-border\"><\/div>\n<\/div>\n<div class=\"hr hr-custom hr-center hr-icon-no avia-builder-el-12 el_after_av_heading el_before_av_textblock \"><\/div>\n<section class=\"av_textblock_section \">\n<div class=\"avia_textblock \">\n<p><b>Descripci\u00f3n<\/b><\/p>\n<table width=\"573\">\n<tbody>\n<tr>\n<td width=\"101\">Tensi\u00f3n de entrada<\/td>\n<td width=\"472\">DC+12V<\/td>\n<\/tr>\n<tr>\n<td>Standby<\/td>\n<td>La pantalla muestra:00:00, depende: Abierto normal (NO)<\/td>\n<\/tr>\n<tr>\n<td>Tiempo acumulado<\/td>\n<td>S\u00ed, a\u00f1ade tiempo si recibe se\u00f1ales de nuevo cuando el tiempo est\u00e1 corriendo<\/td>\n<\/tr>\n<tr>\n<td>Carga m\u00e1xima de corriente<\/td>\n<td>15A<\/td>\n<\/tr>\n<tr>\n<td style=\"text-align: center;\" colspan=\"2\">C\u00f3mo funciona<\/td>\n<\/tr>\n<tr>\n<td>Modo 1<\/td>\n<td width=\"472\">El tiempo se agota despu\u00e9s de recibir las se\u00f1ales-&gt; La pantalla muestra el tiempo restante y suministra energ\u00eda al dispositivo-&gt; corta la energ\u00eda despu\u00e9s de que se agote el tiempo<\/td>\n<\/tr>\n<tr>\n<td>Modo 2 (Conectar un bot\u00f3n)<\/td>\n<td width=\"472\">La pantalla muestra el tiempo restante despu\u00e9s de recibir las se\u00f1ales-&gt; inicio del bot\u00f3n-&gt; el tiempo se agota y suministra energ\u00eda al dispositivo-&gt; corta la energ\u00eda despu\u00e9s de que el tiempo se agota<\/td>\n<\/tr>\n<tr>\n<td>Pausa (conectar un bot\u00f3n)<\/td>\n<td width=\"472\">Pulsador de pausa: corta la alimentaci\u00f3n cuando se pone en pausa, la pantalla muestra el tiempo restante. Volver a suministrar energ\u00eda despu\u00e9s de pulsar el bot\u00f3n de pausa de nuevo<\/td>\n<\/tr>\n<\/tbody>\n<\/table>\n<\/div>\n<\/section>\n<div class=\"av-special-heading av-special-heading-h3 blockquote modern-quote avia-builder-el-14 el_after_av_textblock el_before_av_hr \" style=\"padding-bottom: 10px;\">\n<h3 class=\"av-special-heading-tag \">V\u00eddeo<\/h3>\n<div class=\"special-heading-border\">\n<div class=\"special-heading-inner-border\"><\/div>\n<\/div>\n<\/div>\n<div class=\"hr hr-custom hr-center hr-icon-no avia-builder-el-15 el_after_av_heading el_before_av_video \"><\/div>\n<div class=\"avia-video avia-video-16-9 av-lazyload-immediate av-lazyload-video-embed \" data-original_url=\"https:\/\/youtu.be\/d2TpPIr0rzI\">\n<div class=\"avia-iframe-wrap\"><iframe title=\"????\u0376??633??\u05b5??10M??\" src=\"https:\/\/www.youtube.com\/embed\/d2TpPIr0rzI?feature=oembed&amp;autoplay=0&amp;loop=0&amp;controls=1&amp;mute=0\" width=\"1333\" height=\"1000\" frameborder=\"0\" allowfullscreen=\"allowfullscreen\"><\/iframe><\/div>\n<p>&nbsp;<\/p>\n<div class=\"av-click-to-play-overlay\">\n<div class=\"avia_playpause_icon\"><\/div>\n<\/div>\n<\/div>\n<div class=\"av-special-heading av-special-heading-h3 blockquote modern-quote avia-builder-el-17 el_after_av_video el_before_av_hr \" style=\"padding-bottom: 10px;\">\n<h3 class=\"av-special-heading-tag \"><\/h3>\n<\/div>\n","protected":false},"excerpt":{"rendered":"<p>Vendemos una amplia gama de placas de juegos de arcade, PCB y kits de conversi\u00f3n para gabinetes de arcade que son el alma de un juego. La mayor\u00eda de las placas que vendemos han sido probadas y funcionan.Actualice su m\u00e1quina arcade con los \u00faltimos juegos y hardware con una de nuestras placas de juegos arcade o kits de conversi\u00f3n.<\/p>\n","protected":false},"featured_media":7155,"template":"","meta":{"om_disable_all_campaigns":false,"_monsterinsights_skip_tracking":false,"_monsterinsights_sitenote_active":false,"_monsterinsights_sitenote_note":"","_monsterinsights_sitenote_category":0,"_uf_show_specific_survey":0,"_uf_disable_surveys":false},"product_cat":[230,303],"product_tag":[],"class_list":["post-6684","product","type-product","status-publish","has-post-thumbnail","hentry","product_cat-aceptador-de-monedas","product_cat-caja-de-control-del-temporizador"],"yoast_head":"<!-- This site is optimized with the Yoast SEO Premium plugin v15.5 - https:\/\/yoast.com\/wordpress\/plugins\/seo\/ -->\n<title>Tablero de juego arcade con control de tiempo - Bleegame<\/title>\n<meta name=\"robots\" content=\"index, follow, max-snippet:-1, max-image-preview:large, max-video-preview:-1\" \/>\n<link rel=\"canonical\" href=\"https:\/\/bleegame.com\/es\/producto\/tablero-de-juegos-con-control-de-tiempo\/\" \/>\n<meta property=\"og:locale\" content=\"es_ES\" \/>\n<meta property=\"og:type\" content=\"article\" \/>\n<meta property=\"og:title\" content=\"Tablero de juego arcade con control de tiempo - Bleegame\" \/>\n<meta property=\"og:description\" content=\"Vendemos una amplia gama de placas de juegos de arcade, PCB y kits de conversi\u00f3n para gabinetes de arcade que son el alma de un juego. La mayor\u00eda de las placas que vendemos han sido probadas y funcionan.Actualice su m\u00e1quina arcade con los \u00faltimos juegos y hardware con una de nuestras placas de juegos arcade o kits de conversi\u00f3n.\" \/>\n<meta property=\"og:url\" content=\"https:\/\/bleegame.com\/es\/producto\/tablero-de-juegos-con-control-de-tiempo\/\" \/>\n<meta property=\"og:site_name\" content=\"Bleegame\" \/>\n<meta name=\"twitter:card\" content=\"summary_large_image\" \/>\n<meta name=\"twitter:label1\" content=\"Tiempo de lectura\">\n\t<meta name=\"twitter:data1\" content=\"1 minuto\">\n<script type=\"application\/ld+json\" class=\"yoast-schema-graph\">{\"@context\":\"https:\/\/schema.org\",\"@graph\":[{\"@type\":\"WebSite\",\"@id\":\"https:\/\/bleegame.com\/es\/#website\",\"url\":\"https:\/\/bleegame.com\/es\/\",\"name\":\"Bleegame\",\"description\":\"One-stop Amusement Coin Operated Games  Machine procurement center\",\"potentialAction\":[{\"@type\":\"SearchAction\",\"target\":\"https:\/\/bleegame.com\/es\/?s={search_term_string}\",\"query-input\":\"required name=search_term_string\"}],\"inLanguage\":\"es\"},{\"@type\":\"ImageObject\",\"@id\":\"https:\/\/bleegame.com\/es\/producto\/tablero-de-juegos-con-control-de-tiempo\/#primaryimage\",\"inLanguage\":\"es\",\"url\":\"https:\/\/bleegame.com\/wp-content\/uploads\/2022\/07\/4-139.jpg\",\"width\":800,\"height\":800,\"caption\":\"Time control arcade game board\"},{\"@type\":\"WebPage\",\"@id\":\"https:\/\/bleegame.com\/es\/producto\/tablero-de-juegos-con-control-de-tiempo\/#webpage\",\"url\":\"https:\/\/bleegame.com\/es\/producto\/tablero-de-juegos-con-control-de-tiempo\/\",\"name\":\"Tablero de juego arcade con control de tiempo - Bleegame\",\"isPartOf\":{\"@id\":\"https:\/\/bleegame.com\/es\/#website\"},\"primaryImageOfPage\":{\"@id\":\"https:\/\/bleegame.com\/es\/producto\/tablero-de-juegos-con-control-de-tiempo\/#primaryimage\"},\"datePublished\":\"2022-07-26T02:07:20+00:00\",\"dateModified\":\"2022-07-26T02:07:20+00:00\",\"breadcrumb\":{\"@id\":\"https:\/\/bleegame.com\/es\/producto\/tablero-de-juegos-con-control-de-tiempo\/#breadcrumb\"},\"inLanguage\":\"es\",\"potentialAction\":[{\"@type\":\"ReadAction\",\"target\":[\"https:\/\/bleegame.com\/es\/producto\/tablero-de-juegos-con-control-de-tiempo\/\"]}]},{\"@type\":\"BreadcrumbList\",\"@id\":\"https:\/\/bleegame.com\/es\/producto\/tablero-de-juegos-con-control-de-tiempo\/#breadcrumb\",\"itemListElement\":[{\"@type\":\"ListItem\",\"position\":1,\"item\":{\"@type\":\"WebPage\",\"@id\":\"https:\/\/bleegame.com\/es\/producto\/\",\"url\":\"https:\/\/bleegame.com\/es\/producto\/\",\"name\":\"Producto\"}},{\"@type\":\"ListItem\",\"position\":2,\"item\":{\"@type\":\"WebPage\",\"@id\":\"https:\/\/bleegame.com\/es\/producto\/tablero-de-juegos-con-control-de-tiempo\/\",\"url\":\"https:\/\/bleegame.com\/es\/producto\/tablero-de-juegos-con-control-de-tiempo\/\",\"name\":\"Tablero de juego arcade con control de tiempo\"}}]}]}<\/script>\n<!-- \/ Yoast SEO Premium plugin. -->","_links":{"self":[{"href":"https:\/\/bleegame.com\/es\/wp-json\/wp\/v2\/product\/6684","targetHints":{"allow":["GET"]}}],"collection":[{"href":"https:\/\/bleegame.com\/es\/wp-json\/wp\/v2\/product"}],"about":[{"href":"https:\/\/bleegame.com\/es\/wp-json\/wp\/v2\/types\/product"}],"version-history":[{"count":0,"href":"https:\/\/bleegame.com\/es\/wp-json\/wp\/v2\/product\/6684\/revisions"}],"wp:featuredmedia":[{"embeddable":true,"href":"https:\/\/bleegame.com\/es\/wp-json\/wp\/v2\/media\/7155"}],"wp:attachment":[{"href":"https:\/\/bleegame.com\/es\/wp-json\/wp\/v2\/media?parent=6684"}],"wp:term":[{"taxonomy":"product_cat","embeddable":true,"href":"https:\/\/bleegame.com\/es\/wp-json\/wp\/v2\/product_cat?post=6684"},{"taxonomy":"product_tag","embeddable":true,"href":"https:\/\/bleegame.com\/es\/wp-json\/wp\/v2\/product_tag?post=6684"}],"curies":[{"name":"wp","href":"https:\/\/api.w.org\/{rel}","templated":true}]}}