{"id":6693,"date":"2022-07-26T02:07:07","date_gmt":"2022-07-26T02:07:07","guid":{"rendered":"https:\/\/bleegame.com\/product\/tickets-de-reembolso-arcade\/"},"modified":"2022-07-26T02:07:07","modified_gmt":"2022-07-26T02:07:07","slug":"redemption-tickets-arcade-2","status":"publish","type":"product","link":"https:\/\/bleegame.com\/es\/producto\/redemption-tickets-arcade-2\/","title":{"rendered":"tickets de reembolso arcade"},"content":{"rendered":"<div class=\"special-heading-border\">\n<div class=\"special-heading-inner-border\"><\/div>\n<\/div>\n<div class=\"hr hr-custom hr-center hr-icon-no avia-builder-el-12 el_after_av_heading el_before_av_textblock \"><\/div>\n<section class=\"av_textblock_section \">\n<div class=\"avia_textblock \">\n<p>Detalles de los productos:<br \/>\n1)La cantidad m\u00ednima de pedido para la impresi\u00f3n personalizada es de 1.000.000 piezas<br \/>\n2).Tama\u00f1o: 2\u2033 x 1,156\u2033 billete de canje.<br \/>\n3).Imprime una cara (s\u00f3lo el anverso).<br \/>\n4).Especificaciones del papel: 180g ,160g papel de color.<\/p>\n<p>Estilo de impresi\u00f3n:<br \/>\nEl patr\u00f3n puede ser de un m\u00e1ximo de 4 colores.<br \/>\nEl n\u00famero de serie puede incluir una letra inglesa y un n\u00famero \u00e1rabe de 6 d\u00edgitos (combinados por 0-9).<\/p>\n<p>Entradas Caracter\u00edsticas especiales:<br \/>\n1.Impresi\u00f3n de dise\u00f1os personalizados de billetes de loter\u00eda<br \/>\n2.Papel libre de polvo de alta calidad utilizado para reducir el mantenimiento de la m\u00e1quina<br \/>\n3. Billete de juego apto para todo tipo de sistemas de dispensaci\u00f3n<br \/>\n4. Boletos de canje numerados secuencialmente y con c\u00f3digo de barras para evitar la falsificaci\u00f3n<br \/>\n5.Atractivo dise\u00f1o en stock que puede ser enviado al siguiente d\u00eda h\u00e1bil<br \/>\n6.Tambi\u00e9n disponible en papel respetuoso con el medio ambiente, muchos dise\u00f1os para elegir.<\/p>\n<p>Especificaciones de los boletos de papel del juego<br \/>\n. Buena cantidad con precio competitivo<br \/>\n. Billetes de canje de 29*51cm<br \/>\n. Impreso por una cara \u00abUn cup\u00f3n\u00bb o por dos caras.<br \/>\n. Numeraci\u00f3n individual consecutiva<br \/>\n. 2.000 billetes por paquete (atados con cuerda)<br \/>\n. Se vende por paquete de 2.000<br \/>\n. 50 paquetes por caja<\/p>\n<\/div>\n<\/section>\n<div class=\"av-special-heading av-special-heading-h3 blockquote modern-quote avia-builder-el-14 el_after_av_textblock el_before_av_hr \" style=\"padding-bottom: 10px;\">\n<h3 class=\"av-special-heading-tag \"><\/h3>\n<\/div>\n","protected":false},"excerpt":{"rendered":"<p>BLEE se centra en la fabricaci\u00f3n de accesorios de juegos de arcade, fabricamos y vendemos todo tipo de accesorios de juegos de arcade de alta calidad, somos una empresa de marca que ha estado operando durante muchos a\u00f1os, teniendo una buena reputaci\u00f3n y un gran grupo de clientes. Si est\u00e1 interesado en el juego de arcade y necesita comprar accesorios para juegos de arcade, p\u00f3ngase en contacto con nosotros.<\/p>\n","protected":false},"featured_media":5597,"template":"","meta":{"om_disable_all_campaigns":false,"_monsterinsights_skip_tracking":false,"_monsterinsights_sitenote_active":false,"_monsterinsights_sitenote_note":"","_monsterinsights_sitenote_category":0,"_uf_show_specific_survey":0,"_uf_disable_surveys":false},"product_cat":[304],"product_tag":[],"class_list":["post-6693","product","type-product","status-publish","has-post-thumbnail","hentry","product_cat-dispensador-de-billetes"],"yoast_head":"<!-- This site is optimized with the Yoast SEO Premium plugin v15.5 - https:\/\/yoast.com\/wordpress\/plugins\/seo\/ -->\n<title>tickets de reembolso arcade - Bleegame<\/title>\n<meta name=\"robots\" content=\"index, follow, max-snippet:-1, max-image-preview:large, max-video-preview:-1\" \/>\n<link rel=\"canonical\" href=\"https:\/\/bleegame.com\/es\/producto\/redemption-tickets-arcade-2\/\" \/>\n<meta property=\"og:locale\" content=\"es_ES\" \/>\n<meta property=\"og:type\" content=\"article\" \/>\n<meta property=\"og:title\" content=\"tickets de reembolso arcade - Bleegame\" \/>\n<meta property=\"og:description\" content=\"BLEE se centra en la fabricaci\u00f3n de accesorios de juegos de arcade, fabricamos y vendemos todo tipo de accesorios de juegos de arcade de alta calidad, somos una empresa de marca que ha estado operando durante muchos a\u00f1os, teniendo una buena reputaci\u00f3n y un gran grupo de clientes. Si est\u00e1 interesado en el juego de arcade y necesita comprar accesorios para juegos de arcade, p\u00f3ngase en contacto con nosotros.\" \/>\n<meta property=\"og:url\" content=\"https:\/\/bleegame.com\/es\/producto\/redemption-tickets-arcade-2\/\" \/>\n<meta property=\"og:site_name\" content=\"Bleegame\" \/>\n<meta name=\"twitter:card\" content=\"summary_large_image\" \/>\n<meta name=\"twitter:label1\" content=\"Tiempo de lectura\">\n\t<meta name=\"twitter:data1\" content=\"1 minuto\">\n<script type=\"application\/ld+json\" class=\"yoast-schema-graph\">{\"@context\":\"https:\/\/schema.org\",\"@graph\":[{\"@type\":\"WebSite\",\"@id\":\"https:\/\/bleegame.com\/es\/#website\",\"url\":\"https:\/\/bleegame.com\/es\/\",\"name\":\"Bleegame\",\"description\":\"One-stop Amusement Coin Operated Games  Machine procurement center\",\"potentialAction\":[{\"@type\":\"SearchAction\",\"target\":\"https:\/\/bleegame.com\/es\/?s={search_term_string}\",\"query-input\":\"required name=search_term_string\"}],\"inLanguage\":\"es\"},{\"@type\":\"ImageObject\",\"@id\":\"https:\/\/bleegame.com\/es\/producto\/redemption-tickets-arcade-2\/#primaryimage\",\"inLanguage\":\"es\",\"url\":\"https:\/\/bleegame.com\/wp-content\/uploads\/2022\/07\/0-1.jpg\",\"width\":1000,\"height\":1000},{\"@type\":\"WebPage\",\"@id\":\"https:\/\/bleegame.com\/es\/producto\/redemption-tickets-arcade-2\/#webpage\",\"url\":\"https:\/\/bleegame.com\/es\/producto\/redemption-tickets-arcade-2\/\",\"name\":\"tickets de reembolso arcade - Bleegame\",\"isPartOf\":{\"@id\":\"https:\/\/bleegame.com\/es\/#website\"},\"primaryImageOfPage\":{\"@id\":\"https:\/\/bleegame.com\/es\/producto\/redemption-tickets-arcade-2\/#primaryimage\"},\"datePublished\":\"2022-07-26T02:07:07+00:00\",\"dateModified\":\"2022-07-26T02:07:07+00:00\",\"breadcrumb\":{\"@id\":\"https:\/\/bleegame.com\/es\/producto\/redemption-tickets-arcade-2\/#breadcrumb\"},\"inLanguage\":\"es\",\"potentialAction\":[{\"@type\":\"ReadAction\",\"target\":[\"https:\/\/bleegame.com\/es\/producto\/redemption-tickets-arcade-2\/\"]}]},{\"@type\":\"BreadcrumbList\",\"@id\":\"https:\/\/bleegame.com\/es\/producto\/redemption-tickets-arcade-2\/#breadcrumb\",\"itemListElement\":[{\"@type\":\"ListItem\",\"position\":1,\"item\":{\"@type\":\"WebPage\",\"@id\":\"https:\/\/bleegame.com\/es\/producto\/\",\"url\":\"https:\/\/bleegame.com\/es\/producto\/\",\"name\":\"Producto\"}},{\"@type\":\"ListItem\",\"position\":2,\"item\":{\"@type\":\"WebPage\",\"@id\":\"https:\/\/bleegame.com\/es\/producto\/redemption-tickets-arcade-2\/\",\"url\":\"https:\/\/bleegame.com\/es\/producto\/redemption-tickets-arcade-2\/\",\"name\":\"tickets de reembolso arcade\"}}]}]}<\/script>\n<!-- \/ Yoast SEO Premium plugin. -->","_links":{"self":[{"href":"https:\/\/bleegame.com\/es\/wp-json\/wp\/v2\/product\/6693","targetHints":{"allow":["GET"]}}],"collection":[{"href":"https:\/\/bleegame.com\/es\/wp-json\/wp\/v2\/product"}],"about":[{"href":"https:\/\/bleegame.com\/es\/wp-json\/wp\/v2\/types\/product"}],"version-history":[{"count":0,"href":"https:\/\/bleegame.com\/es\/wp-json\/wp\/v2\/product\/6693\/revisions"}],"wp:featuredmedia":[{"embeddable":true,"href":"https:\/\/bleegame.com\/es\/wp-json\/wp\/v2\/media\/5597"}],"wp:attachment":[{"href":"https:\/\/bleegame.com\/es\/wp-json\/wp\/v2\/media?parent=6693"}],"wp:term":[{"taxonomy":"product_cat","embeddable":true,"href":"https:\/\/bleegame.com\/es\/wp-json\/wp\/v2\/product_cat?post=6693"},{"taxonomy":"product_tag","embeddable":true,"href":"https:\/\/bleegame.com\/es\/wp-json\/wp\/v2\/product_tag?post=6693"}],"curies":[{"name":"wp","href":"https:\/\/api.w.org\/{rel}","templated":true}]}}