{"id":6696,"date":"2022-07-26T02:07:03","date_gmt":"2022-07-26T02:07:03","guid":{"rendered":"https:\/\/bleegame.com\/product\/galaxy1-2-jugadores-de-hockey-de-aire\/"},"modified":"2022-07-26T02:07:03","modified_gmt":"2022-07-26T02:07:03","slug":"galaxia1-2-jugadores-de-hockey-aire","status":"publish","type":"product","link":"https:\/\/bleegame.com\/es\/producto\/galaxia1-2-jugadores-de-hockey-aire\/","title":{"rendered":"Galaxy1 2 jugadores de hockey de aire"},"content":{"rendered":"<div class=\"special-heading-border\">\n<div class=\"special-heading-inner-border\"><\/div>\n<\/div>\n<\/div>\n<div style=\"  margin-top:; margin-bottom:;\" class=\"hr hr-custom hr-center hr-icon-no avia-builder-el-12 el_after_av_heading el_before_av_textblock \"><span class=\"hr-inner inner-border-av-border-thin\" style=\"  width:1550px;\"><span class=\"hr-inner-style\"><\/span><\/span><\/div>\n<section class=\"av_textblock_section \" itemscope=\"itemscope\" itemtype=\"https:\/\/schema.org\/CreativeWork\">\n<div class=\"avia_textblock \" itemprop=\"text\">\n<p>Esperamos que todos los jugadores puedan disfrutar en cada juego despu\u00e9s de usar nuestros productos de hardware, y tambi\u00e9n estamos deseando trabajar con jugadores entusiastas para crear nuevos equipos en el futuro. En bleegame, hay muchos tipos de productos. Si est\u00e1 interesado en nuestros productos, p\u00f3ngase en contacto con nosotros, estaremos encantados de contar con su atenci\u00f3n.<\/p>\n<p><strong>Caracter\u00edsticas del producto:<\/strong><\/p>\n<ul>\n<li>Dimensiones del juego: 226*128*181cm<\/li>\n<li>Material: Mueble met\u00e1lico y cristal templado<\/li>\n<li>Peso neto: 260KG<\/li>\n<li>Tensi\u00f3n: 110V\/220V<\/li>\n<li>Potencia: 300W<\/li>\n<li>Opci\u00f3n de color: 1 juego<\/li>\n<li>Jugadores: 1 jugador<\/li>\n<li>Garant\u00eda: 12 meses<\/li>\n<li>Paquete (contenedor): caja de cart\u00f3n + marco de madera<\/li>\n<li>Paquete (LCL): caja de cart\u00f3n+ marco de madera<\/li>\n<\/ul>\n<p><strong>\u00bfC\u00f3mo se juega?<\/strong><br \/>1. Introduce la ficha y comienza el juego.<br \/>2, la pelota estar\u00e1 fuera de la salida;<br \/>3, agarra la manivela y lanza el bal\u00f3n a la porter\u00eda del adversario.<br \/>4. Cuando cualquiera de las partes consigue una puntuaci\u00f3n o el tiempo de juego se acaba, el juego termina.<\/p>\n<p><strong>Introducci\u00f3n de la m\u00e1quina:<\/strong><br \/>1, juegos de hockey de aire, usted puede comenzar a la competencia del juego;<br \/>2, cualquier parte en un tiempo especificado para disparar en la puerta de la pelota de la defensa m\u00e1s, entonces usted va a ganar.<br \/>3, en la pantalla aparecer\u00e1 la relaci\u00f3n 0:0 y el tiempo, el disco saldr\u00e1 autom\u00e1ticamente de la bola;<br \/>4, dos ni\u00f1os pueden emparejarse para estimular la conciencia del juego de los ni\u00f1os;<br \/>5, es una oportunidad para construir una buena relaci\u00f3n entre los padres y los ni\u00f1os a trav\u00e9s del juego.<br \/>6, puede llegar a las extremidades ejercicio f\u00edsico, el prop\u00f3sito de la formaci\u00f3n mental.<\/p>\n<\/div>\n<\/section>\n<div style=\"padding-bottom:10px;  \" class=\"av-special-heading av-special-heading-h3 blockquote modern-quote avia-builder-el-14 el_after_av_textblock el_before_av_hr \">\n<h3 class=\"av-special-heading-tag \" itemprop=\"headline\">V\u00eddeo<\/h3>\n<div class=\"special-heading-border\">\n<div class=\"special-heading-inner-border\"><\/div>\n<\/div>\n<\/div>\n<div style=\"  margin-top:; margin-bottom:;\" class=\"hr hr-custom hr-center hr-icon-no avia-builder-el-15 el_after_av_heading el_before_av_video \"><span class=\"hr-inner inner-border-av-border-thin\" style=\"  width:1550px;\"><span class=\"hr-inner-style\"><\/span><\/span><\/div>\n<div class=\"avia-video avia-video-16-9 av-lazyload-immediate av-lazyload-video-embed \" itemprop=\"video\" itemtype=\"https:\/\/schema.org\/VideoObject\" data-original_url=\"https:\/\/www.youtube.com\/watch?v=2Ek2XBGC-nM\">\n<div class=\"avia-iframe-wrap\"><iframe title=\"BLEE Mesa Curva de Air Hockey M\u00e1quinas de Juegos Arcade\" width=\"1333\" height=\"1000\" frameborder=\"0\" allow=\"accelerometer; autoplay; clipboard-write; encrypted-media; gyroscope; picture-in-picture\" allowfullscreen=\"\" src=\"https:\/\/www.youtube.com\/embed\/2Ek2XBGC-nM?feature=oembed&amp;autoplay=0&amp;loop=0&amp;controls=1&amp;mute=0\"><\/iframe><\/div>\n<p><\/script><\/p>\n<div class=\"av-click-to-play-overlay\">\n<div class=\"avia_playpause_icon\"><\/div>\n<\/div>\n<\/div>\n<div style='padding-bottom:10px; ' class='av-special-heading av-special-heading-h3 blockquote modern-quote avia-builder-el-17 el_after_av_video el_before_av_hr '>\n<h3 class='av-special-heading-tag ' itemprop=\"headline\">\n","protected":false},"excerpt":{"rendered":"<p>somos un fabricante profesional para el desarrollo y la producci\u00f3n de m\u00e1quinas de juego. Nos encanta la m\u00e1quina de juegos de azar, tambi\u00e9n prestamos mucha atenci\u00f3n a la m\u00e1quina de juegos de azar.<\/p>\n","protected":false},"featured_media":7266,"template":"","meta":{"om_disable_all_campaigns":false,"_monsterinsights_skip_tracking":false,"_monsterinsights_sitenote_active":false,"_monsterinsights_sitenote_note":"","_monsterinsights_sitenote_category":0,"_uf_show_specific_survey":0,"_uf_disable_surveys":false},"product_cat":[265],"product_tag":[],"class_list":["post-6696","product","type-product","status-publish","has-post-thumbnail","hentry","product_cat-maquina-de-juegos-de-disparos"],"yoast_head":"<!-- This site is optimized with the Yoast SEO Premium plugin v15.5 - https:\/\/yoast.com\/wordpress\/plugins\/seo\/ -->\n<title>Galaxy1 2 jugadores de hockey de aire - Bleegame<\/title>\n<meta name=\"robots\" content=\"index, follow, max-snippet:-1, max-image-preview:large, max-video-preview:-1\" \/>\n<link rel=\"canonical\" href=\"https:\/\/bleegame.com\/es\/producto\/galaxia1-2-jugadores-de-hockey-aire\/\" \/>\n<meta property=\"og:locale\" content=\"es_ES\" \/>\n<meta property=\"og:type\" content=\"article\" \/>\n<meta property=\"og:title\" content=\"Galaxy1 2 jugadores de hockey de aire - Bleegame\" \/>\n<meta property=\"og:description\" content=\"somos un fabricante profesional para el desarrollo y la producci\u00f3n de m\u00e1quinas de juego. Nos encanta la m\u00e1quina de juegos de azar, tambi\u00e9n prestamos mucha atenci\u00f3n a la m\u00e1quina de juegos de azar.\" \/>\n<meta property=\"og:url\" content=\"https:\/\/bleegame.com\/es\/producto\/galaxia1-2-jugadores-de-hockey-aire\/\" \/>\n<meta property=\"og:site_name\" content=\"Bleegame\" \/>\n<meta property=\"og:image\" content=\"https:\/\/bleegame.com\/wp-content\/uploads\/2022\/07\/6-85.jpg\" \/>\n\t<meta property=\"og:image:width\" content=\"800\" \/>\n\t<meta property=\"og:image:height\" content=\"800\" \/>\n<meta name=\"twitter:card\" content=\"summary_large_image\" \/>\n<meta name=\"twitter:label1\" content=\"Tiempo de lectura\">\n\t<meta name=\"twitter:data1\" content=\"1 minuto\">\n<script type=\"application\/ld+json\" class=\"yoast-schema-graph\">{\"@context\":\"https:\/\/schema.org\",\"@graph\":[{\"@type\":\"WebSite\",\"@id\":\"https:\/\/bleegame.com\/es\/#website\",\"url\":\"https:\/\/bleegame.com\/es\/\",\"name\":\"Bleegame\",\"description\":\"One-stop Amusement Coin Operated Games  Machine procurement center\",\"potentialAction\":[{\"@type\":\"SearchAction\",\"target\":\"https:\/\/bleegame.com\/es\/?s={search_term_string}\",\"query-input\":\"required name=search_term_string\"}],\"inLanguage\":\"es\"},{\"@type\":\"ImageObject\",\"@id\":\"https:\/\/bleegame.com\/es\/producto\/galaxia1-2-jugadores-de-hockey-aire\/#primaryimage\",\"inLanguage\":\"es\",\"url\":\"https:\/\/bleegame.com\/wp-content\/uploads\/2022\/07\/6-85.jpg\",\"width\":800,\"height\":800,\"caption\":\"air hockey game machine air hockey table\"},{\"@type\":\"WebPage\",\"@id\":\"https:\/\/bleegame.com\/es\/producto\/galaxia1-2-jugadores-de-hockey-aire\/#webpage\",\"url\":\"https:\/\/bleegame.com\/es\/producto\/galaxia1-2-jugadores-de-hockey-aire\/\",\"name\":\"Galaxy1 2 jugadores de hockey de aire - Bleegame\",\"isPartOf\":{\"@id\":\"https:\/\/bleegame.com\/es\/#website\"},\"primaryImageOfPage\":{\"@id\":\"https:\/\/bleegame.com\/es\/producto\/galaxia1-2-jugadores-de-hockey-aire\/#primaryimage\"},\"datePublished\":\"2022-07-26T02:07:03+00:00\",\"dateModified\":\"2022-07-26T02:07:03+00:00\",\"breadcrumb\":{\"@id\":\"https:\/\/bleegame.com\/es\/producto\/galaxia1-2-jugadores-de-hockey-aire\/#breadcrumb\"},\"inLanguage\":\"es\",\"potentialAction\":[{\"@type\":\"ReadAction\",\"target\":[\"https:\/\/bleegame.com\/es\/producto\/galaxia1-2-jugadores-de-hockey-aire\/\"]}]},{\"@type\":\"BreadcrumbList\",\"@id\":\"https:\/\/bleegame.com\/es\/producto\/galaxia1-2-jugadores-de-hockey-aire\/#breadcrumb\",\"itemListElement\":[{\"@type\":\"ListItem\",\"position\":1,\"item\":{\"@type\":\"WebPage\",\"@id\":\"https:\/\/bleegame.com\/es\/producto\/\",\"url\":\"https:\/\/bleegame.com\/es\/producto\/\",\"name\":\"Producto\"}},{\"@type\":\"ListItem\",\"position\":2,\"item\":{\"@type\":\"WebPage\",\"@id\":\"https:\/\/bleegame.com\/es\/producto\/galaxia1-2-jugadores-de-hockey-aire\/\",\"url\":\"https:\/\/bleegame.com\/es\/producto\/galaxia1-2-jugadores-de-hockey-aire\/\",\"name\":\"Galaxy1 2 jugadores de hockey de aire\"}}]}]}<\/script>\n<!-- \/ Yoast SEO Premium plugin. -->","_links":{"self":[{"href":"https:\/\/bleegame.com\/es\/wp-json\/wp\/v2\/product\/6696","targetHints":{"allow":["GET"]}}],"collection":[{"href":"https:\/\/bleegame.com\/es\/wp-json\/wp\/v2\/product"}],"about":[{"href":"https:\/\/bleegame.com\/es\/wp-json\/wp\/v2\/types\/product"}],"version-history":[{"count":0,"href":"https:\/\/bleegame.com\/es\/wp-json\/wp\/v2\/product\/6696\/revisions"}],"wp:featuredmedia":[{"embeddable":true,"href":"https:\/\/bleegame.com\/es\/wp-json\/wp\/v2\/media\/7266"}],"wp:attachment":[{"href":"https:\/\/bleegame.com\/es\/wp-json\/wp\/v2\/media?parent=6696"}],"wp:term":[{"taxonomy":"product_cat","embeddable":true,"href":"https:\/\/bleegame.com\/es\/wp-json\/wp\/v2\/product_cat?post=6696"},{"taxonomy":"product_tag","embeddable":true,"href":"https:\/\/bleegame.com\/es\/wp-json\/wp\/v2\/product_tag?post=6696"}],"curies":[{"name":"wp","href":"https:\/\/api.w.org\/{rel}","templated":true}]}}