{"id":6699,"date":"2022-07-26T02:07:24","date_gmt":"2022-07-26T02:07:24","guid":{"rendered":"https:\/\/bleegame.com\/product\/conector-de-borde-de-tarjeta-de-44-pines-enchufe-de-soldadura-de-pcb\/"},"modified":"2022-07-26T02:07:24","modified_gmt":"2022-07-26T02:07:24","slug":"conector-de-borde-de-tarjeta-de-44-pines-conector-de-soldadura-de-pcb","status":"publish","type":"product","link":"https:\/\/bleegame.com\/es\/producto\/conector-de-borde-de-tarjeta-de-44-pines-conector-de-soldadura-de-pcb\/","title":{"rendered":"Conector de borde de tarjeta de 44 pines Enchufe de soldadura de PCB"},"content":{"rendered":"<div class=\"special-heading-border\">\n<div class=\"special-heading-inner-border\"><\/div>\n<\/div>\n<\/div>\n<div style=\"  margin-top:; margin-bottom:;\" class=\"hr hr-custom hr-center hr-icon-no avia-builder-el-12 el_after_av_heading el_before_av_textblock \"><span class=\"hr-inner inner-border-av-border-thin\" style=\"  width:1550px;\"><span class=\"hr-inner-style\"><\/span><\/span><\/div>\n<section class=\"av_textblock_section \" itemscope=\"itemscope\" itemtype=\"https:\/\/schema.org\/CreativeWork\">\n<div class=\"avia_textblock \" itemprop=\"text\">\n<p>*N\u00famero de clavijas: 44; Ancho de cada clavija: 2mm \/ 0.08\u2033.<br \/>*Paso: 3,96mm \/ 0,156&#8243;; Tama\u00f1o total: 108 x 9 x 16mm \/ 4,3&#8243; x 0,4&#8243; x 0,6&#8243; (L*A*H)<br \/>*N\u00famero de fila: 2; Material: Pl\u00e1stico, piezas el\u00e9ctricas; Color de la carcasa: amarillo<br \/>*Peso: 15g; Contenido del paquete: 1 x Conector de borde<\/p>\n<\/div>\n<\/section>\n<div style='padding-bottom:10px; ' class='av-special-heading av-special-heading-h3 blockquote modern-quote avia-builder-el-14 el_after_av_textblock el_before_av_hr '>\n<h3 class='av-special-heading-tag ' itemprop=\"headline\">\n","protected":false},"excerpt":{"rendered":"<p>BLEE se centra en la fabricaci\u00f3n de accesorios de juegos de arcade, fabricamos y vendemos todo tipo de accesorios de juegos de arcade de alta calidad, somos una empresa de marca que ha estado operando durante muchos a\u00f1os, teniendo una buena reputaci\u00f3n y un gran grupo de clientes. Si est\u00e1 interesado en el juego de arcade y necesita comprar accesorios para juegos de arcade, p\u00f3ngase en contacto con nosotros.<\/p>\n","protected":false},"featured_media":5605,"template":"","meta":{"om_disable_all_campaigns":false,"_monsterinsights_skip_tracking":false,"_monsterinsights_sitenote_active":false,"_monsterinsights_sitenote_note":"","_monsterinsights_sitenote_category":0,"_uf_show_specific_survey":0,"_uf_disable_surveys":false},"product_cat":[302],"product_tag":[],"class_list":["post-6699","product","type-product","status-publish","has-post-thumbnail","hentry","product_cat-terminales-de-cable"],"yoast_head":"<!-- This site is optimized with the Yoast SEO Premium plugin v15.5 - https:\/\/yoast.com\/wordpress\/plugins\/seo\/ -->\n<title>Conector de borde de tarjeta de 44 pines Enchufe de soldadura de PCB - Bleegame<\/title>\n<meta name=\"robots\" content=\"index, follow, max-snippet:-1, max-image-preview:large, max-video-preview:-1\" \/>\n<link rel=\"canonical\" href=\"https:\/\/bleegame.com\/es\/producto\/conector-de-borde-de-tarjeta-de-44-pines-conector-de-soldadura-de-pcb\/\" \/>\n<meta property=\"og:locale\" content=\"es_ES\" \/>\n<meta property=\"og:type\" content=\"article\" \/>\n<meta property=\"og:title\" content=\"Conector de borde de tarjeta de 44 pines Enchufe de soldadura de PCB - Bleegame\" \/>\n<meta property=\"og:description\" content=\"BLEE se centra en la fabricaci\u00f3n de accesorios de juegos de arcade, fabricamos y vendemos todo tipo de accesorios de juegos de arcade de alta calidad, somos una empresa de marca que ha estado operando durante muchos a\u00f1os, teniendo una buena reputaci\u00f3n y un gran grupo de clientes. Si est\u00e1 interesado en el juego de arcade y necesita comprar accesorios para juegos de arcade, p\u00f3ngase en contacto con nosotros.\" \/>\n<meta property=\"og:url\" content=\"https:\/\/bleegame.com\/es\/producto\/conector-de-borde-de-tarjeta-de-44-pines-conector-de-soldadura-de-pcb\/\" \/>\n<meta property=\"og:site_name\" content=\"Bleegame\" \/>\n<meta name=\"twitter:card\" content=\"summary_large_image\" \/>\n<meta name=\"twitter:label1\" content=\"Tiempo de lectura\">\n\t<meta name=\"twitter:data1\" content=\"0 minutos\">\n<script type=\"application\/ld+json\" class=\"yoast-schema-graph\">{\"@context\":\"https:\/\/schema.org\",\"@graph\":[{\"@type\":\"WebSite\",\"@id\":\"https:\/\/bleegame.com\/es\/#website\",\"url\":\"https:\/\/bleegame.com\/es\/\",\"name\":\"Bleegame\",\"description\":\"One-stop Amusement Coin Operated Games  Machine procurement center\",\"potentialAction\":[{\"@type\":\"SearchAction\",\"target\":\"https:\/\/bleegame.com\/es\/?s={search_term_string}\",\"query-input\":\"required name=search_term_string\"}],\"inLanguage\":\"es\"},{\"@type\":\"ImageObject\",\"@id\":\"https:\/\/bleegame.com\/es\/producto\/conector-de-borde-de-tarjeta-de-44-pines-conector-de-soldadura-de-pcb\/#primaryimage\",\"inLanguage\":\"es\",\"url\":\"https:\/\/bleegame.com\/wp-content\/uploads\/2022\/07\/1-80-1.jpg\",\"width\":800,\"height\":800},{\"@type\":\"WebPage\",\"@id\":\"https:\/\/bleegame.com\/es\/producto\/conector-de-borde-de-tarjeta-de-44-pines-conector-de-soldadura-de-pcb\/#webpage\",\"url\":\"https:\/\/bleegame.com\/es\/producto\/conector-de-borde-de-tarjeta-de-44-pines-conector-de-soldadura-de-pcb\/\",\"name\":\"Conector de borde de tarjeta de 44 pines Enchufe de soldadura de PCB - Bleegame\",\"isPartOf\":{\"@id\":\"https:\/\/bleegame.com\/es\/#website\"},\"primaryImageOfPage\":{\"@id\":\"https:\/\/bleegame.com\/es\/producto\/conector-de-borde-de-tarjeta-de-44-pines-conector-de-soldadura-de-pcb\/#primaryimage\"},\"datePublished\":\"2022-07-26T02:07:24+00:00\",\"dateModified\":\"2022-07-26T02:07:24+00:00\",\"breadcrumb\":{\"@id\":\"https:\/\/bleegame.com\/es\/producto\/conector-de-borde-de-tarjeta-de-44-pines-conector-de-soldadura-de-pcb\/#breadcrumb\"},\"inLanguage\":\"es\",\"potentialAction\":[{\"@type\":\"ReadAction\",\"target\":[\"https:\/\/bleegame.com\/es\/producto\/conector-de-borde-de-tarjeta-de-44-pines-conector-de-soldadura-de-pcb\/\"]}]},{\"@type\":\"BreadcrumbList\",\"@id\":\"https:\/\/bleegame.com\/es\/producto\/conector-de-borde-de-tarjeta-de-44-pines-conector-de-soldadura-de-pcb\/#breadcrumb\",\"itemListElement\":[{\"@type\":\"ListItem\",\"position\":1,\"item\":{\"@type\":\"WebPage\",\"@id\":\"https:\/\/bleegame.com\/es\/producto\/\",\"url\":\"https:\/\/bleegame.com\/es\/producto\/\",\"name\":\"Producto\"}},{\"@type\":\"ListItem\",\"position\":2,\"item\":{\"@type\":\"WebPage\",\"@id\":\"https:\/\/bleegame.com\/es\/producto\/conector-de-borde-de-tarjeta-de-44-pines-conector-de-soldadura-de-pcb\/\",\"url\":\"https:\/\/bleegame.com\/es\/producto\/conector-de-borde-de-tarjeta-de-44-pines-conector-de-soldadura-de-pcb\/\",\"name\":\"Conector de borde de tarjeta de 44 pines Enchufe de soldadura de PCB\"}}]}]}<\/script>\n<!-- \/ Yoast SEO Premium plugin. -->","_links":{"self":[{"href":"https:\/\/bleegame.com\/es\/wp-json\/wp\/v2\/product\/6699","targetHints":{"allow":["GET"]}}],"collection":[{"href":"https:\/\/bleegame.com\/es\/wp-json\/wp\/v2\/product"}],"about":[{"href":"https:\/\/bleegame.com\/es\/wp-json\/wp\/v2\/types\/product"}],"version-history":[{"count":0,"href":"https:\/\/bleegame.com\/es\/wp-json\/wp\/v2\/product\/6699\/revisions"}],"wp:featuredmedia":[{"embeddable":true,"href":"https:\/\/bleegame.com\/es\/wp-json\/wp\/v2\/media\/5605"}],"wp:attachment":[{"href":"https:\/\/bleegame.com\/es\/wp-json\/wp\/v2\/media?parent=6699"}],"wp:term":[{"taxonomy":"product_cat","embeddable":true,"href":"https:\/\/bleegame.com\/es\/wp-json\/wp\/v2\/product_cat?post=6699"},{"taxonomy":"product_tag","embeddable":true,"href":"https:\/\/bleegame.com\/es\/wp-json\/wp\/v2\/product_tag?post=6699"}],"curies":[{"name":"wp","href":"https:\/\/api.w.org\/{rel}","templated":true}]}}