{"id":6701,"date":"2022-07-26T02:07:19","date_gmt":"2022-07-26T02:07:19","guid":{"rendered":"https:\/\/bleegame.com\/product\/caja-de-control-del-temporizador-de-monedas\/"},"modified":"2022-07-26T02:07:19","modified_gmt":"2022-07-26T02:07:19","slug":"caja-de-control-del-temporizador-de-monedas","status":"publish","type":"product","link":"https:\/\/bleegame.com\/es\/producto\/caja-de-control-del-temporizador-de-monedas\/","title":{"rendered":"caja de control del temporizador de monedas"},"content":{"rendered":"<div class=\"special-heading-border\">\n<div class=\"special-heading-inner-border\"><\/div>\n<\/div>\n<div class=\"hr hr-custom hr-center hr-icon-no avia-builder-el-12 el_after_av_heading el_before_av_textblock \"><\/div>\n<section class=\"av_textblock_section \">\n<div class=\"avia_textblock \">\n<div>\n<p><strong><span data-spm-anchor-id=\"a2700.wholesale.0.i19.87767a93psJfhQ\">Por favor, d\u00e9jenos un mensaje de qu\u00e9 tipo de moneda y por cu\u00e1nto tiempo. que quieres establecer.<\/span><\/strong><\/p>\n<p><strong>Por ejemplo, 1$ por 2 minutos, 5$ por 10 minutos, etc&#8230;<\/strong><\/p>\n<p>Uso:<\/p>\n<p>nuestro monedero<\/p>\n<p>1).traje para silla de masaje<\/p>\n<p>2)lavadora de agua<\/p>\n<p>3) Controlador de potencia<\/p>\n<p>4) Para m\u00e1s informaci\u00f3n, inf\u00f3rmenos al hacer el pedido.<\/p>\n<p><strong>Ventaja:<\/strong><\/p>\n<\/div>\n<p>1)El LED muestra la hora y la informaci\u00f3n del dep\u00f3sito.<\/p>\n<p>2)? Permite establecer el importe del dep\u00f3sito acumulativo para una unidad de tiempo, con el fin de controlar&#8230; el tiempo de alimentaci\u00f3n.<\/p>\n<p>3)? Permite establecer la longitud de la unidad de tiempo.<\/p>\n<p>4)? Mientras el temporizador est\u00e1 en marcha, mantener la carga o detenerla es opcional.<\/p>\n<p>5)? Habilitar para comprobar los detalles de la carga.<\/p>\n<p>6)? Capaz de recibir monedas de varios valores cuando coopera con nuestro monedero de varios valores.<\/p>\n<p>7)? Nuestra empresa puede desarrollar el temporizador con m\u00faltiples rutas seg\u00fan las peticiones del cliente.<\/p>\n<p>8)? Este producto (unidad de tiempo, fuente de alimentaci\u00f3n y voltaje) puede modificarse a petici\u00f3n del cliente.<\/p>\n<p><strong>Aplicaciones<\/strong>: Se utiliza principalmente para controlar el suministro de energ\u00eda<\/p>\n<table border=\"1\" cellspacing=\"0\" cellpadding=\"0\">\n<tbody>\n<tr>\n<td><strong>Modelo<\/strong><\/td>\n<td><strong>BL-5A<\/strong><\/td>\n<\/tr>\n<tr>\n<td>Gabinete<\/td>\n<td>Mueble met\u00e1lico con recubrimiento de polvo de calidad<\/td>\n<\/tr>\n<tr>\n<td>Aceptador de monedas<\/td>\n<td>6 valor de las monedas locales<\/td>\n<\/tr>\n<tr>\n<td>Dimensiones de las monedas<\/td>\n<td>Diameter:17-30.5mm,Thichness:1.25-3.2mm<\/td>\n<\/tr>\n<tr>\n<td>Carga<\/td>\n<td>AC240V\/25A m\u00e1x.<\/td>\n<\/tr>\n<tr>\n<td>Temperatura de trabajo<\/td>\n<td>0C-50C<\/td>\n<\/tr>\n<tr>\n<td>Pantalla LED<\/td>\n<td>mostrando el importe ya pagado y el tiempo restante.<\/td>\n<\/tr>\n<tr>\n<td>paquete<\/td>\n<td>P30xA12,8xA25,5cm<\/td>\n<\/tr>\n<tr>\n<td>Embalaje<\/td>\n<td>Doble l\u00e1mina de espuma para el embalaje interior, cartones resistentes para el embalaje exterior<\/td>\n<\/tr>\n<tr>\n<td>Aplicaci\u00f3n<\/td>\n<td>lavadora; secadora; m\u00e1quina expendedora de agua; m\u00e1quina de juegos; centro de estacionamiento; carga de la bater\u00eda del tel\u00e9fono, etc.<\/td>\n<\/tr>\n<\/tbody>\n<\/table>\n<\/div>\n<\/section>\n<div class=\"av-special-heading av-special-heading-h3 blockquote modern-quote avia-builder-el-14 el_after_av_textblock el_before_av_hr \" style=\"padding-bottom: 10px;\">\n<h3 class=\"av-special-heading-tag \"><\/h3>\n<\/div>\n","protected":false},"excerpt":{"rendered":"<p>Ya sea que est\u00e9 construyendo su propio gabinete de arcade o simplemente cobrando la entrada a su casa, este aceptador de monedas programable hace que sea f\u00e1cil monetizar su pr\u00f3ximo proyecto. Hay un mont\u00f3n de proyectos geniales que funcionan con monedas y que est\u00e1n *esperando* a ser construidos.<\/p>\n","protected":false},"featured_media":7160,"template":"","meta":{"om_disable_all_campaigns":false,"_monsterinsights_skip_tracking":false,"_monsterinsights_sitenote_active":false,"_monsterinsights_sitenote_note":"","_monsterinsights_sitenote_category":0,"_uf_show_specific_survey":0,"_uf_disable_surveys":false},"product_cat":[230,303],"product_tag":[],"class_list":["post-6701","product","type-product","status-publish","has-post-thumbnail","hentry","product_cat-aceptador-de-monedas","product_cat-caja-de-control-del-temporizador"],"yoast_head":"<!-- This site is optimized with the Yoast SEO Premium plugin v15.5 - https:\/\/yoast.com\/wordpress\/plugins\/seo\/ -->\n<title>caja de control del temporizador de monedas - Bleegame<\/title>\n<meta name=\"robots\" content=\"index, follow, max-snippet:-1, max-image-preview:large, max-video-preview:-1\" \/>\n<link rel=\"canonical\" href=\"https:\/\/bleegame.com\/es\/producto\/caja-de-control-del-temporizador-de-monedas\/\" \/>\n<meta property=\"og:locale\" content=\"es_ES\" \/>\n<meta property=\"og:type\" content=\"article\" \/>\n<meta property=\"og:title\" content=\"caja de control del temporizador de monedas - Bleegame\" \/>\n<meta property=\"og:description\" content=\"Ya sea que est\u00e9 construyendo su propio gabinete de arcade o simplemente cobrando la entrada a su casa, este aceptador de monedas programable hace que sea f\u00e1cil monetizar su pr\u00f3ximo proyecto. Hay un mont\u00f3n de proyectos geniales que funcionan con monedas y que est\u00e1n *esperando* a ser construidos.\" \/>\n<meta property=\"og:url\" content=\"https:\/\/bleegame.com\/es\/producto\/caja-de-control-del-temporizador-de-monedas\/\" \/>\n<meta property=\"og:site_name\" content=\"Bleegame\" \/>\n<meta name=\"twitter:card\" content=\"summary_large_image\" \/>\n<meta name=\"twitter:label1\" content=\"Tiempo de lectura\">\n\t<meta name=\"twitter:data1\" content=\"1 minuto\">\n<script type=\"application\/ld+json\" class=\"yoast-schema-graph\">{\"@context\":\"https:\/\/schema.org\",\"@graph\":[{\"@type\":\"WebSite\",\"@id\":\"https:\/\/bleegame.com\/es\/#website\",\"url\":\"https:\/\/bleegame.com\/es\/\",\"name\":\"Bleegame\",\"description\":\"One-stop Amusement Coin Operated Games  Machine procurement center\",\"potentialAction\":[{\"@type\":\"SearchAction\",\"target\":\"https:\/\/bleegame.com\/es\/?s={search_term_string}\",\"query-input\":\"required name=search_term_string\"}],\"inLanguage\":\"es\"},{\"@type\":\"ImageObject\",\"@id\":\"https:\/\/bleegame.com\/es\/producto\/caja-de-control-del-temporizador-de-monedas\/#primaryimage\",\"inLanguage\":\"es\",\"url\":\"https:\/\/bleegame.com\/wp-content\/uploads\/2022\/07\/3-144.jpg\",\"width\":800,\"height\":800,\"caption\":\"coin operated timer washing machine control box\"},{\"@type\":\"WebPage\",\"@id\":\"https:\/\/bleegame.com\/es\/producto\/caja-de-control-del-temporizador-de-monedas\/#webpage\",\"url\":\"https:\/\/bleegame.com\/es\/producto\/caja-de-control-del-temporizador-de-monedas\/\",\"name\":\"caja de control del temporizador de monedas - Bleegame\",\"isPartOf\":{\"@id\":\"https:\/\/bleegame.com\/es\/#website\"},\"primaryImageOfPage\":{\"@id\":\"https:\/\/bleegame.com\/es\/producto\/caja-de-control-del-temporizador-de-monedas\/#primaryimage\"},\"datePublished\":\"2022-07-26T02:07:19+00:00\",\"dateModified\":\"2022-07-26T02:07:19+00:00\",\"breadcrumb\":{\"@id\":\"https:\/\/bleegame.com\/es\/producto\/caja-de-control-del-temporizador-de-monedas\/#breadcrumb\"},\"inLanguage\":\"es\",\"potentialAction\":[{\"@type\":\"ReadAction\",\"target\":[\"https:\/\/bleegame.com\/es\/producto\/caja-de-control-del-temporizador-de-monedas\/\"]}]},{\"@type\":\"BreadcrumbList\",\"@id\":\"https:\/\/bleegame.com\/es\/producto\/caja-de-control-del-temporizador-de-monedas\/#breadcrumb\",\"itemListElement\":[{\"@type\":\"ListItem\",\"position\":1,\"item\":{\"@type\":\"WebPage\",\"@id\":\"https:\/\/bleegame.com\/es\/producto\/\",\"url\":\"https:\/\/bleegame.com\/es\/producto\/\",\"name\":\"Producto\"}},{\"@type\":\"ListItem\",\"position\":2,\"item\":{\"@type\":\"WebPage\",\"@id\":\"https:\/\/bleegame.com\/es\/producto\/caja-de-control-del-temporizador-de-monedas\/\",\"url\":\"https:\/\/bleegame.com\/es\/producto\/caja-de-control-del-temporizador-de-monedas\/\",\"name\":\"caja de control del temporizador de monedas\"}}]}]}<\/script>\n<!-- \/ Yoast SEO Premium plugin. -->","_links":{"self":[{"href":"https:\/\/bleegame.com\/es\/wp-json\/wp\/v2\/product\/6701","targetHints":{"allow":["GET"]}}],"collection":[{"href":"https:\/\/bleegame.com\/es\/wp-json\/wp\/v2\/product"}],"about":[{"href":"https:\/\/bleegame.com\/es\/wp-json\/wp\/v2\/types\/product"}],"version-history":[{"count":0,"href":"https:\/\/bleegame.com\/es\/wp-json\/wp\/v2\/product\/6701\/revisions"}],"wp:featuredmedia":[{"embeddable":true,"href":"https:\/\/bleegame.com\/es\/wp-json\/wp\/v2\/media\/7160"}],"wp:attachment":[{"href":"https:\/\/bleegame.com\/es\/wp-json\/wp\/v2\/media?parent=6701"}],"wp:term":[{"taxonomy":"product_cat","embeddable":true,"href":"https:\/\/bleegame.com\/es\/wp-json\/wp\/v2\/product_cat?post=6701"},{"taxonomy":"product_tag","embeddable":true,"href":"https:\/\/bleegame.com\/es\/wp-json\/wp\/v2\/product_tag?post=6701"}],"curies":[{"name":"wp","href":"https:\/\/api.w.org\/{rel}","templated":true}]}}