{"id":6703,"date":"2022-07-26T02:07:27","date_gmt":"2022-07-26T02:07:27","guid":{"rendered":"https:\/\/bleegame.com\/product\/mando-de-juego-xbox-360\/"},"modified":"2022-07-26T02:07:27","modified_gmt":"2022-07-26T02:07:27","slug":"xbox-360-game-controller-2","status":"publish","type":"product","link":"https:\/\/bleegame.com\/es\/producto\/xbox-360-game-controller-2\/","title":{"rendered":"mando de juego xbox 360"},"content":{"rendered":"<div class=\"special-heading-border\">\n<div class=\"special-heading-inner-border\"><\/div>\n<\/div>\n<\/div>\n<div style=\"  margin-top:; margin-bottom:;\" class=\"hr hr-custom hr-center hr-icon-no avia-builder-el-12 el_after_av_heading el_before_av_textblock \"><span class=\"hr-inner inner-border-av-border-thin\" style=\"  width:1550px;\"><span class=\"hr-inner-style\"><\/span><\/span><\/div>\n<section class=\"av_textblock_section \" itemscope=\"itemscope\" itemtype=\"https:\/\/schema.org\/CreativeWork\">\n<div class=\"avia_textblock \" itemprop=\"text\">\n<p>*Controlador con cable para Xbox 360 : Controlador con cable USB Game Pad para sistemas de juego Microsoft Xbox 360 PC Windows 7 8 10. Grandes mejoras en los agarres y contornos, hacen que se acerque m\u00e1s a la ergonom\u00eda y se adapte a las manos de forma m\u00e1s c\u00f3moda. Te ofrece una experiencia de juego consistente y de m\u00e1ximo confort.<br \/>*F\u00e1cil de operar: Este mando de Xbox 360 con cable es con un cable USB de 7,2 pies que ayudan a extender el movimiento. Su funcionamiento es muy sencillo, s\u00f3lo tienes que conectar el mando con cable a uno de los dos puertos USB de la parte frontal de la consola Xbox 360, o conectarlo a tu ordenador (NO hace falta ning\u00fan software), y empezar a jugar.<br \/>*Gran rendimiento: el mando con cable de alta sensibilidad cuenta con dos motores de retroalimentaci\u00f3n por vibraci\u00f3n, dos gatillos de punto de presi\u00f3n y un bot\u00f3n de flecha de 8 direcciones que ayudan a los jugadores a controlar por completo el mundo del juego, proporcion\u00e1ndoles una sensaci\u00f3n de inmersi\u00f3n como en el campo de batalla. El bot\u00f3n de gu\u00eda situado en el centro del gamepad con cable permite acceder r\u00e1pidamente a tus bibliotecas de juegos, m\u00fasica y pel\u00edculas digitales.<br \/>*Dise\u00f1o ergon\u00f3mico: El agarre asim\u00e9trico y el dise\u00f1o del contorno del joystick se adaptan perfectamente a tus manos, proporcionando una sujeci\u00f3n muy c\u00f3moda. Todos los botones son muy f\u00e1ciles de pulsar y no obstaculizan su rendimiento. Y lo que es mejor, todos los botones responden inmediatamente, lo que garantiza una fant\u00e1stica respuesta t\u00e1ctil para que la experiencia de juego sea lo m\u00e1s c\u00f3moda posible.<br \/>*Utiliza hasta 4 mandos : Mando con cable de Xbox 360, se pueden conectar hasta 4 mandos a la vez a la consola, perfecto para usar en juegos multijugador, \u00a1entra en el mundo del juego con tus amigos!<\/p>\n<\/div>\n<\/section>\n<div style='padding-bottom:10px; ' class='av-special-heading av-special-heading-h3 blockquote modern-quote avia-builder-el-14 el_after_av_textblock el_before_av_hr '>\n<h3 class='av-special-heading-tag ' itemprop=\"headline\">\n","protected":false},"excerpt":{"rendered":"<p>Disponemos de una gama de joysticks arcade, que son adecuados para diversos proyectos de m\u00e1quinas arcade, uso comercial y proyectos acad\u00e9micos.<\/p>\n","protected":false},"featured_media":7124,"template":"","meta":{"om_disable_all_campaigns":false,"_monsterinsights_skip_tracking":false,"_monsterinsights_sitenote_active":false,"_monsterinsights_sitenote_note":"","_monsterinsights_sitenote_category":0,"_uf_show_specific_survey":0,"_uf_disable_surveys":false},"product_cat":[251,309],"product_tag":[],"class_list":["post-6703","product","type-product","status-publish","has-post-thumbnail","hentry","product_cat-joystick-arcade","product_cat-mando-de-xbox"],"yoast_head":"<!-- This site is optimized with the Yoast SEO Premium plugin v15.5 - https:\/\/yoast.com\/wordpress\/plugins\/seo\/ -->\n<title>mando de juego xbox 360 - Bleegame<\/title>\n<meta name=\"robots\" content=\"index, follow, max-snippet:-1, max-image-preview:large, max-video-preview:-1\" \/>\n<link rel=\"canonical\" href=\"https:\/\/bleegame.com\/es\/producto\/xbox-360-game-controller-2\/\" \/>\n<meta property=\"og:locale\" content=\"es_ES\" \/>\n<meta property=\"og:type\" content=\"article\" \/>\n<meta property=\"og:title\" content=\"mando de juego xbox 360 - Bleegame\" \/>\n<meta property=\"og:description\" content=\"Disponemos de una gama de joysticks arcade, que son adecuados para diversos proyectos de m\u00e1quinas arcade, uso comercial y proyectos acad\u00e9micos.\" \/>\n<meta property=\"og:url\" content=\"https:\/\/bleegame.com\/es\/producto\/xbox-360-game-controller-2\/\" \/>\n<meta property=\"og:site_name\" content=\"Bleegame\" \/>\n<meta name=\"twitter:card\" content=\"summary_large_image\" \/>\n<meta name=\"twitter:label1\" content=\"Tiempo de lectura\">\n\t<meta name=\"twitter:data1\" content=\"1 minuto\">\n<script type=\"application\/ld+json\" class=\"yoast-schema-graph\">{\"@context\":\"https:\/\/schema.org\",\"@graph\":[{\"@type\":\"WebSite\",\"@id\":\"https:\/\/bleegame.com\/es\/#website\",\"url\":\"https:\/\/bleegame.com\/es\/\",\"name\":\"Bleegame\",\"description\":\"One-stop Amusement Coin Operated Games  Machine procurement center\",\"potentialAction\":[{\"@type\":\"SearchAction\",\"target\":\"https:\/\/bleegame.com\/es\/?s={search_term_string}\",\"query-input\":\"required name=search_term_string\"}],\"inLanguage\":\"es\"},{\"@type\":\"ImageObject\",\"@id\":\"https:\/\/bleegame.com\/es\/producto\/xbox-360-game-controller-2\/#primaryimage\",\"inLanguage\":\"es\",\"url\":\"https:\/\/bleegame.com\/wp-content\/uploads\/2022\/07\/2-138.jpg\",\"width\":800,\"height\":800,\"caption\":\"xbox 360 controller wired\"},{\"@type\":\"WebPage\",\"@id\":\"https:\/\/bleegame.com\/es\/producto\/xbox-360-game-controller-2\/#webpage\",\"url\":\"https:\/\/bleegame.com\/es\/producto\/xbox-360-game-controller-2\/\",\"name\":\"mando de juego xbox 360 - Bleegame\",\"isPartOf\":{\"@id\":\"https:\/\/bleegame.com\/es\/#website\"},\"primaryImageOfPage\":{\"@id\":\"https:\/\/bleegame.com\/es\/producto\/xbox-360-game-controller-2\/#primaryimage\"},\"datePublished\":\"2022-07-26T02:07:27+00:00\",\"dateModified\":\"2022-07-26T02:07:27+00:00\",\"breadcrumb\":{\"@id\":\"https:\/\/bleegame.com\/es\/producto\/xbox-360-game-controller-2\/#breadcrumb\"},\"inLanguage\":\"es\",\"potentialAction\":[{\"@type\":\"ReadAction\",\"target\":[\"https:\/\/bleegame.com\/es\/producto\/xbox-360-game-controller-2\/\"]}]},{\"@type\":\"BreadcrumbList\",\"@id\":\"https:\/\/bleegame.com\/es\/producto\/xbox-360-game-controller-2\/#breadcrumb\",\"itemListElement\":[{\"@type\":\"ListItem\",\"position\":1,\"item\":{\"@type\":\"WebPage\",\"@id\":\"https:\/\/bleegame.com\/es\/producto\/\",\"url\":\"https:\/\/bleegame.com\/es\/producto\/\",\"name\":\"Producto\"}},{\"@type\":\"ListItem\",\"position\":2,\"item\":{\"@type\":\"WebPage\",\"@id\":\"https:\/\/bleegame.com\/es\/producto\/xbox-360-game-controller-2\/\",\"url\":\"https:\/\/bleegame.com\/es\/producto\/xbox-360-game-controller-2\/\",\"name\":\"mando de juego xbox 360\"}}]}]}<\/script>\n<!-- \/ Yoast SEO Premium plugin. -->","_links":{"self":[{"href":"https:\/\/bleegame.com\/es\/wp-json\/wp\/v2\/product\/6703","targetHints":{"allow":["GET"]}}],"collection":[{"href":"https:\/\/bleegame.com\/es\/wp-json\/wp\/v2\/product"}],"about":[{"href":"https:\/\/bleegame.com\/es\/wp-json\/wp\/v2\/types\/product"}],"version-history":[{"count":0,"href":"https:\/\/bleegame.com\/es\/wp-json\/wp\/v2\/product\/6703\/revisions"}],"wp:featuredmedia":[{"embeddable":true,"href":"https:\/\/bleegame.com\/es\/wp-json\/wp\/v2\/media\/7124"}],"wp:attachment":[{"href":"https:\/\/bleegame.com\/es\/wp-json\/wp\/v2\/media?parent=6703"}],"wp:term":[{"taxonomy":"product_cat","embeddable":true,"href":"https:\/\/bleegame.com\/es\/wp-json\/wp\/v2\/product_cat?post=6703"},{"taxonomy":"product_tag","embeddable":true,"href":"https:\/\/bleegame.com\/es\/wp-json\/wp\/v2\/product_tag?post=6703"}],"curies":[{"name":"wp","href":"https:\/\/api.w.org\/{rel}","templated":true}]}}